{"id":18740,"date":"2016-02-19T11:09:57","date_gmt":"2016-02-19T10:09:57","guid":{"rendered":"https:\/\/www.harzer-wandernadel.de\/pointage\/carte-generale\/pointage-95-girouette-dilfeld\/"},"modified":"2026-02-28T14:42:53","modified_gmt":"2026-02-28T13:42:53","slug":"pointage-95-girouette-dilfeld","status":"publish","type":"page","link":"https:\/\/www.harzer-wandernadel.de\/fr\/pointage\/carte-generale\/pointage-95-girouette-dilfeld\/","title":{"rendered":"Pointage 95 \/ girouette d\u2019Ilfeld"},"content":{"rendered":"\n<h2 class=\"wp-block-heading\">Au sommet du mont Herzberg pr\u00e8s d\u2019Ilfeld se trouve la girouette d\u2019Ilfeld, qui est un symbole d\u2019Ilfeld depuis plus de 100&nbsp;ans.<\/h2>\n\n<div class=\"wp-block-stackable-image alignwide stk-block-image stk-block stk-89e1006\" data-block-id=\"89e1006\"><style>.stk-89e1006 {margin-top:3% !important;margin-bottom:3% !important;}<\/style><figure><span class=\"stk-img-wrapper stk-image--shape-stretch stk--has-lightbox\"><img decoding=\"async\" width=\"700\" height=\"525\" src=\"https:\/\/www.harzer-wandernadel.de\/wp-content\/uploads\/2016\/02\/Ilfelder-Wetterfahne.jpg\" class=\"attachment-full size-full wp-post-image\" alt srcset=\"https:\/\/www.harzer-wandernadel.de\/wp-content\/uploads\/2016\/02\/Ilfelder-Wetterfahne.jpg 700w, https:\/\/www.harzer-wandernadel.de\/wp-content\/uploads\/2016\/02\/Ilfelder-Wetterfahne-300x225.jpg 300w, https:\/\/www.harzer-wandernadel.de\/wp-content\/uploads\/2016\/02\/Ilfelder-Wetterfahne-624x468.jpg 624w\" sizes=\"(max-width: 700px) 100vw, 700px\"><\/span><\/figure><\/div>\n\n<p>La pre\u00admi\u00e8re girouette a&nbsp;\u00e9t\u00e9 \u00e9ri\u00adg\u00e9e en 1870\/71 comme monu\u00adment en bois. Au fil du temps, la girouette a&nbsp;d\u00fb \u00eatre rem\u00adpla\u00adc\u00e9e \u00e0&nbsp;plu\u00adsieurs reprises en rai\u00adson de dif\u00adf\u00e9\u00adrentes influences m\u00e9t\u00e9o\u00adro\u00adlo\u00adgiques. La girouette actuelle a&nbsp;\u00e9t\u00e9 ins\u00adtal\u00adl\u00e9e en 1974 et res\u00adtau\u00adr\u00e9e dans les ann\u00e9es 90. Gr\u00e2ce \u00e0&nbsp;la fl\u00e8che situ\u00e9e sur le revers, la direc\u00adtion du vent est \u00e9ga\u00adle\u00adment visible depuis la vall\u00e9e.&nbsp;<\/p>\n\n<p>Depuis le par\u00adking des visi\u00adteurs au centre d\u2019Il\u00adfeld, un sen\u00adtier de ran\u00addon\u00adn\u00e9e bali\u00ads\u00e9 passe devant la cli\u00adnique Nean\u00adder et tra\u00adverse le bec d\u2019oie jus\u00adqu\u2019\u00e0 la girouette d\u2019Ilfeld.<\/p>\n\n<div class=\"wp-block-buttons is-layout-flex wp-block-buttons-is-layout-flex\">\n<div class=\"wp-block-button\"><a class=\"wp-block-button__link wp-element-button\" href=\"http:\/\/harzer-bergwald.de\/index.php\/wandertouren\/abenteuertouren\/9-singletrails-bei-ilfeld\" target=\"_blank\" rel=\"noreferrer noopener\">Sug\u00adges\u00adtion de cir\u00adcuit For\u00eat de mon\u00adtagne du&nbsp;Harz<\/a><\/div>\n<\/div>\n","protected":false},"excerpt":{"rendered":"<p>Au som\u00admet du mont Herz\u00adberg pr\u00e8s d\u2019Ilfeld se trouve la girouette d\u2019Ilfeld, qui est un sym\u00adbole d\u2019Ilfeld depuis plus de 100&nbsp;ans. La pre\u00admi\u00e8re girouette a&nbsp;\u00e9t\u00e9 \u00e9ri\u00adg\u00e9e en 1870\/71 comme monu\u00adment en bois. Au fil du temps, la girouette a&nbsp;d\u00fb \u00eatre rem\u00adpla\u00adc\u00e9e \u00e0&nbsp;plu\u00adsieurs reprises en rai\u00adson de dif\u00adf\u00e9\u00adrentes influences m\u00e9t\u00e9o\u00adro\u00adlo\u00adgiques. La girouette actuelle a&nbsp;\u00e9t\u00e9 ins\u00adtal\u00adl\u00e9e&nbsp;en&nbsp;[\u2026]<\/p>\n","protected":false},"author":11,"featured_media":18741,"parent":17801,"menu_order":10095,"comment_status":"closed","ping_status":"closed","template":"","meta":{"_seopress_robots_primary_cat":"","_seopress_titles_title":"","_seopress_titles_desc":"","_seopress_robots_index":"","wp_typography_post_enhancements_disabled":false,"iawp_total_views":0,"footnotes":""},"hf_cat_page":[120],"class_list":["post-18740","page","type-page","status-publish","has-post-thumbnail"],"blocksy_meta":[],"_links":{"self":[{"href":"https:\/\/www.harzer-wandernadel.de\/fr\/wp-json\/wp\/v2\/pages\/18740","targetHints":{"allow":["GET"]}}],"collection":[{"href":"https:\/\/www.harzer-wandernadel.de\/fr\/wp-json\/wp\/v2\/pages"}],"about":[{"href":"https:\/\/www.harzer-wandernadel.de\/fr\/wp-json\/wp\/v2\/types\/page"}],"author":[{"embeddable":true,"href":"https:\/\/www.harzer-wandernadel.de\/fr\/wp-json\/wp\/v2\/users\/11"}],"replies":[{"embeddable":true,"href":"https:\/\/www.harzer-wandernadel.de\/fr\/wp-json\/wp\/v2\/comments?post=18740"}],"version-history":[{"count":1,"href":"https:\/\/www.harzer-wandernadel.de\/fr\/wp-json\/wp\/v2\/pages\/18740\/revisions"}],"predecessor-version":[{"id":18743,"href":"https:\/\/www.harzer-wandernadel.de\/fr\/wp-json\/wp\/v2\/pages\/18740\/revisions\/18743"}],"up":[{"embeddable":true,"href":"https:\/\/www.harzer-wandernadel.de\/fr\/wp-json\/wp\/v2\/pages\/17801"}],"wp:featuredmedia":[{"embeddable":true,"href":"https:\/\/www.harzer-wandernadel.de\/fr\/wp-json\/wp\/v2\/media\/18741"}],"wp:attachment":[{"href":"https:\/\/www.harzer-wandernadel.de\/fr\/wp-json\/wp\/v2\/media?parent=18740"}],"wp:term":[{"taxonomy":"hf_cat_page","embeddable":true,"href":"https:\/\/www.harzer-wandernadel.de\/fr\/wp-json\/wp\/v2\/hf_cat_page?post=18740"}],"curies":[{"name":"wp","href":"https:\/\/api.w.org\/{rel}","templated":true}]}}