{"id":18738,"date":"2016-02-19T11:23:19","date_gmt":"2016-02-19T10:23:19","guid":{"rendered":"https:\/\/www.harzer-wandernadel.de\/pointage\/carte-generale\/pointage-101-grotte-de-la-licorne\/"},"modified":"2026-02-28T14:42:57","modified_gmt":"2026-02-28T13:42:57","slug":"pointage-101-grotte-de-la-licorne","status":"publish","type":"page","link":"https:\/\/www.harzer-wandernadel.de\/fr\/pointage\/carte-generale\/pointage-101-grotte-de-la-licorne\/","title":{"rendered":"Pointage 101 \/ grotte de la licorne"},"content":{"rendered":"\n<h2 class=\"wp-block-heading\">Pr\u00e8s de Scharzfeld se trouve la grotte de la Licorne (391 m\u00e8tres au-dessus du niveau de la mer), l\u2019une des plus grandes grottes karstiques du&nbsp;Harz.<\/h2>\n\n<div class=\"wp-block-stackable-image alignwide stk-block-image stk-block stk-89e1006\" data-block-id=\"89e1006\"><style>.stk-89e1006 {margin-top:3% !important;margin-bottom:3% !important;}<\/style><figure><span class=\"stk-img-wrapper stk-image--shape-stretch stk--has-lightbox\"><img decoding=\"async\" width=\"700\" height=\"525\" src=\"https:\/\/www.harzer-wandernadel.de\/wp-content\/uploads\/2016\/02\/Einhornh\u00f6hle.jpg\" class=\"attachment-full size-full wp-post-image\" alt srcset=\"https:\/\/www.harzer-wandernadel.de\/wp-content\/uploads\/2016\/02\/Einhornh\u00f6hle.jpg 700w, https:\/\/www.harzer-wandernadel.de\/wp-content\/uploads\/2016\/02\/Einhornh\u00f6hle-300x225.jpg 300w, https:\/\/www.harzer-wandernadel.de\/wp-content\/uploads\/2016\/02\/Einhornh\u00f6hle-624x468.jpg 624w\" sizes=\"(max-width: 700px) 100vw, 700px\"><\/span><\/figure><\/div>\n\n<p>La grotte doit son nom aux os trou\u00adv\u00e9s il y&nbsp;a plus de 400 ans. Au 17\u00e8me si\u00e8cle, Otto von Gue\u00adricke a&nbsp;recons\u00adtruit une licorne \u00e0&nbsp;par\u00adtir de ces os. \u00c0&nbsp;l\u2019\u00e9\u00adpoque, on disait que les os de la licorne avaient des pou\u00advoirs de gu\u00e9\u00adri\u00adson, et ils \u00e9taient donc ven\u00addus comme m\u00e9dicaments.&nbsp;<\/p>\n\n<p>D\u00e8s le 18\u00e8me si\u00e8cle, il a&nbsp;\u00e9t\u00e9 recon\u00adnu qu\u2019il s\u2019a\u00adgis\u00adsait de restes fos\u00adsiles de grands mam\u00admi\u00adf\u00e8res, notam\u00adment l\u2019ours des cavernes, mais pas de la l\u00e9gen\u00addaire licorne. L\u2019a\u00adni\u00admal mythique, qui n\u2019a jamais exis\u00adt\u00e9 en chair et en os, a&nbsp;n\u00e9an\u00admoins don\u00adn\u00e9 son nom \u00e0&nbsp;la grotte.&nbsp;<\/p>\n\n<p>Il est int\u00e9\u00adres\u00adsant de noter que des restes d\u2019ou\u00adtils en pierre de l\u2019homme de Nean\u00adder\u00adtal ont \u00e9t\u00e9 trou\u00adv\u00e9s dans les s\u00e9di\u00adments de la grotte.<\/p>\n\n<p>Il est recom\u00adman\u00add\u00e9 de par\u00adti\u00adci\u00adper \u00e0&nbsp;une visite gui\u00add\u00e9e de la grotte et de mar\u00adcher ensuite de la grotte jus\u00adqu\u2019aux <a href=\"https:\/\/www.harzer-wandernadel.de\/stempelstellen\/uebersichtskarte\/stempelstelle-151-ruine-scharzfels\/\" data-type=\"page\" data-id=\"1178\">ruines de Scharz\u00adfeld HWN 151<\/a>.<\/p>\n\n<div class=\"wp-block-buttons is-layout-flex wp-block-buttons-is-layout-flex\">\n<div class=\"wp-block-button\"><a class=\"wp-block-button__link wp-element-button\" href=\"http:\/\/www.einhornhoehle.de\/\">Grotte de la licorne<\/a><\/div>\n<\/div>\n\n<div class=\"wp-block-buttons is-layout-flex wp-block-buttons-is-layout-flex\">\n<div class=\"wp-block-button\"><a class=\"wp-block-button__link wp-element-button\" href=\"http:\/\/harzer-bergwald.de\/index.php\/wandertouren\/abenteuertouren\/37-steigungen-im-westharz\">Sug\u00adges\u00adtion de cir\u00adcuit For\u00eat de mon\u00adtagne du&nbsp;Harz<\/a><\/div>\n<\/div>\n","protected":false},"excerpt":{"rendered":"<p>Pr\u00e8s de Scharz\u00adfeld se trouve la grotte de la Licorne (391 m\u00e8tres au-des\u00adsus du niveau de la mer), l\u2019une des plus grandes grottes kars\u00adtiques du&nbsp;Harz. La grotte doit son nom aux os trou\u00adv\u00e9s il y&nbsp;a&nbsp;plus de 400 ans. Au 17\u00e8me si\u00e8cle, Otto von Gue\u00adricke a&nbsp;recons\u00adtruit une licorne \u00e0&nbsp;par\u00adtir de ces os. \u00c0&nbsp;l\u2019\u00e9\u00adpoque, on disait&nbsp;[\u2026]<\/p>\n","protected":false},"author":11,"featured_media":18739,"parent":17801,"menu_order":10101,"comment_status":"closed","ping_status":"closed","template":"","meta":{"_seopress_robots_primary_cat":"","_seopress_titles_title":"","_seopress_titles_desc":"","_seopress_robots_index":"","wp_typography_post_enhancements_disabled":false,"iawp_total_views":0,"footnotes":""},"hf_cat_page":[120],"class_list":["post-18738","page","type-page","status-publish","has-post-thumbnail"],"blocksy_meta":[],"_links":{"self":[{"href":"https:\/\/www.harzer-wandernadel.de\/fr\/wp-json\/wp\/v2\/pages\/18738","targetHints":{"allow":["GET"]}}],"collection":[{"href":"https:\/\/www.harzer-wandernadel.de\/fr\/wp-json\/wp\/v2\/pages"}],"about":[{"href":"https:\/\/www.harzer-wandernadel.de\/fr\/wp-json\/wp\/v2\/types\/page"}],"author":[{"embeddable":true,"href":"https:\/\/www.harzer-wandernadel.de\/fr\/wp-json\/wp\/v2\/users\/11"}],"replies":[{"embeddable":true,"href":"https:\/\/www.harzer-wandernadel.de\/fr\/wp-json\/wp\/v2\/comments?post=18738"}],"version-history":[{"count":2,"href":"https:\/\/www.harzer-wandernadel.de\/fr\/wp-json\/wp\/v2\/pages\/18738\/revisions"}],"predecessor-version":[{"id":24876,"href":"https:\/\/www.harzer-wandernadel.de\/fr\/wp-json\/wp\/v2\/pages\/18738\/revisions\/24876"}],"up":[{"embeddable":true,"href":"https:\/\/www.harzer-wandernadel.de\/fr\/wp-json\/wp\/v2\/pages\/17801"}],"wp:featuredmedia":[{"embeddable":true,"href":"https:\/\/www.harzer-wandernadel.de\/fr\/wp-json\/wp\/v2\/media\/18739"}],"wp:attachment":[{"href":"https:\/\/www.harzer-wandernadel.de\/fr\/wp-json\/wp\/v2\/media?parent=18738"}],"wp:term":[{"taxonomy":"hf_cat_page","embeddable":true,"href":"https:\/\/www.harzer-wandernadel.de\/fr\/wp-json\/wp\/v2\/hf_cat_page?post=18738"}],"curies":[{"name":"wp","href":"https:\/\/api.w.org\/{rel}","templated":true}]}}