{"id":18726,"date":"2016-02-19T13:26:34","date_gmt":"2016-02-19T12:26:34","guid":{"rendered":"https:\/\/www.harzer-wandernadel.de\/pointage\/carte-generale\/pointage-131-kaysereiche-refuge\/"},"modified":"2026-02-28T14:43:14","modified_gmt":"2026-02-28T13:43:14","slug":"pointage-131-kaysereiche-refuge","status":"publish","type":"page","link":"https:\/\/www.harzer-wandernadel.de\/fr\/pointage\/carte-generale\/pointage-131-kaysereiche-refuge\/","title":{"rendered":"Pointage 131 \/ Kaysereiche (refuge)"},"content":{"rendered":"\n<h2 class=\"wp-block-heading\">Le ch\u00eane de Kayser se trouve entre Bad Grund et Buntenbock.<\/h2>\n\n<div class=\"wp-block-stackable-image alignwide stk-block-image stk-block stk-89e1006\" data-block-id=\"89e1006\"><style>.stk-89e1006 {margin-top:3% !important;margin-bottom:3% !important;}<\/style><figure><span class=\"stk-img-wrapper stk-image--shape-stretch stk--has-lightbox\"><img decoding=\"async\" width=\"788\" height=\"525\" src=\"https:\/\/www.harzer-wandernadel.de\/wp-content\/uploads\/2016\/02\/Kaysereiche.jpg\" class=\"attachment-full size-full wp-post-image\" alt srcset=\"https:\/\/www.harzer-wandernadel.de\/wp-content\/uploads\/2016\/02\/Kaysereiche.jpg 788w, https:\/\/www.harzer-wandernadel.de\/wp-content\/uploads\/2016\/02\/Kaysereiche-300x200.jpg 300w, https:\/\/www.harzer-wandernadel.de\/wp-content\/uploads\/2016\/02\/Kaysereiche-768x512.jpg 768w, https:\/\/www.harzer-wandernadel.de\/wp-content\/uploads\/2016\/02\/Kaysereiche-624x416.jpg 624w\" sizes=\"(max-width: 788px) 100vw, 788px\"><\/span><\/figure><\/div>\n\n<p>Le ch\u00eane a&nbsp;\u00e9t\u00e9 nom\u00adm\u00e9 d\u2019a\u00adpr\u00e8s le garde fores\u00adtier en chef Kay\u00adser, qui a&nbsp;diri\u00adg\u00e9 le ser\u00advice fores\u00adtier de Grund de 1862 \u00e0&nbsp;1882. En cr\u00e9ant des sen\u00adtiers de ran\u00addon\u00adn\u00e9e, Kay\u00adser a&nbsp;lar\u00adge\u00adment contri\u00adbu\u00e9 \u00e0&nbsp;la sta\u00adtion ther\u00admale de Bad Grund, fon\u00add\u00e9e en&nbsp;1855.&nbsp;<\/p>\n\n<p>Le ch\u00eane plan\u00adt\u00e9 ici en son hon\u00adneur n\u2019a pous\u00ads\u00e9 qu\u2019a\u00adpr\u00e8s plu\u00adsieurs ten\u00adta\u00adtives \u00e0&nbsp;cette alti\u00adtude de 570 m\u00e8tres au-des\u00adsus du niveau de la mer. Il a&nbsp;\u00e9t\u00e9 abat\u00adtu \u00e0&nbsp;un moment don\u00adn\u00e9, pro\u00adba\u00adble\u00adment dans les ann\u00e9es d\u2019a\u00adpr\u00e8s-guerre. Un ch\u00eane nou\u00advel\u00adle\u00adment plan\u00adt\u00e9 se trouve \u00e0&nbsp;c\u00f4t\u00e9 de la cotte de l\u2019aire de repos, o\u00f9 se trouve \u00e9ga\u00adle\u00adment la bo\u00eete \u00e0&nbsp;poin\u00e7ons.&nbsp;<\/p>\n\n<p>Le meilleur point de d\u00e9part pour une ran\u00addon\u00adn\u00e9e vers Kay\u00adse\u00adreiche est le par\u00adking de Tatern\u00adplatz sur la B&nbsp;242 au-des\u00adsus de Bad Grund. Depuis le par\u00adking, tu suis le che\u00admin fores\u00adtier jus\u00adqu\u2019\u00e0 Kay\u00adse\u00adreiche en pas\u00adsant par Gewit\u00adter\u00adplatz et tu peux conti\u00adnuer la ran\u00addon\u00adn\u00e9e jus\u00adqu\u2019\u00e0 <a href=\"https:\/\/www.harzer-wandernadel.de\/stempelstellen\/uebersichtskarte\/stempelstelle-141-oberer-hahnebalzer-teich\/\" data-type=\"page\" data-id=\"1157\">Obe\u00adren Hah\u00adne\u00adbal\u00adzer Teich HWN 141<\/a> en sui\u00advant les sen\u00adtiers bali\u00ads\u00e9s du Harzklub.&nbsp;<\/p>\n","protected":false},"excerpt":{"rendered":"<p>Le ch\u00eane de Kay\u00adser se trouve entre Bad Grund et Bun\u00adten\u00adbock. Le ch\u00eane a&nbsp;\u00e9t\u00e9 nom\u00adm\u00e9 d\u2019a\u00adpr\u00e8s le garde fores\u00adtier en chef Kay\u00adser, qui a&nbsp;diri\u00adg\u00e9 le ser\u00advice fores\u00adtier de Grund de 1862 \u00e0&nbsp;1882. En cr\u00e9ant des sen\u00adtiers de ran\u00addon\u00adn\u00e9e, Kay\u00adser a&nbsp;lar\u00adge\u00adment contri\u00adbu\u00e9 \u00e0&nbsp;la sta\u00adtion ther\u00admale de Bad Grund, fon\u00add\u00e9e en&nbsp;1855.&nbsp; Le ch\u00eane plan\u00adt\u00e9 ici en&nbsp;son&nbsp;[\u2026]<\/p>\n","protected":false},"author":11,"featured_media":18727,"parent":17801,"menu_order":10131,"comment_status":"closed","ping_status":"closed","template":"","meta":{"_seopress_robots_primary_cat":"","_seopress_titles_title":"","_seopress_titles_desc":"","_seopress_robots_index":"","wp_typography_post_enhancements_disabled":false,"iawp_total_views":0,"footnotes":""},"hf_cat_page":[120],"class_list":["post-18726","page","type-page","status-publish","has-post-thumbnail"],"blocksy_meta":[],"_links":{"self":[{"href":"https:\/\/www.harzer-wandernadel.de\/fr\/wp-json\/wp\/v2\/pages\/18726","targetHints":{"allow":["GET"]}}],"collection":[{"href":"https:\/\/www.harzer-wandernadel.de\/fr\/wp-json\/wp\/v2\/pages"}],"about":[{"href":"https:\/\/www.harzer-wandernadel.de\/fr\/wp-json\/wp\/v2\/types\/page"}],"author":[{"embeddable":true,"href":"https:\/\/www.harzer-wandernadel.de\/fr\/wp-json\/wp\/v2\/users\/11"}],"replies":[{"embeddable":true,"href":"https:\/\/www.harzer-wandernadel.de\/fr\/wp-json\/wp\/v2\/comments?post=18726"}],"version-history":[{"count":2,"href":"https:\/\/www.harzer-wandernadel.de\/fr\/wp-json\/wp\/v2\/pages\/18726\/revisions"}],"predecessor-version":[{"id":24919,"href":"https:\/\/www.harzer-wandernadel.de\/fr\/wp-json\/wp\/v2\/pages\/18726\/revisions\/24919"}],"up":[{"embeddable":true,"href":"https:\/\/www.harzer-wandernadel.de\/fr\/wp-json\/wp\/v2\/pages\/17801"}],"wp:featuredmedia":[{"embeddable":true,"href":"https:\/\/www.harzer-wandernadel.de\/fr\/wp-json\/wp\/v2\/media\/18727"}],"wp:attachment":[{"href":"https:\/\/www.harzer-wandernadel.de\/fr\/wp-json\/wp\/v2\/media?parent=18726"}],"wp:term":[{"taxonomy":"hf_cat_page","embeddable":true,"href":"https:\/\/www.harzer-wandernadel.de\/fr\/wp-json\/wp\/v2\/hf_cat_page?post=18726"}],"curies":[{"name":"wp","href":"https:\/\/api.w.org\/{rel}","templated":true}]}}