{"id":18716,"date":"2016-02-19T13:41:01","date_gmt":"2016-02-19T12:41:01","guid":{"rendered":"https:\/\/www.harzer-wandernadel.de\/pointage\/carte-generale\/pointage-136-eckersprung\/"},"modified":"2026-02-28T14:43:16","modified_gmt":"2026-02-28T13:43:16","slug":"pointage-136-eckersprung","status":"publish","type":"page","link":"https:\/\/www.harzer-wandernadel.de\/fr\/pointage\/carte-generale\/pointage-136-eckersprung\/","title":{"rendered":"Pointage 136 \/ Eckersprung"},"content":{"rendered":"\n<h2 class=\"wp-block-heading\">L\u2019Eckersprung (890&nbsp;m&nbsp;d\u2019altitude), la source de l\u2019Ecker, se trouve sur une aire de repos directement sur le Goetheweg, qui m\u00e8ne de Torhaus en l\u00e9g\u00e8re mont\u00e9e vers le Brocken.<\/h2>\n\n<div class=\"wp-block-stackable-image alignwide stk-block-image stk-block stk-89e1006\" data-block-id=\"89e1006\"><style>.stk-89e1006 {margin-top:3% !important;margin-bottom:3% !important;}<\/style><figure><span class=\"stk-img-wrapper stk-image--shape-stretch stk--has-lightbox\"><img decoding=\"async\" width=\"800\" height=\"600\" src=\"https:\/\/www.harzer-wandernadel.de\/wp-content\/uploads\/2016\/02\/Eckersprung-1.jpg\" class=\"attachment-full size-full wp-post-image\" alt srcset=\"https:\/\/www.harzer-wandernadel.de\/wp-content\/uploads\/2016\/02\/Eckersprung-1.jpg 800w, https:\/\/www.harzer-wandernadel.de\/wp-content\/uploads\/2016\/02\/Eckersprung-1-300x225.jpg 300w, https:\/\/www.harzer-wandernadel.de\/wp-content\/uploads\/2016\/02\/Eckersprung-1-768x576.jpg 768w, https:\/\/www.harzer-wandernadel.de\/wp-content\/uploads\/2016\/02\/Eckersprung-1-250x188.jpg 250w, https:\/\/www.harzer-wandernadel.de\/wp-content\/uploads\/2016\/02\/Eckersprung-1-624x468.jpg 624w\" sizes=\"(max-width: 800px) 100vw, 800px\"><\/span><\/figure><\/div>\n\n<p>L\u2019E\u00adcker absorbe de nom\u00adbreux ruis\u00adseaux pro\u00adve\u00adnant des marais en des\u00adsous du Bro\u00adcken, comme le K\u00f6nig\u00adsbach, le Mor\u00adgend\u00adbrod\u00adsbach et l\u2019Abbe, puis se jette dans le bar\u00adrage d\u2019E\u00adcker. Apr\u00e8s avoir quit\u00adt\u00e9 le bar\u00adrage, elle tra\u00adverse l\u2019i\u00addyl\u00adlique val\u00adl\u00e9e de l\u2019E\u00adcker, par\u00adtiel\u00adle\u00adment encais\u00ads\u00e9e, et se jette dans l\u2019O\u00adker dans son cours inf\u00e9\u00adrieur, qui cor\u00adres\u00adpond en grande par\u00adtie \u00e0&nbsp;la fron\u00adti\u00e8re entre la Saxe-Anhalt et la Basse-Saxe, pr\u00e8s de la loca\u00adli\u00adt\u00e9 de Wiedelah.<\/p>\n\n<p>La bo\u00eete \u00e0&nbsp;tam\u00adpons se trouve dans le refuge de l\u2019aire de repos. Si tu ne veux pas suivre le sen\u00adtier Goethe jus\u00adqu\u2019au Bro\u00adcken \u00e0&nbsp;par\u00adtir de Eckers\u00adprung, tu peux reve\u00adnir \u00e0&nbsp;Torf\u00adhaus en pas\u00adsant par le piquet tri\u00adan\u00adgu\u00adlaire HWN 168, les sacs de hou\u00adblon et l\u2019Abbegraben.&nbsp;<\/p>\n\n<div class=\"wp-block-buttons is-layout-flex wp-block-buttons-is-layout-flex\">\n<div class=\"wp-block-button\"><a class=\"wp-block-button__link wp-element-button\" href=\"http:\/\/harzer-bergwald.de\/index.php\/wandertouren\/abenteuertouren\/19-jugendwandern-in-bad-grund\">Sug\u00adges\u00adtion de cir\u00adcuit For\u00eat de mon\u00adtagne du&nbsp;Harz<\/a><\/div>\n<\/div>\n","protected":false},"excerpt":{"rendered":"<p>L\u2019Eckersprung (890&nbsp;m&nbsp;d\u2019altitude), la source de l\u2019Ecker, se trouve sur une aire de repos direc\u00adte\u00adment sur le Goe\u00adthe\u00adweg, qui m\u00e8ne de Torhaus en l\u00e9g\u00e8re mon\u00adt\u00e9e vers le Bro\u00adcken. L\u2019E\u00adcker absorbe de nom\u00adbreux ruis\u00adseaux pro\u00adve\u00adnant des marais en des\u00adsous du Bro\u00adcken, comme le K\u00f6nig\u00adsbach, le Mor\u00adgend\u00adbrod\u00adsbach et l\u2019Abbe, puis se jette dans le bar\u00adrage d\u2019E\u00adcker. Apr\u00e8s&nbsp;avoir&nbsp;[\u2026]<\/p>\n","protected":false},"author":11,"featured_media":18718,"parent":17801,"menu_order":10136,"comment_status":"closed","ping_status":"closed","template":"","meta":{"_seopress_robots_primary_cat":"","_seopress_titles_title":"","_seopress_titles_desc":"","_seopress_robots_index":"","wp_typography_post_enhancements_disabled":false,"iawp_total_views":1,"footnotes":""},"hf_cat_page":[120],"class_list":["post-18716","page","type-page","status-publish","has-post-thumbnail"],"blocksy_meta":[],"_links":{"self":[{"href":"https:\/\/www.harzer-wandernadel.de\/fr\/wp-json\/wp\/v2\/pages\/18716","targetHints":{"allow":["GET"]}}],"collection":[{"href":"https:\/\/www.harzer-wandernadel.de\/fr\/wp-json\/wp\/v2\/pages"}],"about":[{"href":"https:\/\/www.harzer-wandernadel.de\/fr\/wp-json\/wp\/v2\/types\/page"}],"author":[{"embeddable":true,"href":"https:\/\/www.harzer-wandernadel.de\/fr\/wp-json\/wp\/v2\/users\/11"}],"replies":[{"embeddable":true,"href":"https:\/\/www.harzer-wandernadel.de\/fr\/wp-json\/wp\/v2\/comments?post=18716"}],"version-history":[{"count":1,"href":"https:\/\/www.harzer-wandernadel.de\/fr\/wp-json\/wp\/v2\/pages\/18716\/revisions"}],"predecessor-version":[{"id":18720,"href":"https:\/\/www.harzer-wandernadel.de\/fr\/wp-json\/wp\/v2\/pages\/18716\/revisions\/18720"}],"up":[{"embeddable":true,"href":"https:\/\/www.harzer-wandernadel.de\/fr\/wp-json\/wp\/v2\/pages\/17801"}],"wp:featuredmedia":[{"embeddable":true,"href":"https:\/\/www.harzer-wandernadel.de\/fr\/wp-json\/wp\/v2\/media\/18718"}],"wp:attachment":[{"href":"https:\/\/www.harzer-wandernadel.de\/fr\/wp-json\/wp\/v2\/media?parent=18716"}],"wp:term":[{"taxonomy":"hf_cat_page","embeddable":true,"href":"https:\/\/www.harzer-wandernadel.de\/fr\/wp-json\/wp\/v2\/hf_cat_page?post=18716"}],"curies":[{"name":"wp","href":"https:\/\/api.w.org\/{rel}","templated":true}]}}