{"id":18711,"date":"2016-02-19T13:34:51","date_gmt":"2016-02-19T12:34:51","guid":{"rendered":"https:\/\/www.harzer-wandernadel.de\/pointage\/carte-generale\/pointage-133-foerster-ludewig-platz\/"},"modified":"2026-02-28T14:52:36","modified_gmt":"2026-02-28T13:52:36","slug":"pointage-133-foerster-ludewig-platz","status":"publish","type":"page","link":"https:\/\/www.harzer-wandernadel.de\/fr\/pointage\/carte-generale\/pointage-133-foerster-ludewig-platz\/","title":{"rendered":"Pointage 133 \/ F\u00f6rster \u2013 Ludewig \u2013&nbsp;Platz"},"content":{"rendered":"\n<h2 class=\"wp-block-heading\">La place F\u00f6rster-Ludewig est une tr\u00e8s belle aire de repos et se trouve sur la digue entre Altenau et Torfhaus.<\/h2>\n\n<div class=\"wp-block-stackable-image alignwide stk-block-image stk-block stk-89e1006\" data-block-id=\"89e1006\"><style>.stk-89e1006 {margin-top:3% !important;margin-bottom:3% !important;}<\/style><figure><span class=\"stk-img-wrapper stk-image--shape-stretch stk--has-lightbox\"><img decoding=\"async\" width=\"2048\" height=\"1360\" src=\"https:\/\/www.harzer-wandernadel.de\/wp-content\/uploads\/2016\/02\/F\u00f6rster-Ludewig-Platz.jpg\" class=\"attachment-full size-full wp-post-image\" alt=\"Waldh\u00fctte mit Bach und Holzbr\u00fccke im Gr\u00fcnen\" srcset=\"https:\/\/www.harzer-wandernadel.de\/wp-content\/uploads\/2016\/02\/F\u00f6rster-Ludewig-Platz.jpg 2048w, https:\/\/www.harzer-wandernadel.de\/wp-content\/uploads\/2016\/02\/F\u00f6rster-Ludewig-Platz-300x199.jpg 300w, https:\/\/www.harzer-wandernadel.de\/wp-content\/uploads\/2016\/02\/F\u00f6rster-Ludewig-Platz-768x510.jpg 768w, https:\/\/www.harzer-wandernadel.de\/wp-content\/uploads\/2016\/02\/F\u00f6rster-Ludewig-Platz-1024x680.jpg 1024w, https:\/\/www.harzer-wandernadel.de\/wp-content\/uploads\/2016\/02\/F\u00f6rster-Ludewig-Platz-250x166.jpg 250w, https:\/\/www.harzer-wandernadel.de\/wp-content\/uploads\/2016\/02\/F\u00f6rster-Ludewig-Platz-624x414.jpg 624w\" sizes=\"(max-width: 2048px) 100vw, 2048px\"><\/span><\/figure><\/div>\n\n<p>L\u2019aire de repos a&nbsp;\u00e9t\u00e9 am\u00e9\u00adna\u00adg\u00e9e de mani\u00e8re tr\u00e8s agr\u00e9able avec un groupe de si\u00e8ges et la cabane de Schacht\u00adkopf. En pas\u00adsant par un bas\u00adsin de d\u00e9can\u00adta\u00adtion du Damm\u00adgra\u00adben, qui d\u00e9bar\u00adrasse l\u2019eau sau\u00advage venant de la cas\u00adcade de Naben\u00adta\u00adler de son flot de s\u00e9di\u00adments, on arrive \u00e0&nbsp;une autre petite aire de repos en emprun\u00adtant une passerelle.&nbsp;<\/p>\n\n<p>Le garde fores\u00adtier en chef Pit\u00adtau y&nbsp;a \u00e9ri\u00adg\u00e9 un monu\u00adment pour les ouvriers fores\u00adtiers et le garde fores\u00adtier Meyer morts pen\u00addant la Pre\u00admi\u00e8re Guerre mon\u00addiale. Le tam\u00adpon se trouve \u00e9ga\u00adle\u00adment sur cette petite p\u00e9nin\u00adsule, qui invite \u00e0&nbsp;\u00e9cou\u00adter un moment le gar\u00adgouille\u00adment de l\u2019eau et \u00e0&nbsp;se recueillir.&nbsp;<\/p>\n\n<p>Le che\u00admin d\u2019ac\u00adc\u00e8s le plus court com\u00admence au petit par\u00adking, \u00e0&nbsp;droite de la route de Torf\u00adhaus \u00e0&nbsp;Alte\u00adnau. De l\u00e0, tu suis le che\u00admin le long du roman\u00adtique fos\u00ads\u00e9 de bar\u00adrage cou\u00advert de fou\u00adg\u00e8res jus\u00adqu\u2019au point de poin\u00adtage. Au-des\u00adsus de la place F\u00f6rs\u00adter-Lude\u00adwig, le sen\u00adtier des sor\u00adci\u00e8res du Harz m\u00e8ne \u00e0&nbsp;Torf\u00adhaus en pas\u00adsant par la cas\u00adcade de Naben\u00adta\u00adler et la prai\u00adrie de ski de Rinderkopf.&nbsp;<\/p>\n\n<p>Le poin\u00ad\u00e7on\u00adnage de cette sec\u00adtion de la digue est par\u00adti\u00adcu\u00adli\u00e8\u00adre\u00adment adap\u00adt\u00e9 aux familles avec de jeunes enfants mais aus\u00adsi aux seniors ayant des dif\u00adfi\u00adcul\u00adt\u00e9s physiques.<\/p>\n","protected":false},"excerpt":{"rendered":"<p>La place F\u00f6rs\u00adter-Lude\u00adwig est une tr\u00e8s belle aire de repos et se trouve sur la digue entre Alte\u00adnau et Torf\u00adhaus. L\u2019aire de repos a&nbsp;\u00e9t\u00e9 am\u00e9\u00adna\u00adg\u00e9e de mani\u00e8re tr\u00e8s agr\u00e9able avec un groupe de si\u00e8ges et la cabane de Schacht\u00adkopf. En pas\u00adsant par un bas\u00adsin de d\u00e9can\u00adta\u00adtion du Damm\u00adgra\u00adben, qui d\u00e9bar\u00adrasse l\u2019eau sau\u00advage venant de&nbsp;la&nbsp;[\u2026]<\/p>\n","protected":false},"author":11,"featured_media":18712,"parent":17801,"menu_order":10133,"comment_status":"closed","ping_status":"closed","template":"","meta":{"_seopress_robots_primary_cat":"","_seopress_titles_title":"","_seopress_titles_desc":"","_seopress_robots_index":"","wp_typography_post_enhancements_disabled":false,"iawp_total_views":1,"footnotes":""},"hf_cat_page":[120],"class_list":["post-18711","page","type-page","status-publish","has-post-thumbnail"],"blocksy_meta":[],"_links":{"self":[{"href":"https:\/\/www.harzer-wandernadel.de\/fr\/wp-json\/wp\/v2\/pages\/18711","targetHints":{"allow":["GET"]}}],"collection":[{"href":"https:\/\/www.harzer-wandernadel.de\/fr\/wp-json\/wp\/v2\/pages"}],"about":[{"href":"https:\/\/www.harzer-wandernadel.de\/fr\/wp-json\/wp\/v2\/types\/page"}],"author":[{"embeddable":true,"href":"https:\/\/www.harzer-wandernadel.de\/fr\/wp-json\/wp\/v2\/users\/11"}],"replies":[{"embeddable":true,"href":"https:\/\/www.harzer-wandernadel.de\/fr\/wp-json\/wp\/v2\/comments?post=18711"}],"version-history":[{"count":3,"href":"https:\/\/www.harzer-wandernadel.de\/fr\/wp-json\/wp\/v2\/pages\/18711\/revisions"}],"predecessor-version":[{"id":24949,"href":"https:\/\/www.harzer-wandernadel.de\/fr\/wp-json\/wp\/v2\/pages\/18711\/revisions\/24949"}],"up":[{"embeddable":true,"href":"https:\/\/www.harzer-wandernadel.de\/fr\/wp-json\/wp\/v2\/pages\/17801"}],"wp:featuredmedia":[{"embeddable":true,"href":"https:\/\/www.harzer-wandernadel.de\/fr\/wp-json\/wp\/v2\/media\/18712"}],"wp:attachment":[{"href":"https:\/\/www.harzer-wandernadel.de\/fr\/wp-json\/wp\/v2\/media?parent=18711"}],"wp:term":[{"taxonomy":"hf_cat_page","embeddable":true,"href":"https:\/\/www.harzer-wandernadel.de\/fr\/wp-json\/wp\/v2\/hf_cat_page?post=18711"}],"curies":[{"name":"wp","href":"https:\/\/api.w.org\/{rel}","templated":true}]}}