{"id":18700,"date":"2016-02-19T13:49:49","date_gmt":"2016-02-19T12:49:49","guid":{"rendered":"https:\/\/www.harzer-wandernadel.de\/pointage\/carte-generale\/pointage-139-kuckholzklippe\/"},"modified":"2026-02-28T14:43:18","modified_gmt":"2026-02-28T13:43:18","slug":"pointage-139-kuckholzklippe","status":"publish","type":"page","link":"https:\/\/www.harzer-wandernadel.de\/fr\/pointage\/carte-generale\/pointage-139-kuckholzklippe\/","title":{"rendered":"Pointage 139 \/ Kuckholzklippe"},"content":{"rendered":"\n<h2 class=\"wp-block-heading\">La tour d\u2019observation de 15 m\u00e8tres de haut sur la Kuckholzklippe se trouve entre Lerbach et Buntenbock.<\/h2>\n\n<div class=\"wp-block-stackable-image alignwide stk-block-image stk-block stk-89e1006\" data-block-id=\"89e1006\"><style>.stk-89e1006 {margin-top:3% !important;margin-bottom:3% !important;}<\/style><figure><span class=\"stk-img-wrapper stk-image--shape-stretch stk--has-lightbox\"><img decoding=\"async\" width=\"2048\" height=\"1365\" src=\"https:\/\/www.harzer-wandernadel.de\/wp-content\/uploads\/2016\/02\/Kuckholzklippe.jpg\" class=\"attachment-full size-full wp-post-image\" alt srcset=\"https:\/\/www.harzer-wandernadel.de\/wp-content\/uploads\/2016\/02\/Kuckholzklippe.jpg 2048w, https:\/\/www.harzer-wandernadel.de\/wp-content\/uploads\/2016\/02\/Kuckholzklippe-300x200.jpg 300w, https:\/\/www.harzer-wandernadel.de\/wp-content\/uploads\/2016\/02\/Kuckholzklippe-768x512.jpg 768w, https:\/\/www.harzer-wandernadel.de\/wp-content\/uploads\/2016\/02\/Kuckholzklippe-1024x683.jpg 1024w, https:\/\/www.harzer-wandernadel.de\/wp-content\/uploads\/2016\/02\/Kuckholzklippe-250x167.jpg 250w, https:\/\/www.harzer-wandernadel.de\/wp-content\/uploads\/2016\/02\/Kuckholzklippe-624x416.jpg 624w\" sizes=\"(max-width: 2048px) 100vw, 2048px\"><\/span><\/figure><\/div>\n\n<p>Le nom a&nbsp;appa\u00adrem\u00adment \u00e9t\u00e9 d\u00e9ri\u00adv\u00e9 de mani\u00e8re un peu inexacte d\u2019une val\u00adl\u00e9e lat\u00e9\u00adrale en des\u00adsous de la falaise, qui porte le nom de \u00ab&nbsp;Kuh\u00adkolk&nbsp;\u00bb, c\u2019est-\u00e0-dire trou d\u2019eau pour les vaches.<\/p>\n\n<p>La tour d\u2019ob\u00adser\u00adva\u00adtion a&nbsp;\u00e9t\u00e9 construite par l\u2019Of\u00adfice royal des forges et de la m\u00e9tal\u00adlur\u00adgie de Ler\u00adbach pour 2&nbsp;625 Reichs\u00admark en char\u00adpente m\u00e9tal\u00adlique, \u00e0&nbsp;la demande des branches du Harzk\u00adlub de Bun\u00adten\u00adbock, Claus\u00adthal, Ler\u00adbach et Oste\u00adrode. Elle a&nbsp;\u00e9t\u00e9 inau\u00adgu\u00adr\u00e9e le 1er ao\u00fbt 1897 et r\u00e9no\u00adv\u00e9e en 1992 par le Harzklub.<\/p>\n\n<p>En 1994, la tour, \u00e0&nbsp;laquelle on acc\u00e8de par 75 marches, a&nbsp;\u00e9t\u00e9 d\u00e9cla\u00adr\u00e9e monu\u00adment his\u00adto\u00adrique. De la plate-forme d\u2019ob\u00adser\u00adva\u00adtion, tu as une belle vue sur le Bro\u00adcken, sur la cr\u00eate \u00ab&nbsp;Auf dem Acker&nbsp;\u00bb, sur Bun\u00adten\u00adbock, sur Ler\u00adbach, ain\u00adsi que sur les contre\u00adforts du&nbsp;Harz.&nbsp;<\/p>\n\n<p>Depuis Bun\u00adten\u00adbock, tu peux atteindre la tour depuis le par\u00adking de ran\u00addon\u00adn\u00e9e \u00ab&nbsp;An der Trift&nbsp;\u00bb et conti\u00adnuer la ran\u00addon\u00adn\u00e9e jus\u00adqu\u2019au <a href=\"https:\/\/www.harzer-wandernadel.de\/stempelstellen\/uebersichtskarte\/stempelstelle-138-braunseck\/\" data-type=\"page\" data-id=\"1151\">Braun\u00adseck HWN 138<\/a>.<\/p>\n\n<p>Depuis Ler\u00adbach, le \u00ab&nbsp;sen\u00adtier \u00e9du\u00adca\u00adtif de la pierre de fer&nbsp;\u00bb m\u00e8ne \u00e0&nbsp;la Kuck\u00adholzk\u00adlippe en pas\u00adsant par la \u00ab&nbsp;Concor\u00addia Klippe&nbsp;\u00bb et la \u00ab&nbsp;Cla\u00adras&nbsp;H\u00f6he&nbsp;\u00bb.<\/p>\n","protected":false},"excerpt":{"rendered":"<p>La tour d\u2019observation de 15 m\u00e8tres de haut sur la Kuck\u00adholzk\u00adlippe se trouve entre Ler\u00adbach et Bun\u00adten\u00adbock. Le nom a&nbsp;appa\u00adrem\u00adment \u00e9t\u00e9 d\u00e9ri\u00adv\u00e9 de mani\u00e8re un peu inexacte d\u2019une val\u00adl\u00e9e lat\u00e9\u00adrale en des\u00adsous de la falaise, qui porte le nom de \u00ab&nbsp;Kuh\u00adkolk&nbsp;\u00bb, c\u2019est-\u00e0-dire trou d\u2019eau pour les vaches. La tour d\u2019ob\u00adser\u00adva\u00adtion a&nbsp;\u00e9t\u00e9 construite par l\u2019Of\u00adfice&nbsp;royal&nbsp;[\u2026]<\/p>\n","protected":false},"author":11,"featured_media":18703,"parent":17801,"menu_order":10139,"comment_status":"closed","ping_status":"closed","template":"","meta":{"_seopress_robots_primary_cat":"","_seopress_titles_title":"","_seopress_titles_desc":"","_seopress_robots_index":"","wp_typography_post_enhancements_disabled":false,"iawp_total_views":0,"footnotes":""},"hf_cat_page":[120],"class_list":["post-18700","page","type-page","status-publish","has-post-thumbnail"],"blocksy_meta":[],"_links":{"self":[{"href":"https:\/\/www.harzer-wandernadel.de\/fr\/wp-json\/wp\/v2\/pages\/18700","targetHints":{"allow":["GET"]}}],"collection":[{"href":"https:\/\/www.harzer-wandernadel.de\/fr\/wp-json\/wp\/v2\/pages"}],"about":[{"href":"https:\/\/www.harzer-wandernadel.de\/fr\/wp-json\/wp\/v2\/types\/page"}],"author":[{"embeddable":true,"href":"https:\/\/www.harzer-wandernadel.de\/fr\/wp-json\/wp\/v2\/users\/11"}],"replies":[{"embeddable":true,"href":"https:\/\/www.harzer-wandernadel.de\/fr\/wp-json\/wp\/v2\/comments?post=18700"}],"version-history":[{"count":2,"href":"https:\/\/www.harzer-wandernadel.de\/fr\/wp-json\/wp\/v2\/pages\/18700\/revisions"}],"predecessor-version":[{"id":24934,"href":"https:\/\/www.harzer-wandernadel.de\/fr\/wp-json\/wp\/v2\/pages\/18700\/revisions\/24934"}],"up":[{"embeddable":true,"href":"https:\/\/www.harzer-wandernadel.de\/fr\/wp-json\/wp\/v2\/pages\/17801"}],"wp:featuredmedia":[{"embeddable":true,"href":"https:\/\/www.harzer-wandernadel.de\/fr\/wp-json\/wp\/v2\/media\/18703"}],"wp:attachment":[{"href":"https:\/\/www.harzer-wandernadel.de\/fr\/wp-json\/wp\/v2\/media?parent=18700"}],"wp:term":[{"taxonomy":"hf_cat_page","embeddable":true,"href":"https:\/\/www.harzer-wandernadel.de\/fr\/wp-json\/wp\/v2\/hf_cat_page?post=18700"}],"curies":[{"name":"wp","href":"https:\/\/api.w.org\/{rel}","templated":true}]}}