{"id":18686,"date":"2016-02-19T11:44:22","date_gmt":"2016-02-19T10:44:22","guid":{"rendered":"https:\/\/www.harzer-wandernadel.de\/pointage\/carte-generale\/pointage-114-ramseck\/"},"modified":"2026-02-28T14:43:03","modified_gmt":"2026-02-28T13:43:03","slug":"pointage-114-ramseck","status":"publish","type":"page","link":"https:\/\/www.harzer-wandernadel.de\/fr\/pointage\/carte-generale\/pointage-114-ramseck\/","title":{"rendered":"Pointage 114 \/ Ramseck"},"content":{"rendered":"\n<h2 class=\"wp-block-heading\">Le Ramseck est un point de vue rocheux situ\u00e9 sur le Rammelsberg, \u00e0&nbsp;635 m\u00e8tres d\u2019altitude. Sur le Ramseck se trouve la cabane de la caisse d\u2019\u00e9pargne, dans laquelle se trouve \u00e9galement la bo\u00eete \u00e0&nbsp;tampons.&nbsp;<\/h2>\n\n<div class=\"wp-block-stackable-image alignwide stk-block-image stk-block stk-89e1006\" data-block-id=\"89e1006\"><style>.stk-89e1006 {margin-top:3% !important;margin-bottom:3% !important;}<\/style><figure><span class=\"stk-img-wrapper stk-image--shape-stretch stk--has-lightbox\"><img decoding=\"async\" width=\"5376\" height=\"3024\" src=\"https:\/\/www.harzer-wandernadel.de\/wp-content\/uploads\/2016\/02\/HWN-Ramseck.jpg\" class=\"attachment-full size-full wp-post-image\" alt srcset=\"https:\/\/www.harzer-wandernadel.de\/wp-content\/uploads\/2016\/02\/HWN-Ramseck.jpg 5376w, https:\/\/www.harzer-wandernadel.de\/wp-content\/uploads\/2016\/02\/HWN-Ramseck-300x169.jpg 300w, https:\/\/www.harzer-wandernadel.de\/wp-content\/uploads\/2016\/02\/HWN-Ramseck-768x432.jpg 768w, https:\/\/www.harzer-wandernadel.de\/wp-content\/uploads\/2016\/02\/HWN-Ramseck-1024x576.jpg 1024w, https:\/\/www.harzer-wandernadel.de\/wp-content\/uploads\/2016\/02\/HWN-Ramseck-624x351.jpg 624w\" sizes=\"(max-width: 5376px) 100vw, 5376px\"><\/span><\/figure><\/div>\n\n<p>Depuis Ram\u00adseck, tu as une tr\u00e8s belle vue sur Gos\u00adlar, l\u2019a\u00advant-pays du Harz et sur le site tou\u00adris\u00adtique <a href=\"https:\/\/www.harzer-wandernadel.de\/stempelstellen\/uebersichtskarte\/stempelstelle-91-weltkulturerbe-rammelsberg\/\" data-type=\"page\" data-id=\"970\">de Ram\u00admels\u00adberg HWN 91<\/a>, qui est aus\u00adsi un point de d\u00e9part id\u00e9al pour une ran\u00addon\u00adn\u00e9e jus\u00adqu\u2019\u00e0 Ramseck.<\/p>\n","protected":false},"excerpt":{"rendered":"<p>Le Ram\u00adseck est un point de vue rocheux situ\u00e9 sur le Ram\u00admels\u00adberg, \u00e0&nbsp;635 m\u00e8tres d\u2019altitude. Sur le Ram\u00adseck se trouve la cabane de la caisse d\u2019\u00e9pargne, dans laquelle se trouve \u00e9ga\u00adle\u00adment la bo\u00eete \u00e0&nbsp;tam\u00adpons.&nbsp; Depuis Ram\u00adseck, tu as une tr\u00e8s belle vue sur Gos\u00adlar, l\u2019a\u00advant-pays du Harz et sur le site tou\u00adris\u00adtique de Ram\u00admels\u00adberg&nbsp;HWN&nbsp;[\u2026]<\/p>\n","protected":false},"author":11,"featured_media":18687,"parent":17801,"menu_order":10114,"comment_status":"closed","ping_status":"closed","template":"","meta":{"_seopress_robots_primary_cat":"","_seopress_titles_title":"","_seopress_titles_desc":"","_seopress_robots_index":"","wp_typography_post_enhancements_disabled":false,"iawp_total_views":0,"footnotes":""},"hf_cat_page":[120],"class_list":["post-18686","page","type-page","status-publish","has-post-thumbnail"],"blocksy_meta":[],"_links":{"self":[{"href":"https:\/\/www.harzer-wandernadel.de\/fr\/wp-json\/wp\/v2\/pages\/18686","targetHints":{"allow":["GET"]}}],"collection":[{"href":"https:\/\/www.harzer-wandernadel.de\/fr\/wp-json\/wp\/v2\/pages"}],"about":[{"href":"https:\/\/www.harzer-wandernadel.de\/fr\/wp-json\/wp\/v2\/types\/page"}],"author":[{"embeddable":true,"href":"https:\/\/www.harzer-wandernadel.de\/fr\/wp-json\/wp\/v2\/users\/11"}],"replies":[{"embeddable":true,"href":"https:\/\/www.harzer-wandernadel.de\/fr\/wp-json\/wp\/v2\/comments?post=18686"}],"version-history":[{"count":2,"href":"https:\/\/www.harzer-wandernadel.de\/fr\/wp-json\/wp\/v2\/pages\/18686\/revisions"}],"predecessor-version":[{"id":24892,"href":"https:\/\/www.harzer-wandernadel.de\/fr\/wp-json\/wp\/v2\/pages\/18686\/revisions\/24892"}],"up":[{"embeddable":true,"href":"https:\/\/www.harzer-wandernadel.de\/fr\/wp-json\/wp\/v2\/pages\/17801"}],"wp:featuredmedia":[{"embeddable":true,"href":"https:\/\/www.harzer-wandernadel.de\/fr\/wp-json\/wp\/v2\/media\/18687"}],"wp:attachment":[{"href":"https:\/\/www.harzer-wandernadel.de\/fr\/wp-json\/wp\/v2\/media?parent=18686"}],"wp:term":[{"taxonomy":"hf_cat_page","embeddable":true,"href":"https:\/\/www.harzer-wandernadel.de\/fr\/wp-json\/wp\/v2\/hf_cat_page?post=18686"}],"curies":[{"name":"wp","href":"https:\/\/api.w.org\/{rel}","templated":true}]}}