{"id":18678,"date":"2016-02-19T11:58:37","date_gmt":"2016-02-19T10:58:37","guid":{"rendered":"https:\/\/www.harzer-wandernadel.de\/pointage\/carte-generale\/pointage-120-elfenstein\/"},"modified":"2026-02-28T14:43:07","modified_gmt":"2026-02-28T13:43:07","slug":"pointage-120-elfenstein","status":"publish","type":"page","link":"https:\/\/www.harzer-wandernadel.de\/fr\/pointage\/carte-generale\/pointage-120-elfenstein\/","title":{"rendered":"Pointage 120 \/ Elfenstein"},"content":{"rendered":"\n<h2 class=\"wp-block-heading\">La pierre des elfes est une formation rocheuse situ\u00e9e \u00e0&nbsp;la p\u00e9riph\u00e9rie de Bad Harzburg, dans ce que l\u2019on appelle le coin des elfes, au-dessus du b\u00e2timent aux allures de conte de f\u00e9es du caf\u00e9 Winuwuk.<\/h2>\n\n<div class=\"wp-block-stackable-image alignwide stk-block-image stk-block stk-89e1006\" data-block-id=\"89e1006\"><style>.stk-89e1006 {margin-top:3% !important;margin-bottom:3% !important;}<\/style><figure><span class=\"stk-img-wrapper stk-image--shape-stretch stk--has-lightbox\"><img decoding=\"async\" width=\"1200\" height=\"600\" src=\"https:\/\/www.harzer-wandernadel.de\/wp-content\/uploads\/2016\/02\/Elfenstein.jpg\" class=\"attachment-full size-full wp-post-image\" alt srcset=\"https:\/\/www.harzer-wandernadel.de\/wp-content\/uploads\/2016\/02\/Elfenstein.jpg 1200w, https:\/\/www.harzer-wandernadel.de\/wp-content\/uploads\/2016\/02\/Elfenstein-300x150.jpg 300w, https:\/\/www.harzer-wandernadel.de\/wp-content\/uploads\/2016\/02\/Elfenstein-768x384.jpg 768w, https:\/\/www.harzer-wandernadel.de\/wp-content\/uploads\/2016\/02\/Elfenstein-1024x512.jpg 1024w, https:\/\/www.harzer-wandernadel.de\/wp-content\/uploads\/2016\/02\/Elfenstein-624x312.jpg 624w\" sizes=\"(max-width: 1200px) 100vw, 1200px\"><\/span><\/figure><\/div>\n\n<p>L\u2019im\u00adpo\u00adsant rocher de gra\u00adnit peut \u00eatre esca\u00adla\u00add\u00e9 par des marches taill\u00e9es dans la roche et offre une belle vue sur Bad Harz\u00adburg et l\u2019a\u00advant-pays du&nbsp;Harz.<\/p>\n\n<p>Les gens du Moyen-\u00c2ge consi\u00add\u00e9\u00adraient ce rocher comme la demeure des elfes ou d\u2019autres \u00eatres de lumi\u00e8re. Les elfes, les elfes ou les albums jouaient \u00e9ga\u00adle\u00adment un r\u00f4le impor\u00adtant dans les pro\u00adc\u00e8s de sor\u00adcel\u00adle\u00adrie du Moyen-\u00c2ge.&nbsp;<\/p>\n\n<p>Un bon point de d\u00e9part est le caf\u00e9 Winu\u00adwuk avec son archi\u00adtec\u00adture auda\u00adcieuse et ori\u00adgi\u00adnale. De l\u00e0, tu arrives sur la route fores\u00adti\u00e8re et, en pas\u00adsant par la rue \u00ab&nbsp;Am Elfen\u00adstein&nbsp;\u00bb, tu tournes \u00e0&nbsp;gauche sur le sen\u00adtier de ran\u00addon\u00adn\u00e9e 50&nbsp;C&nbsp;qui monte en pente raide jus\u00adqu\u2019\u00e0 l\u2019Elfenstein.&nbsp;<\/p>\n\n<div class=\"wp-block-buttons is-layout-flex wp-block-buttons-is-layout-flex\">\n<div class=\"wp-block-button\"><a class=\"wp-block-button__link wp-element-button\" href=\"http:\/\/www.winuwuk.de\">Caf\u00e9 Winu\u00adwuk<\/a><\/div>\n<\/div>\n","protected":false},"excerpt":{"rendered":"<p>La pierre des elfes est une for\u00adma\u00adtion rocheuse situ\u00e9e \u00e0&nbsp;la p\u00e9ri\u00adph\u00e9\u00adrie de Bad Harz\u00adburg, dans ce que l\u2019on appelle le coin des elfes, au-des\u00adsus du b\u00e2ti\u00adment aux allures de conte de f\u00e9es du caf\u00e9 Winu\u00adwuk. L\u2019im\u00adpo\u00adsant rocher de gra\u00adnit peut \u00eatre esca\u00adla\u00add\u00e9 par des marches taill\u00e9es dans la roche et offre une belle vue&nbsp;sur&nbsp;[\u2026]<\/p>\n","protected":false},"author":11,"featured_media":18679,"parent":17801,"menu_order":10120,"comment_status":"closed","ping_status":"closed","template":"","meta":{"_seopress_robots_primary_cat":"","_seopress_titles_title":"","_seopress_titles_desc":"","_seopress_robots_index":"","wp_typography_post_enhancements_disabled":false,"iawp_total_views":0,"footnotes":""},"hf_cat_page":[120],"class_list":["post-18678","page","type-page","status-publish","has-post-thumbnail"],"blocksy_meta":[],"_links":{"self":[{"href":"https:\/\/www.harzer-wandernadel.de\/fr\/wp-json\/wp\/v2\/pages\/18678","targetHints":{"allow":["GET"]}}],"collection":[{"href":"https:\/\/www.harzer-wandernadel.de\/fr\/wp-json\/wp\/v2\/pages"}],"about":[{"href":"https:\/\/www.harzer-wandernadel.de\/fr\/wp-json\/wp\/v2\/types\/page"}],"author":[{"embeddable":true,"href":"https:\/\/www.harzer-wandernadel.de\/fr\/wp-json\/wp\/v2\/users\/11"}],"replies":[{"embeddable":true,"href":"https:\/\/www.harzer-wandernadel.de\/fr\/wp-json\/wp\/v2\/comments?post=18678"}],"version-history":[{"count":1,"href":"https:\/\/www.harzer-wandernadel.de\/fr\/wp-json\/wp\/v2\/pages\/18678\/revisions"}],"predecessor-version":[{"id":18681,"href":"https:\/\/www.harzer-wandernadel.de\/fr\/wp-json\/wp\/v2\/pages\/18678\/revisions\/18681"}],"up":[{"embeddable":true,"href":"https:\/\/www.harzer-wandernadel.de\/fr\/wp-json\/wp\/v2\/pages\/17801"}],"wp:featuredmedia":[{"embeddable":true,"href":"https:\/\/www.harzer-wandernadel.de\/fr\/wp-json\/wp\/v2\/media\/18679"}],"wp:attachment":[{"href":"https:\/\/www.harzer-wandernadel.de\/fr\/wp-json\/wp\/v2\/media?parent=18678"}],"wp:term":[{"taxonomy":"hf_cat_page","embeddable":true,"href":"https:\/\/www.harzer-wandernadel.de\/fr\/wp-json\/wp\/v2\/hf_cat_page?post=18678"}],"curies":[{"name":"wp","href":"https:\/\/api.w.org\/{rel}","templated":true}]}}