{"id":18669,"date":"2016-02-19T12:38:05","date_gmt":"2016-02-19T11:38:05","guid":{"rendered":"https:\/\/www.harzer-wandernadel.de\/pointage\/carte-generale\/timbre-122-croix-de-lest-allemand\/"},"modified":"2026-02-28T14:43:08","modified_gmt":"2026-02-28T13:43:08","slug":"timbre-122-croix-de-lest-allemand","status":"publish","type":"page","link":"https:\/\/www.harzer-wandernadel.de\/fr\/pointage\/carte-generale\/timbre-122-croix-de-lest-allemand\/","title":{"rendered":"Timbre 122 \/ Croix de l\u2019Est allemand"},"content":{"rendered":"\n<h2 class=\"wp-block-heading\">La croix de l\u2019Est allemand se trouve sur les falaises de Uhlen, au sud-est de Bad Harzburg.<\/h2>\n\n<div class=\"wp-block-stackable-image alignwide stk-block-image stk-block stk-89e1006\" data-block-id=\"89e1006\"><style>.stk-89e1006 {margin-top:3% !important;margin-bottom:3% !important;}<\/style><figure><span class=\"stk-img-wrapper stk-image--shape-stretch stk--has-lightbox\"><img decoding=\"async\" width=\"700\" height=\"525\" src=\"https:\/\/www.harzer-wandernadel.de\/wp-content\/uploads\/2016\/02\/Kreuz-des-deutschen-Ostens.jpg\" class=\"attachment-full size-full wp-post-image\" alt srcset=\"https:\/\/www.harzer-wandernadel.de\/wp-content\/uploads\/2016\/02\/Kreuz-des-deutschen-Ostens.jpg 700w, https:\/\/www.harzer-wandernadel.de\/wp-content\/uploads\/2016\/02\/Kreuz-des-deutschen-Ostens-300x225.jpg 300w, https:\/\/www.harzer-wandernadel.de\/wp-content\/uploads\/2016\/02\/Kreuz-des-deutschen-Ostens-624x468.jpg 624w\" sizes=\"(max-width: 700px) 100vw, 700px\"><\/span><\/figure><\/div>\n\n<p>La pre\u00admi\u00e8re croix a&nbsp;\u00e9t\u00e9 cr\u00e9\u00e9e d\u00e8s 1950 \u00e0&nbsp;l\u2019i\u00adni\u00adtia\u00adtive de Franz Kett\u00admann, le pr\u00e9\u00adsident de l\u2019as\u00adso\u00adcia\u00adtion cen\u00adtrale des Alle\u00admands expul\u00ads\u00e9s. L\u2019i\u00adnau\u00adgu\u00adra\u00adtion a&nbsp;eu lieu le 24 juin 1950 sur un ter\u00adrain de f\u00eate \u00e0&nbsp;Bad Harz\u00adburg. Le jour sui\u00advant, des armoi\u00adries en bois ont \u00e9t\u00e9 fix\u00e9es sur le socle de la croix par des repr\u00e9\u00adsen\u00adtants des Land\u00adsmann\u00adschaf\u00adten et de la jeu\u00adnesse est-alle\u00admande, et une urne conte\u00adnant de la terre est-alle\u00admande a&nbsp;\u00e9t\u00e9 scel\u00adl\u00e9e dans le&nbsp;socle.&nbsp;<\/p>\n\n<p>En 1962, une cou\u00adronne de pierres h\u00e9ral\u00addiques a&nbsp;\u00e9t\u00e9 ajou\u00adt\u00e9e \u00e0&nbsp;l\u2019ins\u00adtal\u00adla\u00adtion. Les bla\u00adsons en bois sur le socle avaient sou\u00advent \u00e9t\u00e9 vol\u00e9s par des chas\u00adseurs de sou\u00adve\u00adnirs ou endom\u00adma\u00adg\u00e9s d\u2019une autre mani\u00e8re. Dans les ann\u00e9es 1950 \u00e0&nbsp;1964, la croix \u00e9tait illu\u00admi\u00adn\u00e9e la nuit par des pro\u00adjec\u00adteurs. De nom\u00adbreux ras\u00adsem\u00adble\u00adments ont eu lieu devant la croix en sou\u00adve\u00adnir des ter\u00adri\u00adtoires per\u00addus de l\u2019Est et pour le jour de l\u2019u\u00adni\u00adt\u00e9 alle\u00admande. Mais au fil des ann\u00e9es, la croix de l\u2019Est alle\u00admand a&nbsp;\u00e9ga\u00adle\u00adment rem\u00adpli une autre fonc\u00adtion. Elle est deve\u00adnue un sym\u00adbole pour Bad Harz\u00adburg et un point fixe sur la carte de randonn\u00e9e.&nbsp;<\/p>\n\n<p>Le 4&nbsp;mars 1998, un \u00e9norme oura\u00adgan s\u2019est d\u00e9cha\u00ee\u00adn\u00e9 sur le mas\u00adsif du Harz. La croix de l\u2019Est alle\u00admand en a&nbsp;\u00e9t\u00e9 la vic\u00adtime. Une asso\u00adcia\u00adtion de sou\u00adtien a&nbsp;\u00e9t\u00e9 cr\u00e9\u00e9e pour recons\u00adtruire la croix et un compte de dons a&nbsp;\u00e9t\u00e9 ouvert. Les dons ont sur\u00adpris m\u00eame les plus opti\u00admistes, en tr\u00e8s peu de temps, l\u2019argent \u00e9tait&nbsp;r\u00e9uni.&nbsp;<\/p>\n\n<p>Le 15 sep\u00adtembre 2000, la nou\u00advelle croix a&nbsp;\u00e9t\u00e9 \u00e9ri\u00adg\u00e9e. Envi\u00adron 3000 per\u00adsonnes ont assis\u00adt\u00e9 \u00e0&nbsp;la c\u00e9r\u00e9\u00admo\u00adnie d\u2019i\u00adnau\u00adgu\u00adra\u00adtion le 30 sep\u00adtembre 2000. Depuis le jour de l\u2019i\u00adnau\u00adgu\u00adra\u00adtion, un pan\u00adneau en pierre a&nbsp;\u00e9t\u00e9 pla\u00adc\u00e9 au pied de la croix pour infor\u00admer et \u00e9vi\u00adter les mal\u00aden\u00adten\u00addus, avec le texte sui\u00advant&nbsp;: \u201eCroix de l\u2019Est alle\u00admand \u2013 Lieu de com\u00adm\u00e9\u00admo\u00adra\u00adtion de l\u2019ex\u00adpul\u00adsion et de la perte de la patrie \u2013 Lieu du refus de toute tyran\u00adnie \u2013 Croix de la com\u00adpr\u00e9\u00adhen\u00adsion, de la r\u00e9con\u00adci\u00adlia\u00adtion et de la paix \u2013 Inau\u00adgu\u00adr\u00e9e le 24 juin 1950 \u2013 D\u00e9truite par la tem\u00adp\u00eate le 4&nbsp;mars 1998 \u2013 Recons\u00adtruite et inau\u00adgu\u00adr\u00e9e le 30 sep\u00adtembre 2000&nbsp;\u00bb. La nou\u00advelle croix a&nbsp;co\u00fb\u00adt\u00e9 180 000 DM.     <em>Source&nbsp;: \u201eM\u00e9moire en bronze et en pierre&nbsp;\u00bb par Klaus R\u00f6tt\u00adger<\/em><br><em>  Mai\u00adson d\u2019\u00e9\u00addi\u00adtion&nbsp;: Harzk\u00adlub-Zweig\u00adve\u00adrein Bad Harzburg<\/em><\/p>\n\n<p>Depuis la col\u00adline du ch\u00e2\u00adteau, le che\u00admin du milieu, indi\u00adqu\u00e9 par un tri\u00adangle rouge et mar\u00adqu\u00e9 d\u2019un 2&nbsp;dans un cercle blanc, m\u00e8ne \u00e0&nbsp;la \u00ab&nbsp;croix de l\u2019Est alle\u00admand&nbsp;\u00bb (555&nbsp;m&nbsp;d\u2019al\u00adti\u00adtude) sur la Uhlenklippe.<\/p>\n\n<p>Il est pos\u00adsible de se garer sur le grand par\u00adking de Bad Harz\u00adburg, juste \u00e0&nbsp;c\u00f4t\u00e9 de la route natio\u00adnale 4&nbsp;en direc\u00adtion de Torf\u00adhaus. De l\u00e0, il faut d\u00e9ci\u00adder si tu veux gra\u00advir la col\u00adline du ch\u00e2\u00adteau \u00e0&nbsp;pied ou si tu pr\u00e9\u00adf\u00e8res mon\u00adter les 150 m\u00e8tres de d\u00e9ni\u00adve\u00adl\u00e9 en tyrolienne.&nbsp;<\/p>\n\n<p>Il est int\u00e9\u00adres\u00adsant de com\u00admen\u00adcer la ran\u00addon\u00adn\u00e9e depuis la col\u00adline du ch\u00e2\u00adteau en pas\u00adsant par le \u00ab&nbsp;Aus\u00adsichts\u00adreich&nbsp;\u00bb HWN 121 et de conti\u00adnuer depuis la Croix de l\u2019Est alle\u00admand en pas\u00adsant par la Rabenk\u00adlippe HWN 170 et la Mol\u00adken\u00adhaus HWN 169.<strong> <\/strong><\/p>\n\n<div class=\"wp-block-buttons is-layout-flex wp-block-buttons-is-layout-flex\">\n<div class=\"wp-block-button\"><a class=\"wp-block-button__link wp-element-button\" href=\"http:\/\/harzer-bergwald.de\/index.php\/wandertouren\/romantiktouren\/36-familientour-mit-schoener-aussicht\">Sug\u00adges\u00adtion de cir\u00adcuit For\u00eat de mon\u00adtagne du&nbsp;Harz<\/a><\/div>\n<\/div>\n","protected":false},"excerpt":{"rendered":"<p>La croix de l\u2019Est alle\u00admand se trouve sur les falaises de Uhlen, au sud-est de Bad Harz\u00adburg. La pre\u00admi\u00e8re croix a&nbsp;\u00e9t\u00e9 cr\u00e9\u00e9e d\u00e8s 1950 \u00e0&nbsp;l\u2019i\u00adni\u00adtia\u00adtive de Franz Kett\u00admann, le pr\u00e9\u00adsident de l\u2019as\u00adso\u00adcia\u00adtion cen\u00adtrale des Alle\u00admands expul\u00ads\u00e9s. L\u2019i\u00adnau\u00adgu\u00adra\u00adtion a&nbsp;eu lieu le 24 juin 1950 sur un ter\u00adrain de f\u00eate \u00e0&nbsp;Bad Harz\u00adburg. Le jour sui\u00advant, des armoiries&nbsp;[\u2026]<\/p>\n","protected":false},"author":11,"featured_media":18670,"parent":17801,"menu_order":10122,"comment_status":"closed","ping_status":"closed","template":"","meta":{"_seopress_robots_primary_cat":"","_seopress_titles_title":"","_seopress_titles_desc":"","_seopress_robots_index":"","wp_typography_post_enhancements_disabled":false,"iawp_total_views":1,"footnotes":""},"hf_cat_page":[120],"class_list":["post-18669","page","type-page","status-publish","has-post-thumbnail"],"blocksy_meta":[],"_links":{"self":[{"href":"https:\/\/www.harzer-wandernadel.de\/fr\/wp-json\/wp\/v2\/pages\/18669","targetHints":{"allow":["GET"]}}],"collection":[{"href":"https:\/\/www.harzer-wandernadel.de\/fr\/wp-json\/wp\/v2\/pages"}],"about":[{"href":"https:\/\/www.harzer-wandernadel.de\/fr\/wp-json\/wp\/v2\/types\/page"}],"author":[{"embeddable":true,"href":"https:\/\/www.harzer-wandernadel.de\/fr\/wp-json\/wp\/v2\/users\/11"}],"replies":[{"embeddable":true,"href":"https:\/\/www.harzer-wandernadel.de\/fr\/wp-json\/wp\/v2\/comments?post=18669"}],"version-history":[{"count":1,"href":"https:\/\/www.harzer-wandernadel.de\/fr\/wp-json\/wp\/v2\/pages\/18669\/revisions"}],"predecessor-version":[{"id":18672,"href":"https:\/\/www.harzer-wandernadel.de\/fr\/wp-json\/wp\/v2\/pages\/18669\/revisions\/18672"}],"up":[{"embeddable":true,"href":"https:\/\/www.harzer-wandernadel.de\/fr\/wp-json\/wp\/v2\/pages\/17801"}],"wp:featuredmedia":[{"embeddable":true,"href":"https:\/\/www.harzer-wandernadel.de\/fr\/wp-json\/wp\/v2\/media\/18670"}],"wp:attachment":[{"href":"https:\/\/www.harzer-wandernadel.de\/fr\/wp-json\/wp\/v2\/media?parent=18669"}],"wp:term":[{"taxonomy":"hf_cat_page","embeddable":true,"href":"https:\/\/www.harzer-wandernadel.de\/fr\/wp-json\/wp\/v2\/hf_cat_page?post=18669"}],"curies":[{"name":"wp","href":"https:\/\/api.w.org\/{rel}","templated":true}]}}