{"id":18659,"date":"2016-02-19T13:08:02","date_gmt":"2016-02-19T12:08:02","guid":{"rendered":"https:\/\/www.harzer-wandernadel.de\/pointage\/carte-generale\/pointage-125-tour-de-schalke\/"},"modified":"2026-02-28T14:43:10","modified_gmt":"2026-02-28T13:43:10","slug":"pointage-125-tour-de-schalke","status":"publish","type":"page","link":"https:\/\/www.harzer-wandernadel.de\/fr\/pointage\/carte-generale\/pointage-125-tour-de-schalke\/","title":{"rendered":"Pointage 125 \/ Tour de Schalke"},"content":{"rendered":"\n<h2 class=\"wp-block-heading\">Le Schalke est une montagne de 762 m\u00e8tres de haut situ\u00e9e entre Hahnenklee, Clausthal-Zellerfeld et Schulenberg.<\/h2>\n\n<div class=\"wp-block-stackable-image alignwide stk-block-image stk-block stk-89e1006\" data-block-id=\"89e1006\"><style>.stk-89e1006 {margin-top:3% !important;margin-bottom:3% !important;}<\/style><figure><span class=\"stk-img-wrapper stk-image--shape-stretch stk--has-lightbox\"><img decoding=\"async\" width=\"788\" height=\"525\" src=\"https:\/\/www.harzer-wandernadel.de\/wp-content\/uploads\/2016\/02\/Schalker-Turm.jpg\" class=\"attachment-full size-full wp-post-image\" alt srcset=\"https:\/\/www.harzer-wandernadel.de\/wp-content\/uploads\/2016\/02\/Schalker-Turm.jpg 788w, https:\/\/www.harzer-wandernadel.de\/wp-content\/uploads\/2016\/02\/Schalker-Turm-300x200.jpg 300w, https:\/\/www.harzer-wandernadel.de\/wp-content\/uploads\/2016\/02\/Schalker-Turm-768x512.jpg 768w, https:\/\/www.harzer-wandernadel.de\/wp-content\/uploads\/2016\/02\/Schalker-Turm-624x416.jpg 624w\" sizes=\"(max-width: 788px) 100vw, 788px\"><\/span><\/figure><\/div>\n\n<p>La tour d\u2019ob\u00adser\u00adva\u00adtion de Schal\u00adker a&nbsp;\u00e9t\u00e9 construite en 1892 par le Harzk\u00adlub Zweig\u00adve\u00adrein Zel\u00adler\u00adfeld de l\u2019\u00e9\u00adpoque et res\u00adtau\u00adr\u00e9e en 1992 par le Harzk\u00adlub Zweig\u00adve\u00adrein Claus\u00adthal-Zel\u00adler\u00adfeld. Elle mesure envi\u00adron 10,5 m\u00e8tres de haut et p\u00e8se envi\u00adron 3,5 tonnes.&nbsp;<\/p>\n\n<p>Depuis 1959, le poste d\u2019\u00e9\u00adcoute de Schalk se trou\u00advait \u00e9ga\u00adle\u00adment au som\u00admet pen\u00addant la guerre froide. Il s\u2019a\u00adgis\u00adsait d\u2019un site de recon\u00adnais\u00adsance a\u00e9rienne et de t\u00e9l\u00e9\u00adcom\u00admu\u00adni\u00adca\u00adtions fran\u00ad\u00e7ais. En 1978\/79, ce poste d\u2019\u00e9\u00adcoute a&nbsp;\u00e9t\u00e9 agran\u00addi avec une tour en b\u00e9ton arm\u00e9 de 64 m\u00e8tres de haut. Pen\u00addant cette p\u00e9riode, la tour du Harzk\u00adlub a&nbsp;\u00e9t\u00e9 d\u00e9pla\u00adc\u00e9e de 100 m\u00e8tres.&nbsp;<\/p>\n\n<p>Apr\u00e8s la r\u00e9uni\u00adfi\u00adca\u00adtion, la tour du poste d\u2019\u00e9\u00adcoute est res\u00adt\u00e9e vide et a&nbsp;\u00e9t\u00e9 dyna\u00admi\u00adt\u00e9e en 2002. Apr\u00e8s le dyna\u00admi\u00adtage, la tour du Harzk\u00adlub a&nbsp;\u00e9t\u00e9 repla\u00adc\u00e9e \u00e0&nbsp;son empla\u00adce\u00adment d\u2019origine.&nbsp;<\/p>\n\n<p>Depuis Fes\u00adten\u00adburg, un sen\u00adtier de ran\u00addon\u00adn\u00e9e m\u00e8ne \u00e0&nbsp;la tour de Schal\u00adker en pas\u00adsant par le <a href=\"https:\/\/www.harzer-wandernadel.de\/stempelstellen\/uebersichtskarte\/stempelstelle-126-lochstein-oberer-schalker-graben\/\" data-type=\"page\" data-id=\"1127\">Loch\u00adstein HWN 126<\/a> au niveau de l\u2019O\u00adbe\u00adren Schal\u00adker Gra\u00adben, sur une hau\u00adteur de 220 m\u00e8tres. Le che\u00admin le plus court m\u00e8ne du par\u00adking de ran\u00addon\u00adn\u00e9e \u00ab&nbsp;Aue\u00adrhahn&nbsp;\u00bb au som\u00admet en pas\u00adsant par l\u2019an\u00adcienne route d\u2019ac\u00adc\u00e8s du poste d\u2019\u00e9coute.&nbsp;<\/p>\n","protected":false},"excerpt":{"rendered":"<p>Le Schalke est une mon\u00adtagne de 762 m\u00e8tres de haut situ\u00e9e entre Hah\u00adnenk\u00adlee, Claus\u00adthal-Zel\u00adler\u00adfeld et Schu\u00adlen\u00adberg. La tour d\u2019ob\u00adser\u00adva\u00adtion de Schal\u00adker a&nbsp;\u00e9t\u00e9 construite en 1892 par le Harzk\u00adlub Zweig\u00adve\u00adrein Zel\u00adler\u00adfeld de l\u2019\u00e9\u00adpoque et res\u00adtau\u00adr\u00e9e en 1992 par le Harzk\u00adlub Zweig\u00adve\u00adrein Claus\u00ad\u00adthal-Zel\u00ad\u00adler\u00ad\u00adfeld. Elle mesure envi\u00adron 10,5 m\u00e8tres de haut et p\u00e8se envi\u00adron 3,5 tonnes.&nbsp; Depuis 1959,&nbsp;[\u2026]<\/p>\n","protected":false},"author":11,"featured_media":18660,"parent":17801,"menu_order":10125,"comment_status":"closed","ping_status":"closed","template":"","meta":{"_seopress_robots_primary_cat":"","_seopress_titles_title":"","_seopress_titles_desc":"","_seopress_robots_index":"","wp_typography_post_enhancements_disabled":false,"iawp_total_views":1,"footnotes":""},"hf_cat_page":[120],"class_list":["post-18659","page","type-page","status-publish","has-post-thumbnail"],"blocksy_meta":[],"_links":{"self":[{"href":"https:\/\/www.harzer-wandernadel.de\/fr\/wp-json\/wp\/v2\/pages\/18659","targetHints":{"allow":["GET"]}}],"collection":[{"href":"https:\/\/www.harzer-wandernadel.de\/fr\/wp-json\/wp\/v2\/pages"}],"about":[{"href":"https:\/\/www.harzer-wandernadel.de\/fr\/wp-json\/wp\/v2\/types\/page"}],"author":[{"embeddable":true,"href":"https:\/\/www.harzer-wandernadel.de\/fr\/wp-json\/wp\/v2\/users\/11"}],"replies":[{"embeddable":true,"href":"https:\/\/www.harzer-wandernadel.de\/fr\/wp-json\/wp\/v2\/comments?post=18659"}],"version-history":[{"count":2,"href":"https:\/\/www.harzer-wandernadel.de\/fr\/wp-json\/wp\/v2\/pages\/18659\/revisions"}],"predecessor-version":[{"id":24911,"href":"https:\/\/www.harzer-wandernadel.de\/fr\/wp-json\/wp\/v2\/pages\/18659\/revisions\/24911"}],"up":[{"embeddable":true,"href":"https:\/\/www.harzer-wandernadel.de\/fr\/wp-json\/wp\/v2\/pages\/17801"}],"wp:featuredmedia":[{"embeddable":true,"href":"https:\/\/www.harzer-wandernadel.de\/fr\/wp-json\/wp\/v2\/media\/18660"}],"wp:attachment":[{"href":"https:\/\/www.harzer-wandernadel.de\/fr\/wp-json\/wp\/v2\/media?parent=18659"}],"wp:term":[{"taxonomy":"hf_cat_page","embeddable":true,"href":"https:\/\/www.harzer-wandernadel.de\/fr\/wp-json\/wp\/v2\/hf_cat_page?post=18659"}],"curies":[{"name":"wp","href":"https:\/\/api.w.org\/{rel}","templated":true}]}}