{"id":18652,"date":"2016-02-19T13:18:16","date_gmt":"2016-02-19T12:18:16","guid":{"rendered":"https:\/\/www.harzer-wandernadel.de\/pointage\/carte-generale\/poinconnage-129-cabane-dans-la-foret-mondiale-du-harz\/"},"modified":"2026-02-28T14:43:13","modified_gmt":"2026-02-28T13:43:13","slug":"poinconnage-129-cabane-dans-la-foret-mondiale-du-harz","status":"publish","type":"page","link":"https:\/\/www.harzer-wandernadel.de\/fr\/pointage\/carte-generale\/poinconnage-129-cabane-dans-la-foret-mondiale-du-harz\/","title":{"rendered":"Poin\u00e7onnage 129 \/ cabane dans la for\u00eat mondiale du&nbsp;Harz"},"content":{"rendered":"\n<h2 class=\"wp-block-heading\">La WeltWald se trouve \u00e0&nbsp;Bad Grund et il est recommand\u00e9 de se garer sur le parking indiqu\u00e9 \u00ab&nbsp;H\u00fcbichenstein&nbsp;\u00bb.<\/h2>\n\n<div class=\"wp-block-stackable-image alignwide stk-block-image stk-block stk-89e1006\" data-block-id=\"89e1006\"><style>.stk-89e1006 {margin-top:3% !important;margin-bottom:3% !important;}<\/style><figure><span class=\"stk-img-wrapper stk-image--shape-stretch stk--has-lightbox\"><img decoding=\"async\" width=\"960\" height=\"540\" src=\"https:\/\/www.harzer-wandernadel.de\/wp-content\/uploads\/2016\/02\/HWN-WeltWald-B\u00f6kelmann.jpg\" class=\"attachment-full size-full wp-post-image\" alt=\"Ponts suspendus dans la for\u00eat grise\" srcset=\"https:\/\/www.harzer-wandernadel.de\/wp-content\/uploads\/2016\/02\/HWN-WeltWald-B\u00f6kelmann.jpg 960w, https:\/\/www.harzer-wandernadel.de\/wp-content\/uploads\/2016\/02\/HWN-WeltWald-B\u00f6kelmann-300x169.jpg 300w, https:\/\/www.harzer-wandernadel.de\/wp-content\/uploads\/2016\/02\/HWN-WeltWald-B\u00f6kelmann-768x432.jpg 768w, https:\/\/www.harzer-wandernadel.de\/wp-content\/uploads\/2016\/02\/HWN-WeltWald-B\u00f6kelmann-250x141.jpg 250w, https:\/\/www.harzer-wandernadel.de\/wp-content\/uploads\/2016\/02\/HWN-WeltWald-B\u00f6kelmann-624x351.jpg 624w\" sizes=\"(max-width: 960px) 100vw, 960px\"><\/span><\/figure><\/div>\n\n<p>La For\u00eat du Monde, qui s\u2019\u00e9\u00adtend sur envi\u00adron 65&nbsp;hec\u00adtares, abrite une col\u00adlec\u00adtion impres\u00adsion\u00adnante de plus de 600 esp\u00e8ces d\u2019arbres et d\u2019ar\u00adbustes d\u2019A\u00adm\u00e9\u00adrique du Nord, d\u2019A\u00adsie et d\u2019Eu\u00adrope. Un voyage \u00e0&nbsp;tra\u00advers les cou\u00adronnes de la nature qui garan\u00adtit des vues magnifiques.&nbsp;<\/p>\n\n<p>Des sen\u00adtiers natu\u00adrels signa\u00adl\u00e9s par des pan\u00adneaux d\u2019in\u00adfor\u00adma\u00adtion d\u2019une lon\u00adgueur totale de 12&nbsp;km m\u00e8nent \u00e0&nbsp;tra\u00advers les mul\u00adtiples tr\u00e9\u00adsors bota\u00adniques. On peut y&nbsp;appro\u00adcher l\u2019\u00e9\u00adcorce des s\u00e9quoias, les plus hauts som\u00admets du monde, admi\u00adrer le tuli\u00adpier de Vir\u00adgi\u00adnie ou se d\u00e9tendre en par\u00adcou\u00adrant une for\u00eat de mon\u00adtagne japo\u00adnaise. Chaque visite t\u2019ouvre un nou\u00adveau monde, \u00e0&nbsp;n\u2019im\u00adporte quel moment de la jour\u00adn\u00e9e ou de l\u2019an\u00adn\u00e9e&nbsp;! L\u2019en\u00adtr\u00e9e dans la For\u00eat\u00adMonde est gratuite.&nbsp;<\/p>\n\n<div class=\"wp-block-buttons is-layout-flex wp-block-buttons-is-layout-flex\">\n<div class=\"wp-block-button\"><a class=\"wp-block-button__link wp-element-button\" href=\"http:\/\/www.weltwald-harz.de\/\">For\u00eat mon\u00addiale<\/a><\/div>\n<\/div>\n\n<p>Si tu entres par l\u2019en\u00adtr\u00e9e du milieu sur le che\u00admin de la mon\u00adtagne, tu trou\u00adve\u00adras le tam\u00adpon en des\u00adsous du che\u00admin de l\u2019A\u00adm\u00e9\u00adrique de l\u2019Est, \u00e0&nbsp;l\u2019in\u00adter\u00adsec\u00adtion du che\u00admin de la mon\u00adtagne et du che\u00admin du s\u00e9quoia.<\/p>\n\n<div class=\"wp-block-buttons is-layout-flex wp-block-buttons-is-layout-flex\">\n<div class=\"wp-block-button\"><a class=\"wp-block-button__link wp-element-button\" href=\"http:\/\/harzer-bergwald.de\/index.php\/wandertouren\/abenteuertouren\/19-jugendwandern-in-bad-grund\">Sug\u00adges\u00adtion de cir\u00adcuit For\u00eat de mon\u00adtagne du&nbsp;Harz<\/a><\/div>\n<\/div>\n","protected":false},"excerpt":{"rendered":"<p>La Welt\u00adWald se trouve \u00e0&nbsp;Bad Grund et il est recom\u00adman\u00add\u00e9 de se garer sur le par\u00adking indi\u00adqu\u00e9 \u00ab&nbsp;H\u00fcbi\u00adchen\u00adstein&nbsp;\u00bb. La For\u00eat du Monde, qui s\u2019\u00e9\u00adtend sur envi\u00adron 65&nbsp;hec\u00adtares, abrite une col\u00adlec\u00adtion impres\u00adsion\u00adnante de plus de 600 esp\u00e8ces d\u2019arbres et d\u2019ar\u00adbustes d\u2019A\u00adm\u00e9\u00adrique du Nord, d\u2019A\u00adsie et d\u2019Eu\u00adrope. Un voyage \u00e0&nbsp;tra\u00advers les cou\u00adronnes de la nature qui garantit&nbsp;[\u2026]<\/p>\n","protected":false},"author":11,"featured_media":18655,"parent":17801,"menu_order":10129,"comment_status":"closed","ping_status":"closed","template":"","meta":{"_seopress_robots_primary_cat":"","_seopress_titles_title":"","_seopress_titles_desc":"","_seopress_robots_index":"","wp_typography_post_enhancements_disabled":false,"iawp_total_views":0,"footnotes":""},"hf_cat_page":[120],"class_list":["post-18652","page","type-page","status-publish","has-post-thumbnail"],"blocksy_meta":[],"_links":{"self":[{"href":"https:\/\/www.harzer-wandernadel.de\/fr\/wp-json\/wp\/v2\/pages\/18652","targetHints":{"allow":["GET"]}}],"collection":[{"href":"https:\/\/www.harzer-wandernadel.de\/fr\/wp-json\/wp\/v2\/pages"}],"about":[{"href":"https:\/\/www.harzer-wandernadel.de\/fr\/wp-json\/wp\/v2\/types\/page"}],"author":[{"embeddable":true,"href":"https:\/\/www.harzer-wandernadel.de\/fr\/wp-json\/wp\/v2\/users\/11"}],"replies":[{"embeddable":true,"href":"https:\/\/www.harzer-wandernadel.de\/fr\/wp-json\/wp\/v2\/comments?post=18652"}],"version-history":[{"count":1,"href":"https:\/\/www.harzer-wandernadel.de\/fr\/wp-json\/wp\/v2\/pages\/18652\/revisions"}],"predecessor-version":[{"id":18657,"href":"https:\/\/www.harzer-wandernadel.de\/fr\/wp-json\/wp\/v2\/pages\/18652\/revisions\/18657"}],"up":[{"embeddable":true,"href":"https:\/\/www.harzer-wandernadel.de\/fr\/wp-json\/wp\/v2\/pages\/17801"}],"wp:featuredmedia":[{"embeddable":true,"href":"https:\/\/www.harzer-wandernadel.de\/fr\/wp-json\/wp\/v2\/media\/18655"}],"wp:attachment":[{"href":"https:\/\/www.harzer-wandernadel.de\/fr\/wp-json\/wp\/v2\/media?parent=18652"}],"wp:term":[{"taxonomy":"hf_cat_page","embeddable":true,"href":"https:\/\/www.harzer-wandernadel.de\/fr\/wp-json\/wp\/v2\/hf_cat_page?post=18652"}],"curies":[{"name":"wp","href":"https:\/\/api.w.org\/{rel}","templated":true}]}}