{"id":18649,"date":"2016-02-19T13:04:53","date_gmt":"2016-02-19T12:04:53","guid":{"rendered":"https:\/\/www.harzer-wandernadel.de\/pointage\/carte-generale\/pointage-124-koete-am-heidestieg\/"},"modified":"2026-02-28T14:43:09","modified_gmt":"2026-02-28T13:43:09","slug":"pointage-124-koete-am-heidestieg","status":"publish","type":"page","link":"https:\/\/www.harzer-wandernadel.de\/fr\/pointage\/carte-generale\/pointage-124-koete-am-heidestieg\/","title":{"rendered":"Pointage 124 \/ K\u00f6te am Heidestieg"},"content":{"rendered":"\n<h2 class=\"wp-block-heading\">La K\u00f6te am Heidenstieg se trouve dans la for\u00eat de Schulenberg, \u00e0&nbsp;la p\u00e9riph\u00e9rie du village, au-dessus de Schulenberg.<\/h2>\n\n<div class=\"wp-block-stackable-image alignwide stk-block-image stk-block stk-89e1006\" data-block-id=\"89e1006\"><style>.stk-89e1006 {margin-top:3% !important;margin-bottom:3% !important;}<\/style><figure><span class=\"stk-img-wrapper stk-image--shape-stretch stk--has-lightbox\"><img decoding=\"async\" width=\"788\" height=\"525\" src=\"https:\/\/www.harzer-wandernadel.de\/wp-content\/uploads\/2016\/02\/K\u00f6te-am-Heidensteig.jpg\" class=\"attachment-full size-full wp-post-image\" alt srcset=\"https:\/\/www.harzer-wandernadel.de\/wp-content\/uploads\/2016\/02\/K\u00f6te-am-Heidensteig.jpg 788w, https:\/\/www.harzer-wandernadel.de\/wp-content\/uploads\/2016\/02\/K\u00f6te-am-Heidensteig-300x200.jpg 300w, https:\/\/www.harzer-wandernadel.de\/wp-content\/uploads\/2016\/02\/K\u00f6te-am-Heidensteig-768x512.jpg 768w, https:\/\/www.harzer-wandernadel.de\/wp-content\/uploads\/2016\/02\/K\u00f6te-am-Heidensteig-624x416.jpg 624w\" sizes=\"(max-width: 788px) 100vw, 788px\"><\/span><\/figure><\/div>\n\n<p>L\u2019an\u00adcien vil\u00adlage de Schu\u00adlen\u00adberg, situ\u00e9 dans la val\u00adl\u00e9e, \u00e9tait autre\u00adfois un vil\u00adlage de mineurs et de m\u00e9tal\u00adlur\u00adgistes , plus tard un vil\u00adlage de fores\u00adtiers, et a&nbsp;\u00e9t\u00e9 englou\u00adti par les eaux du bar\u00adrage d\u2019O\u00adker\u00adtal en 1954. Le vil\u00adlage a&nbsp;\u00e9t\u00e9 r\u00e9am\u00e9\u00adna\u00adg\u00e9 au-des\u00adsus du bar\u00adrage, sur un pla\u00adteau du Wie\u00adsen\u00adberg, \u00e0&nbsp;500 m\u00e8tres d\u2019altitude.&nbsp;<\/p>\n\n<p>Depuis le par\u00adking de Tan\u00adnenh\u00f6he, tu suis le par\u00adcours de san\u00adt\u00e9 et tu arrives \u00e0&nbsp;la cotte de la Hei\u00addens\u00adtieg. Pour le retour, nous te conseillons de suivre le sen\u00adtier \u00e9du\u00adca\u00adtif fores\u00adtier, qui offre d\u2019ex\u00adcel\u00adlentes vues sur les prai\u00adries du Harz jus\u00adqu\u2019au mas\u00adsif du Bro\u00adcken, le Bruch\u00adberg et le Wolfswarte.&nbsp;<\/p>\n\n<p>Les pan\u00adneaux d\u2019in\u00adfor\u00adma\u00adtion et les figures d\u2019a\u00adni\u00admaux sculp\u00adt\u00e9es le long du che\u00admin informent sur la flore et la faune de la for\u00eat, et sont par\u00adti\u00adcu\u00adli\u00e8\u00adre\u00adment int\u00e9\u00adres\u00adsants pour les familles.<\/p>\n","protected":false},"excerpt":{"rendered":"<p>La K\u00f6te am Hei\u00addens\u00adtieg se trouve dans la for\u00eat de Schu\u00adlen\u00adberg, \u00e0&nbsp;la p\u00e9ri\u00adph\u00e9\u00adrie du vil\u00adlage, au-des\u00adsus de Schu\u00adlen\u00adberg. L\u2019an\u00adcien vil\u00adlage de Schu\u00adlen\u00adberg, situ\u00e9 dans la val\u00adl\u00e9e, \u00e9tait autre\u00adfois un vil\u00adlage de mineurs et de m\u00e9tal\u00adlur\u00adgistes , plus tard un vil\u00adlage de fores\u00adtiers, et a&nbsp;\u00e9t\u00e9 englou\u00adti par les eaux du bar\u00adrage d\u2019O\u00adker\u00adtal en 1954. Le village&nbsp;[\u2026]<\/p>\n","protected":false},"author":11,"featured_media":18650,"parent":17801,"menu_order":10124,"comment_status":"closed","ping_status":"closed","template":"","meta":{"_seopress_robots_primary_cat":"","_seopress_titles_title":"","_seopress_titles_desc":"","_seopress_robots_index":"","wp_typography_post_enhancements_disabled":false,"iawp_total_views":0,"footnotes":""},"hf_cat_page":[120],"class_list":["post-18649","page","type-page","status-publish","has-post-thumbnail"],"blocksy_meta":[],"_links":{"self":[{"href":"https:\/\/www.harzer-wandernadel.de\/fr\/wp-json\/wp\/v2\/pages\/18649","targetHints":{"allow":["GET"]}}],"collection":[{"href":"https:\/\/www.harzer-wandernadel.de\/fr\/wp-json\/wp\/v2\/pages"}],"about":[{"href":"https:\/\/www.harzer-wandernadel.de\/fr\/wp-json\/wp\/v2\/types\/page"}],"author":[{"embeddable":true,"href":"https:\/\/www.harzer-wandernadel.de\/fr\/wp-json\/wp\/v2\/users\/11"}],"replies":[{"embeddable":true,"href":"https:\/\/www.harzer-wandernadel.de\/fr\/wp-json\/wp\/v2\/comments?post=18649"}],"version-history":[{"count":1,"href":"https:\/\/www.harzer-wandernadel.de\/fr\/wp-json\/wp\/v2\/pages\/18649\/revisions"}],"predecessor-version":[{"id":18651,"href":"https:\/\/www.harzer-wandernadel.de\/fr\/wp-json\/wp\/v2\/pages\/18649\/revisions\/18651"}],"up":[{"embeddable":true,"href":"https:\/\/www.harzer-wandernadel.de\/fr\/wp-json\/wp\/v2\/pages\/17801"}],"wp:featuredmedia":[{"embeddable":true,"href":"https:\/\/www.harzer-wandernadel.de\/fr\/wp-json\/wp\/v2\/media\/18650"}],"wp:attachment":[{"href":"https:\/\/www.harzer-wandernadel.de\/fr\/wp-json\/wp\/v2\/media?parent=18649"}],"wp:term":[{"taxonomy":"hf_cat_page","embeddable":true,"href":"https:\/\/www.harzer-wandernadel.de\/fr\/wp-json\/wp\/v2\/hf_cat_page?post=18649"}],"curies":[{"name":"wp","href":"https:\/\/api.w.org\/{rel}","templated":true}]}}