{"id":18642,"date":"2016-02-11T11:28:10","date_gmt":"2016-02-11T10:28:10","guid":{"rendered":"https:\/\/www.harzer-wandernadel.de\/pointage\/carte-generale\/poinconnage-4-taubenklippe\/"},"modified":"2026-02-28T21:06:08","modified_gmt":"2026-02-28T20:06:08","slug":"poinconnage-4-taubenklippe","status":"publish","type":"page","link":"https:\/\/www.harzer-wandernadel.de\/fr\/pointage\/carte-generale\/poinconnage-4-taubenklippe\/","title":{"rendered":"Poin\u00e7onnage 4 \/ Taubenklippe"},"content":{"rendered":"\n<h2 class=\"wp-block-heading\">Le point de pointage de Taubenklippe (572&nbsp;m&nbsp;d\u2019altitude) est situ\u00e9 en hauteur, au-dessus de la vall\u00e9e d\u2019Eckertal pr\u00e8s de Bad Harzburg.<\/h2>\n\n<figure class=\"wp-block-image alignwide size-large\" style=\"margin-top:3%;margin-bottom:3%\"><a href=\"https:\/\/www.harzer-wandernadel.de\/wp-content\/uploads\/2016\/02\/Taubenklippe.jpg\"><img alt decoding=\"async\" width=\"1024\" height=\"682\" src=\"https:\/\/www.harzer-wandernadel.de\/wp-content\/uploads\/2016\/02\/Taubenklippe-1024x682.jpg\" class=\"wp-image-1460\" srcset=\"https:\/\/www.harzer-wandernadel.de\/wp-content\/uploads\/2016\/02\/Taubenklippe.jpg 1024w, https:\/\/www.harzer-wandernadel.de\/wp-content\/uploads\/2016\/02\/Taubenklippe-300x200.jpg 300w, https:\/\/www.harzer-wandernadel.de\/wp-content\/uploads\/2016\/02\/Taubenklippe-768x512.jpg 768w, https:\/\/www.harzer-wandernadel.de\/wp-content\/uploads\/2016\/02\/Taubenklippe-624x416.jpg 624w\" sizes=\"(max-width: 1024px) 100vw, 1024px\"><\/a><\/figure>\n\n<p>Du point de vue, tu aper\u00ad\u00e7ois de l\u2019autre c\u00f4t\u00e9 de la val\u00adl\u00e9e l\u2019<a href=\"https:\/\/www.harzer-wandernadel.de\/fr\/pointage\/carte-generale\/pointage-170-rabenklippe\/\" data-type=\"page\" data-id=\"1220\">auberge fores\u00adti\u00e8re Rabenk\u00adlippe HWN 170<\/a>. \u00c0&nbsp;l\u2019\u00e9\u00adpoque de la divi\u00adsion inter\u00adal\u00adle\u00admande, la fron\u00adti\u00e8re pas\u00adsait au milieu de la val\u00adl\u00e9e de l\u2019E\u00adcker et du <a href=\"https:\/\/www.harzer-wandernadel.de\/fr\/pointage\/carte-generale\/pointage-1-barrage-deckertal-barrage\/\" data-type=\"page\" data-id=\"334\">bar\u00adrage de l\u2019E\u00adcker du m\u00eame nom HWN 1<\/a>. <\/p>\n\n<p>Depuis Ilsen\u00adburg, tu peux faire la ran\u00addon\u00adn\u00e9e de la Tau\u00adbenk\u00adlippe en pas\u00adsant par le Mei\u00adne\u00adberg, le <a href=\"https:\/\/www.harzer-wandernadel.de\/fr\/pointage\/carte-generale\/pointage-5-rocher-de-la-grenouille\/\" data-type=\"page\" data-id=\"481\">Fro\u00adsch\u00adfel\u00adsen HWN 5<\/a>, puis en conti\u00adnuant par le W\u00fcr\u00adtem\u00adber\u00adger&nbsp;Bank.<\/p>\n","protected":false},"excerpt":{"rendered":"<p>Le point de poin\u00adtage de Tau\u00adbenk\u00adlippe (572&nbsp;m&nbsp;d\u2019altitude) est situ\u00e9 en hau\u00adteur, au-des\u00adsus de la val\u00adl\u00e9e d\u2019Eckertal pr\u00e8s de Bad Harz\u00adburg. Du point de vue, tu aper\u00ad\u00e7ois de l\u2019autre c\u00f4t\u00e9 de la val\u00adl\u00e9e l\u2019auberge fores\u00adti\u00e8re Rabenk\u00adlippe HWN 170. \u00c0&nbsp;l\u2019\u00e9\u00adpoque de la divi\u00adsion inter\u00adal\u00adle\u00admande, la fron\u00adti\u00e8re pas\u00adsait au milieu de la val\u00adl\u00e9e de l\u2019E\u00adcker et du barrage&nbsp;[\u2026]<\/p>\n","protected":false},"author":11,"featured_media":15671,"parent":17801,"menu_order":10004,"comment_status":"closed","ping_status":"closed","template":"","meta":{"_seopress_robots_primary_cat":"","_seopress_titles_title":"","_seopress_titles_desc":"D\u00e9couvre l'impressionnante Taubenklippe pr\u00e8s de Bad Harzburg avec une vue magnifique sur la vall\u00e9e de l'Eckertal et un itin\u00e9raire passionnant de l'aiguille de randonn\u00e9e du Harz.","_seopress_robots_index":"","wp_typography_post_enhancements_disabled":false,"iawp_total_views":0,"footnotes":""},"hf_cat_page":[120],"class_list":["post-18642","page","type-page","status-publish","has-post-thumbnail"],"blocksy_meta":[],"_links":{"self":[{"href":"https:\/\/www.harzer-wandernadel.de\/fr\/wp-json\/wp\/v2\/pages\/18642","targetHints":{"allow":["GET"]}}],"collection":[{"href":"https:\/\/www.harzer-wandernadel.de\/fr\/wp-json\/wp\/v2\/pages"}],"about":[{"href":"https:\/\/www.harzer-wandernadel.de\/fr\/wp-json\/wp\/v2\/types\/page"}],"author":[{"embeddable":true,"href":"https:\/\/www.harzer-wandernadel.de\/fr\/wp-json\/wp\/v2\/users\/11"}],"replies":[{"embeddable":true,"href":"https:\/\/www.harzer-wandernadel.de\/fr\/wp-json\/wp\/v2\/comments?post=18642"}],"version-history":[{"count":3,"href":"https:\/\/www.harzer-wandernadel.de\/fr\/wp-json\/wp\/v2\/pages\/18642\/revisions"}],"predecessor-version":[{"id":25002,"href":"https:\/\/www.harzer-wandernadel.de\/fr\/wp-json\/wp\/v2\/pages\/18642\/revisions\/25002"}],"up":[{"embeddable":true,"href":"https:\/\/www.harzer-wandernadel.de\/fr\/wp-json\/wp\/v2\/pages\/17801"}],"wp:featuredmedia":[{"embeddable":true,"href":"https:\/\/www.harzer-wandernadel.de\/fr\/wp-json\/wp\/v2\/media\/15671"}],"wp:attachment":[{"href":"https:\/\/www.harzer-wandernadel.de\/fr\/wp-json\/wp\/v2\/media?parent=18642"}],"wp:term":[{"taxonomy":"hf_cat_page","embeddable":true,"href":"https:\/\/www.harzer-wandernadel.de\/fr\/wp-json\/wp\/v2\/hf_cat_page?post=18642"}],"curies":[{"name":"wp","href":"https:\/\/api.w.org\/{rel}","templated":true}]}}