{"id":18630,"date":"2016-02-04T09:50:02","date_gmt":"2016-02-04T08:50:02","guid":{"rendered":"https:\/\/www.harzer-wandernadel.de\/pointage\/carte-generale\/pointage-3-au-crucifix\/"},"modified":"2026-02-28T21:06:04","modified_gmt":"2026-02-28T20:06:04","slug":"pointage-3-au-crucifix","status":"publish","type":"page","link":"https:\/\/www.harzer-wandernadel.de\/fr\/pointage\/carte-generale\/pointage-3-au-crucifix\/","title":{"rendered":"Pointage 3 \/ Au crucifix"},"content":{"rendered":"\n<h2 class=\"wp-block-heading has-text-align-left\">Le \u00ab&nbsp;crucifix&nbsp;\u00bb (595&nbsp;m&nbsp;d\u2019altitude) est une croix en fer situ\u00e9e \u00e0&nbsp;la crois\u00e9e des chemins entre Ilsenburg et le barrage Eckert.<\/h2>\n\n<figure class=\"wp-block-image alignwide size-large\" style=\"margin-top:3%;margin-bottom:3%\"><a href=\"https:\/\/www.harzer-wandernadel.de\/wp-content\/uploads\/2016\/02\/HWN-Kruzifix-Raute-Ausschnitt-1024x614.jpg\"><img decoding=\"async\" width=\"1024\" height=\"614\" src=\"https:\/\/www.harzer-wandernadel.de\/wp-content\/uploads\/2016\/02\/HWN-Kruzifix-Raute-Ausschnitt-1024x614.jpg\" alt=\"Monument \u00e0 la croix noire dans la for\u00eat sur bloc de pierre\" class=\"wp-image-4174\" srcset=\"https:\/\/www.harzer-wandernadel.de\/wp-content\/uploads\/2016\/02\/HWN-Kruzifix-Raute-Ausschnitt-1024x614.jpg 1024w, https:\/\/www.harzer-wandernadel.de\/wp-content\/uploads\/2016\/02\/HWN-Kruzifix-Raute-Ausschnitt-300x180.jpg 300w, https:\/\/www.harzer-wandernadel.de\/wp-content\/uploads\/2016\/02\/HWN-Kruzifix-Raute-Ausschnitt-768x460.jpg 768w, https:\/\/www.harzer-wandernadel.de\/wp-content\/uploads\/2016\/02\/HWN-Kruzifix-Raute-Ausschnitt-250x150.jpg 250w, https:\/\/www.harzer-wandernadel.de\/wp-content\/uploads\/2016\/02\/HWN-Kruzifix-Raute-Ausschnitt-624x374.jpg 624w, https:\/\/www.harzer-wandernadel.de\/wp-content\/uploads\/2016\/02\/HWN-Kruzifix-Raute-Ausschnitt.jpg 1320w\" sizes=\"(max-width: 1024px) 100vw, 1024px\"><\/a><\/figure>\n\n<p class=\"has-text-align-left\">La croix ori\u00adgi\u00adnale, men\u00adtion\u00adn\u00e9e pour la pre\u00admi\u00e8re fois au 17\u00e8me si\u00e8cle, a&nbsp;\u00e9t\u00e9 d\u00e9truite lors de la construc\u00adtion de la fron\u00adti\u00e8re inter\u00adal\u00adle\u00admande. Apr\u00e8s la r\u00e9uni\u00adfi\u00adca\u00adtion alle\u00admande, la croix actuelle a&nbsp;\u00e9t\u00e9 \u00e9ri\u00adg\u00e9e au m\u00eame endroit.&nbsp;<\/p>\n\n<p class=\"has-text-align-left\">Depuis Ilsen\u00adburg, tu peux atteindre ce point de poin\u00adtage en pas\u00adsant par la val\u00adl\u00e9e de l\u2019Ilse et la grande val\u00adl\u00e9e de sable. Il est int\u00e9\u00adres\u00adsant de faire une ran\u00addon\u00adn\u00e9e sur le che\u00admin du retour vers Ilsen\u00adburg en pas\u00adsant par la <a href=\"https:\/\/www.harzer-wandernadel.de\/fr\/pointage\/carte-generale\/poinconnage-2-scharfenstein-station-de-garde-forestier\/\" data-type=\"page\" data-id=\"353\">Schar\u00adfen\u00adstein HWN 2<\/a>. <\/p>\n\n<p><\/p>\n","protected":false},"excerpt":{"rendered":"<p>Le \u00ab&nbsp;cru\u00adci\u00adfix&nbsp;\u00bb (595&nbsp;m&nbsp;d\u2019altitude) est une croix en fer situ\u00e9e \u00e0&nbsp;la croi\u00ads\u00e9e des che\u00admins entre Ilsen\u00adburg et le bar\u00adrage Eckert. La croix ori\u00adgi\u00adnale, men\u00adtion\u00adn\u00e9e pour la pre\u00admi\u00e8re fois au 17\u00e8me si\u00e8cle, a&nbsp;\u00e9t\u00e9 d\u00e9truite lors de la construc\u00adtion de la fron\u00adti\u00e8re inter\u00adal\u00adle\u00admande. Apr\u00e8s la r\u00e9uni\u00adfi\u00adca\u00adtion alle\u00admande, la croix actuelle a&nbsp;\u00e9t\u00e9 \u00e9ri\u00adg\u00e9e au m\u00eame endroit.&nbsp; Depuis Ilsen\u00adburg,&nbsp;tu&nbsp;[\u2026]<\/p>\n","protected":false},"author":1,"featured_media":18636,"parent":17801,"menu_order":10003,"comment_status":"closed","ping_status":"closed","template":"","meta":{"_seopress_robots_primary_cat":"","_seopress_titles_title":"","_seopress_titles_desc":"D\u00e9couvre le crucifix pr\u00e8s d'Ilsenburg dans le Harz : d\u00e9couvre l'histoire et profite de magnifiques sentiers de randonn\u00e9e sur la vall\u00e9e d'Ilsetal, la vall\u00e9e de Sandtal et la falaise de Scharfenstein.","_seopress_robots_index":"","wp_typography_post_enhancements_disabled":false,"iawp_total_views":0,"footnotes":""},"hf_cat_page":[120],"class_list":["post-18630","page","type-page","status-publish","has-post-thumbnail"],"blocksy_meta":[],"_links":{"self":[{"href":"https:\/\/www.harzer-wandernadel.de\/fr\/wp-json\/wp\/v2\/pages\/18630","targetHints":{"allow":["GET"]}}],"collection":[{"href":"https:\/\/www.harzer-wandernadel.de\/fr\/wp-json\/wp\/v2\/pages"}],"about":[{"href":"https:\/\/www.harzer-wandernadel.de\/fr\/wp-json\/wp\/v2\/types\/page"}],"author":[{"embeddable":true,"href":"https:\/\/www.harzer-wandernadel.de\/fr\/wp-json\/wp\/v2\/users\/1"}],"replies":[{"embeddable":true,"href":"https:\/\/www.harzer-wandernadel.de\/fr\/wp-json\/wp\/v2\/comments?post=18630"}],"version-history":[{"count":4,"href":"https:\/\/www.harzer-wandernadel.de\/fr\/wp-json\/wp\/v2\/pages\/18630\/revisions"}],"predecessor-version":[{"id":24990,"href":"https:\/\/www.harzer-wandernadel.de\/fr\/wp-json\/wp\/v2\/pages\/18630\/revisions\/24990"}],"up":[{"embeddable":true,"href":"https:\/\/www.harzer-wandernadel.de\/fr\/wp-json\/wp\/v2\/pages\/17801"}],"wp:featuredmedia":[{"embeddable":true,"href":"https:\/\/www.harzer-wandernadel.de\/fr\/wp-json\/wp\/v2\/media\/18636"}],"wp:attachment":[{"href":"https:\/\/www.harzer-wandernadel.de\/fr\/wp-json\/wp\/v2\/media?parent=18630"}],"wp:term":[{"taxonomy":"hf_cat_page","embeddable":true,"href":"https:\/\/www.harzer-wandernadel.de\/fr\/wp-json\/wp\/v2\/hf_cat_page?post=18630"}],"curies":[{"name":"wp","href":"https:\/\/api.w.org\/{rel}","templated":true}]}}