{"id":18617,"date":"2016-02-19T13:21:33","date_gmt":"2016-02-19T12:21:33","guid":{"rendered":"https:\/\/www.harzer-wandernadel.de\/pointage\/carte-generale\/pointage-130-iberger-albertturm\/"},"modified":"2026-02-28T14:43:13","modified_gmt":"2026-02-28T13:43:13","slug":"pointage-130-iberger-albertturm","status":"publish","type":"page","link":"https:\/\/www.harzer-wandernadel.de\/fr\/pointage\/carte-generale\/pointage-130-iberger-albertturm\/","title":{"rendered":"Pointage 130 \/ Iberger Albertturm"},"content":{"rendered":"\n<h2 class=\"wp-block-heading\">Sur l\u2019Iberg (563&nbsp;m&nbsp;d\u2019altitude), entre Bad Grund et Wildemann, se trouve la tour Albert.<\/h2>\n\n<div class=\"wp-block-stackable-image alignwide stk-block-image stk-block stk-89e1006\" data-block-id=\"89e1006\"><style>.stk-89e1006 {margin-top:3% !important;margin-bottom:3% !important;}<\/style><figure><span class=\"stk-img-wrapper stk-image--shape-stretch stk--has-lightbox\"><img decoding=\"async\" width=\"779\" height=\"525\" src=\"https:\/\/www.harzer-wandernadel.de\/wp-content\/uploads\/2016\/02\/Iberger-Albertturm.jpg\" class=\"attachment-full size-full wp-post-image\" alt srcset=\"https:\/\/www.harzer-wandernadel.de\/wp-content\/uploads\/2016\/02\/Iberger-Albertturm.jpg 779w, https:\/\/www.harzer-wandernadel.de\/wp-content\/uploads\/2016\/02\/Iberger-Albertturm-300x202.jpg 300w, https:\/\/www.harzer-wandernadel.de\/wp-content\/uploads\/2016\/02\/Iberger-Albertturm-768x518.jpg 768w, https:\/\/www.harzer-wandernadel.de\/wp-content\/uploads\/2016\/02\/Iberger-Albertturm-624x421.jpg 624w\" sizes=\"(max-width: 779px) 100vw, 779px\"><\/span><\/figure><\/div>\n\n<p>La nou\u00advelle asso\u00adcia\u00adtion Harzk\u00adlub Zweig\u00adve\u00adrein Bad Grund a&nbsp;d\u00e9j\u00e0 construit en 1886 une tour en bois de 20 m\u00e8tres de haut pour 1100,- Mark, avec le sou\u00adtien des asso\u00adcia\u00adtions de Bad Grund, en par\u00adti\u00adcu\u00adlier les asso\u00adcia\u00adtions de chant. En rai\u00adson des intem\u00adp\u00e9\u00adries, la tour en bois est rapi\u00adde\u00adment deve\u00adnue inuti\u00adli\u00adsable. La d\u00e9ci\u00adsion a&nbsp;\u00e9t\u00e9 prise de construire une nou\u00advelle tour. La construc\u00adtion de la tour a&nbsp;com\u00admen\u00adc\u00e9 le 16 juin 1907, de sorte que le 28 d\u00e9cembre 1907, la r\u00e9cep\u00adtion de la construc\u00adtion de la tour de 25 m\u00e8tres de haut a&nbsp;pu avoir lieu. Les co\u00fbts de construc\u00adtion s\u2019\u00e9\u00adle\u00advaient \u00e0&nbsp;7 500,-&nbsp;Mark.&nbsp;<\/p>\n\n<p>En 1955, la tour a&nbsp;\u00e9t\u00e9 r\u00e9no\u00adv\u00e9e \u00e0&nbsp;grands frais et a&nbsp;re\u00e7u un rev\u00ea\u00adte\u00adment en b\u00e9ton arm\u00e9. En 1963, la tour a&nbsp;d\u00fb \u00eatre sur\u00ad\u00e9le\u00adv\u00e9e de pr\u00e8s de 10 m\u00e8tres, car les h\u00eatres qui l\u2019en\u00adtou\u00adraient avaient gran\u00addi au point de ne plus per\u00admettre une vue pano\u00adra\u00admique. En 1969, la base a&nbsp;\u00e9t\u00e9 recou\u00adverte d\u2019un man\u00adteau en b\u00e9ton arm\u00e9 qui por\u00adte\u00adra l\u2019\u00e9\u00addi\u00adfice au cours du pro\u00adchain mill\u00e9naire.&nbsp;<\/p>\n\n<p>Depuis l\u2019exis\u00adtence de la tour d\u2019ob\u00adser\u00adva\u00adtion en 1886, il y&nbsp;avait aus\u00adsi un petit res\u00adtau\u00adrant fores\u00adtier. Le res\u00adtau\u00adrant fores\u00adtier de la tour Albert d\u2019I\u00adber\u00adger offre, en plus de son confort rus\u00adtique et rafra\u00ee\u00adchis\u00adsant, une attrac\u00adtion unique&nbsp;: une bataille de boules de neige en \u00e9t\u00e9, et ce avec de la neige natu\u00adrelle de l\u2019hi\u00adver der\u00adnier. La neige est conser\u00adv\u00e9e de l\u2019hi\u00adver dans des trous dans le sol, cr\u00e9\u00e9s par le les\u00adsi\u00advage du calcaire.&nbsp;<\/p>\n\n<div class=\"wp-block-buttons is-layout-flex wp-block-buttons-is-layout-flex\">\n<div class=\"wp-block-button\"><a class=\"wp-block-button__link wp-element-button\" href=\"https:\/\/www.wildemann-harz.de\/gaststaette-iberger-albertturm\/\" target=\"_blank\" rel=\"noreferrer noopener\">Iber\u00adger Albertturm<\/a><\/div>\n<\/div>\n\n<p>Au pied de l\u2019I\u00adberg se trouve la grotte de sta\u00adlac\u00adtites et sta\u00adlag\u00admites d\u2019I\u00adberg, qui a&nbsp;\u00e9t\u00e9 cr\u00e9\u00e9e par la baisse du niveau de la nappe phr\u00e9a\u00adtique. La grotte a&nbsp;\u00e9t\u00e9 d\u00e9cou\u00adverte au Moyen-\u00c2ge lors de l\u2019ex\u00adploi\u00adta\u00adtion mini\u00e8re \u00e0&nbsp;la recherche de mine\u00adrai. En 1874, elle a&nbsp;\u00e9t\u00e9 ouverte au public en tant que grotte de d\u00e9mons\u00adtra\u00adtion. En 1911, la gale\u00adrie d\u2019en\u00adtr\u00e9e de 78 m\u00e8tres de long a&nbsp;\u00e9t\u00e9 construite. Aujourd\u2019\u00adhui, la \u00ab&nbsp;Haupt\u00admann-Spat\u00adzier-Stol\u00adlen&nbsp;\u00bb relie trois grottes dif\u00adf\u00e9\u00adrentes entre elles. Depuis 1912, la grotte est \u00e9clai\u00adr\u00e9e \u00e0&nbsp;l\u2019\u00e9lectricit\u00e9.&nbsp;<\/p>\n\n<div class=\"wp-block-buttons is-layout-flex wp-block-buttons-is-layout-flex\">\n<div class=\"wp-block-button\"><a class=\"wp-block-button__link wp-element-button\" href=\"https:\/\/www.hoehlen-erlebnis-zentrum.de\/\" target=\"_blank\" rel=\"noreferrer noopener\">Exp\u00e9\u00adrience dans les grottes<\/a><\/div>\n<\/div>\n\n<p>Le par\u00adking du centre de d\u00e9cou\u00adverte des grottes est aus\u00adsi le meilleur point de d\u00e9part pour une ran\u00addon\u00adn\u00e9e jus\u00adqu\u2019\u00e0 la tour Albert.<\/p>\n\n<div class=\"wp-block-buttons is-layout-flex wp-block-buttons-is-layout-flex\">\n<div class=\"wp-block-button\"><a class=\"wp-block-button__link wp-element-button\" href=\"http:\/\/harzer-bergwald.de\/index.php\/wandertouren\/abenteuertouren\/19-jugendwandern-in-bad-grund\">Sug\u00adges\u00adtion de cir\u00adcuit For\u00eat de mon\u00adtagne du&nbsp;Harz<\/a><\/div>\n<\/div>\n","protected":false},"excerpt":{"rendered":"<p>Sur l\u2019Iberg (563&nbsp;m&nbsp;d\u2019altitude), entre Bad Grund et Wil\u00adde\u00admann, se trouve la tour Albert. La nou\u00advelle asso\u00adcia\u00adtion Harzk\u00adlub Zweig\u00adve\u00adrein Bad Grund a&nbsp;d\u00e9j\u00e0 construit en 1886 une tour en bois de 20 m\u00e8tres de haut pour 1100,- Mark, avec le sou\u00adtien des asso\u00adcia\u00adtions de Bad Grund, en par\u00adti\u00adcu\u00adlier les asso\u00adcia\u00adtions de chant. En rai\u00adson des intem\u00adp\u00e9\u00adries,&nbsp;la&nbsp;[\u2026]<\/p>\n","protected":false},"author":11,"featured_media":18618,"parent":17801,"menu_order":10130,"comment_status":"closed","ping_status":"closed","template":"","meta":{"_seopress_robots_primary_cat":"","_seopress_titles_title":"","_seopress_titles_desc":"","_seopress_robots_index":"","wp_typography_post_enhancements_disabled":false,"iawp_total_views":0,"footnotes":""},"hf_cat_page":[120],"class_list":["post-18617","page","type-page","status-publish","has-post-thumbnail"],"blocksy_meta":[],"_links":{"self":[{"href":"https:\/\/www.harzer-wandernadel.de\/fr\/wp-json\/wp\/v2\/pages\/18617","targetHints":{"allow":["GET"]}}],"collection":[{"href":"https:\/\/www.harzer-wandernadel.de\/fr\/wp-json\/wp\/v2\/pages"}],"about":[{"href":"https:\/\/www.harzer-wandernadel.de\/fr\/wp-json\/wp\/v2\/types\/page"}],"author":[{"embeddable":true,"href":"https:\/\/www.harzer-wandernadel.de\/fr\/wp-json\/wp\/v2\/users\/11"}],"replies":[{"embeddable":true,"href":"https:\/\/www.harzer-wandernadel.de\/fr\/wp-json\/wp\/v2\/comments?post=18617"}],"version-history":[{"count":1,"href":"https:\/\/www.harzer-wandernadel.de\/fr\/wp-json\/wp\/v2\/pages\/18617\/revisions"}],"predecessor-version":[{"id":18619,"href":"https:\/\/www.harzer-wandernadel.de\/fr\/wp-json\/wp\/v2\/pages\/18617\/revisions\/18619"}],"up":[{"embeddable":true,"href":"https:\/\/www.harzer-wandernadel.de\/fr\/wp-json\/wp\/v2\/pages\/17801"}],"wp:featuredmedia":[{"embeddable":true,"href":"https:\/\/www.harzer-wandernadel.de\/fr\/wp-json\/wp\/v2\/media\/18618"}],"wp:attachment":[{"href":"https:\/\/www.harzer-wandernadel.de\/fr\/wp-json\/wp\/v2\/media?parent=18617"}],"wp:term":[{"taxonomy":"hf_cat_page","embeddable":true,"href":"https:\/\/www.harzer-wandernadel.de\/fr\/wp-json\/wp\/v2\/hf_cat_page?post=18617"}],"curies":[{"name":"wp","href":"https:\/\/api.w.org\/{rel}","templated":true}]}}