{"id":18609,"date":"2016-02-16T13:58:57","date_gmt":"2016-02-16T12:58:57","guid":{"rendered":"https:\/\/www.harzer-wandernadel.de\/pointage\/carte-generale\/pointage-26-moenchsbuche\/"},"modified":"2026-02-28T14:42:14","modified_gmt":"2026-02-28T13:42:14","slug":"pointage-26-moenchsbuche","status":"publish","type":"page","link":"https:\/\/www.harzer-wandernadel.de\/fr\/pointage\/carte-generale\/pointage-26-moenchsbuche\/","title":{"rendered":"Pointage 26 \/ M\u00f6nchsbuche"},"content":{"rendered":"\n<h2 class=\"wp-block-heading\">Le M\u00f6nchsbuche se trouve au-dessus de la Steinernen Renne, \u00e0&nbsp;environ 2&nbsp;km de l\u2019auberge du m\u00eame&nbsp;nom.<\/h2>\n\n<div class=\"wp-block-stackable-image alignwide stk-block-image stk-block stk-89e1006\" data-block-id=\"89e1006\"><style>.stk-89e1006 {margin-top:3% !important;margin-bottom:3% !important;}<\/style><figure><span class=\"stk-img-wrapper stk-image--shape-stretch stk--has-lightbox\"><img decoding=\"async\" width=\"1600\" height=\"1200\" src=\"https:\/\/www.harzer-wandernadel.de\/wp-content\/uploads\/2016\/02\/HWN-M\u00f6nchsbuche-Ellen.jpg\" class=\"attachment-full size-full wp-post-image\" alt=\"Holzh\u00fctte mit Sitzplatz im Wald\" srcset=\"https:\/\/www.harzer-wandernadel.de\/wp-content\/uploads\/2016\/02\/HWN-M\u00f6nchsbuche-Ellen.jpg 1600w, https:\/\/www.harzer-wandernadel.de\/wp-content\/uploads\/2016\/02\/HWN-M\u00f6nchsbuche-Ellen-300x225.jpg 300w, https:\/\/www.harzer-wandernadel.de\/wp-content\/uploads\/2016\/02\/HWN-M\u00f6nchsbuche-Ellen-768x576.jpg 768w, https:\/\/www.harzer-wandernadel.de\/wp-content\/uploads\/2016\/02\/HWN-M\u00f6nchsbuche-Ellen-1024x768.jpg 1024w, https:\/\/www.harzer-wandernadel.de\/wp-content\/uploads\/2016\/02\/HWN-M\u00f6nchsbuche-Ellen-250x188.jpg 250w, https:\/\/www.harzer-wandernadel.de\/wp-content\/uploads\/2016\/02\/HWN-M\u00f6nchsbuche-Ellen-624x468.jpg 624w\" sizes=\"(max-width: 1600px) 100vw, 1600px\"><\/span><\/figure><\/div>\n\n<p>Depuis le milieu du 13\u00e8me si\u00e8cle, le M\u00f6nchss\u00adtieg, une liai\u00adson entre les monas\u00adt\u00e8res de Him\u00admelp\u00adforte et Ilsen\u00adburg, pas\u00adsait \u00e0&nbsp;cet endroit. Les moines s\u2019y repo\u00adsaient lors\u00adqu\u2019ils se ren\u00addaient visite. On sait \u00e9ga\u00adle\u00adment qu\u2019il y&nbsp;a tou\u00adjours eu un h\u00eatre \u00e0&nbsp;cet endroit.&nbsp;<\/p>\n\n<p>Le M\u00f6nchs\u00adbuche est acces\u00adsible depuis le par\u00adking de la gare Stei\u00adnerne Renne en pas\u00adsant par la Biel\u00adstein\u00adchaus\u00adsee et le B\u00fcr\u00adger\u00adbrun\u00adnen sur envi\u00adron 2,6&nbsp;km. Tu peux conti\u00adnuer jus\u00adqu\u2019\u00e0 l <a href=\"https:\/\/www.harzer-wandernadel.de\/stempelstellen\/uebersichtskarte\/stempelstelle-28-gasthaus-steinerne-renne\/\" data-type=\"page\" data-id=\"593\">\u201cauberge Stei\u00adnerne Renne HWN 28<\/a>. <\/p>\n\n<p>La bo\u00eete \u00e0&nbsp;tam\u00adpons se trouve sur l\u2019aire de repos en face du&nbsp;h\u00eatre.<\/p>\n","protected":false},"excerpt":{"rendered":"<p>Le M\u00f6nchs\u00adbuche se trouve au-des\u00adsus de la Stei\u00adner\u00adnen Renne, \u00e0&nbsp;envi\u00adron 2&nbsp;km de l\u2019auberge du m\u00eame&nbsp;nom. Depuis le milieu du 13\u00e8me si\u00e8cle, le M\u00f6nchss\u00adtieg, une liai\u00adson entre les monas\u00adt\u00e8res de Him\u00admelp\u00adforte et Ilsen\u00adburg, pas\u00adsait \u00e0&nbsp;cet endroit. Les moines s\u2019y repo\u00adsaient lors\u00adqu\u2019ils se ren\u00addaient visite. On sait \u00e9ga\u00adle\u00adment qu\u2019il y&nbsp;a&nbsp;tou\u00adjours eu un h\u00eatre \u00e0&nbsp;cet endroit.&nbsp; Le&nbsp;[\u2026]<\/p>\n","protected":false},"author":11,"featured_media":18611,"parent":17801,"menu_order":10026,"comment_status":"closed","ping_status":"closed","template":"","meta":{"_seopress_robots_primary_cat":"","_seopress_titles_title":"","_seopress_titles_desc":"","_seopress_robots_index":"","wp_typography_post_enhancements_disabled":false,"iawp_total_views":0,"footnotes":""},"hf_cat_page":[120],"class_list":["post-18609","page","type-page","status-publish","has-post-thumbnail"],"blocksy_meta":[],"_links":{"self":[{"href":"https:\/\/www.harzer-wandernadel.de\/fr\/wp-json\/wp\/v2\/pages\/18609","targetHints":{"allow":["GET"]}}],"collection":[{"href":"https:\/\/www.harzer-wandernadel.de\/fr\/wp-json\/wp\/v2\/pages"}],"about":[{"href":"https:\/\/www.harzer-wandernadel.de\/fr\/wp-json\/wp\/v2\/types\/page"}],"author":[{"embeddable":true,"href":"https:\/\/www.harzer-wandernadel.de\/fr\/wp-json\/wp\/v2\/users\/11"}],"replies":[{"embeddable":true,"href":"https:\/\/www.harzer-wandernadel.de\/fr\/wp-json\/wp\/v2\/comments?post=18609"}],"version-history":[{"count":2,"href":"https:\/\/www.harzer-wandernadel.de\/fr\/wp-json\/wp\/v2\/pages\/18609\/revisions"}],"predecessor-version":[{"id":24714,"href":"https:\/\/www.harzer-wandernadel.de\/fr\/wp-json\/wp\/v2\/pages\/18609\/revisions\/24714"}],"up":[{"embeddable":true,"href":"https:\/\/www.harzer-wandernadel.de\/fr\/wp-json\/wp\/v2\/pages\/17801"}],"wp:featuredmedia":[{"embeddable":true,"href":"https:\/\/www.harzer-wandernadel.de\/fr\/wp-json\/wp\/v2\/media\/18611"}],"wp:attachment":[{"href":"https:\/\/www.harzer-wandernadel.de\/fr\/wp-json\/wp\/v2\/media?parent=18609"}],"wp:term":[{"taxonomy":"hf_cat_page","embeddable":true,"href":"https:\/\/www.harzer-wandernadel.de\/fr\/wp-json\/wp\/v2\/hf_cat_page?post=18609"}],"curies":[{"name":"wp","href":"https:\/\/api.w.org\/{rel}","templated":true}]}}