{"id":18600,"date":"2016-02-19T13:31:11","date_gmt":"2016-02-19T12:31:11","guid":{"rendered":"https:\/\/www.harzer-wandernadel.de\/pointage\/carte-generale\/pointage-132-schwarzenberg-koete-brockenblick\/"},"modified":"2026-02-28T14:43:14","modified_gmt":"2026-02-28T13:43:14","slug":"pointage-132-schwarzenberg-koete-brockenblick","status":"publish","type":"page","link":"https:\/\/www.harzer-wandernadel.de\/fr\/pointage\/carte-generale\/pointage-132-schwarzenberg-koete-brockenblick\/","title":{"rendered":"Pointage 132 \/ Schwarzenberg, K\u00f6te Brockenblick"},"content":{"rendered":"\n<h2 class=\"wp-block-heading\">La K\u00f6te Brockenblick se trouve sur le Schwarzenberg (540&nbsp;m&nbsp;d\u2019altitude) au-dessus d\u2019Altenau.<\/h2>\n\n<div class=\"wp-block-stackable-image alignwide stk-block-image stk-block stk-89e1006\" data-block-id=\"89e1006\"><style>.stk-89e1006 {margin-top:3% !important;margin-bottom:3% !important;}<\/style><figure><span class=\"stk-img-wrapper stk-image--shape-stretch stk--has-lightbox\"><img decoding=\"async\" width=\"933\" height=\"525\" src=\"https:\/\/www.harzer-wandernadel.de\/wp-content\/uploads\/2016\/02\/K\u00f6te-Brockenblick.jpg\" class=\"attachment-full size-full wp-post-image\" alt srcset=\"https:\/\/www.harzer-wandernadel.de\/wp-content\/uploads\/2016\/02\/K\u00f6te-Brockenblick.jpg 933w, https:\/\/www.harzer-wandernadel.de\/wp-content\/uploads\/2016\/02\/K\u00f6te-Brockenblick-300x169.jpg 300w, https:\/\/www.harzer-wandernadel.de\/wp-content\/uploads\/2016\/02\/K\u00f6te-Brockenblick-768x432.jpg 768w, https:\/\/www.harzer-wandernadel.de\/wp-content\/uploads\/2016\/02\/K\u00f6te-Brockenblick-624x351.jpg 624w\" sizes=\"(max-width: 933px) 100vw, 933px\"><\/span><\/figure><\/div>\n\n<p>La mon\u00adt\u00e9e la plus courte com\u00admence au par\u00adking de ran\u00addon\u00adn\u00e9e \u00e0&nbsp;l\u2019en\u00adtr\u00e9e d\u2019Al\u00adte\u00adnau en venant de Torf\u00adhaus. Le che\u00admin de ran\u00addon\u00adn\u00e9e jus\u00adqu\u2019\u00e0 la K\u00f6te Bro\u00adcken\u00adblick, dans laquelle se trouve \u00e9ga\u00adle\u00adment la bo\u00eete \u00e0&nbsp;tam\u00adpons, est indi\u00adqu\u00e9. Le point de vue situ\u00e9 \u00e0&nbsp;quelques m\u00e8tres offre une vue pano\u00adra\u00admique sur Alte\u00adnau jus\u00adqu\u2019au Bro\u00adcken, au Wolf\u00adswarte, au Stie\u00adglit\u00adzecke et au Hansk\u00fchnenburg.&nbsp;<\/p>\n\n<p>Il est int\u00e9\u00adres\u00adsant de conti\u00adnuer la ran\u00addon\u00adn\u00e9e en pas\u00adsant par la Sch\u00fct\u00adzenk\u00adlippe, le <a href=\"https:\/\/www.harzer-wandernadel.de\/stempelstellen\/uebersichtskarte\/stempelstelle-134-gustav-baumann-weg\/\" data-type=\"page\" data-id=\"1143\">sen\u00adtier Gus\u00adtav-Bau\u00admann HWN 134<\/a>, la <a href=\"https:\/\/www.harzer-wandernadel.de\/stempelstellen\/uebersichtskarte\/stempelstelle-149-herzweg\/\" data-type=\"page\" data-id=\"1174\">Kleine Oker HWN 149<\/a> jus\u00adqu\u2019\u00e0 <a href=\"https:\/\/www.harzer-wandernadel.de\/stempelstellen\/uebersichtskarte\/stempelstelle-133-foerster-ludewig-platz\/\" data-type=\"page\" data-id=\"1141\">la place F\u00f6rs\u00adter-Lude\u00adwig HWN 133<\/a>.<\/p>\n","protected":false},"excerpt":{"rendered":"<p>La K\u00f6te Bro\u00adcken\u00adblick se trouve sur le Schwar\u00adzen\u00adberg (540&nbsp;m&nbsp;d\u2019altitude) au-des\u00adsus d\u2019Altenau. La mon\u00adt\u00e9e la plus courte com\u00admence au par\u00adking de ran\u00addon\u00adn\u00e9e \u00e0&nbsp;l\u2019en\u00adtr\u00e9e d\u2019Al\u00adte\u00adnau en venant de Torf\u00adhaus. Le che\u00admin de ran\u00addon\u00adn\u00e9e jus\u00adqu\u2019\u00e0 la K\u00f6te Bro\u00adcken\u00adblick, dans laquelle se trouve \u00e9ga\u00adle\u00adment la bo\u00eete \u00e0&nbsp;tam\u00adpons, est indi\u00adqu\u00e9. Le point de vue situ\u00e9 \u00e0&nbsp;quelques m\u00e8tres offre une&nbsp;vue&nbsp;[\u2026]<\/p>\n","protected":false},"author":11,"featured_media":18602,"parent":17801,"menu_order":10132,"comment_status":"closed","ping_status":"closed","template":"","meta":{"_seopress_robots_primary_cat":"","_seopress_titles_title":"","_seopress_titles_desc":"","_seopress_robots_index":"","wp_typography_post_enhancements_disabled":false,"iawp_total_views":1,"footnotes":""},"hf_cat_page":[120],"class_list":["post-18600","page","type-page","status-publish","has-post-thumbnail"],"blocksy_meta":[],"_links":{"self":[{"href":"https:\/\/www.harzer-wandernadel.de\/fr\/wp-json\/wp\/v2\/pages\/18600","targetHints":{"allow":["GET"]}}],"collection":[{"href":"https:\/\/www.harzer-wandernadel.de\/fr\/wp-json\/wp\/v2\/pages"}],"about":[{"href":"https:\/\/www.harzer-wandernadel.de\/fr\/wp-json\/wp\/v2\/types\/page"}],"author":[{"embeddable":true,"href":"https:\/\/www.harzer-wandernadel.de\/fr\/wp-json\/wp\/v2\/users\/11"}],"replies":[{"embeddable":true,"href":"https:\/\/www.harzer-wandernadel.de\/fr\/wp-json\/wp\/v2\/comments?post=18600"}],"version-history":[{"count":2,"href":"https:\/\/www.harzer-wandernadel.de\/fr\/wp-json\/wp\/v2\/pages\/18600\/revisions"}],"predecessor-version":[{"id":24922,"href":"https:\/\/www.harzer-wandernadel.de\/fr\/wp-json\/wp\/v2\/pages\/18600\/revisions\/24922"}],"up":[{"embeddable":true,"href":"https:\/\/www.harzer-wandernadel.de\/fr\/wp-json\/wp\/v2\/pages\/17801"}],"wp:featuredmedia":[{"embeddable":true,"href":"https:\/\/www.harzer-wandernadel.de\/fr\/wp-json\/wp\/v2\/media\/18602"}],"wp:attachment":[{"href":"https:\/\/www.harzer-wandernadel.de\/fr\/wp-json\/wp\/v2\/media?parent=18600"}],"wp:term":[{"taxonomy":"hf_cat_page","embeddable":true,"href":"https:\/\/www.harzer-wandernadel.de\/fr\/wp-json\/wp\/v2\/hf_cat_page?post=18600"}],"curies":[{"name":"wp","href":"https:\/\/api.w.org\/{rel}","templated":true}]}}