{"id":18596,"date":"2016-02-19T13:50:46","date_gmt":"2016-02-19T12:50:46","guid":{"rendered":"https:\/\/www.harzer-wandernadel.de\/pointage\/carte-generale\/pointage-140-place-de-lane\/"},"modified":"2026-02-28T14:43:19","modified_gmt":"2026-02-28T13:43:19","slug":"pointage-140-place-de-lane","status":"publish","type":"page","link":"https:\/\/www.harzer-wandernadel.de\/fr\/pointage\/carte-generale\/pointage-140-place-de-lane\/","title":{"rendered":"Pointage 140 \/ Place de&nbsp;l\u2019\u00e2ne"},"content":{"rendered":"\n<h2 class=\"wp-block-heading\">La place de l\u2019\u00e2ne se trouve sur le sentier des sorci\u00e8res du Harz, sur ce qu\u2019on appelle le \u00ab&nbsp;Hundscher Weg&nbsp;\u00bb, entre Lerbach et le barrage de S\u00f6setal.<\/h2>\n\n<div class=\"wp-block-stackable-image alignwide stk-block-image stk-block stk-89e1006\" data-block-id=\"89e1006\"><style>.stk-89e1006 {margin-top:3% !important;margin-bottom:3% !important;}<\/style><figure><span class=\"stk-img-wrapper stk-image--shape-stretch stk--has-lightbox\"><img decoding=\"async\" width=\"960\" height=\"720\" src=\"https:\/\/www.harzer-wandernadel.de\/wp-content\/uploads\/2016\/02\/Eselsplatz.jpg\" class=\"attachment-full size-full wp-post-image\" alt srcset=\"https:\/\/www.harzer-wandernadel.de\/wp-content\/uploads\/2016\/02\/Eselsplatz.jpg 960w, https:\/\/www.harzer-wandernadel.de\/wp-content\/uploads\/2016\/02\/Eselsplatz-300x225.jpg 300w, https:\/\/www.harzer-wandernadel.de\/wp-content\/uploads\/2016\/02\/Eselsplatz-768x576.jpg 768w, https:\/\/www.harzer-wandernadel.de\/wp-content\/uploads\/2016\/02\/Eselsplatz-250x188.jpg 250w, https:\/\/www.harzer-wandernadel.de\/wp-content\/uploads\/2016\/02\/Eselsplatz-624x468.jpg 624w\" sizes=\"(max-width: 960px) 100vw, 960px\"><\/span><\/figure><\/div>\n\n<p>Le \u00ab&nbsp;Hund\u00adscher Weg&nbsp;\u00bb aurait \u00e9t\u00e9 cr\u00e9\u00e9 d\u00e8s le 13\u00e8me si\u00e8cle sous le nom de \u00ab&nbsp;Hau\u00adser\u00adweg&nbsp;\u00bb.<br>Il a&nbsp;\u00e9t\u00e9 la liai\u00adson entre Oste\u00adrode et Harz\u00adburg jus\u00adqu\u2019au haut Moyen-\u00c2ge. Le che\u00admin ser\u00advait de route mili\u00adtaire vers Harz\u00adburg, de route d\u2019ap\u00adpro\u00advi\u00adsion\u00adne\u00adment dans le Harz et aus\u00adsi de route de trans\u00adport de minerai.&nbsp;<\/p>\n\n<p>Le Har\u00adzer-Korn-Maga\u00adzin d\u2019Os\u00adte\u00adrode, pro\u00adpri\u00e9\u00adt\u00e9 du prince \u00e9lec\u00adteur de Hanovre, ser\u00advait \u00e0&nbsp;sto\u00adcker les c\u00e9r\u00e9ales pour les mineurs du Harz. C\u2019est de l\u00e0 que par\u00adtaient chaque jour les cara\u00advanes d\u2019\u00e2nes vers Claus\u00adthal via le Hund\u00adscher Weg pour appro\u00advi\u00adsion\u00adner les mineurs en nourriture.&nbsp;<\/p>\n\n<p>Depuis Oste\u00adrode, tu com\u00admences la ran\u00addon\u00adn\u00e9e \u00e0&nbsp;par\u00adtir du point de d\u00e9part offi\u00adciel du Har\u00adzer Hexens\u00adtiege \u00e0&nbsp;la \u00ab&nbsp;Blei\u00adches\u00adtelle&nbsp;\u00bb. Apr\u00e8s avoir sur\u00admon\u00adt\u00e9 la pre\u00admi\u00e8re mon\u00adt\u00e9e raide, tu attein\u00addras la c\u00f6te sur la \u00ab&nbsp;place de l\u2019\u00e2ne&nbsp;\u00bb apr\u00e8s envi\u00adron 3,5&nbsp;km.&nbsp;<\/p>\n\n<div class=\"wp-block-buttons is-layout-flex wp-block-buttons-is-layout-flex\">\n<div class=\"wp-block-button\"><a class=\"wp-block-button__link wp-element-button\" href=\"https:\/\/www.harzinfo.de\/erlebnisse\/wandern\/harzer-hexen-stieg\" target=\"_blank\" rel=\"noreferrer noopener\">Sen\u00adtier des sor\u00adci\u00e8res du&nbsp;Harz<\/a><\/div>\n<\/div>\n\n<p>Le che\u00admin le plus court vers la place de l\u2019\u00e2ne com\u00admence au bar\u00adrage de S\u00f6ses\u00adtau et suit le Har\u00adzer Bau\u00addens\u00adteig, qui m\u00e8ne de mani\u00e8re abrupte \u00e0&nbsp;tra\u00advers la for\u00eat jus\u00adqu\u2019au point de pointage.<\/p>\n","protected":false},"excerpt":{"rendered":"<p>La place de l\u2019\u00e2ne se trouve sur le sen\u00adtier des sor\u00adci\u00e8res du Harz, sur ce qu\u2019on appelle le \u00ab&nbsp;Hund\u00adscher Weg&nbsp;\u00bb, entre Ler\u00adbach et le bar\u00adrage de S\u00f6se\u00adtal. Le \u00ab&nbsp;Hund\u00adscher Weg&nbsp;\u00bb aurait \u00e9t\u00e9 cr\u00e9\u00e9 d\u00e8s le 13\u00e8me si\u00e8cle sous le nom de \u00ab&nbsp;Hau\u00adser\u00adweg&nbsp;\u00bb.Il a&nbsp;\u00e9t\u00e9 la liai\u00adson entre Oste\u00adrode et Harz\u00adburg jus\u00adqu\u2019au haut Moyen-\u00c2ge. Le che\u00admin servait&nbsp;[\u2026]<\/p>\n","protected":false},"author":11,"featured_media":18597,"parent":17801,"menu_order":10140,"comment_status":"closed","ping_status":"closed","template":"","meta":{"_seopress_robots_primary_cat":"","_seopress_titles_title":"","_seopress_titles_desc":"","_seopress_robots_index":"","wp_typography_post_enhancements_disabled":false,"iawp_total_views":0,"footnotes":""},"hf_cat_page":[120],"class_list":["post-18596","page","type-page","status-publish","has-post-thumbnail"],"blocksy_meta":[],"_links":{"self":[{"href":"https:\/\/www.harzer-wandernadel.de\/fr\/wp-json\/wp\/v2\/pages\/18596","targetHints":{"allow":["GET"]}}],"collection":[{"href":"https:\/\/www.harzer-wandernadel.de\/fr\/wp-json\/wp\/v2\/pages"}],"about":[{"href":"https:\/\/www.harzer-wandernadel.de\/fr\/wp-json\/wp\/v2\/types\/page"}],"author":[{"embeddable":true,"href":"https:\/\/www.harzer-wandernadel.de\/fr\/wp-json\/wp\/v2\/users\/11"}],"replies":[{"embeddable":true,"href":"https:\/\/www.harzer-wandernadel.de\/fr\/wp-json\/wp\/v2\/comments?post=18596"}],"version-history":[{"count":1,"href":"https:\/\/www.harzer-wandernadel.de\/fr\/wp-json\/wp\/v2\/pages\/18596\/revisions"}],"predecessor-version":[{"id":18599,"href":"https:\/\/www.harzer-wandernadel.de\/fr\/wp-json\/wp\/v2\/pages\/18596\/revisions\/18599"}],"up":[{"embeddable":true,"href":"https:\/\/www.harzer-wandernadel.de\/fr\/wp-json\/wp\/v2\/pages\/17801"}],"wp:featuredmedia":[{"embeddable":true,"href":"https:\/\/www.harzer-wandernadel.de\/fr\/wp-json\/wp\/v2\/media\/18597"}],"wp:attachment":[{"href":"https:\/\/www.harzer-wandernadel.de\/fr\/wp-json\/wp\/v2\/media?parent=18596"}],"wp:term":[{"taxonomy":"hf_cat_page","embeddable":true,"href":"https:\/\/www.harzer-wandernadel.de\/fr\/wp-json\/wp\/v2\/hf_cat_page?post=18596"}],"curies":[{"name":"wp","href":"https:\/\/api.w.org\/{rel}","templated":true}]}}