{"id":18581,"date":"2016-02-19T13:56:46","date_gmt":"2016-02-19T12:56:46","guid":{"rendered":"https:\/\/www.harzer-wandernadel.de\/pointage\/carte-generale\/poinconnage-143-koete-schindelkopf\/"},"modified":"2026-02-28T14:43:21","modified_gmt":"2026-02-28T13:43:21","slug":"poinconnage-143-koete-schindelkopf","status":"publish","type":"page","link":"https:\/\/www.harzer-wandernadel.de\/fr\/pointage\/carte-generale\/poinconnage-143-koete-schindelkopf\/","title":{"rendered":"Poin\u00e7onnage 143 \/ K\u00f6te Schindelkopf"},"content":{"rendered":"\n<h2 class=\"wp-block-heading\">Le Schindelkopf (550&nbsp;m&nbsp;d\u2019altitude) se trouve au sud-ouest de la colline Acker et de la ville d\u2019Osterode am Harz \u00e0&nbsp;l\u2019ouest.<\/h2>\n\n<div class=\"wp-block-stackable-image alignwide stk-block-image stk-block stk-89e1006\" data-block-id=\"89e1006\"><style>.stk-89e1006 {margin-top:3% !important;margin-bottom:3% !important;}<\/style><figure><span class=\"stk-img-wrapper stk-image--shape-stretch stk--has-lightbox\"><img decoding=\"async\" width=\"937\" height=\"615\" src=\"https:\/\/www.harzer-wandernadel.de\/wp-content\/uploads\/2016\/02\/HWN-Schindelkopfk\u00f6te-Dirk-Donat-Ausschnitt.jpg\" class=\"attachment-full size-full wp-post-image\" alt=\"Cabane en bois dans la for\u00eat avec vue panoramique\" srcset=\"https:\/\/www.harzer-wandernadel.de\/wp-content\/uploads\/2016\/02\/HWN-Schindelkopfk\u00f6te-Dirk-Donat-Ausschnitt.jpg 937w, https:\/\/www.harzer-wandernadel.de\/wp-content\/uploads\/2016\/02\/HWN-Schindelkopfk\u00f6te-Dirk-Donat-Ausschnitt-300x197.jpg 300w, https:\/\/www.harzer-wandernadel.de\/wp-content\/uploads\/2016\/02\/HWN-Schindelkopfk\u00f6te-Dirk-Donat-Ausschnitt-768x504.jpg 768w, https:\/\/www.harzer-wandernadel.de\/wp-content\/uploads\/2016\/02\/HWN-Schindelkopfk\u00f6te-Dirk-Donat-Ausschnitt-250x164.jpg 250w, https:\/\/www.harzer-wandernadel.de\/wp-content\/uploads\/2016\/02\/HWN-Schindelkopfk\u00f6te-Dirk-Donat-Ausschnitt-624x410.jpg 624w\" sizes=\"(max-width: 937px) 100vw, 937px\"><\/span><\/figure><\/div>\n\n<p>Depuis le Schin\u00addel\u00adkopf, qui fait par\u00adtie de la for\u00eat urbaine d\u2019Os\u00adte\u00adrode, tu peux voir des par\u00adties du bar\u00adrage de la S\u00f6se. Tu as \u00e9ga\u00adle\u00adment une belle vue sur Oste\u00adrode et sur les contre\u00adforts sud du&nbsp;Harz.&nbsp;<\/p>\n\n<p>Autre\u00adfois, les char\u00adbon\u00adniers vivaient dans de telles char\u00adbon\u00adni\u00e8res lors\u00adqu\u2019ils tra\u00advaillaient dans les for\u00eats du Harz en \u00e9t\u00e9. Les char\u00adbon\u00adniers ne pou\u00advaient pas quit\u00adter leur lieu de tra\u00advail, car les meules de char\u00adbon de bois n\u00e9ces\u00adsi\u00adtaient une sur\u00adveillance jour et nuit. C\u2019est dans ce style tra\u00addi\u00adtion\u00adnel qu\u2019a \u00e9t\u00e9 construit en 2002 le refuge de Schin\u00addel\u00adkopf, o\u00f9 se trouve \u00e9ga\u00adle\u00adment la bo\u00eete \u00e0&nbsp;poin\u00e7ons.&nbsp;<\/p>\n\n<p>Le bar\u00adrage de S\u00f6se\u00adtal a&nbsp;\u00e9t\u00e9 construit sur la S\u00f6se de 1928 \u00e0&nbsp;1931&nbsp;en tant que pre\u00admier bar\u00adrage de l\u2019en\u00adtre\u00adprise Harz\u00adwas\u00adser\u00adwerke. Il sert \u00e0&nbsp;l\u2019ap\u00adpro\u00advi\u00adsion\u00adne\u00adment en eau potable, \u00e0&nbsp;la pro\u00adtec\u00adtion contre les inon\u00adda\u00adtions, \u00e0&nbsp;l\u2019aug\u00admen\u00adta\u00adtion des basses eaux et \u00e0&nbsp;la pro\u00adduc\u00adtion d\u2019\u00e9lectricit\u00e9.<\/p>\n\n<p>De la sta\u00adtion Wald\u00advo\u00adgel au bar\u00adrage de la S\u00f6se, au-des\u00adsus du par\u00adking de ran\u00addon\u00adn\u00e9e, com\u00admence le che\u00admin de ran\u00addon\u00adn\u00e9e bali\u00ads\u00e9 le plus court vers le Schindelkopf.<\/p>\n\n<p>Depuis le par\u00adking de ran\u00addon\u00adn\u00e9e \u00ab&nbsp;Fuch\u00adshal\u00adler Weg&nbsp;\u00bb \u00e0&nbsp;la p\u00e9ri\u00adph\u00e9\u00adrie d\u2019Os\u00adte\u00adrode, tu peux mar\u00adcher jus\u00adqu\u2019\u00e0 la cotte au Schin\u00addel\u00adkopf en pas\u00adsant par le \u00ab&nbsp;Nas\u00adsen Weg&nbsp;\u00bb et conti\u00adnuer le tour jus\u00adqu\u2019au <a href=\"https:\/\/www.harzer-wandernadel.de\/stempelstellen\/uebersichtskarte\/stempelstelle-144-hanskuehnenburg\/\" data-type=\"page\" data-id=\"1168\">ch\u00e2\u00adteau de Hansk\u00fch\u00adnen\u00adburg HWN 144<\/a>.<\/p>\n","protected":false},"excerpt":{"rendered":"<p>Le Schin\u00addel\u00adkopf (550&nbsp;m&nbsp;d\u2019altitude) se trouve au sud-ouest de la col\u00adline Acker et de la ville d\u2019Osterode am Harz \u00e0&nbsp;l\u2019ouest. Depuis le Schin\u00addel\u00adkopf, qui fait par\u00adtie de la for\u00eat urbaine d\u2019Os\u00adte\u00adrode, tu peux voir des par\u00adties du bar\u00adrage de la S\u00f6se. Tu as \u00e9ga\u00adle\u00adment une belle vue sur Oste\u00adrode et sur les contre\u00adforts sud du&nbsp;Harz.&nbsp; Autrefois,&nbsp;[\u2026]<\/p>\n","protected":false},"author":11,"featured_media":18583,"parent":17801,"menu_order":10143,"comment_status":"closed","ping_status":"closed","template":"","meta":{"_seopress_robots_primary_cat":"","_seopress_titles_title":"","_seopress_titles_desc":"","_seopress_robots_index":"","wp_typography_post_enhancements_disabled":false,"iawp_total_views":0,"footnotes":""},"hf_cat_page":[120],"class_list":["post-18581","page","type-page","status-publish","has-post-thumbnail"],"blocksy_meta":[],"_links":{"self":[{"href":"https:\/\/www.harzer-wandernadel.de\/fr\/wp-json\/wp\/v2\/pages\/18581","targetHints":{"allow":["GET"]}}],"collection":[{"href":"https:\/\/www.harzer-wandernadel.de\/fr\/wp-json\/wp\/v2\/pages"}],"about":[{"href":"https:\/\/www.harzer-wandernadel.de\/fr\/wp-json\/wp\/v2\/types\/page"}],"author":[{"embeddable":true,"href":"https:\/\/www.harzer-wandernadel.de\/fr\/wp-json\/wp\/v2\/users\/11"}],"replies":[{"embeddable":true,"href":"https:\/\/www.harzer-wandernadel.de\/fr\/wp-json\/wp\/v2\/comments?post=18581"}],"version-history":[{"count":2,"href":"https:\/\/www.harzer-wandernadel.de\/fr\/wp-json\/wp\/v2\/pages\/18581\/revisions"}],"predecessor-version":[{"id":24946,"href":"https:\/\/www.harzer-wandernadel.de\/fr\/wp-json\/wp\/v2\/pages\/18581\/revisions\/24946"}],"up":[{"embeddable":true,"href":"https:\/\/www.harzer-wandernadel.de\/fr\/wp-json\/wp\/v2\/pages\/17801"}],"wp:featuredmedia":[{"embeddable":true,"href":"https:\/\/www.harzer-wandernadel.de\/fr\/wp-json\/wp\/v2\/media\/18583"}],"wp:attachment":[{"href":"https:\/\/www.harzer-wandernadel.de\/fr\/wp-json\/wp\/v2\/media?parent=18581"}],"wp:term":[{"taxonomy":"hf_cat_page","embeddable":true,"href":"https:\/\/www.harzer-wandernadel.de\/fr\/wp-json\/wp\/v2\/hf_cat_page?post=18581"}],"curies":[{"name":"wp","href":"https:\/\/api.w.org\/{rel}","templated":true}]}}