{"id":18569,"date":"2016-02-19T13:58:01","date_gmt":"2016-02-19T12:58:01","guid":{"rendered":"https:\/\/www.harzer-wandernadel.de\/pointage\/carte-generale\/pointage-145-monument-schmidts\/"},"modified":"2026-01-29T12:50:27","modified_gmt":"2026-01-29T11:50:27","slug":"pointage-145-monument-schmidts","status":"publish","type":"page","link":"https:\/\/www.harzer-wandernadel.de\/fr\/pointage\/carte-generale\/pointage-145-monument-schmidts\/","title":{"rendered":"Pointage 145 \/ Monument Schmidts"},"content":{"rendered":"\n<h2 class=\"wp-block-heading\">Schmidts-Denkmal (607&nbsp;m&nbsp;d\u2019altitude) se trouve entre le parking Polsterberg pr\u00e8s de Clausthal-Zellerfeld et Kammschlacken.<\/h2>\n\n<div class=\"wp-block-stackable-image alignwide stk-block-image stk-block stk-89e1006\" data-block-id=\"89e1006\"><style>.stk-89e1006 {margin-top:3% !important;margin-bottom:3% !important;}<\/style><figure><span class=\"stk-img-wrapper stk-image--shape-stretch stk--has-lightbox\"><img decoding=\"async\" width=\"788\" height=\"525\" src=\"https:\/\/www.harzer-wandernadel.de\/wp-content\/uploads\/2016\/02\/Schmidt-Denkmal.jpg\" class=\"attachment-full size-full wp-post-image\" alt srcset=\"https:\/\/www.harzer-wandernadel.de\/wp-content\/uploads\/2016\/02\/Schmidt-Denkmal.jpg 788w, https:\/\/www.harzer-wandernadel.de\/wp-content\/uploads\/2016\/02\/Schmidt-Denkmal-300x200.jpg 300w, https:\/\/www.harzer-wandernadel.de\/wp-content\/uploads\/2016\/02\/Schmidt-Denkmal-768x512.jpg 768w, https:\/\/www.harzer-wandernadel.de\/wp-content\/uploads\/2016\/02\/Schmidt-Denkmal-250x167.jpg 250w, https:\/\/www.harzer-wandernadel.de\/wp-content\/uploads\/2016\/02\/Schmidt-Denkmal-624x416.jpg 624w\" sizes=\"(max-width: 788px) 100vw, 788px\"><\/span><\/figure><\/div>\n\n<p>Elle com\u00adm\u00e9\u00admore le chas\u00adseur royal August Schmidt, qui a&nbsp;\u00e9t\u00e9 atta\u00adqu\u00e9 par deux voleurs de gibier le 2&nbsp;juin 1849 et abat\u00adtu dans le dos \u00e0&nbsp;coups de hache. Gra\u00adve\u00adment bles\u00ads\u00e9, Schmidt s\u2019est tra\u00ee\u00adn\u00e9 jus\u00adqu\u2019\u00e0 Kamm\u00adschla\u00adcken o\u00f9 il a&nbsp;suc\u00adcom\u00adb\u00e9 \u00e0&nbsp;ses bles\u00adsures huit jours plus tard. Mais Schmidt avait recon\u00adnu l\u2019un des bra\u00adcon\u00adniers \u00e0&nbsp;la cou\u00adleur par\u00adti\u00adcu\u00adli\u00e8re de sa peau et c\u2019est ain\u00adsi que le \u00ab&nbsp;cha\u00adriot jaune&nbsp;\u00bb a&nbsp;pu \u00eatre ex\u00e9\u00adcu\u00adt\u00e9 par l\u2019\u00e9\u00adp\u00e9e le 28 mai 1850 \u00e0&nbsp;G\u00f6ttingen.&nbsp;<\/p>\n\n<p>Le monu\u00adment des col\u00adl\u00e8gues et amis d\u2019Au\u00adgust Schmidt a&nbsp;\u00e9t\u00e9 \u00e9ri\u00adg\u00e9 sur le lieu de l\u2019a\u00adgres\u00adsion tragique.<\/p>\n\n<p>Le che\u00admin de ran\u00addon\u00adn\u00e9e le plus court part du par\u00adking Pol\u00adster\u00adberg, tra\u00adverse la large route fores\u00adti\u00e8re puis suit les pan\u00adneaux \u00e0&nbsp;droite jus\u00adqu\u2019au monument.<\/p>\n\n<div class=\"wp-block-buttons is-layout-flex wp-block-buttons-is-layout-flex\">\n<div class=\"wp-block-button\"><a class=\"wp-block-button__link wp-element-button\" href=\"http:\/\/harzer-bergwald.de\/index.php\/wandertouren\/abenteuertouren\/33-unterwegs-im-oberharzer-wasserregal\">Sug\u00adges\u00adtion de cir\u00adcuit For\u00eat de mon\u00adtagne du&nbsp;Harz<\/a><\/div>\n<\/div>\n","protected":false},"excerpt":{"rendered":"<p>Schmidts-Denk\u00admal (607&nbsp;m&nbsp;d\u2019altitude) se trouve entre le par\u00adking Pol\u00adster\u00adberg pr\u00e8s de Claus\u00adthal-Zel\u00adler\u00adfeld et Kamm\u00adschla\u00adcken. Elle com\u00adm\u00e9\u00admore le chas\u00adseur royal August Schmidt, qui a&nbsp;\u00e9t\u00e9 atta\u00adqu\u00e9 par deux voleurs de gibier le 2&nbsp;juin 1849 et abat\u00adtu dans le dos \u00e0&nbsp;coups de hache. Gra\u00adve\u00adment bles\u00ads\u00e9, Schmidt s\u2019est tra\u00ee\u00adn\u00e9 jus\u00adqu\u2019\u00e0 Kamm\u00adschla\u00adcken o\u00f9 il a&nbsp;suc\u00adcom\u00adb\u00e9 \u00e0&nbsp;ses bles\u00adsures huit jours plus&nbsp;tard.&nbsp;[\u2026]<\/p>\n","protected":false},"author":11,"featured_media":18570,"parent":17801,"menu_order":10145,"comment_status":"closed","ping_status":"closed","template":"","meta":{"_seopress_robots_primary_cat":"","_seopress_titles_title":"","_seopress_titles_desc":"","_seopress_robots_index":"","wp_typography_post_enhancements_disabled":false,"iawp_total_views":0,"footnotes":""},"hf_cat_page":[120],"class_list":["post-18569","page","type-page","status-publish","has-post-thumbnail"],"blocksy_meta":[],"_links":{"self":[{"href":"https:\/\/www.harzer-wandernadel.de\/fr\/wp-json\/wp\/v2\/pages\/18569","targetHints":{"allow":["GET"]}}],"collection":[{"href":"https:\/\/www.harzer-wandernadel.de\/fr\/wp-json\/wp\/v2\/pages"}],"about":[{"href":"https:\/\/www.harzer-wandernadel.de\/fr\/wp-json\/wp\/v2\/types\/page"}],"author":[{"embeddable":true,"href":"https:\/\/www.harzer-wandernadel.de\/fr\/wp-json\/wp\/v2\/users\/11"}],"replies":[{"embeddable":true,"href":"https:\/\/www.harzer-wandernadel.de\/fr\/wp-json\/wp\/v2\/comments?post=18569"}],"version-history":[{"count":1,"href":"https:\/\/www.harzer-wandernadel.de\/fr\/wp-json\/wp\/v2\/pages\/18569\/revisions"}],"predecessor-version":[{"id":18572,"href":"https:\/\/www.harzer-wandernadel.de\/fr\/wp-json\/wp\/v2\/pages\/18569\/revisions\/18572"}],"up":[{"embeddable":true,"href":"https:\/\/www.harzer-wandernadel.de\/fr\/wp-json\/wp\/v2\/pages\/17801"}],"wp:featuredmedia":[{"embeddable":true,"href":"https:\/\/www.harzer-wandernadel.de\/fr\/wp-json\/wp\/v2\/media\/18570"}],"wp:attachment":[{"href":"https:\/\/www.harzer-wandernadel.de\/fr\/wp-json\/wp\/v2\/media?parent=18569"}],"wp:term":[{"taxonomy":"hf_cat_page","embeddable":true,"href":"https:\/\/www.harzer-wandernadel.de\/fr\/wp-json\/wp\/v2\/hf_cat_page?post=18569"}],"curies":[{"name":"wp","href":"https:\/\/api.w.org\/{rel}","templated":true}]}}