{"id":18554,"date":"2016-02-19T14:02:49","date_gmt":"2016-02-19T13:02:49","guid":{"rendered":"https:\/\/www.harzer-wandernadel.de\/pointage\/carte-generale\/pointage-146-grand-barrage\/"},"modified":"2026-01-29T12:50:27","modified_gmt":"2026-01-29T11:50:27","slug":"pointage-146-grand-barrage","status":"publish","type":"page","link":"https:\/\/www.harzer-wandernadel.de\/fr\/pointage\/carte-generale\/pointage-146-grand-barrage\/","title":{"rendered":"Pointage 146 \/ Grand barrage"},"content":{"rendered":"\n<h2 class=\"wp-block-heading\">Le \u00ab&nbsp;grand barrage&nbsp;\u00bb se trouve entre la falaise de Hammerstein au coin de Stieglitze et le \u00ab&nbsp;Sperberhaier Dammhaus&nbsp;\u00bb et est le d\u00e9but du \u00ab&nbsp;Morgenbrodtsthalergraben&nbsp;\u00bb.<\/h2>\n\n<div class=\"wp-block-stackable-image alignwide stk-block-image stk-block stk-89e1006\" data-block-id=\"89e1006\"><style>.stk-89e1006 {margin-top:3% !important;margin-bottom:3% !important;}<\/style><figure><span class=\"stk-img-wrapper stk-image--shape-stretch stk--has-lightbox\"><img decoding=\"async\" width=\"700\" height=\"525\" src=\"https:\/\/www.harzer-wandernadel.de\/wp-content\/uploads\/2016\/02\/Gro\u00dfes-Wehr.jpg\" class=\"attachment-full size-full wp-post-image\" alt srcset=\"https:\/\/www.harzer-wandernadel.de\/wp-content\/uploads\/2016\/02\/Gro\u00dfes-Wehr.jpg 700w, https:\/\/www.harzer-wandernadel.de\/wp-content\/uploads\/2016\/02\/Gro\u00dfes-Wehr-300x225.jpg 300w, https:\/\/www.harzer-wandernadel.de\/wp-content\/uploads\/2016\/02\/Gro\u00dfes-Wehr-250x188.jpg 250w, https:\/\/www.harzer-wandernadel.de\/wp-content\/uploads\/2016\/02\/Gro\u00dfes-Wehr-624x468.jpg 624w\" sizes=\"(max-width: 700px) 100vw, 700px\"><\/span><\/figure><\/div>\n\n<p>Le Mor\u00adgen\u00adbrodts\u00adtha\u00adler\u00adgra\u00adben a&nbsp;une lon\u00adgueur de 4,1&nbsp;km, il est ali\u00admen\u00adt\u00e9 par la Grosse S\u00f6se et le Mor\u00adgen\u00adbrodts\u00adbach et conti\u00adnue \u00e0&nbsp;ache\u00admi\u00adner l\u2019eau vers le Dammgraben.<\/p>\n\n<p>La construc\u00adtion du \u00ab&nbsp;bar\u00adrage de Sper\u00adbe\u00adrhaier&nbsp;\u00bb, le grand aque\u00adduc de Har\u00adza (1732\/1734), a&nbsp;per\u00admis d\u2019u\u00adti\u00adli\u00adser l\u2019eau du fos\u00ads\u00e9 de Mor\u00adgen\u00adbrodts\u00adthal, d\u00e9j\u00e0 exploi\u00adt\u00e9 en 1715, pour l\u2019ex\u00adtrac\u00adtion de mine\u00adrai dans les mines Doro\u00adthea et Caroline.<\/p>\n\n<p>Mais le fos\u00ads\u00e9 est en fait trop haut, car lors de sa construc\u00adtion, on pen\u00adsait que le bar\u00adrage de Sper\u00adbe\u00adrhaier serait construit envi\u00adron 8&nbsp;\u00e0 10&nbsp;m&nbsp;plus haut que ce qui a&nbsp;\u00e9t\u00e9 fait par la suite. C\u2019est pour\u00adquoi la pente de la tran\u00adch\u00e9e pr\u00e8s de la mai\u00adson du bar\u00adrage est inha\u00adbi\u00adtuel\u00adle\u00adment raide (11,5%) sur envi\u00adron 130 m\u00e8tres.&nbsp;<\/p>\n\n<p>La mai\u00adson du bar\u00adrage de l\u2019E\u00adper\u00advier, qui a&nbsp;\u00e9t\u00e9 construite en m\u00eame temps que le bar\u00adrage du m\u00eame nom, est un bon point de d\u00e9part. A&nbsp;l\u2019o\u00adri\u00adgine, la mai\u00adson du bar\u00adrage a&nbsp;\u00e9t\u00e9 construite pour les mineurs, qui l\u2019u\u00adti\u00adli\u00adsaient comme ves\u00adtiaire et lieu de pri\u00e8re. Plus tard, elle a&nbsp;ser\u00advi de loge\u00adment de fonc\u00adtion pour le gar\u00addien de la fosse avant d\u2019\u00eatre trans\u00adfor\u00adm\u00e9e en un res\u00adtau\u00adrant popu\u00adlaire. De l\u00e0, le sen\u00adtier de ran\u00addon\u00adn\u00e9e longe tou\u00adjours le fos\u00ads\u00e9 de Mor\u00adgen\u00adbrodts\u00adthal jus\u00adqu\u2019au grand barrage.&nbsp;<\/p>\n\n<div class=\"wp-block-buttons is-layout-flex wp-block-buttons-is-layout-flex\">\n<div class=\"wp-block-button\"><a class=\"wp-block-button__link wp-element-button\" href=\"https:\/\/sperberhaier-dammhaus.de\/\" target=\"_blank\" rel=\"noreferrer noopener\">Mai\u00adson sur le barrage<\/a><\/div>\n<\/div>\n\n<p>Le che\u00admin le plus court m\u00e8ne du coin Stie\u00adglitze \u00e0&nbsp;la falaise Ham\u00admer\u00adstein, tr\u00e8s raide et impra\u00adti\u00adcable, en pas\u00adsant par le S\u00f6se\u00adstein, direc\u00adte\u00adment au grand barrage.<\/p>\n\n<p>Ce che\u00admin n\u2019est actuel\u00adle\u00adment pas pra\u00adti\u00adcable (arbres tomb\u00e9s).<\/p>\n","protected":false},"excerpt":{"rendered":"<p>Le \u00ab&nbsp;grand bar\u00adrage&nbsp;\u00bb se trouve entre la falaise de Ham\u00admer\u00adstein au coin de Stie\u00adglitze et le \u00ab&nbsp;Sper\u00adbe\u00adrhaier Damm\u00adhaus&nbsp;\u00bb et est le d\u00e9but du \u00ab&nbsp;Mor\u00adgen\u00adbrodts\u00adtha\u00adler\u00adgra\u00adben&nbsp;\u00bb. Le Mor\u00adgen\u00adbrodts\u00adtha\u00adler\u00adgra\u00adben a&nbsp;une lon\u00adgueur de 4,1&nbsp;km, il est ali\u00admen\u00adt\u00e9 par la Grosse S\u00f6se et le Mor\u00adgen\u00adbrodts\u00adbach et conti\u00adnue \u00e0&nbsp;ache\u00admi\u00adner l\u2019eau vers le Damm\u00adgra\u00adben. La construc\u00adtion du \u00ab&nbsp;bar\u00adrage de Sper\u00adbe\u00adrhaier&nbsp;\u00bb, le&nbsp;grand&nbsp;[\u2026]<\/p>\n","protected":false},"author":11,"featured_media":18556,"parent":17801,"menu_order":10146,"comment_status":"closed","ping_status":"closed","template":"","meta":{"_seopress_robots_primary_cat":"","_seopress_titles_title":"","_seopress_titles_desc":"","_seopress_robots_index":"","wp_typography_post_enhancements_disabled":false,"iawp_total_views":1,"footnotes":""},"hf_cat_page":[120],"class_list":["post-18554","page","type-page","status-publish","has-post-thumbnail"],"blocksy_meta":[],"_links":{"self":[{"href":"https:\/\/www.harzer-wandernadel.de\/fr\/wp-json\/wp\/v2\/pages\/18554","targetHints":{"allow":["GET"]}}],"collection":[{"href":"https:\/\/www.harzer-wandernadel.de\/fr\/wp-json\/wp\/v2\/pages"}],"about":[{"href":"https:\/\/www.harzer-wandernadel.de\/fr\/wp-json\/wp\/v2\/types\/page"}],"author":[{"embeddable":true,"href":"https:\/\/www.harzer-wandernadel.de\/fr\/wp-json\/wp\/v2\/users\/11"}],"replies":[{"embeddable":true,"href":"https:\/\/www.harzer-wandernadel.de\/fr\/wp-json\/wp\/v2\/comments?post=18554"}],"version-history":[{"count":1,"href":"https:\/\/www.harzer-wandernadel.de\/fr\/wp-json\/wp\/v2\/pages\/18554\/revisions"}],"predecessor-version":[{"id":18558,"href":"https:\/\/www.harzer-wandernadel.de\/fr\/wp-json\/wp\/v2\/pages\/18554\/revisions\/18558"}],"up":[{"embeddable":true,"href":"https:\/\/www.harzer-wandernadel.de\/fr\/wp-json\/wp\/v2\/pages\/17801"}],"wp:featuredmedia":[{"embeddable":true,"href":"https:\/\/www.harzer-wandernadel.de\/fr\/wp-json\/wp\/v2\/media\/18556"}],"wp:attachment":[{"href":"https:\/\/www.harzer-wandernadel.de\/fr\/wp-json\/wp\/v2\/media?parent=18554"}],"wp:term":[{"taxonomy":"hf_cat_page","embeddable":true,"href":"https:\/\/www.harzer-wandernadel.de\/fr\/wp-json\/wp\/v2\/hf_cat_page?post=18554"}],"curies":[{"name":"wp","href":"https:\/\/api.w.org\/{rel}","templated":true}]}}