{"id":18546,"date":"2016-02-19T15:12:41","date_gmt":"2016-02-19T14:12:41","guid":{"rendered":"https:\/\/www.harzer-wandernadel.de\/pointage\/carte-generale\/pointage-174-hohnehof\/"},"modified":"2026-01-29T12:50:13","modified_gmt":"2026-01-29T11:50:13","slug":"pointage-174-hohnehof","status":"publish","type":"page","link":"https:\/\/www.harzer-wandernadel.de\/fr\/pointage\/carte-generale\/pointage-174-hohnehof\/","title":{"rendered":"Pointage 174 \/ Hohnehof"},"content":{"rendered":"\n<h2 class=\"wp-block-heading\">Le centre de d\u00e9couverte de la nature \u00ab&nbsp;HohneHof&nbsp;\u00bb se trouve \u00e0&nbsp;environ 1&nbsp;km de la gare de Drei Annen Hohne, au-dessus des grandes prairies foresti\u00e8res \u00e0&nbsp;la lisi\u00e8re du parc national.<\/h2>\n\n<div class=\"wp-block-stackable-image alignwide stk-block-image stk-block stk-89e1006\" data-block-id=\"89e1006\"><style>.stk-89e1006 {margin-top:3% !important;margin-bottom:3% !important;}<\/style><figure><span class=\"stk-img-wrapper stk-image--shape-stretch stk--has-lightbox\"><img decoding=\"async\" width=\"3456\" height=\"2304\" src=\"https:\/\/www.harzer-wandernadel.de\/wp-content\/uploads\/2016\/02\/HWN-Hohnehof-Langlott.jpg\" class=\"attachment-full size-full wp-post-image\" alt=\"Maison en bois avec toit rouge et cour\" srcset=\"https:\/\/www.harzer-wandernadel.de\/wp-content\/uploads\/2016\/02\/HWN-Hohnehof-Langlott.jpg 3456w, https:\/\/www.harzer-wandernadel.de\/wp-content\/uploads\/2016\/02\/HWN-Hohnehof-Langlott-300x200.jpg 300w, https:\/\/www.harzer-wandernadel.de\/wp-content\/uploads\/2016\/02\/HWN-Hohnehof-Langlott-768x512.jpg 768w, https:\/\/www.harzer-wandernadel.de\/wp-content\/uploads\/2016\/02\/HWN-Hohnehof-Langlott-1024x683.jpg 1024w, https:\/\/www.harzer-wandernadel.de\/wp-content\/uploads\/2016\/02\/HWN-Hohnehof-Langlott-250x167.jpg 250w, https:\/\/www.harzer-wandernadel.de\/wp-content\/uploads\/2016\/02\/HWN-Hohnehof-Langlott-624x416.jpg 624w\" sizes=\"(max-width: 3456px) 100vw, 3456px\"><\/span><\/figure><\/div>\n\n<p>D\u00e9j\u00e0 au 17\u00e8me si\u00e8cle, les nom\u00adbreuses clai\u00adri\u00e8res et prai\u00adries fores\u00adti\u00e8res de la r\u00e9gion de Hohne \u00e9taient uti\u00adli\u00ads\u00e9es comme p\u00e2tu\u00adrage. En 1668, le comte Hein\u00adrich Ernst zu Stol\u00adberg fit construire un abri simple pour ses bergers.<\/p>\n\n<p>En sep\u00adtembre 1805, le baron Joseph von Eichen\u00addorff a&nbsp;visi\u00adt\u00e9 lors d\u2019une ran\u00addon\u00adn\u00e9e la \u00ab&nbsp;ferme com\u00adtale stol\u00adber\u00adgienne Meye\u00adrhof&nbsp;\u00bb, qui \u00e9tait consi\u00add\u00e9\u00adr\u00e9e \u00e0&nbsp;l\u2019\u00e9\u00adpoque comme un lieu de repos pour les p\u00e8le\u00adrins du Brocken.<\/p>\n\n<p>Le pre\u00admier ser\u00advice fores\u00adtier a&nbsp;\u00e9t\u00e9 cr\u00e9\u00e9 au milieu du 19\u00e8me si\u00e8cle et est res\u00adt\u00e9 le si\u00e8ge de l\u2019of\u00adfice fores\u00adtier de dis\u00adtrict de Hohne jus\u00adqu\u2019en 2004. Apr\u00e8s le trans\u00adfert au parc natio\u00adnal du Harz, la trans\u00adfor\u00adma\u00adtion en centre de d\u00e9cou\u00adverte de la nature Hoh\u00adne\u00adHof a&nbsp;pu com\u00admen\u00adcer et a&nbsp;\u00e9t\u00e9 offi\u00adciel\u00adle\u00adment ouverte en&nbsp;2011.&nbsp;<\/p>\n\n<p>Le Hoh\u00adne\u00adHof se consi\u00add\u00e8re comme un lien et un m\u00e9dia\u00adteur entre le pay\u00adsage cultu\u00adrel et la nature sau\u00advage. Ici, des ponts sont jet\u00e9s entre des choses oppo\u00ads\u00e9es \u2013 entre les l\u00e9gendes, les mythes, les formes de vie et d\u2019u\u00adti\u00adli\u00adsa\u00adtion his\u00adto\u00adriques d\u2019une part et la dyna\u00admique de la nature, la bio\u00addi\u00adver\u00adsi\u00adt\u00e9 et la nature sau\u00advage d\u2019autre part.&nbsp;<\/p>\n\n<p>Les ran\u00adgers du parc natio\u00adnal informent sur les par\u00adti\u00adcu\u00adla\u00adri\u00adt\u00e9s du parc natio\u00adnal et pro\u00adposent \u00e9ga\u00adle\u00adment des ran\u00addon\u00adn\u00e9es f\u00e9e\u00adriques \u00e0&nbsp;tra\u00advers la \u00ab&nbsp;for\u00eat de mon\u00adtagne l\u00e9gen\u00addaire&nbsp;\u00bb. Le <a href=\"http:\/\/www.nationalpark-harz.de\/de\/natur-erleben\/natur-erlebnispfade\/loewenzahn-entdeckerpfad\/\" target=\"_blank\" rel=\"noopener\">sen\u00adtier de d\u00e9cou\u00adverte des pis\u00adsen\u00adlits<\/a> est par\u00adti\u00adcu\u00adli\u00e8\u00adre\u00adment appr\u00e9\u00adci\u00e9 par les \u00ab&nbsp;plus jeunes&nbsp;\u00bb. <span class=\"Apple-converted-space\"> <\/span>\u00e0&nbsp;proxi\u00admi\u00adt\u00e9 imm\u00e9\u00addiate de Hoh\u00adne\u00adHof. Sur ce sen\u00adtier par\u00adti\u00adci\u00adpa\u00adtif, tu peux explo\u00adrer la nature en huit sta\u00adtions, seul ou accom\u00adpa\u00adgn\u00e9 de nos rangers.&nbsp;<\/p>\n\n<p>Notre caf\u00e9 pour visi\u00adteurs pro\u00adpose une petite s\u00e9lec\u00adtion de plats et de bois\u00adsons et invite \u00e0&nbsp;se d\u00e9tendre et \u00e0&nbsp;se rafra\u00ee\u00adchir dans une atmo\u00adsph\u00e8re agr\u00e9able pen\u00addant que les enfants partent \u00e0&nbsp;l\u2019a\u00adven\u00adture sur le vaste terrain.<\/p>\n\n<div class=\"wp-block-buttons is-layout-flex wp-block-buttons-is-layout-flex\">\n<div class=\"wp-block-button\"><a class=\"wp-block-button__link wp-element-button\" href=\"https:\/\/www.nationalpark-harz.de\/\" target=\"_blank\" rel=\"noreferrer noopener\">Parc natio\u00adnal<\/a><\/div>\n<\/div>\n\n<p>Autour de Hoh\u00adne\u00adHof, de nom\u00adbreuses des\u00adti\u00adna\u00adtions de ran\u00addon\u00adn\u00e9e popu\u00adlaires t\u2019at\u00adtirent. Selon ta condi\u00adtion phy\u00adsique, tu peux choi\u00adsir des cir\u00adcuits plus ou moins impor\u00adtants, par exemple la <a href=\"https:\/\/www.harzer-wandernadel.de\/fr\/pointage\/carte-generale\/poinconnage-15-leistenklippe\/\" data-type=\"page\" data-id=\"523\">Leis\u00adtenk\u00adlippe HWN 15<\/a> ou l\u2019<a href=\"https:\/\/www.harzer-wandernadel.de\/fr\/pointage\/carte-generale\/pointage-27-ottofelsen\/\" data-type=\"page\" data-id=\"591\">Otto\u00adfel\u00adsen HWN 27<\/a>. <\/p>\n\n<p>Depuis le par\u00adking de ran\u00addon\u00adn\u00e9e de Drei Anne Hohne, suis l\u2019al\u00adl\u00e9e de ch\u00e2\u00adtai\u00adgniers de l\u2019autre c\u00f4t\u00e9 de la route jus\u00adqu\u2019\u00e0 HohneHof.<\/p>\n","protected":false},"excerpt":{"rendered":"<p>Le centre de d\u00e9cou\u00adverte de la nature \u00ab&nbsp;Hoh\u00adne\u00adHof&nbsp;\u00bb se trouve \u00e0&nbsp;envi\u00adron 1&nbsp;km de la gare de Drei Annen Hohne, au-des\u00adsus des grandes prai\u00adries fores\u00adti\u00e8res \u00e0&nbsp;la lisi\u00e8re du parc natio\u00adnal. D\u00e9j\u00e0 au 17\u00e8me si\u00e8cle, les nom\u00adbreuses clai\u00adri\u00e8res et prai\u00adries fores\u00adti\u00e8res de la r\u00e9gion de Hohne \u00e9taient uti\u00adli\u00ads\u00e9es comme p\u00e2tu\u00adrage. En 1668, le comte Hein\u00adrich Ernst&nbsp;zu&nbsp;[\u2026]<\/p>\n","protected":false},"author":11,"featured_media":18548,"parent":17801,"menu_order":10174,"comment_status":"closed","ping_status":"closed","template":"","meta":{"_seopress_robots_primary_cat":"","_seopress_titles_title":"","_seopress_titles_desc":"","_seopress_robots_index":"","wp_typography_post_enhancements_disabled":false,"iawp_total_views":0,"footnotes":""},"hf_cat_page":[120],"class_list":["post-18546","page","type-page","status-publish","has-post-thumbnail"],"blocksy_meta":[],"_links":{"self":[{"href":"https:\/\/www.harzer-wandernadel.de\/fr\/wp-json\/wp\/v2\/pages\/18546","targetHints":{"allow":["GET"]}}],"collection":[{"href":"https:\/\/www.harzer-wandernadel.de\/fr\/wp-json\/wp\/v2\/pages"}],"about":[{"href":"https:\/\/www.harzer-wandernadel.de\/fr\/wp-json\/wp\/v2\/types\/page"}],"author":[{"embeddable":true,"href":"https:\/\/www.harzer-wandernadel.de\/fr\/wp-json\/wp\/v2\/users\/11"}],"replies":[{"embeddable":true,"href":"https:\/\/www.harzer-wandernadel.de\/fr\/wp-json\/wp\/v2\/comments?post=18546"}],"version-history":[{"count":1,"href":"https:\/\/www.harzer-wandernadel.de\/fr\/wp-json\/wp\/v2\/pages\/18546\/revisions"}],"predecessor-version":[{"id":18549,"href":"https:\/\/www.harzer-wandernadel.de\/fr\/wp-json\/wp\/v2\/pages\/18546\/revisions\/18549"}],"up":[{"embeddable":true,"href":"https:\/\/www.harzer-wandernadel.de\/fr\/wp-json\/wp\/v2\/pages\/17801"}],"wp:featuredmedia":[{"embeddable":true,"href":"https:\/\/www.harzer-wandernadel.de\/fr\/wp-json\/wp\/v2\/media\/18548"}],"wp:attachment":[{"href":"https:\/\/www.harzer-wandernadel.de\/fr\/wp-json\/wp\/v2\/media?parent=18546"}],"wp:term":[{"taxonomy":"hf_cat_page","embeddable":true,"href":"https:\/\/www.harzer-wandernadel.de\/fr\/wp-json\/wp\/v2\/hf_cat_page?post=18546"}],"curies":[{"name":"wp","href":"https:\/\/api.w.org\/{rel}","templated":true}]}}