{"id":18538,"date":"2016-02-19T15:16:22","date_gmt":"2016-02-19T14:16:22","guid":{"rendered":"https:\/\/www.harzer-wandernadel.de\/pointage\/carte-generale\/pointage-175-mine-de-demonstration-glasebach\/"},"modified":"2026-01-29T12:50:13","modified_gmt":"2026-01-29T11:50:13","slug":"pointage-175-mine-de-demonstration-glasebach","status":"publish","type":"page","link":"https:\/\/www.harzer-wandernadel.de\/fr\/pointage\/carte-generale\/pointage-175-mine-de-demonstration-glasebach\/","title":{"rendered":"Pointage 175 \/ Mine de d\u00e9monstration Glasebach"},"content":{"rendered":"\n<h2 class=\"wp-block-heading\">La mine se trouve \u00e0&nbsp;environ 800 m\u00e8tres de Strasberg, dans la vall\u00e9e du Glasebach.<\/h2>\n\n<div class=\"wp-block-stackable-image alignwide stk-block-image stk-block stk-89e1006\" data-block-id=\"89e1006\"><style>.stk-89e1006 {margin-top:3% !important;margin-bottom:3% !important;}<\/style><figure><span class=\"stk-img-wrapper stk-image--shape-stretch stk--has-lightbox\"><img decoding=\"async\" width=\"707\" height=\"426\" src=\"https:\/\/www.harzer-wandernadel.de\/wp-content\/uploads\/2016\/02\/HWN-Glasebach-W\u00f6hlbier.jpg\" class=\"attachment-full size-full wp-post-image\" alt=\"Cabane en for\u00eat avec panneau d'information et portail en pierre dans la verdure\" srcset=\"https:\/\/www.harzer-wandernadel.de\/wp-content\/uploads\/2016\/02\/HWN-Glasebach-W\u00f6hlbier.jpg 707w, https:\/\/www.harzer-wandernadel.de\/wp-content\/uploads\/2016\/02\/HWN-Glasebach-W\u00f6hlbier-300x181.jpg 300w, https:\/\/www.harzer-wandernadel.de\/wp-content\/uploads\/2016\/02\/HWN-Glasebach-W\u00f6hlbier-250x151.jpg 250w, https:\/\/www.harzer-wandernadel.de\/wp-content\/uploads\/2016\/02\/HWN-Glasebach-W\u00f6hlbier-624x376.jpg 624w\" sizes=\"(max-width: 707px) 100vw, 707px\"><\/span><\/figure><\/div>\n\n<p>Le mus\u00e9e de la mine de Stras\u00adbourg com\u00adprend deux zones divi\u00ads\u00e9es et \u00e9che\u00adlon\u00adn\u00e9es dans le temps. Une ins\u00adtal\u00adla\u00adtion en sur\u00adface qui repr\u00e9\u00adsente l\u2019ex\u00adploi\u00adta\u00adtion mini\u00e8re moderne de l\u2019a\u00adpr\u00e8s-guerre jus\u00adqu\u2019en 1992.<br>D\u2019autre part, la mine sou\u00adter\u00adraine de Gla\u00adse\u00adbach qui illustre l\u2019ex\u00adploi\u00adta\u00adtion mini\u00e8re his\u00adto\u00adrique du 18\u00e8me si\u00e8cle.&nbsp;<\/p>\n\n<p>Le puits Gla\u00adse\u00adbach a&nbsp;\u00e9t\u00e9 construit sur la veine de Stras\u00adberg \u2013 Neu\u00addorf. Elle com\u00admence \u00e0&nbsp;envi\u00adron 3,5&nbsp;km \u00e0&nbsp;l\u2019ouest de Stras\u00adbourg et s\u2019\u00e9\u00adtend sur une dis\u00adtance de 15&nbsp;km jus\u00adqu\u2019\u00e0 K\u00f6ni\u00adge\u00adrode. L\u2019in\u00adcli\u00adnai\u00adson moyenne vers le nord est de 45 \u00e0&nbsp;60 degr\u00e9s. La min\u00e9\u00adra\u00adli\u00adsa\u00adtion prin\u00adci\u00adpale est com\u00adpo\u00ads\u00e9e de fluo\u00adrite \u2013 quartz \u2013 calcite.&nbsp;<\/p>\n\n<p>Le par\u00adcours des visi\u00adteurs com\u00admence dans la salle des roues en sur\u00adface avec la roue arti\u00adfi\u00adcielle recons\u00adtruite (dia\u00adm\u00e8tre 9,5 m\u00e8tres), 21 m\u00e8tres en des\u00adsous du che\u00adva\u00adle\u00adment d\u2019ex\u00adtrac\u00adtion et se pour\u00adsuit sur le plan\u00adcher de la gale\u00adrie. Le pre\u00admier et le deuxi\u00e8me niveau sont acces\u00adsibles via une construc\u00adtion d\u2019es\u00adca\u00adlier ins\u00adtal\u00adl\u00e9e dans le puits prin\u00adci\u00adpal. Les pi\u00e8ces d\u2019o\u00adri\u00adgine de l\u201d&nbsp;&nbsp;\u00bbart de l\u2019os\u00adcil\u00adla\u00adtion de Stras\u00adbourg&nbsp;\u00bb (tech\u00adnique de levage de l\u2019eau), le rev\u00ea\u00adte\u00adment en bois de ch\u00eane des gale\u00adries, la preuve de l\u2019an\u00adcienne tech\u00adnique d\u2019ex\u00adtrac\u00adtion, les murs de pierres s\u00e8ches artis\u00adtiques ain\u00adsi que la min\u00e9\u00adra\u00adli\u00adsa\u00adtion riche et colo\u00adr\u00e9e de la mine sont d\u2019une impor\u00adtance par\u00adti\u00adcu\u00adli\u00e8re. La visite dure envi\u00adron 80&nbsp;minutes et s\u2019\u00e9\u00adtend \u00e0&nbsp;une pro\u00adfon\u00addeur de 40 m\u00e8tres.&nbsp;<\/p>\n\n<p>Le point de poin\u00adtage se trouve \u00e0&nbsp;l\u2019an\u00adcienne gale\u00adrie de Gla\u00adse\u00adbach, non loin du four \u00e0&nbsp;chaux his\u00adto\u00adrique. Ce four \u00e9tait construit juste \u00e0&nbsp;c\u00f4t\u00e9 d\u2019une car\u00adri\u00e8re de cal\u00adcaire. Les pierres cal\u00adcaires \u00e9taient pla\u00adc\u00e9es dans le four sous la forme d\u2019une vo\u00fbte qui rem\u00adplis\u00adsait enti\u00e8\u00adre\u00adment le four. Sou\u00advent, le four \u00e9tait recou\u00advert d\u2019ar\u00adgile \u00e0&nbsp;la fin. Un feu de bois \u00e9tait pla\u00adc\u00e9 par le bas et main\u00adte\u00adnu jus\u00adqu\u2019\u00e0 ce que toutes les pierres cal\u00adcaires soient cuites \u00e0&nbsp;c\u0153ur. La chaux cuite ici \u00e9tait uti\u00adli\u00ads\u00e9e pour la fonte du mine\u00adrai de fer extrait des mines, pour l\u2019u\u00adsage per\u00adson\u00adnel des pay\u00adsans ain\u00adsi que pour l\u2019u\u00adsage domes\u00adtique. Lors des tra\u00advaux de res\u00adtau\u00adra\u00adtion, on a&nbsp;\u00e9ga\u00adle\u00adment trou\u00adv\u00e9 un bri\u00adque\u00adtage \u00e0&nbsp;l\u2019embouchure d\u2019une gale\u00adrie de dis\u00adso\u00adlu\u00adtion d\u2019eau dans la r\u00e9gion. La p\u00e9riode d\u2019ex\u00adploi\u00adta\u00adtion du four \u00e0&nbsp;chaux s\u2019est ter\u00admi\u00adn\u00e9e il y&nbsp;a envi\u00adron 100&nbsp;ans.&nbsp;<\/p>\n\n<div class=\"wp-block-buttons is-layout-flex wp-block-buttons-is-layout-flex\">\n<div class=\"wp-block-button\"><a class=\"wp-block-button__link wp-element-button\" href=\"https:\/\/grubeglasebach.afgharz.eu\/\" target=\"_blank\" rel=\"noreferrer noopener\">Mine de d\u00e9mons\u00adtra\u00adtion Glasebach<\/a><\/div>\n<\/div>\n\n<p>La mine de d\u00e9mons\u00adtra\u00adtion est tr\u00e8s bien indi\u00adqu\u00e9e \u00e0&nbsp;Stras\u00adberg. Depuis le par\u00adking, tu passes devant le Rad\u00adstube et tu arrives au point de poin\u00adtage de l\u201d&nbsp;&nbsp;\u00bbAlte Gla\u00adse\u00adba\u00adcher Stollen&nbsp;\u00bb.&nbsp;<\/p>\n\n<div class=\"wp-block-buttons is-layout-flex wp-block-buttons-is-layout-flex\">\n<div class=\"wp-block-button\"><a class=\"wp-block-button__link wp-element-button\" href=\"http:\/\/harzer-bergwald.de\/index.php\/wandertouren\/abenteuertouren\/18-grube-glasebach-bergbauzpfad-und-uhlenkoepfe\">Sug\u00adges\u00adtion de cir\u00adcuit For\u00eat de mon\u00adtagne du&nbsp;Harz<\/a><\/div>\n<\/div>\n","protected":false},"excerpt":{"rendered":"<p>La mine se trouve \u00e0&nbsp;envi\u00adron 800 m\u00e8tres de Stras\u00adberg, dans la val\u00adl\u00e9e du Gla\u00adse\u00adbach. Le mus\u00e9e de la mine de Stras\u00adbourg com\u00adprend deux zones divi\u00ads\u00e9es et \u00e9che\u00adlon\u00adn\u00e9es dans le temps. Une ins\u00adtal\u00adla\u00adtion en sur\u00adface qui repr\u00e9\u00adsente l\u2019ex\u00adploi\u00adta\u00adtion mini\u00e8re moderne de l\u2019a\u00adpr\u00e8s-guerre jus\u00adqu\u2019en 1992.D\u2019autre part, la mine sou\u00adter\u00adraine de Gla\u00adse\u00adbach qui illustre l\u2019ex\u00adploi\u00adta\u00adtion mini\u00e8re his\u00adto\u00adrique&nbsp;du&nbsp;[\u2026]<\/p>\n","protected":false},"author":11,"featured_media":18539,"parent":17801,"menu_order":10175,"comment_status":"closed","ping_status":"closed","template":"","meta":{"_seopress_robots_primary_cat":"","_seopress_titles_title":"","_seopress_titles_desc":"","_seopress_robots_index":"","wp_typography_post_enhancements_disabled":false,"iawp_total_views":0,"footnotes":""},"hf_cat_page":[120],"class_list":["post-18538","page","type-page","status-publish","has-post-thumbnail"],"blocksy_meta":[],"_links":{"self":[{"href":"https:\/\/www.harzer-wandernadel.de\/fr\/wp-json\/wp\/v2\/pages\/18538","targetHints":{"allow":["GET"]}}],"collection":[{"href":"https:\/\/www.harzer-wandernadel.de\/fr\/wp-json\/wp\/v2\/pages"}],"about":[{"href":"https:\/\/www.harzer-wandernadel.de\/fr\/wp-json\/wp\/v2\/types\/page"}],"author":[{"embeddable":true,"href":"https:\/\/www.harzer-wandernadel.de\/fr\/wp-json\/wp\/v2\/users\/11"}],"replies":[{"embeddable":true,"href":"https:\/\/www.harzer-wandernadel.de\/fr\/wp-json\/wp\/v2\/comments?post=18538"}],"version-history":[{"count":1,"href":"https:\/\/www.harzer-wandernadel.de\/fr\/wp-json\/wp\/v2\/pages\/18538\/revisions"}],"predecessor-version":[{"id":18541,"href":"https:\/\/www.harzer-wandernadel.de\/fr\/wp-json\/wp\/v2\/pages\/18538\/revisions\/18541"}],"up":[{"embeddable":true,"href":"https:\/\/www.harzer-wandernadel.de\/fr\/wp-json\/wp\/v2\/pages\/17801"}],"wp:featuredmedia":[{"embeddable":true,"href":"https:\/\/www.harzer-wandernadel.de\/fr\/wp-json\/wp\/v2\/media\/18539"}],"wp:attachment":[{"href":"https:\/\/www.harzer-wandernadel.de\/fr\/wp-json\/wp\/v2\/media?parent=18538"}],"wp:term":[{"taxonomy":"hf_cat_page","embeddable":true,"href":"https:\/\/www.harzer-wandernadel.de\/fr\/wp-json\/wp\/v2\/hf_cat_page?post=18538"}],"curies":[{"name":"wp","href":"https:\/\/api.w.org\/{rel}","templated":true}]}}