{"id":18533,"date":"2016-02-19T15:23:11","date_gmt":"2016-02-19T14:23:11","guid":{"rendered":"https:\/\/www.harzer-wandernadel.de\/pointage\/carte-generale\/cachet-177-urne-de-fiancailles-alexisbad\/"},"modified":"2026-01-29T12:50:13","modified_gmt":"2026-01-29T11:50:13","slug":"cachet-177-urne-de-fiancailles-alexisbad","status":"publish","type":"page","link":"https:\/\/www.harzer-wandernadel.de\/fr\/pointage\/carte-generale\/cachet-177-urne-de-fiancailles-alexisbad\/","title":{"rendered":"Cachet 177 \/ urne de fian\u00e7ailles Alexisbad"},"content":{"rendered":"\n<h2 class=\"wp-block-heading\">L\u2019urne de fian\u00e7ailles a&nbsp;\u00e9t\u00e9 construite en 1845\/1846 sur le Habichtstein, au-dessus d\u2019Alexisbad, par un groupe de nobles wurtembergeois.<\/h2>\n\n<div class=\"wp-block-stackable-image alignwide stk-block-image stk-block stk-89e1006\" data-block-id=\"89e1006\"><style>.stk-89e1006 {margin-top:3% !important;margin-bottom:3% !important;}<\/style><figure><span class=\"stk-img-wrapper stk-image--shape-stretch stk--has-lightbox\"><img decoding=\"async\" width=\"2048\" height=\"1536\" src=\"https:\/\/www.harzer-wandernadel.de\/wp-content\/uploads\/2016\/02\/HWN-Verlobungsurne.jpg\" class=\"attachment-full size-full wp-post-image\" alt=\"Lieu de rencontre avec vue sur le paysage verdoyant du Waldgebiet\" srcset=\"https:\/\/www.harzer-wandernadel.de\/wp-content\/uploads\/2016\/02\/HWN-Verlobungsurne.jpg 2048w, https:\/\/www.harzer-wandernadel.de\/wp-content\/uploads\/2016\/02\/HWN-Verlobungsurne-300x225.jpg 300w, https:\/\/www.harzer-wandernadel.de\/wp-content\/uploads\/2016\/02\/HWN-Verlobungsurne-768x576.jpg 768w, https:\/\/www.harzer-wandernadel.de\/wp-content\/uploads\/2016\/02\/HWN-Verlobungsurne-1024x768.jpg 1024w, https:\/\/www.harzer-wandernadel.de\/wp-content\/uploads\/2016\/02\/HWN-Verlobungsurne-250x188.jpg 250w, https:\/\/www.harzer-wandernadel.de\/wp-content\/uploads\/2016\/02\/HWN-Verlobungsurne-624x468.jpg 624w\" sizes=\"(max-width: 2048px) 100vw, 2048px\"><\/span><\/figure><\/div>\n\n<p>Elle devait rap\u00adpe\u00adler un s\u00e9jour insou\u00adciant de jeunes nobles en sep\u00adtembre 1845. Par\u00admi eux se trou\u00advait un prince de Hohen\u00adlohe-Oerin\u00adgen, dans la fon\u00adde\u00adrie duquel l\u2019ob\u00adjet expo\u00ads\u00e9 a&nbsp;\u00e9t\u00e9 cou\u00adl\u00e9. Dans le lan\u00adgage popu\u00adlaire, le monu\u00adment est appe\u00adl\u00e9 urne de fian\u00ad\u00e7ailles, car on sp\u00e9\u00adcu\u00adlait sur l\u2019oc\u00adca\u00adsion de son installation.&nbsp;<\/p>\n\n<p>Depuis Alexis\u00adbad, tu peux atteindre l\u2019urne de fian\u00ad\u00e7ailles depuis le centre du vil\u00adlage en emprun\u00adtant le sen\u00adtier de ran\u00addon\u00adn\u00e9e bali\u00ads\u00e9 et tu peux conti\u00adnuer la ran\u00addon\u00adn\u00e9e en emprun\u00adtant le sen\u00adtier des falaises jus\u00adqu\u2019au refuge de K\u00f6then HWN&nbsp;195.<\/p>\n","protected":false},"excerpt":{"rendered":"<p>L\u2019urne de fian\u00ad\u00e7ailles a&nbsp;\u00e9t\u00e9 construite en 1845\/1846 sur le Habicht\u00adstein, au-des\u00adsus d\u2019Alexisbad, par un groupe de nobles wur\u00adtem\u00adber\u00adgeois. Elle devait rap\u00adpe\u00adler un s\u00e9jour insou\u00adciant de jeunes nobles en sep\u00adtembre 1845. Par\u00admi eux se trou\u00advait un prince de Hohen\u00ad\u00adlohe-Oerin\u00ad\u00adgen, dans la fon\u00adde\u00adrie duquel l\u2019ob\u00adjet expo\u00ads\u00e9 a&nbsp;\u00e9t\u00e9 cou\u00adl\u00e9. Dans le lan\u00adgage popu\u00adlaire, le monu\u00adment est appe\u00adl\u00e9&nbsp;urne&nbsp;[\u2026]<\/p>\n","protected":false},"author":11,"featured_media":18535,"parent":17801,"menu_order":10177,"comment_status":"closed","ping_status":"closed","template":"","meta":{"_seopress_robots_primary_cat":"","_seopress_titles_title":"","_seopress_titles_desc":"","_seopress_robots_index":"","wp_typography_post_enhancements_disabled":false,"iawp_total_views":3,"footnotes":""},"hf_cat_page":[120],"class_list":["post-18533","page","type-page","status-publish","has-post-thumbnail"],"blocksy_meta":[],"_links":{"self":[{"href":"https:\/\/www.harzer-wandernadel.de\/fr\/wp-json\/wp\/v2\/pages\/18533","targetHints":{"allow":["GET"]}}],"collection":[{"href":"https:\/\/www.harzer-wandernadel.de\/fr\/wp-json\/wp\/v2\/pages"}],"about":[{"href":"https:\/\/www.harzer-wandernadel.de\/fr\/wp-json\/wp\/v2\/types\/page"}],"author":[{"embeddable":true,"href":"https:\/\/www.harzer-wandernadel.de\/fr\/wp-json\/wp\/v2\/users\/11"}],"replies":[{"embeddable":true,"href":"https:\/\/www.harzer-wandernadel.de\/fr\/wp-json\/wp\/v2\/comments?post=18533"}],"version-history":[{"count":1,"href":"https:\/\/www.harzer-wandernadel.de\/fr\/wp-json\/wp\/v2\/pages\/18533\/revisions"}],"predecessor-version":[{"id":18536,"href":"https:\/\/www.harzer-wandernadel.de\/fr\/wp-json\/wp\/v2\/pages\/18533\/revisions\/18536"}],"up":[{"embeddable":true,"href":"https:\/\/www.harzer-wandernadel.de\/fr\/wp-json\/wp\/v2\/pages\/17801"}],"wp:featuredmedia":[{"embeddable":true,"href":"https:\/\/www.harzer-wandernadel.de\/fr\/wp-json\/wp\/v2\/media\/18535"}],"wp:attachment":[{"href":"https:\/\/www.harzer-wandernadel.de\/fr\/wp-json\/wp\/v2\/media?parent=18533"}],"wp:term":[{"taxonomy":"hf_cat_page","embeddable":true,"href":"https:\/\/www.harzer-wandernadel.de\/fr\/wp-json\/wp\/v2\/hf_cat_page?post=18533"}],"curies":[{"name":"wp","href":"https:\/\/api.w.org\/{rel}","templated":true}]}}