{"id":18527,"date":"2016-02-19T15:24:59","date_gmt":"2016-02-19T14:24:59","guid":{"rendered":"https:\/\/www.harzer-wandernadel.de\/pointage\/carte-generale\/pointage-178-hirschgrund-a-lauberge-koenigsruhe\/"},"modified":"2026-01-29T12:50:13","modified_gmt":"2026-01-29T11:50:13","slug":"pointage-178-hirschgrund-a-lauberge-koenigsruhe","status":"publish","type":"page","link":"https:\/\/www.harzer-wandernadel.de\/fr\/pointage\/carte-generale\/pointage-178-hirschgrund-a-lauberge-koenigsruhe\/","title":{"rendered":"Pointage 178 \/ Hirschgrund (\u00e0 l\u2019auberge K\u00f6nigsruhe)"},"content":{"rendered":"\n<h2 class=\"wp-block-heading\">Le point de pointage Hirschgrund se trouve \u00e0&nbsp;l\u2019auberge K\u00f6nigsruhe dans la romantique vall\u00e9e de la Bode, entre Thale et Treseburg.<\/h2>\n\n<div class=\"wp-block-stackable-image alignwide stk-block-image stk-block stk-89e1006\" data-block-id=\"89e1006\"><style>.stk-89e1006 {margin-top:3% !important;margin-bottom:3% !important;}<\/style><figure><span class=\"stk-img-wrapper stk-image--shape-stretch stk--has-lightbox\"><img decoding=\"async\" width=\"960\" height=\"640\" src=\"https:\/\/www.harzer-wandernadel.de\/wp-content\/uploads\/2016\/02\/Bodetal.jpg\" class=\"attachment-full size-full wp-post-image\" alt srcset=\"https:\/\/www.harzer-wandernadel.de\/wp-content\/uploads\/2016\/02\/Bodetal.jpg 960w, https:\/\/www.harzer-wandernadel.de\/wp-content\/uploads\/2016\/02\/Bodetal-300x200.jpg 300w, https:\/\/www.harzer-wandernadel.de\/wp-content\/uploads\/2016\/02\/Bodetal-768x512.jpg 768w, https:\/\/www.harzer-wandernadel.de\/wp-content\/uploads\/2016\/02\/Bodetal-250x167.jpg 250w, https:\/\/www.harzer-wandernadel.de\/wp-content\/uploads\/2016\/02\/Bodetal-624x416.jpg 624w\" sizes=\"(max-width: 960px) 100vw, 960px\"><\/span><\/figure><\/div>\n\n<p>La val\u00adl\u00e9e de la Bode est la plus impor\u00adtante val\u00adl\u00e9e rocheuse au nord des Alpes et a&nbsp;d\u00e9j\u00e0 atti\u00adr\u00e9 des po\u00e8tes de renom comme Goethe, Klopp\u00adstock, Heine, Eichen\u00addorff et Fontane.<\/p>\n\n<p>En 1834, un p\u00e2tis\u00adsier de Tha\u00adlens a&nbsp;construit une cabane en bois avec un foyer \u00e0&nbsp;l\u2019en\u00addroit situ\u00e9 au bord de la Bode, que l\u2019on appe\u00adlait d\u00e9j\u00e0 \u00e0&nbsp;l\u2019\u00e9\u00adpoque Hir\u00adsch\u00adgrund. En 1856, il a&nbsp;construit un b\u00e2ti\u00adment plus grand juste \u00e0&nbsp;c\u00f4t\u00e9 du pont de la Bode et l\u2019a appe\u00adl\u00e9 \u00ab&nbsp;Hirschgrund&nbsp;\u00bb.&nbsp;<\/p>\n\n<p>Comme le roi de Prusse Fr\u00e9\u00add\u00e9\u00adric Guillaume IV s\u2019y est arr\u00ea\u00adt\u00e9 le 5&nbsp;mai 1834, l\u2019au\u00adberge agran\u00addie a&nbsp;\u00e9t\u00e9 appe\u00adl\u00e9e \u00ab&nbsp;H\u00f4tel K\u00f6nig\u00adsruhe&nbsp;\u00bb en son hon\u00adneur en 1875. Aujourd\u2019\u00adhui, l\u2019au\u00adberge est une pro\u00adpri\u00e9\u00adt\u00e9 pri\u00adv\u00e9e et offre, en plus de la nour\u00adri\u00adture et des bois\u00adsons, la pos\u00adsi\u00adbi\u00adli\u00adt\u00e9 de pas\u00adser la nuit dans des chambres de pen\u00adsion ou dans un appar\u00adte\u00adment de vacances.&nbsp;<\/p>\n\n<div class=\"wp-block-buttons is-layout-flex wp-block-buttons-is-layout-flex\">\n<div class=\"wp-block-button\"><a class=\"wp-block-button__link wp-element-button\" href=\"http:\/\/www.koenigsruhe.de\/\">Tran\u00adquilli\u00adt\u00e9 royale<\/a><\/div>\n<\/div>\n\n<p>Depuis le par\u00adking de la val\u00adl\u00e9e de la Bode \u00e0&nbsp;Thale, suis les pan\u00adneaux Har\u00adzer-Hexen-Stieg et marche le long de la Bode jus\u00adqu\u2019\u00e0 l\u2019au\u00adberge K\u00f6nig\u00adsruhe. Il faut conti\u00adnuer la ran\u00addon\u00adn\u00e9e dans la val\u00adl\u00e9e de la Bode en pas\u00adsant par la <a href=\"https:\/\/www.harzer-wandernadel.de\/stempelstellen\/uebersichtskarte\/stempelstelle-69-sonnenklippe-bodetal\/\" data-type=\"page\" data-id=\"893\">falaise du soleil HWN 69<\/a> jus\u00adqu\u2019\u00e0 Treseburg.&nbsp;<\/p>\n","protected":false},"excerpt":{"rendered":"<p>Le point de poin\u00adtage Hir\u00adsch\u00adgrund se trouve \u00e0&nbsp;l\u2019auberge K\u00f6nig\u00adsruhe dans la roman\u00adtique val\u00adl\u00e9e de la Bode, entre Thale et Tre\u00adse\u00adburg. La val\u00adl\u00e9e de la Bode est la plus impor\u00adtante val\u00adl\u00e9e rocheuse au nord des Alpes et a&nbsp;d\u00e9j\u00e0 atti\u00adr\u00e9 des po\u00e8tes de renom comme Goethe, Klopp\u00adstock, Heine, Eichen\u00addorff et Fon\u00adtane. En 1834, un p\u00e2tis\u00adsier de Thalens&nbsp;[\u2026]<\/p>\n","protected":false},"author":11,"featured_media":18528,"parent":17801,"menu_order":10178,"comment_status":"closed","ping_status":"closed","template":"","meta":{"_seopress_robots_primary_cat":"","_seopress_titles_title":"","_seopress_titles_desc":"","_seopress_robots_index":"","wp_typography_post_enhancements_disabled":false,"iawp_total_views":0,"footnotes":""},"hf_cat_page":[120],"class_list":["post-18527","page","type-page","status-publish","has-post-thumbnail"],"blocksy_meta":[],"_links":{"self":[{"href":"https:\/\/www.harzer-wandernadel.de\/fr\/wp-json\/wp\/v2\/pages\/18527","targetHints":{"allow":["GET"]}}],"collection":[{"href":"https:\/\/www.harzer-wandernadel.de\/fr\/wp-json\/wp\/v2\/pages"}],"about":[{"href":"https:\/\/www.harzer-wandernadel.de\/fr\/wp-json\/wp\/v2\/types\/page"}],"author":[{"embeddable":true,"href":"https:\/\/www.harzer-wandernadel.de\/fr\/wp-json\/wp\/v2\/users\/11"}],"replies":[{"embeddable":true,"href":"https:\/\/www.harzer-wandernadel.de\/fr\/wp-json\/wp\/v2\/comments?post=18527"}],"version-history":[{"count":1,"href":"https:\/\/www.harzer-wandernadel.de\/fr\/wp-json\/wp\/v2\/pages\/18527\/revisions"}],"predecessor-version":[{"id":18530,"href":"https:\/\/www.harzer-wandernadel.de\/fr\/wp-json\/wp\/v2\/pages\/18527\/revisions\/18530"}],"up":[{"embeddable":true,"href":"https:\/\/www.harzer-wandernadel.de\/fr\/wp-json\/wp\/v2\/pages\/17801"}],"wp:featuredmedia":[{"embeddable":true,"href":"https:\/\/www.harzer-wandernadel.de\/fr\/wp-json\/wp\/v2\/media\/18528"}],"wp:attachment":[{"href":"https:\/\/www.harzer-wandernadel.de\/fr\/wp-json\/wp\/v2\/media?parent=18527"}],"wp:term":[{"taxonomy":"hf_cat_page","embeddable":true,"href":"https:\/\/www.harzer-wandernadel.de\/fr\/wp-json\/wp\/v2\/hf_cat_page?post=18527"}],"curies":[{"name":"wp","href":"https:\/\/api.w.org\/{rel}","templated":true}]}}