{"id":18520,"date":"2016-02-16T14:16:05","date_gmt":"2016-02-16T13:16:05","guid":{"rendered":"https:\/\/www.harzer-wandernadel.de\/pointage\/carte-generale\/pointage-31-agnesberg\/"},"modified":"2026-02-28T14:42:16","modified_gmt":"2026-02-28T13:42:16","slug":"pointage-31-agnesberg","status":"publish","type":"page","link":"https:\/\/www.harzer-wandernadel.de\/fr\/pointage\/carte-generale\/pointage-31-agnesberg\/","title":{"rendered":"Pointage 31 \/ Agnesberg"},"content":{"rendered":"\n<h2 class=\"wp-block-heading\">La montagne Agnesberg (395 m\u00e8tres au-dessus du niveau de la mer) se trouve au-dessus du ch\u00e2teau de Wernigerode. De l\u00e0-haut, tu as une vue magnifique sur le ch\u00e2teau de Wernigerode mais aussi sur le Brocken.&nbsp;<\/h2>\n\n<div class=\"wp-block-stackable-image alignwide stk-block-image stk-block stk-89e1006\" data-block-id=\"89e1006\"><style>.stk-89e1006 {margin-top:3% !important;margin-bottom:3% !important;}<\/style><figure><span class=\"stk-img-wrapper stk-image--shape-stretch stk--has-lightbox\"><img decoding=\"async\" width=\"1067\" height=\"600\" src=\"https:\/\/www.harzer-wandernadel.de\/wp-content\/uploads\/2016\/02\/Agnesberg.jpg\" class=\"attachment-full size-full wp-post-image\" alt srcset=\"https:\/\/www.harzer-wandernadel.de\/wp-content\/uploads\/2016\/02\/Agnesberg.jpg 1067w, https:\/\/www.harzer-wandernadel.de\/wp-content\/uploads\/2016\/02\/Agnesberg-300x169.jpg 300w, https:\/\/www.harzer-wandernadel.de\/wp-content\/uploads\/2016\/02\/Agnesberg-768x432.jpg 768w, https:\/\/www.harzer-wandernadel.de\/wp-content\/uploads\/2016\/02\/Agnesberg-1024x576.jpg 1024w, https:\/\/www.harzer-wandernadel.de\/wp-content\/uploads\/2016\/02\/Agnesberg-624x351.jpg 624w\" sizes=\"(max-width: 1067px) 100vw, 1067px\"><\/span><\/figure><\/div>\n\n<p>Au 10\u00e8me si\u00e8cle envi\u00adron, une colo\u00adnie s\u2019est d\u00e9ve\u00adlop\u00adp\u00e9e sur l\u2019ac\u00adtuel Klint autour d\u2019un ch\u00e2\u00adteau de plaine. La petite colo\u00adnie de d\u00e9fri\u00adche\u00adment s\u2019est rapi\u00adde\u00adment d\u00e9ve\u00adlop\u00adp\u00e9e en un bourg d\u2019im\u00adpor\u00adtance r\u00e9gio\u00adnale. En 1229, les comtes de Wer\u00adni\u00adge\u00adrode accordent \u00e0&nbsp;la ville le droit de cit\u00e9 sur le mod\u00e8le de Gos\u00adlar. De 1110 \u00e0&nbsp;1120, un comte qui s\u2019ap\u00adpe\u00adlait \u00ab&nbsp;Comte des Wer\u00adni\u00adge\u00adrothe&nbsp;\u00bb fit construire son ch\u00e2\u00adteau sur le mont Agnesberg.&nbsp;<\/p>\n\n<p>Depuis le ch\u00e2\u00adteau de Wer\u00adni\u00adge\u00adrode, tu peux mon\u00adter sur le mont Agnes\u00adberg en emprun\u00adtant le sen\u00adtier Ama\u00adlien\u00adweg et conti\u00adnuer la ran\u00addon\u00adn\u00e9e jus\u00adqu\u2019\u00e0 l <a href=\"https:\/\/www.harzer-wandernadel.de\/fr\/pointage\/carte-generale\/pointage-32-auberge-christianental\/\" data-type=\"page\" data-id=\"602\">\u201cauberge Chris\u00adtia\u00adnen\u00adtal HWN 32<\/a>.<\/p>\n","protected":false},"excerpt":{"rendered":"<p>La mon\u00adtagne Agnes\u00adberg (395 m\u00e8tres au-des\u00adsus du niveau de la mer) se trouve au-des\u00adsus du ch\u00e2\u00adteau de Wer\u00adni\u00adge\u00adrode. De l\u00e0-haut, tu as une vue magni\u00adfique sur le ch\u00e2\u00adteau de Wer\u00adni\u00adge\u00adrode mais aus\u00adsi sur le Bro\u00adcken.&nbsp; Au 10\u00e8me si\u00e8cle envi\u00adron, une colo\u00adnie s\u2019est d\u00e9ve\u00adlop\u00adp\u00e9e sur l\u2019ac\u00adtuel Klint autour d\u2019un ch\u00e2\u00adteau de plaine. La petite colo\u00adnie&nbsp;de&nbsp;[\u2026]<\/p>\n","protected":false},"author":11,"featured_media":18521,"parent":17801,"menu_order":10031,"comment_status":"closed","ping_status":"closed","template":"","meta":{"_seopress_robots_primary_cat":"","_seopress_titles_title":"","_seopress_titles_desc":"","_seopress_robots_index":"","wp_typography_post_enhancements_disabled":false,"iawp_total_views":0,"footnotes":""},"hf_cat_page":[120],"class_list":["post-18520","page","type-page","status-publish","has-post-thumbnail"],"blocksy_meta":[],"_links":{"self":[{"href":"https:\/\/www.harzer-wandernadel.de\/fr\/wp-json\/wp\/v2\/pages\/18520","targetHints":{"allow":["GET"]}}],"collection":[{"href":"https:\/\/www.harzer-wandernadel.de\/fr\/wp-json\/wp\/v2\/pages"}],"about":[{"href":"https:\/\/www.harzer-wandernadel.de\/fr\/wp-json\/wp\/v2\/types\/page"}],"author":[{"embeddable":true,"href":"https:\/\/www.harzer-wandernadel.de\/fr\/wp-json\/wp\/v2\/users\/11"}],"replies":[{"embeddable":true,"href":"https:\/\/www.harzer-wandernadel.de\/fr\/wp-json\/wp\/v2\/comments?post=18520"}],"version-history":[{"count":2,"href":"https:\/\/www.harzer-wandernadel.de\/fr\/wp-json\/wp\/v2\/pages\/18520\/revisions"}],"predecessor-version":[{"id":24730,"href":"https:\/\/www.harzer-wandernadel.de\/fr\/wp-json\/wp\/v2\/pages\/18520\/revisions\/24730"}],"up":[{"embeddable":true,"href":"https:\/\/www.harzer-wandernadel.de\/fr\/wp-json\/wp\/v2\/pages\/17801"}],"wp:featuredmedia":[{"embeddable":true,"href":"https:\/\/www.harzer-wandernadel.de\/fr\/wp-json\/wp\/v2\/media\/18521"}],"wp:attachment":[{"href":"https:\/\/www.harzer-wandernadel.de\/fr\/wp-json\/wp\/v2\/media?parent=18520"}],"wp:term":[{"taxonomy":"hf_cat_page","embeddable":true,"href":"https:\/\/www.harzer-wandernadel.de\/fr\/wp-json\/wp\/v2\/hf_cat_page?post=18520"}],"curies":[{"name":"wp","href":"https:\/\/api.w.org\/{rel}","templated":true}]}}