{"id":18507,"date":"2016-02-16T14:19:18","date_gmt":"2016-02-16T13:19:18","guid":{"rendered":"https:\/\/www.harzer-wandernadel.de\/pointage\/carte-generale\/pointage-32-auberge-christianental\/"},"modified":"2026-02-28T14:42:17","modified_gmt":"2026-02-28T13:42:17","slug":"pointage-32-auberge-christianental","status":"publish","type":"page","link":"https:\/\/www.harzer-wandernadel.de\/fr\/pointage\/carte-generale\/pointage-32-auberge-christianental\/","title":{"rendered":"Pointage 32 \/ Auberge Christianental"},"content":{"rendered":"\n<h2 class=\"wp-block-heading\">Entre la montagne Agnesberg et la montagne Fenstermacherberg, dans le quartier de N\u00f6schenrode \u00e0&nbsp;Wernigerode, se trouve la vall\u00e9e Christianental, nomm\u00e9e d\u2019apr\u00e8s le comte Christian Ernst qui r\u00e9gnait au 18\u00e8me si\u00e8cle.<\/h2>\n\n<div class=\"wp-block-stackable-image alignwide stk-block-image stk-block stk-89e1006\" data-block-id=\"89e1006\"><style>.stk-89e1006 {margin-top:3% !important;margin-bottom:3% !important;}<\/style><figure><span class=\"stk-img-wrapper stk-image--shape-stretch stk--has-lightbox\"><img decoding=\"async\" width=\"957\" height=\"525\" src=\"https:\/\/www.harzer-wandernadel.de\/wp-content\/uploads\/2016\/02\/christianental.jpg\" class=\"attachment-full size-full wp-post-image\" alt srcset=\"https:\/\/www.harzer-wandernadel.de\/wp-content\/uploads\/2016\/02\/christianental.jpg 957w, https:\/\/www.harzer-wandernadel.de\/wp-content\/uploads\/2016\/02\/christianental-300x165.jpg 300w, https:\/\/www.harzer-wandernadel.de\/wp-content\/uploads\/2016\/02\/christianental-768x421.jpg 768w, https:\/\/www.harzer-wandernadel.de\/wp-content\/uploads\/2016\/02\/christianental-624x342.jpg 624w\" sizes=\"(max-width: 957px) 100vw, 957px\"><\/span><\/figure><\/div>\n\n<p>Il abrite un parc \u00e0&nbsp;gibier fami\u00adlial, ouvert toute l\u2019an\u00adn\u00e9e, avec de vastes enclos natu\u00adrels dans un envi\u00adron\u00adne\u00adment pit\u00adto\u00adresque et des arbres pri\u00admi\u00adtifs. On peut y&nbsp;voir des ani\u00admaux typiques du Harz de nom\u00adbreuses esp\u00e8ces, comme&nbsp;: Des rapaces, des hiboux, des chats sau\u00advages, des ratons laveurs, des martres, des cerfs, des daims, des san\u00adgliers et bien d\u2019autres encore.<br>Au milieu de tout cela se trouve une aire de jeux moderne avec des \u00e9qui\u00adpe\u00adments rus\u00adtiques en mat\u00e9\u00adriaux natu\u00adrels et un charme tout par\u00adti\u00adcu\u00adlier, dans laquelle les th\u00e8mes de la nature, de la for\u00eat et des l\u00e9gendes du Harz jouent un r\u00f4le important.&nbsp;<\/p>\n\n<p>En haut de la val\u00adl\u00e9e se trouve l\u2019au\u00adberge de for\u00eat Chris\u00adtia\u00adnen\u00adtal avec des salles de res\u00adtau\u00adrant confor\u00adtables et un beau jar\u00addin de bi\u00e8re. Le pre\u00admier \u00e9ta\u00adblis\u00adse\u00adment de res\u00adtau\u00adra\u00adtion remonte \u00e0&nbsp;1779, direc\u00adte\u00adment li\u00e9 \u00e0&nbsp;la per\u00adsonne du gar\u00addien du jar\u00addin zoo\u00adlo\u00adgique de l\u2019\u00e9poque.&nbsp;<\/p>\n\n<p>Juste \u00e0&nbsp;c\u00f4t\u00e9 de l\u2019au\u00adberge de la for\u00eat se trouve aus\u00adsi la bo\u00eete \u00e0&nbsp;tampons.<\/p>\n\n<div class=\"wp-block-buttons is-layout-flex wp-block-buttons-is-layout-flex\">\n<div class=\"wp-block-button\"><a class=\"wp-block-button__link wp-element-button\" href=\"https:\/\/www.christianental-wernigerode.de\/\" target=\"_blank\" rel=\"noreferrer noopener\">Val\u00adl\u00e9e chr\u00e9\u00adtienne Wernigerode&nbsp;\u00bb<\/a><\/div>\n<\/div>\n","protected":false},"excerpt":{"rendered":"<p>Entre la mon\u00adtagne Agnes\u00adberg et la mon\u00adtagne Fens\u00adter\u00adma\u00adcher\u00adberg, dans le quar\u00adtier de N\u00f6schen\u00adrode \u00e0&nbsp;Wer\u00adni\u00adge\u00adrode, se trouve la val\u00adl\u00e9e Chris\u00adtia\u00adnen\u00adtal, nom\u00adm\u00e9e d\u2019apr\u00e8s le comte Chris\u00adtian Ernst qui r\u00e9gnait au 18\u00e8me si\u00e8cle. Il abrite un parc \u00e0&nbsp;gibier fami\u00adlial, ouvert toute l\u2019an\u00adn\u00e9e, avec de vastes enclos natu\u00adrels dans un envi\u00adron\u00adne\u00adment pit\u00adto\u00adresque et des arbres pri\u00admi\u00adtifs. On peut y&nbsp;voir&nbsp;[\u2026]<\/p>\n","protected":false},"author":11,"featured_media":18508,"parent":17801,"menu_order":10032,"comment_status":"closed","ping_status":"closed","template":"","meta":{"_seopress_robots_primary_cat":"","_seopress_titles_title":"","_seopress_titles_desc":"","_seopress_robots_index":"","wp_typography_post_enhancements_disabled":false,"iawp_total_views":0,"footnotes":""},"hf_cat_page":[120],"class_list":["post-18507","page","type-page","status-publish","has-post-thumbnail"],"blocksy_meta":[],"_links":{"self":[{"href":"https:\/\/www.harzer-wandernadel.de\/fr\/wp-json\/wp\/v2\/pages\/18507","targetHints":{"allow":["GET"]}}],"collection":[{"href":"https:\/\/www.harzer-wandernadel.de\/fr\/wp-json\/wp\/v2\/pages"}],"about":[{"href":"https:\/\/www.harzer-wandernadel.de\/fr\/wp-json\/wp\/v2\/types\/page"}],"author":[{"embeddable":true,"href":"https:\/\/www.harzer-wandernadel.de\/fr\/wp-json\/wp\/v2\/users\/11"}],"replies":[{"embeddable":true,"href":"https:\/\/www.harzer-wandernadel.de\/fr\/wp-json\/wp\/v2\/comments?post=18507"}],"version-history":[{"count":1,"href":"https:\/\/www.harzer-wandernadel.de\/fr\/wp-json\/wp\/v2\/pages\/18507\/revisions"}],"predecessor-version":[{"id":18510,"href":"https:\/\/www.harzer-wandernadel.de\/fr\/wp-json\/wp\/v2\/pages\/18507\/revisions\/18510"}],"up":[{"embeddable":true,"href":"https:\/\/www.harzer-wandernadel.de\/fr\/wp-json\/wp\/v2\/pages\/17801"}],"wp:featuredmedia":[{"embeddable":true,"href":"https:\/\/www.harzer-wandernadel.de\/fr\/wp-json\/wp\/v2\/media\/18508"}],"wp:attachment":[{"href":"https:\/\/www.harzer-wandernadel.de\/fr\/wp-json\/wp\/v2\/media?parent=18507"}],"wp:term":[{"taxonomy":"hf_cat_page","embeddable":true,"href":"https:\/\/www.harzer-wandernadel.de\/fr\/wp-json\/wp\/v2\/hf_cat_page?post=18507"}],"curies":[{"name":"wp","href":"https:\/\/api.w.org\/{rel}","templated":true}]}}