{"id":18498,"date":"2016-02-16T14:23:09","date_gmt":"2016-02-16T13:23:09","guid":{"rendered":"https:\/\/www.harzer-wandernadel.de\/pointage\/carte-generale\/pointage-33-stapenberg\/"},"modified":"2026-02-28T14:42:17","modified_gmt":"2026-02-28T13:42:17","slug":"pointage-33-stapenberg","status":"publish","type":"page","link":"https:\/\/www.harzer-wandernadel.de\/fr\/pointage\/carte-generale\/pointage-33-stapenberg\/","title":{"rendered":"Pointage 33 \/ Stapenberg"},"content":{"rendered":"\n<h2 class=\"wp-block-heading\">Le Stapenberg (443&nbsp;m&nbsp;d\u2019altitude) se trouve au-dessus de la localit\u00e9 de Benzingerode.<\/h2>\n\n<div class=\"wp-block-stackable-image alignwide stk-block-image stk-block stk-89e1006\" data-block-id=\"89e1006\"><style>.stk-89e1006 {margin-top:3% !important;margin-bottom:3% !important;}<\/style><figure><span class=\"stk-img-wrapper stk-image--shape-stretch stk--has-lightbox\"><img decoding=\"async\" width=\"900\" height=\"600\" src=\"https:\/\/www.harzer-wandernadel.de\/wp-content\/uploads\/2016\/02\/Stapenberg-1.jpg\" class=\"attachment-full size-full wp-post-image\" alt srcset=\"https:\/\/www.harzer-wandernadel.de\/wp-content\/uploads\/2016\/02\/Stapenberg-1.jpg 900w, https:\/\/www.harzer-wandernadel.de\/wp-content\/uploads\/2016\/02\/Stapenberg-1-300x200.jpg 300w, https:\/\/www.harzer-wandernadel.de\/wp-content\/uploads\/2016\/02\/Stapenberg-1-768x512.jpg 768w, https:\/\/www.harzer-wandernadel.de\/wp-content\/uploads\/2016\/02\/Stapenberg-1-624x416.jpg 624w\" sizes=\"(max-width: 900px) 100vw, 900px\"><\/span><\/figure><\/div>\n\n<p>Comme point de d\u00e9part, il est recom\u00adman\u00add\u00e9 de se garer pr\u00e8s de l\u2019\u00e9\u00adglise de Ben\u00adzin\u00adge\u00adrode, o\u00f9 com\u00admence \u00e9ga\u00adle\u00adment le sen\u00adtier de ran\u00addon\u00adn\u00e9e bali\u00ads\u00e9 qui part du bord du vil\u00adlage et m\u00e8ne tr\u00e8s raide \u00e0&nbsp;tra\u00advers la for\u00eat jus\u00adqu\u2019au pla\u00adteau du som\u00admet. De l\u00e0, on a&nbsp;une excel\u00adlente vue au loin sur les contre\u00adforts du Harz et sur le Brocken.&nbsp;<\/p>\n\n<p>Il est recom\u00adman\u00add\u00e9 de conti\u00adnuer la visite jus\u00adqu\u2019\u00e0 la <a href=\"https:\/\/www.harzer-wandernadel.de\/stempelstellen\/uebersichtskarte\/stempelstelle-83-austbergturm\/\" data-type=\"page\" data-id=\"955\">tour Aust\u00adberg\u00adturm HWN 83<\/a> et de conti\u00adnuer vers Heim\u00adburg jus\u00adqu\u2019au <a href=\"https:\/\/www.harzer-wandernadel.de\/fr\/pointage\/carte-generale\/pointage-84-altenburg-pres-de-heimburg\/\" data-type=\"page\" data-id=\"957\">ch\u00e2\u00adteau Alten\u00adburg HWN 84<\/a>.<\/p>\n","protected":false},"excerpt":{"rendered":"<p>Le Sta\u00adpen\u00adberg (443&nbsp;m&nbsp;d\u2019altitude) se trouve au-des\u00adsus de la loca\u00adli\u00adt\u00e9 de Ben\u00adzin\u00adge\u00adrode. Comme point de d\u00e9part, il est recom\u00adman\u00add\u00e9 de se garer pr\u00e8s de l\u2019\u00e9\u00adglise de Ben\u00adzin\u00adge\u00adrode, o\u00f9 com\u00admence \u00e9ga\u00adle\u00adment le sen\u00adtier de ran\u00addon\u00adn\u00e9e bali\u00ads\u00e9 qui part du bord du vil\u00adlage et m\u00e8ne tr\u00e8s raide \u00e0&nbsp;tra\u00advers la for\u00eat jus\u00adqu\u2019au pla\u00adteau du som\u00admet. De l\u00e0, on a&nbsp;une&nbsp;[\u2026]<\/p>\n","protected":false},"author":11,"featured_media":18500,"parent":17801,"menu_order":10033,"comment_status":"closed","ping_status":"closed","template":"","meta":{"_seopress_robots_primary_cat":"","_seopress_titles_title":"","_seopress_titles_desc":"","_seopress_robots_index":"","wp_typography_post_enhancements_disabled":false,"iawp_total_views":1,"footnotes":""},"hf_cat_page":[120],"class_list":["post-18498","page","type-page","status-publish","has-post-thumbnail"],"blocksy_meta":[],"_links":{"self":[{"href":"https:\/\/www.harzer-wandernadel.de\/fr\/wp-json\/wp\/v2\/pages\/18498","targetHints":{"allow":["GET"]}}],"collection":[{"href":"https:\/\/www.harzer-wandernadel.de\/fr\/wp-json\/wp\/v2\/pages"}],"about":[{"href":"https:\/\/www.harzer-wandernadel.de\/fr\/wp-json\/wp\/v2\/types\/page"}],"author":[{"embeddable":true,"href":"https:\/\/www.harzer-wandernadel.de\/fr\/wp-json\/wp\/v2\/users\/11"}],"replies":[{"embeddable":true,"href":"https:\/\/www.harzer-wandernadel.de\/fr\/wp-json\/wp\/v2\/comments?post=18498"}],"version-history":[{"count":2,"href":"https:\/\/www.harzer-wandernadel.de\/fr\/wp-json\/wp\/v2\/pages\/18498\/revisions"}],"predecessor-version":[{"id":24734,"href":"https:\/\/www.harzer-wandernadel.de\/fr\/wp-json\/wp\/v2\/pages\/18498\/revisions\/24734"}],"up":[{"embeddable":true,"href":"https:\/\/www.harzer-wandernadel.de\/fr\/wp-json\/wp\/v2\/pages\/17801"}],"wp:featuredmedia":[{"embeddable":true,"href":"https:\/\/www.harzer-wandernadel.de\/fr\/wp-json\/wp\/v2\/media\/18500"}],"wp:attachment":[{"href":"https:\/\/www.harzer-wandernadel.de\/fr\/wp-json\/wp\/v2\/media?parent=18498"}],"wp:term":[{"taxonomy":"hf_cat_page","embeddable":true,"href":"https:\/\/www.harzer-wandernadel.de\/fr\/wp-json\/wp\/v2\/hf_cat_page?post=18498"}],"curies":[{"name":"wp","href":"https:\/\/api.w.org\/{rel}","templated":true}]}}