{"id":18495,"date":"2016-02-17T12:34:43","date_gmt":"2016-02-17T11:34:43","guid":{"rendered":"https:\/\/www.harzer-wandernadel.de\/pointage\/carte-generale\/pointage-41-ruine-koenigsburg\/"},"modified":"2026-02-28T14:42:21","modified_gmt":"2026-02-28T13:42:21","slug":"pointage-41-ruine-koenigsburg","status":"publish","type":"page","link":"https:\/\/www.harzer-wandernadel.de\/fr\/pointage\/carte-generale\/pointage-41-ruine-koenigsburg\/","title":{"rendered":"Pointage 41 \/ Ruine K\u00f6nigsburg"},"content":{"rendered":"\n<h2 class=\"wp-block-heading\">Le ch\u00e2teau de K\u00f6nigsburg (486 m\u00e8tres au-dessus du niveau de la mer) se trouve \u00e0&nbsp;la sortie de K\u00f6nigsh\u00fctte en direction de Tanne, l\u00e9g\u00e8rement sur\u00e9lev\u00e9 sur une colline.<\/h2>\n\n<div class=\"wp-block-stackable-image alignwide stk-block-image stk-block stk-89e1006\" data-block-id=\"89e1006\"><style>.stk-89e1006 {margin-top:3% !important;margin-bottom:3% !important;}<\/style><figure><span class=\"stk-img-wrapper stk-image--shape-stretch stk--has-lightbox\"><img decoding=\"async\" width=\"2048\" height=\"1536\" src=\"https:\/\/www.harzer-wandernadel.de\/wp-content\/uploads\/2016\/02\/HWN-41-Ruine-K\u00f6nigsburg.jpg\" class=\"attachment-full size-full wp-post-image\" alt=\"Ruines de ch\u00e2teau dans la for\u00eat avec une nature verdoyante\" srcset=\"https:\/\/www.harzer-wandernadel.de\/wp-content\/uploads\/2016\/02\/HWN-41-Ruine-K\u00f6nigsburg.jpg 2048w, https:\/\/www.harzer-wandernadel.de\/wp-content\/uploads\/2016\/02\/HWN-41-Ruine-K\u00f6nigsburg-300x225.jpg 300w, https:\/\/www.harzer-wandernadel.de\/wp-content\/uploads\/2016\/02\/HWN-41-Ruine-K\u00f6nigsburg-768x576.jpg 768w, https:\/\/www.harzer-wandernadel.de\/wp-content\/uploads\/2016\/02\/HWN-41-Ruine-K\u00f6nigsburg-1024x768.jpg 1024w, https:\/\/www.harzer-wandernadel.de\/wp-content\/uploads\/2016\/02\/HWN-41-Ruine-K\u00f6nigsburg-250x188.jpg 250w, https:\/\/www.harzer-wandernadel.de\/wp-content\/uploads\/2016\/02\/HWN-41-Ruine-K\u00f6nigsburg-624x468.jpg 624w\" sizes=\"(max-width: 2048px) 100vw, 2048px\"><\/span><\/figure><\/div>\n\n<p>C\u2019est un ch\u00e2\u00adteau noble datant du 13. \/ 14\u00e8me si\u00e8cle. Ici, non seule\u00adment des par\u00adties du don\u00adjon sont conser\u00adv\u00e9es, mais les fos\u00ads\u00e9s et les rem\u00adparts du ch\u00e2\u00adteau sont \u00e9ga\u00adle\u00adment bien visibles. Le ch\u00e2\u00adteau semble avoir ser\u00advi \u00e0&nbsp;pro\u00adt\u00e9\u00adger la fron\u00adti\u00e8re de l\u2019\u00e9\u00adv\u00ea\u00adch\u00e9 de Hal\u00adbers\u00adtadt, qui lon\u00adgeait la&nbsp;Bode.&nbsp;<\/p>\n\n<p>Depuis le par\u00adking de ran\u00addon\u00adn\u00e9e en des\u00adsous de la ruine, tu tra\u00adverses la Warme Bode et tu atteins le ch\u00e2\u00adteau de K\u00f6nig\u00adsburg en sui\u00advant les sen\u00adtiers bali\u00ads\u00e9s. Il est int\u00e9\u00adres\u00adsant de conti\u00adnuer la ran\u00addon\u00adn\u00e9e par l\u2019i\u00adti\u00adn\u00e9\u00adraire nord du Har\u00adzer Hexens\u00adtieg jus\u00adqu\u2019au <a href=\"https:\/\/www.harzer-wandernadel.de\/fr\/pointage\/carte-generale\/pointage-42-pont-de-trogfurther\/\" data-type=\"page\" data-id=\"717\">pont de Trog\u00adfur\u00adther HWN 42<\/a>. <\/p>\n\n<p>Tu peux aus\u00adsi conti\u00adnuer par l\u2019i\u00adti\u00adn\u00e9\u00adraire sud du Har\u00adzer Hexens\u00adtieg jus\u00adqu\u2019au Rapp\u00adbo\u00adde\u00adblick <a href=\"https:\/\/www.harzer-wandernadel.de\/fr\/pointage\/carte-generale\/pointage-56-rappbodeblick-trautenstein\/\" data-type=\"page\" data-id=\"792\">Trau\u00adten\u00adstein HWN 56<\/a> et au <a href=\"https:\/\/www.harzer-wandernadel.de\/stempelstellen\/uebersichtskarte\/stempelstelle-52-trageburg-am-hexenstieg\/\" data-type=\"page\" data-id=\"742\">Tra\u00adge\u00adburg HWN 52<\/a>.<\/p>\n\n<div class=\"wp-block-buttons is-layout-flex wp-block-buttons-is-layout-flex\">\n<div class=\"wp-block-button\"><a class=\"wp-block-button__link wp-element-button\" href=\"https:\/\/harzer-bergwald.de\/index.php\/wandertouren\/romantiktouren\/22-rund-um-koenigshuette\" target=\"_blank\" rel=\"noreferrer noopener\">Sug\u00adges\u00adtion de cir\u00adcuit For\u00eat de mon\u00adtagne du&nbsp;Harz&nbsp;\u00bb<\/a><\/div>\n<\/div>\n","protected":false},"excerpt":{"rendered":"<p>Le ch\u00e2\u00adteau de K\u00f6nig\u00adsburg (486 m\u00e8tres au-des\u00adsus du niveau de la mer) se trouve \u00e0&nbsp;la sor\u00adtie de K\u00f6nig\u00adsh\u00fctte en direc\u00adtion de Tanne, l\u00e9g\u00e8\u00adre\u00adment sur\u00ad\u00e9le\u00adv\u00e9 sur une col\u00adline. C\u2019est un ch\u00e2\u00adteau noble datant du 13. \/ 14\u00e8me si\u00e8cle. Ici, non seule\u00adment des par\u00adties du don\u00adjon sont conser\u00adv\u00e9es, mais les fos\u00ads\u00e9s et les rem\u00adparts du ch\u00e2\u00adteau&nbsp;sont&nbsp;[\u2026]<\/p>\n","protected":false},"author":11,"featured_media":18497,"parent":17801,"menu_order":10041,"comment_status":"closed","ping_status":"closed","template":"","meta":{"_seopress_robots_primary_cat":"","_seopress_titles_title":"","_seopress_titles_desc":"","_seopress_robots_index":"","wp_typography_post_enhancements_disabled":false,"iawp_total_views":1,"footnotes":""},"hf_cat_page":[120],"class_list":["post-18495","page","type-page","status-publish","has-post-thumbnail"],"blocksy_meta":[],"_links":{"self":[{"href":"https:\/\/www.harzer-wandernadel.de\/fr\/wp-json\/wp\/v2\/pages\/18495","targetHints":{"allow":["GET"]}}],"collection":[{"href":"https:\/\/www.harzer-wandernadel.de\/fr\/wp-json\/wp\/v2\/pages"}],"about":[{"href":"https:\/\/www.harzer-wandernadel.de\/fr\/wp-json\/wp\/v2\/types\/page"}],"author":[{"embeddable":true,"href":"https:\/\/www.harzer-wandernadel.de\/fr\/wp-json\/wp\/v2\/users\/11"}],"replies":[{"embeddable":true,"href":"https:\/\/www.harzer-wandernadel.de\/fr\/wp-json\/wp\/v2\/comments?post=18495"}],"version-history":[{"count":2,"href":"https:\/\/www.harzer-wandernadel.de\/fr\/wp-json\/wp\/v2\/pages\/18495\/revisions"}],"predecessor-version":[{"id":24746,"href":"https:\/\/www.harzer-wandernadel.de\/fr\/wp-json\/wp\/v2\/pages\/18495\/revisions\/24746"}],"up":[{"embeddable":true,"href":"https:\/\/www.harzer-wandernadel.de\/fr\/wp-json\/wp\/v2\/pages\/17801"}],"wp:featuredmedia":[{"embeddable":true,"href":"https:\/\/www.harzer-wandernadel.de\/fr\/wp-json\/wp\/v2\/media\/18497"}],"wp:attachment":[{"href":"https:\/\/www.harzer-wandernadel.de\/fr\/wp-json\/wp\/v2\/media?parent=18495"}],"wp:term":[{"taxonomy":"hf_cat_page","embeddable":true,"href":"https:\/\/www.harzer-wandernadel.de\/fr\/wp-json\/wp\/v2\/hf_cat_page?post=18495"}],"curies":[{"name":"wp","href":"https:\/\/api.w.org\/{rel}","templated":true}]}}