{"id":18482,"date":"2016-02-17T12:36:50","date_gmt":"2016-02-17T11:36:50","guid":{"rendered":"https:\/\/www.harzer-wandernadel.de\/pointage\/carte-generale\/pointage-42-pont-de-trogfurther\/"},"modified":"2026-02-28T14:42:22","modified_gmt":"2026-02-28T13:42:22","slug":"pointage-42-pont-de-trogfurther","status":"publish","type":"page","link":"https:\/\/www.harzer-wandernadel.de\/fr\/pointage\/carte-generale\/pointage-42-pont-de-trogfurther\/","title":{"rendered":"Pointage 42 \/ Pont de Trogfurther"},"content":{"rendered":"\n<h2 class=\"wp-block-heading\">La station de pointage Trogfurther Br\u00fccke (425&nbsp;m&nbsp;au-dessus du niveau de la mer) se trouve sur le mur du barrage de transition de K\u00f6nigsh\u00fctte.<\/h2>\n\n<div class=\"wp-block-stackable-image alignwide stk-block-image stk-block stk-89e1006\" data-block-id=\"89e1006\"><style>.stk-89e1006 {margin-top:3% !important;margin-bottom:3% !important;}<\/style><figure><span class=\"stk-img-wrapper stk-image--shape-stretch stk--has-lightbox\"><img decoding=\"async\" width=\"2048\" height=\"1536\" src=\"https:\/\/www.harzer-wandernadel.de\/wp-content\/uploads\/2016\/02\/HWN-42-Trogfurther-Br\u00fccke.jpg\" class=\"attachment-full size-full wp-post-image\" alt=\"Stausee mit Wald und kleinem Geb\u00e4ude am Ufer (La rue avec la for\u00eat et un petit b\u00e2timent au bord de l'eau)\" srcset=\"https:\/\/www.harzer-wandernadel.de\/wp-content\/uploads\/2016\/02\/HWN-42-Trogfurther-Br\u00fccke.jpg 2048w, https:\/\/www.harzer-wandernadel.de\/wp-content\/uploads\/2016\/02\/HWN-42-Trogfurther-Br\u00fccke-300x225.jpg 300w, https:\/\/www.harzer-wandernadel.de\/wp-content\/uploads\/2016\/02\/HWN-42-Trogfurther-Br\u00fccke-768x576.jpg 768w, https:\/\/www.harzer-wandernadel.de\/wp-content\/uploads\/2016\/02\/HWN-42-Trogfurther-Br\u00fccke-1024x768.jpg 1024w, https:\/\/www.harzer-wandernadel.de\/wp-content\/uploads\/2016\/02\/HWN-42-Trogfurther-Br\u00fccke-250x188.jpg 250w, https:\/\/www.harzer-wandernadel.de\/wp-content\/uploads\/2016\/02\/HWN-42-Trogfurther-Br\u00fccke-624x468.jpg 624w\" sizes=\"(max-width: 2048px) 100vw, 2048px\"><\/span><\/figure><\/div>\n\n<p>Pen\u00addant de nom\u00adbreux si\u00e8cles, le pont de Trog\u00adfur\u00adther sur la Bode a&nbsp;\u00e9t\u00e9 une par\u00adtie impor\u00adtante de la route com\u00admer\u00adciale reliant l\u2019I\u00adta\u00adlie \u00e0&nbsp;la Scan\u00addi\u00adna\u00advie via le Harz. A&nbsp;cet endroit, un gu\u00e9 a&nbsp;d\u00e9j\u00e0 \u00e9t\u00e9 men\u00adtion\u00adn\u00e9 pour la pre\u00admi\u00e8re fois en 919 sous le nom de \u00ab&nbsp;Trogweg&nbsp;\u00bb.&nbsp;<\/p>\n\n<p>Dans les ann\u00e9es 1740, le pont de Trog\u00adfur\u00adther a&nbsp;\u00e9t\u00e9 construit avec des pierres de taille qui pro\u00adve\u00adnaient pro\u00adba\u00adble\u00adment d\u2019une tour d\u2019at\u00adtente de Susen\u00adburg. Quelques jours avant la fin de la Seconde Guerre mon\u00addiale, ce pont a&nbsp;\u00e9t\u00e9 dyna\u00admi\u00adt\u00e9 par les SS le 14 avril&nbsp;1945.&nbsp;<\/p>\n\n<p>La construc\u00adtion sui\u00advante, un pont en b\u00e9ton arm\u00e9 et en bois, est deve\u00adnue super\u00adflue apr\u00e8s l\u2019a\u00adch\u00e8\u00adve\u00adment de la construc\u00adtion du bar\u00adrage de tran\u00adsi\u00adtion le 24 ao\u00fbt 1956. Le bar\u00adrage, qui est aujourd\u2019\u00adhui \u00e9ga\u00adle\u00adment uti\u00adli\u00ads\u00e9 pour tra\u00adver\u00adser la Bode, se trouve \u00e0&nbsp;quelques m\u00e8tres \u00e0&nbsp;l\u2019est de l\u2019an\u00adcien pont de Trogfurther.&nbsp;<\/p>\n\n<p>Depuis le par\u00adking de ran\u00addon\u00adn\u00e9e situ\u00e9 en des\u00adsous des ruines <a href=\"https:\/\/www.harzer-wandernadel.de\/stempelstellen\/uebersichtskarte\/stempelstelle-41-ruine-koenigsburg\/\" data-type=\"page\" data-id=\"715\">de K\u00f6nig\u00adsburg HWN 41<\/a>, tu suis l\u2019i\u00adti\u00adn\u00e9\u00adraire nord en direc\u00adtion de R\u00fcbe\u00adland et tu passes devant le confluent de la Bode chaude et de la Bode froide pour arri\u00adver au pont de Trogfurther.<\/p>\n\n<div class=\"wp-block-buttons is-layout-flex wp-block-buttons-is-layout-flex\">\n<div class=\"wp-block-button\"><a class=\"wp-block-button__link wp-element-button\" href=\"https:\/\/harzer-bergwald.de\/index.php\/wandertouren\/romantiktouren\/22-rund-um-koenigshuette\" target=\"_blank\" rel=\"noreferrer noopener\">Sug\u00adges\u00adtion de cir\u00adcuit For\u00eat de mon\u00adtagne du&nbsp;Harz&nbsp;\u00bb<\/a><\/div>\n<\/div>\n","protected":false},"excerpt":{"rendered":"<p>La sta\u00adtion de poin\u00adtage Trog\u00adfur\u00adther Br\u00fccke (425&nbsp;m&nbsp;au-des\u00adsus du niveau de la mer) se trouve sur le mur du bar\u00adrage de tran\u00adsi\u00adtion de K\u00f6nig\u00adsh\u00fctte. Pen\u00addant de nom\u00adbreux si\u00e8cles, le pont de Trog\u00adfur\u00adther sur la Bode a&nbsp;\u00e9t\u00e9 une par\u00adtie impor\u00adtante de la route com\u00admer\u00adciale reliant l\u2019I\u00adta\u00adlie \u00e0&nbsp;la Scan\u00addi\u00adna\u00advie via le Harz. A&nbsp;cet endroit, un gu\u00e9 a&nbsp;d\u00e9j\u00e0 \u00e9t\u00e9&nbsp;[\u2026]<\/p>\n","protected":false},"author":11,"featured_media":18484,"parent":17801,"menu_order":10042,"comment_status":"closed","ping_status":"closed","template":"","meta":{"_seopress_robots_primary_cat":"","_seopress_titles_title":"","_seopress_titles_desc":"","_seopress_robots_index":"","wp_typography_post_enhancements_disabled":false,"iawp_total_views":0,"footnotes":""},"hf_cat_page":[120],"class_list":["post-18482","page","type-page","status-publish","has-post-thumbnail"],"blocksy_meta":[],"_links":{"self":[{"href":"https:\/\/www.harzer-wandernadel.de\/fr\/wp-json\/wp\/v2\/pages\/18482","targetHints":{"allow":["GET"]}}],"collection":[{"href":"https:\/\/www.harzer-wandernadel.de\/fr\/wp-json\/wp\/v2\/pages"}],"about":[{"href":"https:\/\/www.harzer-wandernadel.de\/fr\/wp-json\/wp\/v2\/types\/page"}],"author":[{"embeddable":true,"href":"https:\/\/www.harzer-wandernadel.de\/fr\/wp-json\/wp\/v2\/users\/11"}],"replies":[{"embeddable":true,"href":"https:\/\/www.harzer-wandernadel.de\/fr\/wp-json\/wp\/v2\/comments?post=18482"}],"version-history":[{"count":2,"href":"https:\/\/www.harzer-wandernadel.de\/fr\/wp-json\/wp\/v2\/pages\/18482\/revisions"}],"predecessor-version":[{"id":24750,"href":"https:\/\/www.harzer-wandernadel.de\/fr\/wp-json\/wp\/v2\/pages\/18482\/revisions\/24750"}],"up":[{"embeddable":true,"href":"https:\/\/www.harzer-wandernadel.de\/fr\/wp-json\/wp\/v2\/pages\/17801"}],"wp:featuredmedia":[{"embeddable":true,"href":"https:\/\/www.harzer-wandernadel.de\/fr\/wp-json\/wp\/v2\/media\/18484"}],"wp:attachment":[{"href":"https:\/\/www.harzer-wandernadel.de\/fr\/wp-json\/wp\/v2\/media?parent=18482"}],"wp:term":[{"taxonomy":"hf_cat_page","embeddable":true,"href":"https:\/\/www.harzer-wandernadel.de\/fr\/wp-json\/wp\/v2\/hf_cat_page?post=18482"}],"curies":[{"name":"wp","href":"https:\/\/api.w.org\/{rel}","templated":true}]}}