{"id":18467,"date":"2016-02-17T12:47:18","date_gmt":"2016-02-17T11:47:18","guid":{"rendered":"https:\/\/www.harzer-wandernadel.de\/pointage\/carte-generale\/pointage-44-kapitelsberg\/"},"modified":"2026-02-28T14:42:23","modified_gmt":"2026-02-28T13:42:23","slug":"pointage-44-kapitelsberg","status":"publish","type":"page","link":"https:\/\/www.harzer-wandernadel.de\/fr\/pointage\/carte-generale\/pointage-44-kapitelsberg\/","title":{"rendered":"Pointage 44 \/ Kapitelsberg"},"content":{"rendered":"\n<h2 class=\"wp-block-heading\">Le Kapitelsberg (528&nbsp;m&nbsp;d\u2019altitude) surplombe la vall\u00e9e de la Warmer Bode entre Tanne et K\u00f6nigsh\u00fctte et est consid\u00e9r\u00e9 comme la montagne locale de Tanner.<\/h2>\n\n<div class=\"wp-block-stackable-image alignwide stk-block-image stk-block stk-89e1006\" data-block-id=\"89e1006\"><style>.stk-89e1006 {margin-top:3% !important;margin-bottom:3% !important;}<\/style><figure><span class=\"stk-img-wrapper stk-image--shape-stretch stk--has-lightbox\"><img decoding=\"async\" width=\"900\" height=\"600\" src=\"https:\/\/www.harzer-wandernadel.de\/wp-content\/uploads\/2016\/02\/Kapitelsberg.jpg\" class=\"attachment-full size-full wp-post-image\" alt srcset=\"https:\/\/www.harzer-wandernadel.de\/wp-content\/uploads\/2016\/02\/Kapitelsberg.jpg 900w, https:\/\/www.harzer-wandernadel.de\/wp-content\/uploads\/2016\/02\/Kapitelsberg-300x200.jpg 300w, https:\/\/www.harzer-wandernadel.de\/wp-content\/uploads\/2016\/02\/Kapitelsberg-768x512.jpg 768w, https:\/\/www.harzer-wandernadel.de\/wp-content\/uploads\/2016\/02\/Kapitelsberg-624x416.jpg 624w\" sizes=\"(max-width: 900px) 100vw, 900px\"><\/span><\/figure><\/div>\n\n<p>Au som\u00admet, le Harzk\u00adlub Zweig\u00adve\u00adrein Tanne a&nbsp;construit un magni\u00adfique refuge auquel est \u00e9ga\u00adle\u00adment fix\u00e9e la bo\u00eete \u00e0&nbsp;tam\u00adpons. L\u2019aire de repos est com\u00adpl\u00e9\u00adt\u00e9e par plu\u00adsieurs bancs et un foyer. De plus, les amis de la r\u00e9sine ont \u00e9ri\u00adg\u00e9 sur la mon\u00adtagne une grande croix en bois recou\u00adverte de m\u00e9tal et ont ins\u00adtal\u00adl\u00e9 un pan\u00adneau d\u2019o\u00adrien\u00adta\u00adtion de la mon\u00adtagne en&nbsp;fonte.&nbsp;<\/p>\n\n<p>Du som\u00admet, tu as une vue magni\u00adfique sur la val\u00adl\u00e9e de la War\u00admen Bode jus\u00adqu\u2019au Wurm\u00adberg, au Bro\u00adcken et au Hohenkamm.<\/p>\n\n<p>Depuis Tanne, plu\u00adsieurs sen\u00adtiers de ran\u00addon\u00adn\u00e9e sont indi\u00adqu\u00e9s pour atteindre ce beau som\u00admet. Gr\u00e2ce \u00e0&nbsp;la croix du som\u00admet, le Kapi\u00adtels\u00adberg est visible de loin et invite lit\u00adt\u00e9\u00adra\u00adle\u00adment \u00e0&nbsp;la randonn\u00e9e.&nbsp;<\/p>\n","protected":false},"excerpt":{"rendered":"<p>Le Kapi\u00adtels\u00adberg (528&nbsp;m&nbsp;d\u2019altitude) sur\u00adplombe la val\u00adl\u00e9e de la War\u00admer Bode entre Tanne et K\u00f6nig\u00adsh\u00fctte et est consi\u00add\u00e9\u00adr\u00e9 comme la mon\u00adtagne locale de Tan\u00adner. Au som\u00admet, le Harzk\u00adlub Zweig\u00adve\u00adrein Tanne a&nbsp;construit un magni\u00adfique refuge auquel est \u00e9ga\u00adle\u00adment fix\u00e9e la bo\u00eete \u00e0&nbsp;tam\u00adpons. L\u2019aire de repos est com\u00adpl\u00e9\u00adt\u00e9e par plu\u00adsieurs bancs et un foyer. De plus, les&nbsp;amis&nbsp;[\u2026]<\/p>\n","protected":false},"author":11,"featured_media":18468,"parent":17801,"menu_order":10044,"comment_status":"closed","ping_status":"closed","template":"","meta":{"_seopress_robots_primary_cat":"","_seopress_titles_title":"","_seopress_titles_desc":"","_seopress_robots_index":"","wp_typography_post_enhancements_disabled":false,"iawp_total_views":0,"footnotes":""},"hf_cat_page":[120],"class_list":["post-18467","page","type-page","status-publish","has-post-thumbnail"],"blocksy_meta":[],"_links":{"self":[{"href":"https:\/\/www.harzer-wandernadel.de\/fr\/wp-json\/wp\/v2\/pages\/18467","targetHints":{"allow":["GET"]}}],"collection":[{"href":"https:\/\/www.harzer-wandernadel.de\/fr\/wp-json\/wp\/v2\/pages"}],"about":[{"href":"https:\/\/www.harzer-wandernadel.de\/fr\/wp-json\/wp\/v2\/types\/page"}],"author":[{"embeddable":true,"href":"https:\/\/www.harzer-wandernadel.de\/fr\/wp-json\/wp\/v2\/users\/11"}],"replies":[{"embeddable":true,"href":"https:\/\/www.harzer-wandernadel.de\/fr\/wp-json\/wp\/v2\/comments?post=18467"}],"version-history":[{"count":1,"href":"https:\/\/www.harzer-wandernadel.de\/fr\/wp-json\/wp\/v2\/pages\/18467\/revisions"}],"predecessor-version":[{"id":18470,"href":"https:\/\/www.harzer-wandernadel.de\/fr\/wp-json\/wp\/v2\/pages\/18467\/revisions\/18470"}],"up":[{"embeddable":true,"href":"https:\/\/www.harzer-wandernadel.de\/fr\/wp-json\/wp\/v2\/pages\/17801"}],"wp:featuredmedia":[{"embeddable":true,"href":"https:\/\/www.harzer-wandernadel.de\/fr\/wp-json\/wp\/v2\/media\/18468"}],"wp:attachment":[{"href":"https:\/\/www.harzer-wandernadel.de\/fr\/wp-json\/wp\/v2\/media?parent=18467"}],"wp:term":[{"taxonomy":"hf_cat_page","embeddable":true,"href":"https:\/\/www.harzer-wandernadel.de\/fr\/wp-json\/wp\/v2\/hf_cat_page?post=18467"}],"curies":[{"name":"wp","href":"https:\/\/api.w.org\/{rel}","templated":true}]}}