{"id":18457,"date":"2016-02-18T10:54:56","date_gmt":"2016-02-18T09:54:56","guid":{"rendered":"https:\/\/www.harzer-wandernadel.de\/pointage\/carte-generale\/pointage-213-bauerngraben\/"},"modified":"2026-01-29T12:49:52","modified_gmt":"2026-01-29T11:49:52","slug":"pointage-213-bauerngraben","status":"publish","type":"page","link":"https:\/\/www.harzer-wandernadel.de\/fr\/pointage\/carte-generale\/pointage-213-bauerngraben\/","title":{"rendered":"Pointage 213 \/ Bauerngraben"},"content":{"rendered":"\n<h2 class=\"wp-block-heading\">Le Bauerngraben (338&nbsp;m&nbsp;au-dessus du niveau de la mer) est un grand gouffre de ruisseau qui se trouve entre Questenberg et Breitungen, \u00e0&nbsp;l\u2019embouchure du Glasebach, et qui fait partie des ph\u00e9nom\u00e8nes g\u00e9ologiques les plus impressionnants du karst gypseux.<\/h2>\n\n<div class=\"wp-block-stackable-image alignwide stk-block-image stk-block stk-89e1006\" data-block-id=\"89e1006\"><style>.stk-89e1006 {margin-top:3% !important;margin-bottom:3% !important;}<\/style><figure><span class=\"stk-img-wrapper stk-image--shape-stretch stk--has-lightbox\"><img decoding=\"async\" width=\"2048\" height=\"1152\" src=\"https:\/\/www.harzer-wandernadel.de\/wp-content\/uploads\/2016\/02\/Bauerngraben2.jpg\" class=\"attachment-full size-full wp-post-image\" alt srcset=\"https:\/\/www.harzer-wandernadel.de\/wp-content\/uploads\/2016\/02\/Bauerngraben2.jpg 2048w, https:\/\/www.harzer-wandernadel.de\/wp-content\/uploads\/2016\/02\/Bauerngraben2-300x169.jpg 300w, https:\/\/www.harzer-wandernadel.de\/wp-content\/uploads\/2016\/02\/Bauerngraben2-768x432.jpg 768w, https:\/\/www.harzer-wandernadel.de\/wp-content\/uploads\/2016\/02\/Bauerngraben2-1024x576.jpg 1024w, https:\/\/www.harzer-wandernadel.de\/wp-content\/uploads\/2016\/02\/Bauerngraben2-250x141.jpg 250w, https:\/\/www.harzer-wandernadel.de\/wp-content\/uploads\/2016\/02\/Bauerngraben2-624x351.jpg 624w\" sizes=\"(max-width: 2048px) 100vw, 2048px\"><\/span><\/figure><\/div>\n\n<p>Le Gla\u00adse\u00adbach, qui vient du Harz, ren\u00adcontre \u00e0&nbsp;cet endroit une cha\u00eene kars\u00adtique de gypse. Le pro\u00adces\u00adsus de lixi\u00advia\u00adtion a&nbsp;abais\u00ads\u00e9 le niveau de la cuvette et a&nbsp;for\u00adm\u00e9 une falaise blanche et brillante d\u2019un&nbsp;c\u00f4t\u00e9.&nbsp;<\/p>\n\n<p>Le Bauern\u00adgra\u00adben est \u00e9ga\u00adle\u00adment appe\u00adl\u00e9 \u00ab&nbsp;lac p\u00e9rio\u00addique&nbsp;\u00bb, bien que le terme \u00ab&nbsp;lac \u00e9pi\u00adso\u00addique&nbsp;\u00bb soit plus appro\u00adpri\u00e9. Selon que les trous d\u2019a\u00adva\u00adlanche (ponors), qui \u00e9va\u00adcuent l\u2019eau sous terre, sont bou\u00adch\u00e9s ou libres, le bas\u00adsin se rem\u00adplit ou se&nbsp;vide.&nbsp;<\/p>\n\n<p><em>Dans les temps pas\u00ads\u00e9s, le Bauern\u00adgra\u00adben, lors\u00adqu\u2019il \u00e9tait rem\u00adpli d\u2019eau, \u00e9tait ense\u00admen\u00adc\u00e9 de pois\u00adsons par la com\u00admu\u00adnau\u00adt\u00e9 de Ross\u00adla, qui le p\u00eachait \u00e9ga\u00adle\u00adment. Mais si le bas\u00adsin \u00e9tait \u00e0&nbsp;sec, le cur\u00e9 de Brei\u00adtun\u00adgen avait le droit d\u2019y semer et d\u2019y r\u00e9colter.&nbsp;<\/em><\/p>\n\n<p>Depuis le par\u00adking sur la route de Ross\u00adla \u00e0&nbsp;Agnes\u00addorf, un che\u00admin de ran\u00addon\u00adn\u00e9e bali\u00ads\u00e9 m\u00e8ne \u00e0&nbsp;une p\u00e9nin\u00adsule sur le c\u00f4t\u00e9 oppo\u00ads\u00e9 de la falaise. La bo\u00eete de tam\u00adpons se trouve \u00e0&nbsp;c\u00f4t\u00e9 du pan\u00adneau d\u2019in\u00adfor\u00adma\u00adtion de l\u2019as\u00adso\u00adcia\u00adtion r\u00e9gionale.&nbsp;<\/p>\n\n<div class=\"wp-block-buttons is-layout-flex wp-block-buttons-is-layout-flex\">\n<div class=\"wp-block-button\"><a class=\"wp-block-button__link wp-element-button\" href=\"http:\/\/harzer-bergwald.de\/index.php\/wandertouren\/abenteuertouren\/8-nach-alten-gemaeuern-gesucht\">Sug\u00adges\u00adtion de cir\u00adcuit For\u00eat de mon\u00adtagne du&nbsp;Harz<\/a><\/div>\n<\/div>\n","protected":false},"excerpt":{"rendered":"<p>Le Bauern\u00adgra\u00adben (338&nbsp;m&nbsp;au-des\u00adsus du niveau de la mer) est un grand gouffre de ruis\u00adseau qui se trouve entre Ques\u00adten\u00adberg et Brei\u00adtun\u00adgen, \u00e0&nbsp;l\u2019embouchure du Gla\u00adse\u00adbach, et qui fait par\u00adtie des ph\u00e9\u00adno\u00adm\u00e8nes g\u00e9o\u00adlo\u00adgiques les plus impres\u00adsion\u00adnants du karst gyp\u00adseux. Le Gla\u00adse\u00adbach, qui vient du Harz, ren\u00adcontre \u00e0&nbsp;cet endroit une cha\u00eene kars\u00adtique de gypse. Le pro\u00adces\u00adsus de lixiviation&nbsp;[\u2026]<\/p>\n","protected":false},"author":11,"featured_media":18458,"parent":17801,"menu_order":10213,"comment_status":"closed","ping_status":"closed","template":"","meta":{"_seopress_robots_primary_cat":"","_seopress_titles_title":"","_seopress_titles_desc":"","_seopress_robots_index":"","wp_typography_post_enhancements_disabled":false,"iawp_total_views":0,"footnotes":""},"hf_cat_page":[120],"class_list":["post-18457","page","type-page","status-publish","has-post-thumbnail"],"blocksy_meta":[],"_links":{"self":[{"href":"https:\/\/www.harzer-wandernadel.de\/fr\/wp-json\/wp\/v2\/pages\/18457","targetHints":{"allow":["GET"]}}],"collection":[{"href":"https:\/\/www.harzer-wandernadel.de\/fr\/wp-json\/wp\/v2\/pages"}],"about":[{"href":"https:\/\/www.harzer-wandernadel.de\/fr\/wp-json\/wp\/v2\/types\/page"}],"author":[{"embeddable":true,"href":"https:\/\/www.harzer-wandernadel.de\/fr\/wp-json\/wp\/v2\/users\/11"}],"replies":[{"embeddable":true,"href":"https:\/\/www.harzer-wandernadel.de\/fr\/wp-json\/wp\/v2\/comments?post=18457"}],"version-history":[{"count":1,"href":"https:\/\/www.harzer-wandernadel.de\/fr\/wp-json\/wp\/v2\/pages\/18457\/revisions"}],"predecessor-version":[{"id":18459,"href":"https:\/\/www.harzer-wandernadel.de\/fr\/wp-json\/wp\/v2\/pages\/18457\/revisions\/18459"}],"up":[{"embeddable":true,"href":"https:\/\/www.harzer-wandernadel.de\/fr\/wp-json\/wp\/v2\/pages\/17801"}],"wp:featuredmedia":[{"embeddable":true,"href":"https:\/\/www.harzer-wandernadel.de\/fr\/wp-json\/wp\/v2\/media\/18458"}],"wp:attachment":[{"href":"https:\/\/www.harzer-wandernadel.de\/fr\/wp-json\/wp\/v2\/media?parent=18457"}],"wp:term":[{"taxonomy":"hf_cat_page","embeddable":true,"href":"https:\/\/www.harzer-wandernadel.de\/fr\/wp-json\/wp\/v2\/hf_cat_page?post=18457"}],"curies":[{"name":"wp","href":"https:\/\/api.w.org\/{rel}","templated":true}]}}