{"id":18452,"date":"2016-02-18T11:05:45","date_gmt":"2016-02-18T10:05:45","guid":{"rendered":"https:\/\/www.harzer-wandernadel.de\/pointage\/carte-generale\/pointage-210-belle-vue-hainrode\/"},"modified":"2026-01-29T12:49:47","modified_gmt":"2026-01-29T11:49:47","slug":"pointage-210-belle-vue-hainrode","status":"publish","type":"page","link":"https:\/\/www.harzer-wandernadel.de\/fr\/pointage\/carte-generale\/pointage-210-belle-vue-hainrode\/","title":{"rendered":"Pointage 210 \/ Belle vue Hainrode"},"content":{"rendered":"\n<h2 class=\"wp-block-heading\">Le lieu de pointage \u00ab&nbsp;Sch\u00f6ne Aussicht Hainrode&nbsp;\u00bb se trouve entre les deux localit\u00e9s de Hainrode et Questenberg.<\/h2>\n\n<div class=\"wp-block-stackable-image alignwide stk-block-image stk-block stk-89e1006\" data-block-id=\"89e1006\"><style>.stk-89e1006 {margin-top:3% !important;margin-bottom:3% !important;}<\/style><figure><span class=\"stk-img-wrapper stk-image--shape-stretch stk--has-lightbox\"><img decoding=\"async\" width=\"2048\" height=\"1152\" src=\"https:\/\/www.harzer-wandernadel.de\/wp-content\/uploads\/2016\/02\/HWN-Sch\u00f6ne-Aussicht-Thomas-Schmidt.jpg\" class=\"attachment-full size-full wp-post-image\" alt=\"Des collines vertes avec des champs et des for\u00eats sous un ciel bleu\" srcset=\"https:\/\/www.harzer-wandernadel.de\/wp-content\/uploads\/2016\/02\/HWN-Sch\u00f6ne-Aussicht-Thomas-Schmidt.jpg 2048w, https:\/\/www.harzer-wandernadel.de\/wp-content\/uploads\/2016\/02\/HWN-Sch\u00f6ne-Aussicht-Thomas-Schmidt-300x169.jpg 300w, https:\/\/www.harzer-wandernadel.de\/wp-content\/uploads\/2016\/02\/HWN-Sch\u00f6ne-Aussicht-Thomas-Schmidt-768x432.jpg 768w, https:\/\/www.harzer-wandernadel.de\/wp-content\/uploads\/2016\/02\/HWN-Sch\u00f6ne-Aussicht-Thomas-Schmidt-1024x576.jpg 1024w, https:\/\/www.harzer-wandernadel.de\/wp-content\/uploads\/2016\/02\/HWN-Sch\u00f6ne-Aussicht-Thomas-Schmidt-250x141.jpg 250w, https:\/\/www.harzer-wandernadel.de\/wp-content\/uploads\/2016\/02\/HWN-Sch\u00f6ne-Aussicht-Thomas-Schmidt-624x351.jpg 624w\" sizes=\"(max-width: 2048px) 100vw, 2048px\"><\/span><\/figure><\/div>\n\n<p>Le site se trouve exac\u00adte\u00adment au centre de la r\u00e9serve de bio\u00adsph\u00e8re d\u2019en\u00advi\u00adron 30 000&nbsp;hec\u00adtares \u00ab&nbsp;Karst\u00adland\u00adschaft S\u00fcd\u00adharz&nbsp;\u00bb et offre une vue excep\u00adtion\u00adnelle sur le pay\u00adsage du sud du Harz jus\u00adqu\u2019au Kyffh\u00e4user.<\/p>\n\n<p>La r\u00e9serve de bio\u00adsph\u00e8re du pay\u00adsage kars\u00adtique du Harz m\u00e9ri\u00addio\u00adnal s\u2019\u00e9\u00adtend sur la r\u00e9gion du Harz m\u00e9ri\u00addio\u00adnal en Saxe-Anhalt avec de vastes for\u00eats de h\u00eatres qui s\u2019\u00e9\u00adtendent de l\u2019Auer\u00adberg jus\u00adqu\u2019au bord de la Gol\u00addene Aue et sont ensuite rem\u00adpla\u00adc\u00e9es par des ver\u00adgers, des champs, des prai\u00adries et des p\u00e2tu\u00adrages. Le pay\u00adsage kars\u00adtique qui pr\u00e9\u00adc\u00e8de le sud du Harz est une carac\u00adt\u00e9\u00adris\u00adtique unique.&nbsp;<\/p>\n\n<p>C\u2019est ici que se trouvent les d\u00e9p\u00f4ts du Zech\u00adstein avec des gypses, des anhy\u00addrites et des sels faci\u00adle\u00adment solubles dans l\u2019eau. La kars\u00adti\u00adfi\u00adca\u00adtion a&nbsp;cr\u00e9\u00e9 et cr\u00e9e encore aujourd\u2019\u00adhui des formes de ter\u00adrain tr\u00e8s vari\u00e9es, par exemple des dolines, des chutes de terre, des cou\u00adl\u00e9es de ruis\u00adseaux et des grottes. Ce pay\u00adsage bizarre, avec ses struc\u00adtures en mosa\u00efque de petites sur\u00adfaces, offre des habi\u00adtats pr\u00e9\u00adcieux pour une flore et une faune riches en esp\u00e8ces, est unique en Europe.&nbsp;<\/p>\n\n<div class=\"wp-block-buttons is-layout-flex wp-block-buttons-is-layout-flex\">\n<div class=\"wp-block-button\"><a class=\"wp-block-button__link wp-element-button\" href=\"https:\/\/www.biosphaerenreservat-karstlandschaft-suedharz.de\/\">R\u00e9serve de biosph\u00e8re<\/a><\/div>\n<\/div>\n\n<p>Tu peux atteindre le point de poin\u00adtage depuis Hain\u00adrode en emprun\u00adtant le sen\u00adtier de ran\u00addon\u00adn\u00e9e vers la com\u00admu\u00adnau\u00adt\u00e9 rurale ou en sui\u00advant le sen\u00adtier de ran\u00addon\u00adn\u00e9e kars\u00adtique. Depuis Ques\u00adten\u00adberg, il faut suivre le sen\u00adtier de ran\u00addon\u00adn\u00e9e kars\u00adtique en pas\u00adsant par le Has\u00adsel\u00adborn\u00adsch\u00adwinde et le Dins\u00adter\u00adbach\u00adsch\u00adwinde, puis suivre les pan\u00adneaux indi\u00adquant la com\u00admune rurale.&nbsp;<\/p>\n\n<div class=\"wp-block-buttons is-layout-flex wp-block-buttons-is-layout-flex\">\n<div class=\"wp-block-button\"><a class=\"wp-block-button__link wp-element-button\" href=\"http:\/\/harzer-bergwald.de\/index.php\/wandertouren\/romantiktouren\/13-dornroeschen-gefallene-riesen-und-gurgelnde-baechlein\">Sug\u00adges\u00adtion de cir\u00adcuit For\u00eat de mon\u00adtagne du&nbsp;Harz<\/a><\/div>\n<\/div>\n","protected":false},"excerpt":{"rendered":"<p>Le lieu de poin\u00adtage \u00ab&nbsp;Sch\u00f6ne Aus\u00adsicht Hain\u00adrode&nbsp;\u00bb se trouve entre les deux loca\u00adli\u00adt\u00e9s de Hain\u00adrode et Ques\u00adten\u00adberg. Le site se trouve exac\u00adte\u00adment au centre de la r\u00e9serve de bio\u00adsph\u00e8re d\u2019en\u00advi\u00adron 30 000&nbsp;hec\u00adtares \u00ab&nbsp;Karst\u00adland\u00adschaft S\u00fcd\u00adharz&nbsp;\u00bb et offre une vue excep\u00adtion\u00adnelle sur le pay\u00adsage du sud du Harz jus\u00adqu\u2019au Kyffh\u00e4u\u00adser. La r\u00e9serve de bio\u00adsph\u00e8re du pay\u00adsage karstique&nbsp;[\u2026]<\/p>\n","protected":false},"author":11,"featured_media":18455,"parent":17801,"menu_order":10210,"comment_status":"closed","ping_status":"closed","template":"","meta":{"_seopress_robots_primary_cat":"","_seopress_titles_title":"","_seopress_titles_desc":"","_seopress_robots_index":"","wp_typography_post_enhancements_disabled":false,"iawp_total_views":0,"footnotes":""},"hf_cat_page":[120],"class_list":["post-18452","page","type-page","status-publish","has-post-thumbnail"],"blocksy_meta":[],"_links":{"self":[{"href":"https:\/\/www.harzer-wandernadel.de\/fr\/wp-json\/wp\/v2\/pages\/18452","targetHints":{"allow":["GET"]}}],"collection":[{"href":"https:\/\/www.harzer-wandernadel.de\/fr\/wp-json\/wp\/v2\/pages"}],"about":[{"href":"https:\/\/www.harzer-wandernadel.de\/fr\/wp-json\/wp\/v2\/types\/page"}],"author":[{"embeddable":true,"href":"https:\/\/www.harzer-wandernadel.de\/fr\/wp-json\/wp\/v2\/users\/11"}],"replies":[{"embeddable":true,"href":"https:\/\/www.harzer-wandernadel.de\/fr\/wp-json\/wp\/v2\/comments?post=18452"}],"version-history":[{"count":1,"href":"https:\/\/www.harzer-wandernadel.de\/fr\/wp-json\/wp\/v2\/pages\/18452\/revisions"}],"predecessor-version":[{"id":18456,"href":"https:\/\/www.harzer-wandernadel.de\/fr\/wp-json\/wp\/v2\/pages\/18452\/revisions\/18456"}],"up":[{"embeddable":true,"href":"https:\/\/www.harzer-wandernadel.de\/fr\/wp-json\/wp\/v2\/pages\/17801"}],"wp:featuredmedia":[{"embeddable":true,"href":"https:\/\/www.harzer-wandernadel.de\/fr\/wp-json\/wp\/v2\/media\/18455"}],"wp:attachment":[{"href":"https:\/\/www.harzer-wandernadel.de\/fr\/wp-json\/wp\/v2\/media?parent=18452"}],"wp:term":[{"taxonomy":"hf_cat_page","embeddable":true,"href":"https:\/\/www.harzer-wandernadel.de\/fr\/wp-json\/wp\/v2\/hf_cat_page?post=18452"}],"curies":[{"name":"wp","href":"https:\/\/api.w.org\/{rel}","templated":true}]}}