{"id":18440,"date":"2016-02-18T11:02:16","date_gmt":"2016-02-18T10:02:16","guid":{"rendered":"https:\/\/www.harzer-wandernadel.de\/pointage\/carte-generale\/pointage-211-kiliansteiche\/"},"modified":"2026-01-29T12:49:47","modified_gmt":"2026-01-29T11:49:47","slug":"pointage-211-kiliansteiche","status":"publish","type":"page","link":"https:\/\/www.harzer-wandernadel.de\/fr\/pointage\/carte-generale\/pointage-211-kiliansteiche\/","title":{"rendered":"Pointage 211 \/ Kiliansteiche"},"content":{"rendered":"\n<h2 class=\"wp-block-heading\">Le barrage de Kiliansteiche se trouve entre Strasberg et la station naturelle de Schindel-bruch dans les \u00ab&nbsp;Stra\u00dfberger Wiesen&nbsp;\u00bb.<\/h2>\n\n<div class=\"wp-block-stackable-image alignwide stk-block-image stk-block stk-89e1006\" data-block-id=\"89e1006\"><style>.stk-89e1006 {margin-top:3% !important;margin-bottom:3% !important;}<\/style><figure><span class=\"stk-img-wrapper stk-image--shape-stretch stk--has-lightbox\"><img decoding=\"async\" width=\"600\" height=\"450\" src=\"https:\/\/www.harzer-wandernadel.de\/wp-content\/uploads\/2016\/02\/Kiliansteiche.jpg\" class=\"attachment-full size-full wp-post-image\" alt srcset=\"https:\/\/www.harzer-wandernadel.de\/wp-content\/uploads\/2016\/02\/Kiliansteiche.jpg 600w, https:\/\/www.harzer-wandernadel.de\/wp-content\/uploads\/2016\/02\/Kiliansteiche-300x225.jpg 300w, https:\/\/www.harzer-wandernadel.de\/wp-content\/uploads\/2016\/02\/Kiliansteiche-250x188.jpg 250w\" sizes=\"(max-width: 600px) 100vw, 600px\"><\/span><\/figure><\/div>\n\n<p>A l\u2019o\u00adri\u00adgine, il exis\u00adtait \u00e0&nbsp;l\u2019en\u00addroit du bar\u00adrage une cas\u00adcade de rete\u00adnue com\u00adpo\u00ads\u00e9e de 4&nbsp;\u00e9tangs, dont l\u2019un \u00e9tait d\u00e9j\u00e0 men\u00adtion\u00adn\u00e9 dans un docu\u00adment de 1610.&nbsp;A&nbsp;par\u00adtir de 1703, d\u2019autres \u00e9tangs de Kilian ont \u00e9t\u00e9 construits en lien avec l\u2019ex\u00adploi\u00adta\u00adtion mini\u00e8re \u00e0&nbsp;Strasbourg.&nbsp;<\/p>\n\n<p>Comme deux des bar\u00adrages avaient d\u00e9j\u00e0 c\u00e9d\u00e9 en 1901 et en 1944, et que celui qui res\u00adtait \u00e9tait en mau\u00advais \u00e9tat, l\u2019en\u00adtre\u00adprise des bar\u00adrages de Saxe-Anhalt a&nbsp;construit de 1989 \u00e0&nbsp;1995 le bar\u00adrage de Kilians\u00adteich avec un bar\u00adrage en enro\u00adche\u00adment de 25 m\u00e8tres de haut et 210 m\u00e8tres de&nbsp;long.<\/p>\n\n<p>En amont du bar\u00adrage Kilians\u00adteich, le pr\u00e9-bar\u00adrage Kilians\u00adteich a&nbsp;\u00e9t\u00e9 construit avec un bar\u00adrage en terre de 7&nbsp;m\u00e8tres de haut et 110 m\u00e8tres de long. C\u2019est ici que l\u2019on retient le B\u00fcschen\u00adgra\u00adben arti\u00adfi\u00adciel, qui prend sa source dans l\u2019\u00e9\u00adtang de Gr\u00e4\u00adfin\u00adgr\u00fcn\u00adder et dans l\u2019\u00e9\u00adtang de M\u00f6l\u00adler. Les deux bar\u00adrages servent \u00e0&nbsp;la pro\u00adtec\u00adtion contre les inon\u00adda\u00adtions, \u00e0&nbsp;l\u2019aug\u00admen\u00adta\u00adtion des eaux d\u2019\u00e9\u00adtiage et comme r\u00e9serve d\u2019eau potable.&nbsp;<\/p>\n\n<p>Le point de poin\u00adtage se trouve sur la digue en terre du pr\u00e9-bar\u00adrage Kilians\u00adteich et est acces\u00adsible aus\u00adsi bien depuis le Natur\u00adre\u00adsort Schin\u00addel\u00adbruch que depuis le vil\u00adlage de vacances Auer\u00adberg en emprun\u00adtant les sen\u00adtiers de ran\u00addon\u00adn\u00e9e qui passent par le Fran\u00adken\u00adteich. Depuis Stras\u00adberg, tu peux rejoindre les deux bar\u00adrages en pas\u00adsant par la val\u00adl\u00e9e du R\u00f6del\u00adbach et l\u2019\u00e9\u00adtang de Malinius.&nbsp;<\/p>\n\n<div class=\"wp-block-buttons is-layout-flex wp-block-buttons-is-layout-flex\">\n<div class=\"wp-block-button\"><a class=\"wp-block-button__link wp-element-button\" href=\"https:\/\/harzer-bergwald.de\/index.php\/wandertouren\/romantiktouren\/39-ueber-sieben-teiche-musst-du-gehn\">Tour des sept \u00e9tangs<\/a><\/div>\n<\/div>\n","protected":false},"excerpt":{"rendered":"<p>Le bar\u00adrage de Kilians\u00adteiche se trouve entre Stras\u00adberg et la sta\u00adtion natu\u00adrelle de Schin\u00addel-bruch dans les \u00ab&nbsp;Stra\u00df\u00adber\u00adger Wie\u00adsen&nbsp;\u00bb. A&nbsp;l\u2019o\u00adri\u00adgine, il exis\u00adtait \u00e0&nbsp;l\u2019en\u00addroit du bar\u00adrage une cas\u00adcade de rete\u00adnue com\u00adpo\u00ads\u00e9e de 4&nbsp;\u00e9tangs, dont l\u2019un \u00e9tait d\u00e9j\u00e0 men\u00adtion\u00adn\u00e9 dans un docu\u00adment de 1610.&nbsp;A&nbsp;par\u00adtir de 1703, d\u2019autres \u00e9tangs de Kilian ont \u00e9t\u00e9 construits en lien avec l\u2019ex\u00adploi\u00adta\u00adtion [\u2026]<\/p>\n","protected":false},"author":11,"featured_media":18443,"parent":17801,"menu_order":10211,"comment_status":"closed","ping_status":"closed","template":"","meta":{"_seopress_robots_primary_cat":"","_seopress_titles_title":"","_seopress_titles_desc":"","_seopress_robots_index":"","wp_typography_post_enhancements_disabled":false,"iawp_total_views":0,"footnotes":""},"hf_cat_page":[120],"class_list":["post-18440","page","type-page","status-publish","has-post-thumbnail"],"blocksy_meta":[],"_links":{"self":[{"href":"https:\/\/www.harzer-wandernadel.de\/fr\/wp-json\/wp\/v2\/pages\/18440","targetHints":{"allow":["GET"]}}],"collection":[{"href":"https:\/\/www.harzer-wandernadel.de\/fr\/wp-json\/wp\/v2\/pages"}],"about":[{"href":"https:\/\/www.harzer-wandernadel.de\/fr\/wp-json\/wp\/v2\/types\/page"}],"author":[{"embeddable":true,"href":"https:\/\/www.harzer-wandernadel.de\/fr\/wp-json\/wp\/v2\/users\/11"}],"replies":[{"embeddable":true,"href":"https:\/\/www.harzer-wandernadel.de\/fr\/wp-json\/wp\/v2\/comments?post=18440"}],"version-history":[{"count":1,"href":"https:\/\/www.harzer-wandernadel.de\/fr\/wp-json\/wp\/v2\/pages\/18440\/revisions"}],"predecessor-version":[{"id":18445,"href":"https:\/\/www.harzer-wandernadel.de\/fr\/wp-json\/wp\/v2\/pages\/18440\/revisions\/18445"}],"up":[{"embeddable":true,"href":"https:\/\/www.harzer-wandernadel.de\/fr\/wp-json\/wp\/v2\/pages\/17801"}],"wp:featuredmedia":[{"embeddable":true,"href":"https:\/\/www.harzer-wandernadel.de\/fr\/wp-json\/wp\/v2\/media\/18443"}],"wp:attachment":[{"href":"https:\/\/www.harzer-wandernadel.de\/fr\/wp-json\/wp\/v2\/media?parent=18440"}],"wp:term":[{"taxonomy":"hf_cat_page","embeddable":true,"href":"https:\/\/www.harzer-wandernadel.de\/fr\/wp-json\/wp\/v2\/hf_cat_page?post=18440"}],"curies":[{"name":"wp","href":"https:\/\/api.w.org\/{rel}","templated":true}]}}