{"id":18435,"date":"2016-02-18T11:07:57","date_gmt":"2016-02-18T10:07:57","guid":{"rendered":"https:\/\/www.harzer-wandernadel.de\/pointage\/carte-generale\/poinconnage-209-moltkewarte-tour-dobservation\/"},"modified":"2026-01-29T12:49:47","modified_gmt":"2026-01-29T11:49:47","slug":"poinconnage-209-moltkewarte-tour-dobservation","status":"publish","type":"page","link":"https:\/\/www.harzer-wandernadel.de\/fr\/pointage\/carte-generale\/poinconnage-209-moltkewarte-tour-dobservation\/","title":{"rendered":"Poin\u00e7onnage 209 \/ Moltkewarte (tour d\u2019observation)"},"content":{"rendered":"\n<h2 class=\"wp-block-heading\">L\u2019observatoire Moltke se trouve sur le Schl\u00f6\u00dfchenkopf (310&nbsp;m&nbsp;d\u2019altitude) au sud du quartier de Lengefeld \u00e0&nbsp;Sangerhausen.<\/h2>\n\n<div class=\"wp-block-stackable-image alignwide stk-block-image stk-block stk-89e1006\" data-block-id=\"89e1006\"><style>.stk-89e1006 {margin-top:3% !important;margin-bottom:3% !important;}<\/style><figure><span class=\"stk-img-wrapper stk-image--shape-stretch stk--has-lightbox\"><img decoding=\"async\" width=\"989\" height=\"745\" src=\"https:\/\/www.harzer-wandernadel.de\/wp-content\/uploads\/2016\/02\/Moltkewarte-1.jpg\" class=\"attachment-full size-full wp-post-image\" alt srcset=\"https:\/\/www.harzer-wandernadel.de\/wp-content\/uploads\/2016\/02\/Moltkewarte-1.jpg 989w, https:\/\/www.harzer-wandernadel.de\/wp-content\/uploads\/2016\/02\/Moltkewarte-1-300x226.jpg 300w, https:\/\/www.harzer-wandernadel.de\/wp-content\/uploads\/2016\/02\/Moltkewarte-1-768x579.jpg 768w, https:\/\/www.harzer-wandernadel.de\/wp-content\/uploads\/2016\/02\/Moltkewarte-1-250x188.jpg 250w, https:\/\/www.harzer-wandernadel.de\/wp-content\/uploads\/2016\/02\/Moltkewarte-1-624x470.jpg 624w\" sizes=\"(max-width: 989px) 100vw, 989px\"><\/span><\/figure><\/div>\n\n<p>En 1903, la tour d\u2019ob\u00adser\u00adva\u00adtion a&nbsp;\u00e9t\u00e9 construite \u00e0&nbsp;l\u2019i\u00adni\u00adtia\u00adtive de l\u2019as\u00adso\u00adcia\u00adtion Harzk\u00adlub de San\u00adge\u00adrhau\u00adsen en m\u00e9moire de Hel\u00admuth von Moltke (1800 \u2013 1891). Le comte de Moltke, \u00e9ga\u00adle\u00adment connu sous le nom de \u00ab&nbsp;le grand silen\u00adcieux&nbsp;\u00bb, \u00e9tait un mar\u00e9\u00adchal g\u00e9n\u00e9\u00adral prus\u00adsien et, en tant que chef d\u2019\u00e9\u00adtat-major, il a&nbsp;jou\u00e9 un r\u00f4le essen\u00adtiel dans les vic\u00adtoires alle\u00admandes lors de la guerre ger\u00adma\u00adno-danoise, de la guerre aus\u00adtro-prus\u00adsienne et de la guerre franco-allemande.&nbsp;<\/p>\n\n<p>Depuis 2007, des ren\u00adcontres com\u00adm\u00e9\u00admo\u00adra\u00adtives ont lieu le 11 mars au poste d\u2019ob\u00adser\u00adva\u00adtion pour son arri\u00e8re-petit-neveu, le r\u00e9sis\u00adtant alle\u00admand Hel\u00admuth James Graf von Moltke (1907\u20131945).<br>Le mat\u00e9\u00adriau de construc\u00adtion uti\u00adli\u00ads\u00e9 ici, la pierre de roches, est remar\u00adquable sur le plan g\u00e9o\u00adlo\u00adgique. Elle date d\u2019en\u00advi\u00adron 250 mil\u00adlions d\u2019an\u00adn\u00e9es et s\u2019est for\u00adm\u00e9e dans les eaux agi\u00adt\u00e9es d\u2019une mer sur\u00adsa\u00adl\u00e9e. Les mou\u00adve\u00adments ont for\u00adm\u00e9 de petites boules de cal\u00adcaire qui res\u00adsemblent ext\u00e9\u00adrieu\u00adre\u00adment \u00e0&nbsp;des \u0153ufs de pois\u00adson.<br>Dans les envi\u00adrons de la tour d\u2019ob\u00adser\u00adva\u00adtion, la pierre de roche a&nbsp;\u00e9t\u00e9 extraite de plu\u00adsieurs petites car\u00adri\u00e8res. Si tu suis les pan\u00adneaux, tu peux encore visi\u00adter l\u2019une de ces carri\u00e8res.&nbsp;<\/p>\n\n<p>Depuis un par\u00adking situ\u00e9 dans la zone fores\u00adti\u00e8re \u00ab&nbsp;Engels\u00adburg&nbsp;\u00bb au-des\u00adsus de Len\u00adge\u00adfeld, tu peux emprun\u00adter un sen\u00adtier de ran\u00addon\u00adn\u00e9e acces\u00adsible jus\u00adqu\u2019\u00e0 l\u2019ob\u00adser\u00adva\u00adtoire Moltke.<\/p>\n","protected":false},"excerpt":{"rendered":"<p>L\u2019observatoire Moltke se trouve sur le Schl\u00f6\u00df\u00adchen\u00adkopf (310&nbsp;m&nbsp;d\u2019altitude) au sud du quar\u00adtier de Len\u00adge\u00adfeld \u00e0&nbsp;San\u00adge\u00adrhau\u00adsen. En 1903, la tour d\u2019ob\u00adser\u00adva\u00adtion a&nbsp;\u00e9t\u00e9 construite \u00e0&nbsp;l\u2019i\u00adni\u00adtia\u00adtive de l\u2019as\u00adso\u00adcia\u00adtion Harzk\u00adlub de San\u00adge\u00adrhau\u00adsen en m\u00e9moire de Hel\u00admuth von Moltke (1800 \u2013 1891). Le comte de Moltke, \u00e9ga\u00adle\u00adment connu sous le nom de \u00ab&nbsp;le grand silen\u00adcieux&nbsp;\u00bb, \u00e9tait un mar\u00e9\u00adchal g\u00e9n\u00e9\u00adral prussien&nbsp;[\u2026]<\/p>\n","protected":false},"author":11,"featured_media":18437,"parent":17801,"menu_order":10209,"comment_status":"closed","ping_status":"closed","template":"","meta":{"_seopress_robots_primary_cat":"","_seopress_titles_title":"","_seopress_titles_desc":"","_seopress_robots_index":"","wp_typography_post_enhancements_disabled":false,"iawp_total_views":0,"footnotes":""},"hf_cat_page":[120],"class_list":["post-18435","page","type-page","status-publish","has-post-thumbnail"],"blocksy_meta":[],"_links":{"self":[{"href":"https:\/\/www.harzer-wandernadel.de\/fr\/wp-json\/wp\/v2\/pages\/18435","targetHints":{"allow":["GET"]}}],"collection":[{"href":"https:\/\/www.harzer-wandernadel.de\/fr\/wp-json\/wp\/v2\/pages"}],"about":[{"href":"https:\/\/www.harzer-wandernadel.de\/fr\/wp-json\/wp\/v2\/types\/page"}],"author":[{"embeddable":true,"href":"https:\/\/www.harzer-wandernadel.de\/fr\/wp-json\/wp\/v2\/users\/11"}],"replies":[{"embeddable":true,"href":"https:\/\/www.harzer-wandernadel.de\/fr\/wp-json\/wp\/v2\/comments?post=18435"}],"version-history":[{"count":1,"href":"https:\/\/www.harzer-wandernadel.de\/fr\/wp-json\/wp\/v2\/pages\/18435\/revisions"}],"predecessor-version":[{"id":18439,"href":"https:\/\/www.harzer-wandernadel.de\/fr\/wp-json\/wp\/v2\/pages\/18435\/revisions\/18439"}],"up":[{"embeddable":true,"href":"https:\/\/www.harzer-wandernadel.de\/fr\/wp-json\/wp\/v2\/pages\/17801"}],"wp:featuredmedia":[{"embeddable":true,"href":"https:\/\/www.harzer-wandernadel.de\/fr\/wp-json\/wp\/v2\/media\/18437"}],"wp:attachment":[{"href":"https:\/\/www.harzer-wandernadel.de\/fr\/wp-json\/wp\/v2\/media?parent=18435"}],"wp:term":[{"taxonomy":"hf_cat_page","embeddable":true,"href":"https:\/\/www.harzer-wandernadel.de\/fr\/wp-json\/wp\/v2\/hf_cat_page?post=18435"}],"curies":[{"name":"wp","href":"https:\/\/api.w.org\/{rel}","templated":true}]}}