{"id":18423,"date":"2016-02-18T11:10:02","date_gmt":"2016-02-18T10:10:02","guid":{"rendered":"https:\/\/www.harzer-wandernadel.de\/pointage\/carte-generale\/pointage-208-ruines-du-chateau-de-grillenburg\/"},"modified":"2026-01-29T12:49:42","modified_gmt":"2026-01-29T11:49:42","slug":"pointage-208-ruines-du-chateau-de-grillenburg","status":"publish","type":"page","link":"https:\/\/www.harzer-wandernadel.de\/fr\/pointage\/carte-generale\/pointage-208-ruines-du-chateau-de-grillenburg\/","title":{"rendered":"Pointage 208 \/ Ruines du ch\u00e2teau de Grillenburg"},"content":{"rendered":"\n<h2 class=\"wp-block-heading\">Les ruines du ch\u00e2teau de Grillenburg sont situ\u00e9es \u00e0&nbsp;l\u2019est du quartier de Sangerhausen et de la station de repos reconnue par l\u2019\u00c9tat de Grillenburg.<\/h2>\n\n<div class=\"wp-block-stackable-image alignwide stk-block-image stk-block stk-89e1006\" data-block-id=\"89e1006\"><style>.stk-89e1006 {margin-top:3% !important;margin-bottom:3% !important;}<\/style><figure><span class=\"stk-img-wrapper stk-image--shape-stretch stk--has-lightbox\"><img decoding=\"async\" width=\"595\" height=\"388\" src=\"https:\/\/www.harzer-wandernadel.de\/wp-content\/uploads\/2016\/02\/Grillenburg.jpg\" class=\"attachment-full size-full wp-post-image\" alt srcset=\"https:\/\/www.harzer-wandernadel.de\/wp-content\/uploads\/2016\/02\/Grillenburg.jpg 595w, https:\/\/www.harzer-wandernadel.de\/wp-content\/uploads\/2016\/02\/Grillenburg-300x196.jpg 300w, https:\/\/www.harzer-wandernadel.de\/wp-content\/uploads\/2016\/02\/Grillenburg-250x163.jpg 250w\" sizes=\"(max-width: 595px) 100vw, 595px\"><\/span><\/figure><\/div>\n\n<p>Grillen\u00adberg a&nbsp;\u00e9t\u00e9 men\u00adtion\u00adn\u00e9 pour la pre\u00admi\u00e8re fois au 9\u00e8me si\u00e8cle dans un registre du monas\u00adt\u00e8re de Hers\u00adfeld en tant que lieu de d\u00eeme \u00ab&nbsp;Cori\u00adle\u00addorpf&nbsp;\u00bb. En 1217, les ruines actuelles sont men\u00adtion\u00adn\u00e9es pour la pre\u00admi\u00e8re fois dans un docu\u00adment sous le nom de \u00ab&nbsp;ch\u00e2\u00adteau de Grel\u00adlen\u00adberch&nbsp;\u00bb, qui ser\u00advait \u00e0&nbsp;pro\u00adt\u00e9\u00adger la cuvette de San\u00adge\u00adrhau\u00adsen. L\u2019u\u00adti\u00adli\u00adsa\u00adtion de la brique comme mat\u00e9\u00adriau de construc\u00adtion est par\u00adti\u00adcu\u00adli\u00e8\u00adre\u00adment remarquable.&nbsp;<\/p>\n\n<p>En 1361, le ch\u00e2\u00adteau et la ville ont \u00e9t\u00e9 pris par le comte de Mans\u00adfeld lors d\u2019une que\u00adrelle, mais celui-ci a&nbsp;d\u00fb tout rendre un an plus tard. Lors du si\u00e8ge du ch\u00e2\u00adteau, les pay\u00adsans de la loca\u00adli\u00adt\u00e9 avaient subi de gros dom\u00admages, si bien qu\u2019ils furent exemp\u00adt\u00e9s de tout ser\u00advice et de toute taxe pen\u00addant trois&nbsp;ans.&nbsp;<\/p>\n\n<p>En 1366, le ch\u00e2\u00adteau est ensuite deve\u00adnu la pro\u00adpri\u00e9\u00adt\u00e9 du duc Magnus de Braun\u00adsch\u00adweig. De 1485 \u00e0&nbsp;1547, le ch\u00e2\u00adteau a&nbsp;\u00e9t\u00e9 don\u00adn\u00e9 en fief \u00e0&nbsp;la famille von Morun\u00adgen, puis est reve\u00adnu \u00e0&nbsp;l\u2019ad\u00admi\u00adnis\u00adtra\u00adtion saxonne de San\u00adge\u00adrhau\u00adsen. On sup\u00adpose qu\u2019a\u00adpr\u00e8s cette p\u00e9riode, le ch\u00e2\u00adteau s\u2019est len\u00adte\u00adment d\u00e9t\u00e9\u00adrio\u00adr\u00e9, mais qu\u2019il \u00e9tait encore habi\u00adt\u00e9 par moments.&nbsp;<\/p>\n\n<p>Grillen\u00adberg a&nbsp;\u00e9t\u00e9 tou\u00adch\u00e9e par la chasse aux sor\u00adci\u00e8res de 1607 \u00e0&nbsp;1614. Doro\u00adthea Krause s\u2019est retrou\u00adv\u00e9e dans un pro\u00adc\u00e8s de sor\u00adcel\u00adle\u00adrie et a&nbsp;\u00e9t\u00e9 br\u00fb\u00adl\u00e9e en 1608. En 1614, une femme a&nbsp;r\u00e9sis\u00adt\u00e9 \u00e0&nbsp;deux tor\u00adtures et a&nbsp;\u00e9t\u00e9 expul\u00ads\u00e9e du&nbsp;pays.&nbsp;<\/p>\n\n<p>Le point de d\u00e9part le plus pra\u00adtique pour une ran\u00addon\u00adn\u00e9e vers le Grillen\u00adburg est le par\u00adking de la pis\u00adcine fores\u00adti\u00e8re de Grillen\u00adberg. De l\u00e0, il faut suivre le che\u00admin de ran\u00addon\u00adn\u00e9e indi\u00adqu\u00e9 jus\u00adqu\u2019aux ruines du ch\u00e2teau.&nbsp;<\/p>\n","protected":false},"excerpt":{"rendered":"<p>Les ruines du ch\u00e2\u00adteau de Grillen\u00adburg sont situ\u00e9es \u00e0&nbsp;l\u2019est du quar\u00adtier de San\u00adge\u00adrhau\u00adsen et de la sta\u00adtion de repos recon\u00adnue par l\u2019\u00c9tat de Grillen\u00adburg. Grillen\u00adberg a&nbsp;\u00e9t\u00e9 men\u00adtion\u00adn\u00e9 pour la pre\u00admi\u00e8re fois au 9\u00e8me si\u00e8cle dans un registre du monas\u00adt\u00e8re de Hers\u00adfeld en tant que lieu de d\u00eeme \u00ab&nbsp;Cori\u00adle\u00addorpf&nbsp;\u00bb. En 1217, les ruines actuelles sont mentionn\u00e9es&nbsp;[\u2026]<\/p>\n","protected":false},"author":11,"featured_media":18424,"parent":17801,"menu_order":10208,"comment_status":"closed","ping_status":"closed","template":"","meta":{"_seopress_robots_primary_cat":"","_seopress_titles_title":"","_seopress_titles_desc":"","_seopress_robots_index":"","wp_typography_post_enhancements_disabled":false,"iawp_total_views":0,"footnotes":""},"hf_cat_page":[120],"class_list":["post-18423","page","type-page","status-publish","has-post-thumbnail"],"blocksy_meta":[],"_links":{"self":[{"href":"https:\/\/www.harzer-wandernadel.de\/fr\/wp-json\/wp\/v2\/pages\/18423","targetHints":{"allow":["GET"]}}],"collection":[{"href":"https:\/\/www.harzer-wandernadel.de\/fr\/wp-json\/wp\/v2\/pages"}],"about":[{"href":"https:\/\/www.harzer-wandernadel.de\/fr\/wp-json\/wp\/v2\/types\/page"}],"author":[{"embeddable":true,"href":"https:\/\/www.harzer-wandernadel.de\/fr\/wp-json\/wp\/v2\/users\/11"}],"replies":[{"embeddable":true,"href":"https:\/\/www.harzer-wandernadel.de\/fr\/wp-json\/wp\/v2\/comments?post=18423"}],"version-history":[{"count":1,"href":"https:\/\/www.harzer-wandernadel.de\/fr\/wp-json\/wp\/v2\/pages\/18423\/revisions"}],"predecessor-version":[{"id":18425,"href":"https:\/\/www.harzer-wandernadel.de\/fr\/wp-json\/wp\/v2\/pages\/18423\/revisions\/18425"}],"up":[{"embeddable":true,"href":"https:\/\/www.harzer-wandernadel.de\/fr\/wp-json\/wp\/v2\/pages\/17801"}],"wp:featuredmedia":[{"embeddable":true,"href":"https:\/\/www.harzer-wandernadel.de\/fr\/wp-json\/wp\/v2\/media\/18424"}],"wp:attachment":[{"href":"https:\/\/www.harzer-wandernadel.de\/fr\/wp-json\/wp\/v2\/media?parent=18423"}],"wp:term":[{"taxonomy":"hf_cat_page","embeddable":true,"href":"https:\/\/www.harzer-wandernadel.de\/fr\/wp-json\/wp\/v2\/hf_cat_page?post=18423"}],"curies":[{"name":"wp","href":"https:\/\/api.w.org\/{rel}","templated":true}]}}