{"id":18420,"date":"2016-02-18T11:13:48","date_gmt":"2016-02-18T10:13:48","guid":{"rendered":"https:\/\/www.harzer-wandernadel.de\/pointage\/carte-generale\/pointage-206-hahnestein\/"},"modified":"2026-01-29T12:49:42","modified_gmt":"2026-01-29T11:49:42","slug":"pointage-206-hahnestein","status":"publish","type":"page","link":"https:\/\/www.harzer-wandernadel.de\/fr\/pointage\/carte-generale\/pointage-206-hahnestein\/","title":{"rendered":"Pointage 206 \/ Hahnestein"},"content":{"rendered":"\n<h2 class=\"wp-block-heading\">Le Hahnestein se trouve \u00e0&nbsp;Hohegei\u00df, entre le parking de randonn\u00e9e \u00ab&nbsp;Bechlerstein&nbsp;\u00bb et le Hinteren Ebersberg (686&nbsp;m&nbsp;d\u2019altitude).<\/h2>\n\n<div class=\"wp-block-stackable-image alignwide stk-block-image stk-block stk-89e1006\" data-block-id=\"89e1006\"><style>.stk-89e1006 {margin-top:3% !important;margin-bottom:3% !important;}<\/style><figure><span class=\"stk-img-wrapper stk-image--shape-stretch stk--has-lightbox\"><img decoding=\"async\" width=\"1000\" height=\"750\" src=\"https:\/\/www.harzer-wandernadel.de\/wp-content\/uploads\/2016\/02\/Hahnestein.jpg\" class=\"attachment-full size-full wp-post-image\" alt srcset=\"https:\/\/www.harzer-wandernadel.de\/wp-content\/uploads\/2016\/02\/Hahnestein.jpg 1000w, https:\/\/www.harzer-wandernadel.de\/wp-content\/uploads\/2016\/02\/Hahnestein-300x225.jpg 300w, https:\/\/www.harzer-wandernadel.de\/wp-content\/uploads\/2016\/02\/Hahnestein-768x576.jpg 768w, https:\/\/www.harzer-wandernadel.de\/wp-content\/uploads\/2016\/02\/Hahnestein-250x188.jpg 250w, https:\/\/www.harzer-wandernadel.de\/wp-content\/uploads\/2016\/02\/Hahnestein-624x468.jpg 624w\" sizes=\"(max-width: 1000px) 100vw, 1000px\"><\/span><\/figure><\/div>\n\n<p>La pierre com\u00adm\u00e9\u00admo\u00adra\u00adtive rap\u00adpelle l\u2019ou\u00advrier fores\u00adtier de Hohe\u00adgei\u00df Wil\u00adhelm Hahne (1865 \u2013 1952). Celui-ci a&nbsp;com\u00admen\u00adc\u00e9 \u00e0&nbsp;tra\u00advailler dans la for\u00eat \u00e0&nbsp;l\u2019\u00e2ge de 15 ans, \u00e0&nbsp;65 ans il ne vou\u00adlait pas encore entendre par\u00adler de sa retraite m\u00e9ri\u00adt\u00e9e et a&nbsp;tra\u00advaill\u00e9 dans la for\u00eat jus\u00adqu\u2019\u00e0 l\u2019\u00e2ge de 85 ans. En 1951, l\u2019ad\u00admi\u00adnis\u00adtra\u00adtion fores\u00adti\u00e8re lui a&nbsp;fait \u00e9ri\u00adger une pierre com\u00adm\u00e9\u00admo\u00adra\u00adtive en recon\u00adnais\u00adsance de ses 70 ans de tra\u00advail, et il a&nbsp;pu assis\u00adter per\u00adson\u00adnel\u00adle\u00adment \u00e0&nbsp;son inauguration.&nbsp;<\/p>\n\n<p>Un bon point de d\u00e9part est le par\u00adking fores\u00adtier et l\u2019aire de bar\u00adbe\u00adcue \u00ab&nbsp;Bechler\u00adstein&nbsp;\u00bb. L\u00e0, une pierre com\u00adm\u00e9\u00admo\u00adra\u00adtive rap\u00adpelle le ma\u00eetre de pen\u00adsion du dis\u00adtrict Her\u00admann Bechler de Blan\u00adken\u00adburg, qui a&nbsp;per\u00addu l\u2019o\u00adrien\u00adta\u00adtion en 1886 sur le che\u00admin \u00e0&nbsp;pied vers Zorge dans une tem\u00adp\u00eate de neige et est mort de froid \u00e0&nbsp;cet endroit.&nbsp;<\/p>\n\n<p>Depuis le Bechler\u00adstein, on arrive au Hah\u00adne\u00adstein en pas\u00adsant par la Wolf\u00adsbachs\u00adtra\u00dfe, la Willi\u00adbald-Ihmann-K\u00f6te et le che\u00admin hori\u00adzon\u00adtal. Tu peux conti\u00adnuer la ran\u00addon\u00adn\u00e9e par la Wolf\u00adsbachs\u00adtra\u00dfe jus\u00adqu\u2019aux <a href=\"https:\/\/www.harzer-wandernadel.de\/stempelstellen\/uebersichtskarte\/stempelstelle-45-dicke-tannen\/\" data-type=\"page\" data-id=\"724\">Dicken Tan\u00adnen HWN 45<\/a>. <\/p>\n","protected":false},"excerpt":{"rendered":"<p>Le Hah\u00adne\u00adstein se trouve \u00e0&nbsp;Hohe\u00adgei\u00df, entre le par\u00adking de ran\u00addon\u00adn\u00e9e \u00ab&nbsp;Bechler\u00adstein&nbsp;\u00bb et le Hin\u00adte\u00adren Ebers\u00adberg (686&nbsp;m&nbsp;d\u2019altitude). La pierre com\u00adm\u00e9\u00admo\u00adra\u00adtive rap\u00adpelle l\u2019ou\u00advrier fores\u00adtier de Hohe\u00adgei\u00df Wil\u00adhelm Hahne (1865 \u2013 1952). Celui-ci a&nbsp;com\u00admen\u00adc\u00e9 \u00e0&nbsp;tra\u00advailler dans la for\u00eat \u00e0&nbsp;l\u2019\u00e2ge de 15 ans, \u00e0&nbsp;65 ans il ne vou\u00adlait pas encore entendre par\u00adler de sa retraite m\u00e9ri\u00adt\u00e9e et a&nbsp;tra\u00advaill\u00e9 dans&nbsp;[\u2026]<\/p>\n","protected":false},"author":11,"featured_media":18421,"parent":17801,"menu_order":10206,"comment_status":"closed","ping_status":"closed","template":"","meta":{"_seopress_robots_primary_cat":"","_seopress_titles_title":"","_seopress_titles_desc":"","_seopress_robots_index":"","wp_typography_post_enhancements_disabled":false,"iawp_total_views":1,"footnotes":""},"hf_cat_page":[120],"class_list":["post-18420","page","type-page","status-publish","has-post-thumbnail"],"blocksy_meta":[],"_links":{"self":[{"href":"https:\/\/www.harzer-wandernadel.de\/fr\/wp-json\/wp\/v2\/pages\/18420","targetHints":{"allow":["GET"]}}],"collection":[{"href":"https:\/\/www.harzer-wandernadel.de\/fr\/wp-json\/wp\/v2\/pages"}],"about":[{"href":"https:\/\/www.harzer-wandernadel.de\/fr\/wp-json\/wp\/v2\/types\/page"}],"author":[{"embeddable":true,"href":"https:\/\/www.harzer-wandernadel.de\/fr\/wp-json\/wp\/v2\/users\/11"}],"replies":[{"embeddable":true,"href":"https:\/\/www.harzer-wandernadel.de\/fr\/wp-json\/wp\/v2\/comments?post=18420"}],"version-history":[{"count":1,"href":"https:\/\/www.harzer-wandernadel.de\/fr\/wp-json\/wp\/v2\/pages\/18420\/revisions"}],"predecessor-version":[{"id":18422,"href":"https:\/\/www.harzer-wandernadel.de\/fr\/wp-json\/wp\/v2\/pages\/18420\/revisions\/18422"}],"up":[{"embeddable":true,"href":"https:\/\/www.harzer-wandernadel.de\/fr\/wp-json\/wp\/v2\/pages\/17801"}],"wp:featuredmedia":[{"embeddable":true,"href":"https:\/\/www.harzer-wandernadel.de\/fr\/wp-json\/wp\/v2\/media\/18421"}],"wp:attachment":[{"href":"https:\/\/www.harzer-wandernadel.de\/fr\/wp-json\/wp\/v2\/media?parent=18420"}],"wp:term":[{"taxonomy":"hf_cat_page","embeddable":true,"href":"https:\/\/www.harzer-wandernadel.de\/fr\/wp-json\/wp\/v2\/hf_cat_page?post=18420"}],"curies":[{"name":"wp","href":"https:\/\/api.w.org\/{rel}","templated":true}]}}