{"id":18406,"date":"2016-02-18T11:13:57","date_gmt":"2016-02-18T10:13:57","guid":{"rendered":"https:\/\/www.harzer-wandernadel.de\/pointage\/carte-generale\/pointage-64-boeser-kleef-point-de-vue\/"},"modified":"2026-02-28T14:42:33","modified_gmt":"2026-02-28T13:42:33","slug":"pointage-64-boeser-kleef-point-de-vue","status":"publish","type":"page","link":"https:\/\/www.harzer-wandernadel.de\/fr\/pointage\/carte-generale\/pointage-64-boeser-kleef-point-de-vue\/","title":{"rendered":"Pointage 64 \/ B\u00f6ser Kleef (point de&nbsp;vue)"},"content":{"rendered":"\n<h2 class=\"wp-block-heading\">Le point de vue de B\u00f6ser Kleef se trouve sur une falaise au-dessus d\u2019Altenbrak.<\/h2>\n\n<div class=\"wp-block-stackable-image alignwide stk-block-image stk-block stk-89e1006\" data-block-id=\"89e1006\"><style>.stk-89e1006 {margin-top:3% !important;margin-bottom:3% !important;}<\/style><figure><span class=\"stk-img-wrapper stk-image--shape-stretch stk--has-lightbox\"><img decoding=\"async\" width=\"978\" height=\"550\" src=\"https:\/\/www.harzer-wandernadel.de\/wp-content\/uploads\/2016\/02\/B\u00f6ser-Kleef.jpg\" class=\"attachment-full size-full wp-post-image\" alt srcset=\"https:\/\/www.harzer-wandernadel.de\/wp-content\/uploads\/2016\/02\/B\u00f6ser-Kleef.jpg 978w, https:\/\/www.harzer-wandernadel.de\/wp-content\/uploads\/2016\/02\/B\u00f6ser-Kleef-300x169.jpg 300w, https:\/\/www.harzer-wandernadel.de\/wp-content\/uploads\/2016\/02\/B\u00f6ser-Kleef-768x432.jpg 768w, https:\/\/www.harzer-wandernadel.de\/wp-content\/uploads\/2016\/02\/B\u00f6ser-Kleef-624x351.jpg 624w\" sizes=\"(max-width: 978px) 100vw, 978px\"><\/span><\/figure><\/div>\n\n<p>L\u2019aire de repos sous les grands ch\u00eanes est tr\u00e8s idyl\u00adlique et offre une belle vue sur Alten\u00adbrak et la val\u00adl\u00e9e de la&nbsp;Bode.<\/p>\n\n<p>Le meilleur point de d\u00e9part est l\u2019<a href=\"https:\/\/www.harzer-wandernadel.de\/fr\/pointage\/carte-generale\/pointage-65-auberge-todtenrode\/\" data-type=\"page\" data-id=\"853\">auberge Tod\u00adten\u00adrode HWN 65<\/a>. Tu suis le che\u00admin indi\u00adqu\u00e9 et apr\u00e8s une courte marche, tu arrives au point de vue. La bo\u00eete de tam\u00adpons se trouve dans le refuge.&nbsp;<\/p>\n\n<div class=\"wp-block-buttons is-layout-flex wp-block-buttons-is-layout-flex\">\n<div class=\"wp-block-button\"><a class=\"wp-block-button__link wp-element-button\" href=\"http:\/\/harzer-bergwald.de\/index.php\/wandertouren\/abenteuertouren\/23-stempelmarathon-ueber-dem-bodetal\" target=\"_blank\" rel=\"noreferrer noopener\">Sug\u00adges\u00adtion de cir\u00adcuit For\u00eat de mon\u00adtagne du&nbsp;Harz&nbsp;\u00bb<\/a><\/div>\n<\/div>\n","protected":false},"excerpt":{"rendered":"<p>Le point de vue de B\u00f6ser Kleef se trouve sur une falaise au-des\u00adsus d\u2019Altenbrak. L\u2019aire de repos sous les grands ch\u00eanes est tr\u00e8s idyl\u00adlique et offre une belle vue sur Alten\u00adbrak et la val\u00adl\u00e9e de la&nbsp;Bode. Le meilleur point de d\u00e9part est l\u2019auberge Tod\u00adten\u00adrode HWN 65. Tu suis le che\u00admin indi\u00adqu\u00e9 et apr\u00e8s une courte&nbsp;[\u2026]<\/p>\n","protected":false},"author":11,"featured_media":18407,"parent":17801,"menu_order":10064,"comment_status":"closed","ping_status":"closed","template":"","meta":{"_seopress_robots_primary_cat":"","_seopress_titles_title":"","_seopress_titles_desc":"","_seopress_robots_index":"","wp_typography_post_enhancements_disabled":false,"iawp_total_views":0,"footnotes":""},"hf_cat_page":[120],"class_list":["post-18406","page","type-page","status-publish","has-post-thumbnail"],"blocksy_meta":[],"_links":{"self":[{"href":"https:\/\/www.harzer-wandernadel.de\/fr\/wp-json\/wp\/v2\/pages\/18406","targetHints":{"allow":["GET"]}}],"collection":[{"href":"https:\/\/www.harzer-wandernadel.de\/fr\/wp-json\/wp\/v2\/pages"}],"about":[{"href":"https:\/\/www.harzer-wandernadel.de\/fr\/wp-json\/wp\/v2\/types\/page"}],"author":[{"embeddable":true,"href":"https:\/\/www.harzer-wandernadel.de\/fr\/wp-json\/wp\/v2\/users\/11"}],"replies":[{"embeddable":true,"href":"https:\/\/www.harzer-wandernadel.de\/fr\/wp-json\/wp\/v2\/comments?post=18406"}],"version-history":[{"count":2,"href":"https:\/\/www.harzer-wandernadel.de\/fr\/wp-json\/wp\/v2\/pages\/18406\/revisions"}],"predecessor-version":[{"id":24800,"href":"https:\/\/www.harzer-wandernadel.de\/fr\/wp-json\/wp\/v2\/pages\/18406\/revisions\/24800"}],"up":[{"embeddable":true,"href":"https:\/\/www.harzer-wandernadel.de\/fr\/wp-json\/wp\/v2\/pages\/17801"}],"wp:featuredmedia":[{"embeddable":true,"href":"https:\/\/www.harzer-wandernadel.de\/fr\/wp-json\/wp\/v2\/media\/18407"}],"wp:attachment":[{"href":"https:\/\/www.harzer-wandernadel.de\/fr\/wp-json\/wp\/v2\/media?parent=18406"}],"wp:term":[{"taxonomy":"hf_cat_page","embeddable":true,"href":"https:\/\/www.harzer-wandernadel.de\/fr\/wp-json\/wp\/v2\/hf_cat_page?post=18406"}],"curies":[{"name":"wp","href":"https:\/\/api.w.org\/{rel}","templated":true}]}}