{"id":18405,"date":"2016-02-18T11:11:30","date_gmt":"2016-02-18T10:11:30","guid":{"rendered":"https:\/\/www.harzer-wandernadel.de\/pointage\/carte-generale\/pointage-207-mausolee\/"},"modified":"2026-01-29T12:49:42","modified_gmt":"2026-01-29T11:49:42","slug":"pointage-207-mausolee","status":"publish","type":"page","link":"https:\/\/www.harzer-wandernadel.de\/fr\/pointage\/carte-generale\/pointage-207-mausolee\/","title":{"rendered":"Pointage 207 \/ Mausol\u00e9e"},"content":{"rendered":"\n<h2 class=\"wp-block-heading\">Le mausol\u00e9e est un lieu de s\u00e9pulture n\u00e9ogothique des comtes d\u2019Asseburg-Falkenstein et se trouve \u00e0&nbsp;la p\u00e9riph\u00e9rie de Meisdorf, \u00e0&nbsp;proximit\u00e9 imm\u00e9diate du ch\u00e2teau.<\/h2>\n\n<div class=\"wp-block-stackable-image alignwide stk-block-image stk-block stk-89e1006\" data-block-id=\"89e1006\"><style>.stk-89e1006 {margin-top:3% !important;margin-bottom:3% !important;}<\/style><figure><span class=\"stk-img-wrapper stk-image--shape-stretch stk--has-lightbox\"><img decoding=\"async\" width=\"2048\" height=\"1536\" src=\"https:\/\/www.harzer-wandernadel.de\/wp-content\/uploads\/2016\/02\/HWN-Mausoleum-Bohlmann.jpg\" class=\"attachment-full size-full wp-post-image\" alt=\"Ruines de ch\u00e2teau m\u00e9di\u00e9val dans la for\u00eat\" srcset=\"https:\/\/www.harzer-wandernadel.de\/wp-content\/uploads\/2016\/02\/HWN-Mausoleum-Bohlmann.jpg 2048w, https:\/\/www.harzer-wandernadel.de\/wp-content\/uploads\/2016\/02\/HWN-Mausoleum-Bohlmann-300x225.jpg 300w, https:\/\/www.harzer-wandernadel.de\/wp-content\/uploads\/2016\/02\/HWN-Mausoleum-Bohlmann-768x576.jpg 768w, https:\/\/www.harzer-wandernadel.de\/wp-content\/uploads\/2016\/02\/HWN-Mausoleum-Bohlmann-1024x768.jpg 1024w, https:\/\/www.harzer-wandernadel.de\/wp-content\/uploads\/2016\/02\/HWN-Mausoleum-Bohlmann-250x188.jpg 250w, https:\/\/www.harzer-wandernadel.de\/wp-content\/uploads\/2016\/02\/HWN-Mausoleum-Bohlmann-624x468.jpg 624w\" sizes=\"(max-width: 2048px) 100vw, 2048px\"><\/span><\/figure><\/div>\n\n<div class=\"wp-block-buttons is-layout-flex wp-block-buttons-is-layout-flex\">\n\n<p>Au 18\u00e8me si\u00e8cle, Achatz Fer\u00addi\u00adnand von der Asse\u00adburg pos\u00ads\u00e9\u00addait \u00e0&nbsp;la fois le ch\u00e2\u00adteau de Meis\u00addorf et le ch\u00e2\u00adteau voi\u00adsin de Fal\u00adken\u00adstein, et a&nbsp;fait construire le mau\u00adso\u00adl\u00e9e dans le style baroque de l\u2019\u00e9\u00adpoque, com\u00adpo\u00ads\u00e9 de mor\u00adceaux de roche&nbsp;brute.<\/p>\n\n<p>Au 19\u00e8me si\u00e8cle, le comte Lud\u00adwig August von der Asse\u00adburg (1796 \u2013 1869), chef du ser\u00advice de chasse prus\u00adsien, a&nbsp;com\u00adpl\u00e8\u00adte\u00adment r\u00e9am\u00e9\u00adna\u00adg\u00e9 le ch\u00e2\u00adteau et a&nbsp;cr\u00e9\u00e9 des chaus\u00ads\u00e9es des deux c\u00f4t\u00e9s vers Bal\u00adlens\u00adtedt et Harz\u00adge\u00adrode. A&nbsp;son \u00e9poque, un grand parc et des prai\u00adries luxu\u00adriantes entou\u00adraient le ch\u00e2\u00adteau, \u00e0&nbsp;c\u00f4t\u00e9 duquel se trou\u00advait une for\u00eat de feuillus, \u00e0&nbsp;tra\u00advers laquelle un che\u00admin menait au mausol\u00e9e.&nbsp;<\/p>\n\n<p>Il a&nbsp;\u00e9ga\u00adle\u00adment r\u00e9no\u00adv\u00e9 le ch\u00e2\u00adteau en ruine de Fal\u00adken\u00adstein, car en tant que ma\u00eetre-chas\u00adseur de la cour \u2013 tout comme son suc\u00adces\u00adseur le comte Louis II \u2013 il orga\u00adni\u00adsait de nom\u00adbreuses chasses \u00e0&nbsp;la cour aux\u00adquelles par\u00adti\u00adci\u00adpaient non seule\u00adment des t\u00eates cou\u00adron\u00adn\u00e9es mais aus\u00adsi de nom\u00adbreuses autres per\u00adson\u00adna\u00adli\u00adt\u00e9s connues.<\/p>\n\n<p>Depuis le par\u00adking de ran\u00addon\u00adn\u00e9e \u00e0&nbsp;la p\u00e9ri\u00adph\u00e9\u00adrie de Meis\u00addorf, tu peux atteindre le mau\u00adso\u00adl\u00e9e en emprun\u00adtant le Sel\u00adke\u00adtal-Stieg et conti\u00adnuer la ran\u00addon\u00adn\u00e9e jus\u00adqu\u2019\u00e0 <a href=\"https:\/\/www.harzer-wandernadel.de\/stempelstellen\/uebersichtskarte\/stempelstelle-204-selkesicht-an-der-ackeburg\/\" data-type=\"page\" data-id=\"855\">Sel\u00adke\u00adblick HWN 204<\/a> ou jus\u00adqu\u2019au <a href=\"https:\/\/www.harzer-wandernadel.de\/stempelstellen\/uebersichtskarte\/stempelstelle-200-burg-falkenstein\/\" data-type=\"page\" data-id=\"866\">ch\u00e2\u00adteau de Fal\u00adken\u00adstein HWN 200<\/a>.<\/p>\n<\/div>","protected":false},"excerpt":{"rendered":"<p>Le mau\u00adso\u00adl\u00e9e est un lieu de s\u00e9pul\u00adture n\u00e9o\u00adgo\u00adthique des comtes d\u2019Asseburg-Falkenstein et se trouve \u00e0&nbsp;la p\u00e9ri\u00adph\u00e9\u00adrie de Meis\u00addorf, \u00e0&nbsp;proxi\u00admi\u00adt\u00e9 imm\u00e9\u00addiate du ch\u00e2\u00adteau. Au 18\u00e8me si\u00e8cle, Achatz Fer\u00addi\u00adnand von der Asse\u00adburg pos\u00ads\u00e9\u00addait \u00e0&nbsp;la fois le ch\u00e2\u00adteau de Meis\u00addorf et le ch\u00e2\u00adteau voi\u00adsin de Fal\u00adken\u00adstein, et a&nbsp;fait construire le mau\u00adso\u00adl\u00e9e dans le style baroque de l\u2019\u00e9\u00adpoque, compos\u00e9&nbsp;[\u2026]<\/p>\n","protected":false},"author":11,"featured_media":18409,"parent":17801,"menu_order":10207,"comment_status":"closed","ping_status":"closed","template":"","meta":{"_seopress_robots_primary_cat":"","_seopress_titles_title":"","_seopress_titles_desc":"","_seopress_robots_index":"","wp_typography_post_enhancements_disabled":false,"iawp_total_views":0,"footnotes":""},"hf_cat_page":[120],"class_list":["post-18405","page","type-page","status-publish","has-post-thumbnail"],"blocksy_meta":[],"_links":{"self":[{"href":"https:\/\/www.harzer-wandernadel.de\/fr\/wp-json\/wp\/v2\/pages\/18405","targetHints":{"allow":["GET"]}}],"collection":[{"href":"https:\/\/www.harzer-wandernadel.de\/fr\/wp-json\/wp\/v2\/pages"}],"about":[{"href":"https:\/\/www.harzer-wandernadel.de\/fr\/wp-json\/wp\/v2\/types\/page"}],"author":[{"embeddable":true,"href":"https:\/\/www.harzer-wandernadel.de\/fr\/wp-json\/wp\/v2\/users\/11"}],"replies":[{"embeddable":true,"href":"https:\/\/www.harzer-wandernadel.de\/fr\/wp-json\/wp\/v2\/comments?post=18405"}],"version-history":[{"count":1,"href":"https:\/\/www.harzer-wandernadel.de\/fr\/wp-json\/wp\/v2\/pages\/18405\/revisions"}],"predecessor-version":[{"id":18411,"href":"https:\/\/www.harzer-wandernadel.de\/fr\/wp-json\/wp\/v2\/pages\/18405\/revisions\/18411"}],"up":[{"embeddable":true,"href":"https:\/\/www.harzer-wandernadel.de\/fr\/wp-json\/wp\/v2\/pages\/17801"}],"wp:featuredmedia":[{"embeddable":true,"href":"https:\/\/www.harzer-wandernadel.de\/fr\/wp-json\/wp\/v2\/media\/18409"}],"wp:attachment":[{"href":"https:\/\/www.harzer-wandernadel.de\/fr\/wp-json\/wp\/v2\/media?parent=18405"}],"wp:term":[{"taxonomy":"hf_cat_page","embeddable":true,"href":"https:\/\/www.harzer-wandernadel.de\/fr\/wp-json\/wp\/v2\/hf_cat_page?post=18405"}],"curies":[{"name":"wp","href":"https:\/\/api.w.org\/{rel}","templated":true}]}}