{"id":18396,"date":"2016-02-18T11:25:03","date_gmt":"2016-02-18T10:25:03","guid":{"rendered":"https:\/\/www.harzer-wandernadel.de\/pointage\/carte-generale\/pointage-66-wilhelmsblick-point-de-vue\/"},"modified":"2026-02-28T14:42:35","modified_gmt":"2026-02-28T13:42:35","slug":"pointage-66-wilhelmsblick-point-de-vue","status":"publish","type":"page","link":"https:\/\/www.harzer-wandernadel.de\/fr\/pointage\/carte-generale\/pointage-66-wilhelmsblick-point-de-vue\/","title":{"rendered":"Pointage 66 \/ Wilhelmsblick (point de&nbsp;vue)"},"content":{"rendered":"\n<h2 class=\"wp-block-heading\">Le Wilhelmsblick se trouve au-dessus de Treseburg, environ 1&nbsp;km apr\u00e8s la sortie du village en direction de&nbsp;Thale.<\/h2>\n\n<div class=\"wp-block-stackable-image alignwide stk-block-image stk-block stk-89e1006\" data-block-id=\"89e1006\"><style>.stk-89e1006 {margin-top:3% !important;margin-bottom:3% !important;}<\/style><figure><span class=\"stk-img-wrapper stk-image--shape-stretch stk--has-lightbox\"><img decoding=\"async\" width=\"1030\" height=\"550\" src=\"https:\/\/www.harzer-wandernadel.de\/wp-content\/uploads\/2016\/02\/Wilhelmsblick.jpg\" class=\"attachment-full size-full wp-post-image\" alt srcset=\"https:\/\/www.harzer-wandernadel.de\/wp-content\/uploads\/2016\/02\/Wilhelmsblick.jpg 1030w, https:\/\/www.harzer-wandernadel.de\/wp-content\/uploads\/2016\/02\/Wilhelmsblick-300x160.jpg 300w, https:\/\/www.harzer-wandernadel.de\/wp-content\/uploads\/2016\/02\/Wilhelmsblick-768x410.jpg 768w, https:\/\/www.harzer-wandernadel.de\/wp-content\/uploads\/2016\/02\/Wilhelmsblick-1024x547.jpg 1024w, https:\/\/www.harzer-wandernadel.de\/wp-content\/uploads\/2016\/02\/Wilhelmsblick-624x333.jpg 624w\" sizes=\"(max-width: 1030px) 100vw, 1030px\"><\/span><\/figure><\/div>\n\n<p>Dans le cadre de tra\u00advaux rou\u00adtiers r\u00e9a\u00adli\u00ads\u00e9s en 1861, l\u2019in\u00adg\u00e9\u00adnieur rou\u00adtier Wil\u00adhelm a&nbsp;eu l\u2019i\u00add\u00e9e de creu\u00adser un tun\u00adnel juste \u00e0&nbsp;c\u00f4t\u00e9 de la route d\u00e9par\u00adte\u00admen\u00adtale pour acc\u00e9\u00adder au point de vue unique situ\u00e9 au-des\u00adsus. Le point de vue a&nbsp;ensuite \u00e9t\u00e9 nom\u00adm\u00e9 en son honneur.&nbsp;<\/p>\n\n<p>Juste \u00e0&nbsp;c\u00f4t\u00e9 de l\u2019en\u00adtr\u00e9e du tun\u00adnel, on a&nbsp;pla\u00adc\u00e9 une pan\u00adcarte avec le slo\u00adgan suivant&nbsp;:<\/p>\n\n<p><em>\u00ab&nbsp;<\/em>Ran\u00addon\u00adneur, arr\u00eate tes pas si tu veux r\u00e9jouir ton c\u0153ur et ton esprit.<br>Monte faci\u00adle\u00adment sur les hau\u00adteurs de la mon\u00adtagne o\u00f9 soufflent les fris\u00adsons du pas\u00ads\u00e9.<br>Et o\u00f9, il y&nbsp;a des ann\u00e9es, il y&nbsp;avait encore des tours et des cr\u00e9\u00adneaux.<br>Mais main\u00adte\u00adnant, tes yeux se posent sur les flots sau\u00advages de la mon\u00adtagne.<br>Et tu ne sens que l\u2019air \u2013 mais l\u2019hor\u00adreur si tu oses regar\u00adder en bas.<br>Entre dans cette grotte.&nbsp;\u00bb<\/p>\n\n<p>Le Wil\u00adhelm\u00adsblick se trouve sur une \u00e9troite ar\u00eate rocheuse qui est contour\u00adn\u00e9e par la Bode. Ain\u00adsi, tu peux voir plu\u00adsieurs par\u00adties de la Bode depuis ce beau point de&nbsp;vue.&nbsp;<\/p>\n\n<p>Un point de d\u00e9part recom\u00adman\u00add\u00e9 pour la ran\u00addon\u00adn\u00e9e est le par\u00adking au bord de la Bode \u00e0&nbsp;Tre\u00adse\u00adburg. Apr\u00e8s avoir pas\u00ads\u00e9 l\u2019ar\u00adr\u00eat de bus, tu arrives \u00e0&nbsp;Wil\u00adhelm\u00adsblick en emprun\u00adtant un sen\u00adtier ascen\u00addant avec plu\u00adsieurs points de vue. Le retour \u00e0&nbsp;Tre\u00adse\u00adburg peut se faire par le tun\u00adnel d\u00e9j\u00e0 mentionn\u00e9.&nbsp;<\/p>\n\n<p>Mais tu peux aus\u00adsi conti\u00adnuer la ran\u00addon\u00adn\u00e9e jus\u00adqu\u2019\u00e0 la <a href=\"https:\/\/www.harzer-wandernadel.de\/fr\/pointage\/carte-generale\/pointage-65-auberge-todtenrode\/\" data-type=\"page\" data-id=\"853\">mai\u00adson fores\u00adti\u00e8re de Tod\u00adten\u00adrode HWN 65<\/a> ou jus\u00adqu\u2019au <a href=\"https:\/\/www.harzer-wandernadel.de\/stempelstellen\/uebersichtskarte\/stempelstelle-71-rosstrappe-abzweig-schurre\/\" data-type=\"page\" data-id=\"901\">Ross\u00adtrappe HWN 71<\/a>.<\/p>\n\n<div class=\"wp-block-buttons is-layout-flex wp-block-buttons-is-layout-flex\">\n<div class=\"wp-block-button\"><a class=\"wp-block-button__link wp-element-button\" href=\"https:\/\/harzer-bergwald.de\/index.php\/wandertouren\/abenteuertouren\/23-stempelmarathon-ueber-dem-bodetal\" target=\"_blank\" rel=\"noreferrer noopener\">Sug\u00adges\u00adtion de cir\u00adcuit For\u00eat de mon\u00adtagne du&nbsp;Harz&nbsp;\u00bb<\/a><\/div>\n<\/div>\n","protected":false},"excerpt":{"rendered":"<p>Le Wil\u00adhelm\u00adsblick se trouve au-des\u00adsus de Tre\u00adse\u00adburg, envi\u00adron 1&nbsp;km apr\u00e8s la sor\u00adtie du vil\u00adlage en direc\u00adtion de&nbsp;Thale. Dans le cadre de tra\u00advaux rou\u00adtiers r\u00e9a\u00adli\u00ads\u00e9s en 1861, l\u2019in\u00adg\u00e9\u00adnieur rou\u00adtier Wil\u00adhelm a&nbsp;eu l\u2019i\u00add\u00e9e de creu\u00adser un tun\u00adnel juste \u00e0&nbsp;c\u00f4t\u00e9 de la route d\u00e9par\u00adte\u00admen\u00adtale pour acc\u00e9\u00adder au point de vue unique situ\u00e9 au-des\u00ad\u00adsus. Le point de vue a&nbsp;ensuite&nbsp;[\u2026]<\/p>\n","protected":false},"author":11,"featured_media":18398,"parent":17801,"menu_order":10066,"comment_status":"closed","ping_status":"closed","template":"","meta":{"_seopress_robots_primary_cat":"","_seopress_titles_title":"","_seopress_titles_desc":"","_seopress_robots_index":"","wp_typography_post_enhancements_disabled":false,"iawp_total_views":0,"footnotes":""},"hf_cat_page":[120],"class_list":["post-18396","page","type-page","status-publish","has-post-thumbnail"],"blocksy_meta":[],"_links":{"self":[{"href":"https:\/\/www.harzer-wandernadel.de\/fr\/wp-json\/wp\/v2\/pages\/18396","targetHints":{"allow":["GET"]}}],"collection":[{"href":"https:\/\/www.harzer-wandernadel.de\/fr\/wp-json\/wp\/v2\/pages"}],"about":[{"href":"https:\/\/www.harzer-wandernadel.de\/fr\/wp-json\/wp\/v2\/types\/page"}],"author":[{"embeddable":true,"href":"https:\/\/www.harzer-wandernadel.de\/fr\/wp-json\/wp\/v2\/users\/11"}],"replies":[{"embeddable":true,"href":"https:\/\/www.harzer-wandernadel.de\/fr\/wp-json\/wp\/v2\/comments?post=18396"}],"version-history":[{"count":2,"href":"https:\/\/www.harzer-wandernadel.de\/fr\/wp-json\/wp\/v2\/pages\/18396\/revisions"}],"predecessor-version":[{"id":24804,"href":"https:\/\/www.harzer-wandernadel.de\/fr\/wp-json\/wp\/v2\/pages\/18396\/revisions\/24804"}],"up":[{"embeddable":true,"href":"https:\/\/www.harzer-wandernadel.de\/fr\/wp-json\/wp\/v2\/pages\/17801"}],"wp:featuredmedia":[{"embeddable":true,"href":"https:\/\/www.harzer-wandernadel.de\/fr\/wp-json\/wp\/v2\/media\/18398"}],"wp:attachment":[{"href":"https:\/\/www.harzer-wandernadel.de\/fr\/wp-json\/wp\/v2\/media?parent=18396"}],"wp:term":[{"taxonomy":"hf_cat_page","embeddable":true,"href":"https:\/\/www.harzer-wandernadel.de\/fr\/wp-json\/wp\/v2\/hf_cat_page?post=18396"}],"curies":[{"name":"wp","href":"https:\/\/api.w.org\/{rel}","templated":true}]}}