{"id":18388,"date":"2016-02-18T11:23:01","date_gmt":"2016-02-18T10:23:01","guid":{"rendered":"https:\/\/www.harzer-wandernadel.de\/pointage\/carte-generale\/pointage-65-auberge-todtenrode\/"},"modified":"2026-02-28T14:42:34","modified_gmt":"2026-02-28T13:42:34","slug":"pointage-65-auberge-todtenrode","status":"publish","type":"page","link":"https:\/\/www.harzer-wandernadel.de\/fr\/pointage\/carte-generale\/pointage-65-auberge-todtenrode\/","title":{"rendered":"Pointage 65 \/ Auberge Todtenrode"},"content":{"rendered":"\n<h2 class=\"wp-block-heading\">L\u2019auberge \u00ab&nbsp;Altes Forsthaus Todtenrode&nbsp;\u00bb (420&nbsp;m&nbsp;d\u2019altitude) est entour\u00e9e de prairies foresti\u00e8res, au-dessus d\u2019Altenbrak&nbsp;.<\/h2>\n\n<div class=\"wp-block-stackable-image alignwide stk-block-image stk-block stk-89e1006\" data-block-id=\"89e1006\"><style>.stk-89e1006 {margin-top:3% !important;margin-bottom:3% !important;}<\/style><figure><span class=\"stk-img-wrapper stk-image--shape-stretch stk--has-lightbox\"><img decoding=\"async\" width=\"700\" height=\"525\" src=\"https:\/\/www.harzer-wandernadel.de\/wp-content\/uploads\/2016\/02\/Todtenrode.jpg\" class=\"attachment-full size-full wp-post-image\" alt srcset=\"https:\/\/www.harzer-wandernadel.de\/wp-content\/uploads\/2016\/02\/Todtenrode.jpg 700w, https:\/\/www.harzer-wandernadel.de\/wp-content\/uploads\/2016\/02\/Todtenrode-300x225.jpg 300w, https:\/\/www.harzer-wandernadel.de\/wp-content\/uploads\/2016\/02\/Todtenrode-624x468.jpg 624w\" sizes=\"(max-width: 700px) 100vw, 700px\"><\/span><\/figure><\/div>\n\n<p>En 1831, le duc Wil\u00adhelm a&nbsp;construit un pavillon de chasse avec une annexe et l\u2019a ensuite agran\u00addi en y&nbsp;ajou\u00adtant un loge\u00adment pour le garde fores\u00adtier. Le pavillon de chasse \u00e9tait fer\u00adr\u00e9 avec de l\u2019\u00e9\u00adcorce et recou\u00advert de paille. Elle a&nbsp;d\u00fb \u00eatre d\u00e9mo\u00adlie apr\u00e8s 1945&nbsp;en rai\u00adson de son \u00e9tat de d\u00e9labrement.&nbsp;<\/p>\n\n<p>Tu arrives \u00e0&nbsp;la mai\u00adson fores\u00adti\u00e8re par la B&nbsp;81, branche Alten\u00adbrak. Ensuite, sur la route de cam\u00adpagne vers Alten\u00adbrak, tu tournes \u00e0&nbsp;l\u2019\u00e9\u00adtang Hasen\u00adteich sur une route fores\u00adti\u00e8re signa\u00adli\u00ads\u00e9e qui m\u00e8ne au par\u00adking de l\u2019auberge.&nbsp;<\/p>\n\n<div class=\"wp-block-buttons is-layout-flex wp-block-buttons-is-layout-flex\">\n<div class=\"wp-block-button\"><a class=\"wp-block-button__link wp-element-button\" href=\"https:\/\/www.todtenrode.de\/\" target=\"_blank\" rel=\"noreferrer noopener\">Auberge Tod\u00adten\u00adrode &nbsp;\u00bb<\/a><\/div>\n<\/div>\n\n<p>La bo\u00eete de tam\u00adpons se trouve sur le ter\u00adrain de l\u2019au\u00adberge. De l\u00e0, il est conseill\u00e9 de faire une ran\u00addon\u00adn\u00e9e sur les che\u00admins bali\u00ads\u00e9s jus\u00adqu\u2019\u00e0 la <a href=\"https:\/\/www.harzer-wandernadel.de\/stempelstellen\/uebersichtskarte\/stempelstelle-64-boeser-kleef-aussichtspunkt\/\" data-type=\"page\" data-id=\"849\">HWN 64 B\u00f6ser Kleef<\/a>. <\/p>\n\n<div class=\"wp-block-buttons is-layout-flex wp-block-buttons-is-layout-flex\">\n<div class=\"wp-block-button\"><a class=\"wp-block-button__link wp-element-button\" href=\"https:\/\/harzer-bergwald.de\/index.php\/wandertouren\/abenteuertouren\/23-stempelmarathon-ueber-dem-bodetal\" target=\"_blank\" rel=\"noreferrer noopener\">Sug\u00adges\u00adtion de cir\u00adcuit For\u00eat de mon\u00adtagne du&nbsp;Harz&nbsp;\u00bb<\/a><\/div>\n<\/div>\n","protected":false},"excerpt":{"rendered":"<p>L\u2019auberge \u00ab&nbsp;Altes Fors\u00adthaus Tod\u00adten\u00adrode&nbsp;\u00bb (420&nbsp;m&nbsp;d\u2019altitude) est entou\u00adr\u00e9e de prai\u00adries fores\u00adti\u00e8res, au-des\u00adsus d\u2019Altenbrak&nbsp;. En 1831, le duc Wil\u00adhelm a&nbsp;construit un pavillon de chasse avec une annexe et l\u2019a ensuite agran\u00addi en y&nbsp;ajou\u00adtant un loge\u00adment pour le garde fores\u00adtier. Le pavillon de chasse \u00e9tait fer\u00adr\u00e9 avec de l\u2019\u00e9\u00adcorce et recou\u00advert de paille. Elle a&nbsp;d\u00fb \u00eatre d\u00e9mo\u00adlie&nbsp;apr\u00e8s&nbsp;[\u2026]<\/p>\n","protected":false},"author":11,"featured_media":18389,"parent":17801,"menu_order":10065,"comment_status":"closed","ping_status":"closed","template":"","meta":{"_seopress_robots_primary_cat":"","_seopress_titles_title":"","_seopress_titles_desc":"","_seopress_robots_index":"","wp_typography_post_enhancements_disabled":false,"iawp_total_views":0,"footnotes":""},"hf_cat_page":[120],"class_list":["post-18388","page","type-page","status-publish","has-post-thumbnail"],"blocksy_meta":[],"_links":{"self":[{"href":"https:\/\/www.harzer-wandernadel.de\/fr\/wp-json\/wp\/v2\/pages\/18388","targetHints":{"allow":["GET"]}}],"collection":[{"href":"https:\/\/www.harzer-wandernadel.de\/fr\/wp-json\/wp\/v2\/pages"}],"about":[{"href":"https:\/\/www.harzer-wandernadel.de\/fr\/wp-json\/wp\/v2\/types\/page"}],"author":[{"embeddable":true,"href":"https:\/\/www.harzer-wandernadel.de\/fr\/wp-json\/wp\/v2\/users\/11"}],"replies":[{"embeddable":true,"href":"https:\/\/www.harzer-wandernadel.de\/fr\/wp-json\/wp\/v2\/comments?post=18388"}],"version-history":[{"count":2,"href":"https:\/\/www.harzer-wandernadel.de\/fr\/wp-json\/wp\/v2\/pages\/18388\/revisions"}],"predecessor-version":[{"id":24675,"href":"https:\/\/www.harzer-wandernadel.de\/fr\/wp-json\/wp\/v2\/pages\/18388\/revisions\/24675"}],"up":[{"embeddable":true,"href":"https:\/\/www.harzer-wandernadel.de\/fr\/wp-json\/wp\/v2\/pages\/17801"}],"wp:featuredmedia":[{"embeddable":true,"href":"https:\/\/www.harzer-wandernadel.de\/fr\/wp-json\/wp\/v2\/media\/18389"}],"wp:attachment":[{"href":"https:\/\/www.harzer-wandernadel.de\/fr\/wp-json\/wp\/v2\/media?parent=18388"}],"wp:term":[{"taxonomy":"hf_cat_page","embeddable":true,"href":"https:\/\/www.harzer-wandernadel.de\/fr\/wp-json\/wp\/v2\/hf_cat_page?post=18388"}],"curies":[{"name":"wp","href":"https:\/\/api.w.org\/{rel}","templated":true}]}}