{"id":18382,"date":"2016-02-18T11:27:28","date_gmt":"2016-02-18T10:27:28","guid":{"rendered":"https:\/\/www.harzer-wandernadel.de\/pointage\/carte-generale\/pointage-203-refuge-de-mettenberg\/"},"modified":"2026-01-29T12:49:37","modified_gmt":"2026-01-29T11:49:37","slug":"pointage-203-refuge-de-mettenberg","status":"publish","type":"page","link":"https:\/\/www.harzer-wandernadel.de\/fr\/pointage\/carte-generale\/pointage-203-refuge-de-mettenberg\/","title":{"rendered":"Pointage 203 \/ refuge de Mettenberg"},"content":{"rendered":"\n<h2 class=\"wp-block-heading\">Le refuge de Mettenberg se trouve dans la vall\u00e9e de la Selke, entre l\u2019h\u00f4tel Thalm\u00fchle et Selkem\u00fchle.<\/h2>\n\n<div class=\"wp-block-stackable-image alignwide stk-block-image stk-block stk-89e1006\" data-block-id=\"89e1006\"><style>.stk-89e1006 {margin-top:3% !important;margin-bottom:3% !important;}<\/style><figure><span class=\"stk-img-wrapper stk-image--shape-stretch stk--has-lightbox\"><img decoding=\"async\" width=\"2048\" height=\"1153\" src=\"https:\/\/www.harzer-wandernadel.de\/wp-content\/uploads\/2016\/02\/Mettenberg.jpg\" class=\"attachment-full size-full wp-post-image\" alt srcset=\"https:\/\/www.harzer-wandernadel.de\/wp-content\/uploads\/2016\/02\/Mettenberg.jpg 2048w, https:\/\/www.harzer-wandernadel.de\/wp-content\/uploads\/2016\/02\/Mettenberg-300x169.jpg 300w, https:\/\/www.harzer-wandernadel.de\/wp-content\/uploads\/2016\/02\/Mettenberg-768x432.jpg 768w, https:\/\/www.harzer-wandernadel.de\/wp-content\/uploads\/2016\/02\/Mettenberg-1024x577.jpg 1024w, https:\/\/www.harzer-wandernadel.de\/wp-content\/uploads\/2016\/02\/Mettenberg-250x141.jpg 250w, https:\/\/www.harzer-wandernadel.de\/wp-content\/uploads\/2016\/02\/Mettenberg-624x351.jpg 624w\" sizes=\"(max-width: 2048px) 100vw, 2048px\"><\/span><\/figure><\/div>\n\n<p>Sur une lon\u00adgueur de 8&nbsp;km, la val\u00adl\u00e9e est \u00e0&nbsp;cet endroit lib\u00e9\u00adr\u00e9e de la cir\u00adcu\u00adla\u00adtion auto\u00admo\u00adbile et est plus large qu\u2019\u00e0 d\u2019autres endroits. Le che\u00admin sta\u00adbi\u00adli\u00ads\u00e9, \u00e9ga\u00adle\u00adment uti\u00adli\u00ads\u00e9 par de nom\u00adbreux cyclistes, tra\u00adverse la r\u00e9serve natu\u00adrelle et per\u00admet d\u2019ad\u00admi\u00adrer la flore et la faune uniques.&nbsp;<\/p>\n\n<p>La val\u00adl\u00e9e de la Selke abrite la plus grande popu\u00adla\u00adtion connue de mar\u00adti\u00adnets noirs nichant dans les arbres en Alle\u00admagne, mais c\u2019est aus\u00adsi l\u2019ha\u00adbi\u00adtat du chat sau\u00advage. En amont de la val\u00adl\u00e9e, il y&nbsp;a beau\u00adcoup de for\u00eats de feuillus proches de l\u2019\u00e9\u00adtat natu\u00adrel, mais dans le fond de la val\u00adl\u00e9e, ce sont les prai\u00adries uti\u00adli\u00ads\u00e9es comme p\u00e2tu\u00adrage pour le b\u00e9tail ou pour la fauche qui pr\u00e9\u00addo\u00adminent. Des rose\u00adli\u00e8res et des buis\u00adsons de saules bordent les rives, o\u00f9 nichent \u00e9ga\u00adle\u00adment des merles d\u2019eau et des martins-p\u00eacheurs.&nbsp;<\/p>\n\n<p>Le par\u00adking public de l\u2019a\u00adve\u00adnue de Meis\u00addorf est un bon point de d\u00e9part. De l\u00e0, tu marches tou\u00adjours le long de la Selke jus\u00adqu\u2019au refuge qui se trouve en des\u00adsous du Met\u00adten\u00adberg. Sur le che\u00admin du retour, tu peux conti\u00adnuer la ran\u00addon\u00adn\u00e9e en emprun\u00adtant le che\u00admin des \u00e2nes jus\u00adqu\u2019au ch\u00e2\u00adteau de Falkenstein.&nbsp;<\/p>\n\n<div class=\"wp-block-buttons is-layout-flex wp-block-buttons-is-layout-flex\">\n<div class=\"wp-block-button\"><a class=\"wp-block-button__link wp-element-button\" href=\"http:\/\/harzer-bergwald.de\/index.php\/wandertouren\/romantiktouren\/25-vom-flussbett-auf-den-heuboden-des-selketals\">Sug\u00adges\u00adtion de cir\u00adcuit For\u00eat de mon\u00adtagne du&nbsp;Harz<\/a><\/div>\n<\/div>\n","protected":false},"excerpt":{"rendered":"<p>Le refuge de Met\u00adten\u00adberg se trouve dans la val\u00adl\u00e9e de la Selke, entre l\u2019h\u00f4tel Thalm\u00fchle et Sel\u00adkem\u00fchle. Sur une lon\u00adgueur de 8&nbsp;km, la val\u00adl\u00e9e est \u00e0&nbsp;cet endroit lib\u00e9\u00adr\u00e9e de la cir\u00adcu\u00adla\u00adtion auto\u00admo\u00adbile et est plus large qu\u2019\u00e0 d\u2019autres endroits. Le che\u00admin sta\u00adbi\u00adli\u00ads\u00e9, \u00e9ga\u00adle\u00adment uti\u00adli\u00ads\u00e9 par de nom\u00adbreux cyclistes, tra\u00adverse la r\u00e9serve natu\u00adrelle et per\u00admet d\u2019ad\u00admi\u00adrer [\u2026]<\/p>\n","protected":false},"author":11,"featured_media":18384,"parent":17801,"menu_order":10203,"comment_status":"closed","ping_status":"closed","template":"","meta":{"_seopress_robots_primary_cat":"","_seopress_titles_title":"","_seopress_titles_desc":"","_seopress_robots_index":"","wp_typography_post_enhancements_disabled":false,"iawp_total_views":1,"footnotes":""},"hf_cat_page":[120],"class_list":["post-18382","page","type-page","status-publish","has-post-thumbnail"],"blocksy_meta":[],"_links":{"self":[{"href":"https:\/\/www.harzer-wandernadel.de\/fr\/wp-json\/wp\/v2\/pages\/18382","targetHints":{"allow":["GET"]}}],"collection":[{"href":"https:\/\/www.harzer-wandernadel.de\/fr\/wp-json\/wp\/v2\/pages"}],"about":[{"href":"https:\/\/www.harzer-wandernadel.de\/fr\/wp-json\/wp\/v2\/types\/page"}],"author":[{"embeddable":true,"href":"https:\/\/www.harzer-wandernadel.de\/fr\/wp-json\/wp\/v2\/users\/11"}],"replies":[{"embeddable":true,"href":"https:\/\/www.harzer-wandernadel.de\/fr\/wp-json\/wp\/v2\/comments?post=18382"}],"version-history":[{"count":1,"href":"https:\/\/www.harzer-wandernadel.de\/fr\/wp-json\/wp\/v2\/pages\/18382\/revisions"}],"predecessor-version":[{"id":18385,"href":"https:\/\/www.harzer-wandernadel.de\/fr\/wp-json\/wp\/v2\/pages\/18382\/revisions\/18385"}],"up":[{"embeddable":true,"href":"https:\/\/www.harzer-wandernadel.de\/fr\/wp-json\/wp\/v2\/pages\/17801"}],"wp:featuredmedia":[{"embeddable":true,"href":"https:\/\/www.harzer-wandernadel.de\/fr\/wp-json\/wp\/v2\/media\/18384"}],"wp:attachment":[{"href":"https:\/\/www.harzer-wandernadel.de\/fr\/wp-json\/wp\/v2\/media?parent=18382"}],"wp:term":[{"taxonomy":"hf_cat_page","embeddable":true,"href":"https:\/\/www.harzer-wandernadel.de\/fr\/wp-json\/wp\/v2\/hf_cat_page?post=18382"}],"curies":[{"name":"wp","href":"https:\/\/api.w.org\/{rel}","templated":true}]}}