{"id":18366,"date":"2016-02-18T12:11:08","date_gmt":"2016-02-18T11:11:08","guid":{"rendered":"https:\/\/www.harzer-wandernadel.de\/pointage\/carte-generale\/pointage-187-lauenburg\/"},"modified":"2026-01-29T12:49:32","modified_gmt":"2026-01-29T11:49:32","slug":"pointage-187-lauenburg","status":"publish","type":"page","link":"https:\/\/www.harzer-wandernadel.de\/fr\/pointage\/carte-generale\/pointage-187-lauenburg\/","title":{"rendered":"Pointage 187 \/ Lauenburg"},"content":{"rendered":"\n<h2 class=\"wp-block-heading\">Les ruines du ch\u00e2teau de Lauenburg \u00e9taient un ch\u00e2teau d\u2019altitude en deux parties et se trouvent sur la colline du ch\u00e2teau au-dessus de Stecklenberg.<\/h2>\n\n<div class=\"wp-block-stackable-image alignwide stk-block-image stk-block stk-89e1006\" data-block-id=\"89e1006\"><style>.stk-89e1006 {margin-top:3% !important;margin-bottom:3% !important;}<\/style><figure><span class=\"stk-img-wrapper stk-image--shape-stretch stk--has-lightbox\"><img decoding=\"async\" width=\"2560\" height=\"1706\" src=\"https:\/\/www.harzer-wandernadel.de\/wp-content\/uploads\/2025\/08\/harzer-wandernadel-eroeffnung-2024-161-scaled.jpg\" class=\"attachment-full size-full wp-post-image default-featured-img\" alt=\"Hand h\u00e4lt Heft mit gesammelten Stempeln\" srcset=\"https:\/\/www.harzer-wandernadel.de\/wp-content\/uploads\/2025\/08\/harzer-wandernadel-eroeffnung-2024-161-scaled.jpg 2560w, https:\/\/www.harzer-wandernadel.de\/wp-content\/uploads\/2025\/08\/harzer-wandernadel-eroeffnung-2024-161-300x200.jpg 300w, https:\/\/www.harzer-wandernadel.de\/wp-content\/uploads\/2025\/08\/harzer-wandernadel-eroeffnung-2024-161-1024x683.jpg 1024w, https:\/\/www.harzer-wandernadel.de\/wp-content\/uploads\/2025\/08\/harzer-wandernadel-eroeffnung-2024-161-768x512.jpg 768w, https:\/\/www.harzer-wandernadel.de\/wp-content\/uploads\/2025\/08\/harzer-wandernadel-eroeffnung-2024-161-1536x1024.jpg 1536w, https:\/\/www.harzer-wandernadel.de\/wp-content\/uploads\/2025\/08\/harzer-wandernadel-eroeffnung-2024-161-2048x1365.jpg 2048w, https:\/\/www.harzer-wandernadel.de\/wp-content\/uploads\/2025\/08\/harzer-wandernadel-eroeffnung-2024-161-250x167.jpg 250w\" sizes=\"(max-width: 2560px) 100vw, 2560px\"><\/span><\/figure><\/div>\n\n<p>Le ch\u00e2\u00adteau a&nbsp;\u00e9t\u00e9 men\u00adtion\u00adn\u00e9 pour la pre\u00admi\u00e8re fois dans un docu\u00adment en 1164 et sa construc\u00adtion a&nbsp;pro\u00adba\u00adble\u00adment dur\u00e9 dix ans. Il se com\u00adpose du \u00ab&nbsp;Grand Lauen\u00adburg&nbsp;\u00bb d\u2019en\u00advi\u00adron 200 m\u00e8tres de long et du \u00ab&nbsp;Petit Lauen\u00adburg&nbsp;\u00bb d\u2019en\u00advi\u00adron 50 m\u00e8tres de long, qui peut \u00eatre consi\u00add\u00e9\u00adr\u00e9 comme un avant-ch\u00e2\u00adteau. C\u2019\u00e9\u00adtait autre\u00adfois le plus grand ch\u00e2\u00adteau de la r\u00e9gion du Harz, un ch\u00e2\u00adteau imp\u00e9\u00adrial salien, qui a&nbsp;pro\u00adba\u00adble\u00adment \u00e9t\u00e9 construit comme le Harz\u00adburg sous HEINRICH IV (1050- 1106). En 1165, il est pas\u00ads\u00e9 \u00e0&nbsp;H\u00c9NICH LE LION, qui a&nbsp;d\u00fb le rendre \u00e0&nbsp;Bar\u00adbe\u00adrousse en 1180. En 1267, elle fut reprise par le mar\u00adgrave de Bran\u00adde\u00adbourg, puis don\u00adn\u00e9e en fief aux comtes de Regen\u00adstein, jus\u00adqu\u2019\u00e0 ce qu\u2019elle soit fina\u00adle\u00adment conquise et res\u00adtau\u00adr\u00e9e sous l\u2019\u00e9\u00adv\u00eaque de Hal\u00adbers\u00adtadt ALBRECHT III (1366\u20131390). Apr\u00e8s avoir \u00e9t\u00e9 uti\u00adli\u00ads\u00e9e plus tard comme car\u00adri\u00e8re, elle est deve\u00adnue pro\u00adpri\u00e9\u00adt\u00e9 de l\u2019\u00c9\u00adtat prus\u00adsien en&nbsp;1897.&nbsp;<\/p>\n\n<p>Depuis la tour d\u2019ob\u00adser\u00adva\u00adtion du Vor\u00adburg, tu as une tr\u00e8s belle vue sur le mur du diable pr\u00e8s de Wed\u00adders\u00adle\u00adben et sur l\u2019a\u00advant-pays du Harz. La bo\u00eete \u00e0&nbsp;tam\u00adpons se trouve \u00e0&nbsp;c\u00f4t\u00e9 du pan\u00adneau d\u2019in\u00adfor\u00adma\u00adtion en des\u00adsous du Vorburg.&nbsp;<\/p>\n\n<p>La mani\u00e8re la plus rapide d\u2019at\u00adteindre le Lauen\u00adburg est de par\u00adtir du centre de Ste\u00adck\u00adlen\u00adberg et de suivre le che\u00admin indi\u00adqu\u00e9 en pas\u00adsant par le Stecklenburg.<\/p>\n\n<div class=\"wp-block-buttons is-layout-flex wp-block-buttons-is-layout-flex\">\n<div class=\"wp-block-button\"><a class=\"wp-block-button__link wp-element-button\" href=\"http:\/\/harzer-bergwald.de\/index.php\/wandertouren\/abenteuertouren\/14-durch-das-wurmbachtal-zur-lauenburg\">Sug\u00adges\u00adtion de cir\u00adcuit For\u00eat de mon\u00adtagne du&nbsp;Harz<\/a><\/div>\n<\/div>\n","protected":false},"excerpt":{"rendered":"<p>Les ruines du ch\u00e2\u00adteau de Lauen\u00adburg \u00e9taient un ch\u00e2\u00adteau d\u2019altitude en deux par\u00adties et se trouvent sur la col\u00adline du ch\u00e2\u00adteau au-des\u00adsus de Ste\u00adck\u00adlen\u00adberg. Le ch\u00e2\u00adteau a&nbsp;\u00e9t\u00e9 men\u00adtion\u00adn\u00e9 pour la pre\u00admi\u00e8re fois dans un docu\u00adment en 1164 et sa construc\u00adtion a&nbsp;pro\u00adba\u00adble\u00adment dur\u00e9 dix ans. Il se com\u00adpose du \u00ab&nbsp;Grand Lauen\u00adburg&nbsp;\u00bb d\u2019en\u00advi\u00adron 200 m\u00e8tres de&nbsp;long&nbsp;[\u2026]<\/p>\n","protected":false},"author":11,"featured_media":13747,"parent":17801,"menu_order":10187,"comment_status":"closed","ping_status":"closed","template":"","meta":{"_seopress_robots_primary_cat":"","_seopress_titles_title":"","_seopress_titles_desc":"","_seopress_robots_index":"","wp_typography_post_enhancements_disabled":false,"iawp_total_views":0,"footnotes":""},"hf_cat_page":[120],"class_list":["post-18366","page","type-page","status-publish","has-post-thumbnail"],"blocksy_meta":[],"_links":{"self":[{"href":"https:\/\/www.harzer-wandernadel.de\/fr\/wp-json\/wp\/v2\/pages\/18366","targetHints":{"allow":["GET"]}}],"collection":[{"href":"https:\/\/www.harzer-wandernadel.de\/fr\/wp-json\/wp\/v2\/pages"}],"about":[{"href":"https:\/\/www.harzer-wandernadel.de\/fr\/wp-json\/wp\/v2\/types\/page"}],"author":[{"embeddable":true,"href":"https:\/\/www.harzer-wandernadel.de\/fr\/wp-json\/wp\/v2\/users\/11"}],"replies":[{"embeddable":true,"href":"https:\/\/www.harzer-wandernadel.de\/fr\/wp-json\/wp\/v2\/comments?post=18366"}],"version-history":[{"count":1,"href":"https:\/\/www.harzer-wandernadel.de\/fr\/wp-json\/wp\/v2\/pages\/18366\/revisions"}],"predecessor-version":[{"id":18369,"href":"https:\/\/www.harzer-wandernadel.de\/fr\/wp-json\/wp\/v2\/pages\/18366\/revisions\/18369"}],"up":[{"embeddable":true,"href":"https:\/\/www.harzer-wandernadel.de\/fr\/wp-json\/wp\/v2\/pages\/17801"}],"wp:featuredmedia":[{"embeddable":true,"href":"https:\/\/www.harzer-wandernadel.de\/fr\/wp-json\/wp\/v2\/media\/13747"}],"wp:attachment":[{"href":"https:\/\/www.harzer-wandernadel.de\/fr\/wp-json\/wp\/v2\/media?parent=18366"}],"wp:term":[{"taxonomy":"hf_cat_page","embeddable":true,"href":"https:\/\/www.harzer-wandernadel.de\/fr\/wp-json\/wp\/v2\/hf_cat_page?post=18366"}],"curies":[{"name":"wp","href":"https:\/\/api.w.org\/{rel}","templated":true}]}}