{"id":18344,"date":"2016-02-18T12:17:07","date_gmt":"2016-02-18T11:17:07","guid":{"rendered":"https:\/\/www.harzer-wandernadel.de\/pointage\/carte-generale\/pointage-184-monument-de-lours\/"},"modified":"2026-01-29T12:49:24","modified_gmt":"2026-01-29T11:49:24","slug":"pointage-184-monument-de-lours","status":"publish","type":"page","link":"https:\/\/www.harzer-wandernadel.de\/fr\/pointage\/carte-generale\/pointage-184-monument-de-lours\/","title":{"rendered":"Pointage 184 \/ Monument de l\u2019ours"},"content":{"rendered":"\n<h2 class=\"wp-block-heading\">Le monument de l\u2019ours se trouve sur le massif bois\u00e9 du Ramberg, entre M\u00e4gdesprung et Friedrichsbrunn, au-dessus de la vall\u00e9e du Krebsbach.<\/h2>\n\n<div class=\"wp-block-stackable-image alignwide stk-block-image stk-block stk-89e1006\" data-block-id=\"89e1006\"><style>.stk-89e1006 {margin-top:3% !important;margin-bottom:3% !important;}<\/style><figure><span class=\"stk-img-wrapper stk-image--shape-stretch stk--has-lightbox\"><img decoding=\"async\" width=\"960\" height=\"720\" src=\"https:\/\/www.harzer-wandernadel.de\/wp-content\/uploads\/2016\/02\/B\u00e4rendenkmal.jpg\" class=\"attachment-full size-full wp-post-image\" alt srcset=\"https:\/\/www.harzer-wandernadel.de\/wp-content\/uploads\/2016\/02\/B\u00e4rendenkmal.jpg 960w, https:\/\/www.harzer-wandernadel.de\/wp-content\/uploads\/2016\/02\/B\u00e4rendenkmal-300x225.jpg 300w, https:\/\/www.harzer-wandernadel.de\/wp-content\/uploads\/2016\/02\/B\u00e4rendenkmal-768x576.jpg 768w, https:\/\/www.harzer-wandernadel.de\/wp-content\/uploads\/2016\/02\/B\u00e4rendenkmal-250x188.jpg 250w, https:\/\/www.harzer-wandernadel.de\/wp-content\/uploads\/2016\/02\/B\u00e4rendenkmal-624x468.jpg 624w\" sizes=\"(max-width: 960px) 100vw, 960px\"><\/span><\/figure><\/div>\n\n<p>Le monu\u00adment de l\u2019ours marque l\u2019en\u00addroit o\u00f9 le der\u00adnier ours a&nbsp;\u00e9t\u00e9 tu\u00e9 dans les for\u00eats d\u2019An\u00adhalt en 1696. Le monu\u00adment est un bloc erra\u00adtique sur lequel a&nbsp;\u00e9t\u00e9 fix\u00e9e une plaque en fonte por\u00adtant l\u2019ins\u00adcrip\u00adtion sui\u00advante&nbsp;:<br>\u00ab&nbsp;Le der\u00adnier ours dans les for\u00eats d\u2019An\u00adhalt a&nbsp;\u00e9t\u00e9 tu\u00e9 ici \u00e0&nbsp;la fin du dix-sep\u00adti\u00e8me si\u00e8cle&nbsp;\u00bb.&nbsp;<\/p>\n\n<p>Entre 1786 et 1788, le char\u00adre\u00adtier Buch\u00adte\u00adkirch a&nbsp;tu\u00e9 le der\u00adnier ours de tout le Harz pr\u00e8s de Wer\u00adni\u00adge\u00adrode. Pour cela, il a&nbsp;re\u00e7u du comte de Stol\u00adberg-Wer\u00adni\u00adge\u00adrode une r\u00e9com\u00adpense d\u2019un peu plus de deux reichstalern.&nbsp;<\/p>\n\n<p>Depuis l\u2019<a href=\"https:\/\/www.harzer-wandernadel.de\/fr\/pointage\/carte-generale\/pointage-196-etang-de-breme\/\" data-type=\"page\" data-id=\"874\">\u00e9tang de Br\u00eame HWN 196<\/a>, tu peux rejoindre le site en emprun\u00adtant le che\u00admin fores\u00adtier bali\u00ads\u00e9 et conti\u00adnuer la ran\u00addon\u00adn\u00e9e jus\u00adqu\u2019au<a href=\"https:\/\/www.harzer-wandernadel.de\/stempelstellen\/uebersichtskarte\/stempelstelle-189-grosse-teufelsmuehle\/\" data-type=\"page\" data-id=\"895\"> Teu\u00adfelsm\u00fchle HWN 189<\/a> ou au <a href=\"https:\/\/www.harzer-wandernadel.de\/stempelstellen\/uebersichtskarte\/stempelstelle-190-bergrat-mueller-teich\/\" data-type=\"page\" data-id=\"891\">Ber\u00adgrat-M\u00fcl\u00adler-Teich HWN 190<\/a>.<\/p>\n\n<div class=\"wp-block-buttons is-layout-flex wp-block-buttons-is-layout-flex\">\n<div class=\"wp-block-button\"><a class=\"wp-block-button__link wp-element-button\" href=\"http:\/\/harzer-bergwald.de\/index.php\/wandertouren\/abenteuertouren\/30-von-teichen-und-ruinen\">Sug\u00adges\u00adtion de cir\u00adcuit For\u00eat de mon\u00adtagne du&nbsp;Harz<\/a><\/div>\n<\/div>\n\n<p>&nbsp;<\/p>\n","protected":false},"excerpt":{"rendered":"<p>Le monu\u00adment de l\u2019ours se trouve sur le mas\u00adsif boi\u00ads\u00e9 du Ram\u00adberg, entre M\u00e4g\u00addes\u00adprung et Frie\u00addrichs\u00adbrunn, au-des\u00adsus de la val\u00adl\u00e9e du Krebs\u00adbach. Le monu\u00adment de l\u2019ours marque l\u2019en\u00addroit o\u00f9 le der\u00adnier ours a&nbsp;\u00e9t\u00e9 tu\u00e9 dans les for\u00eats d\u2019An\u00adhalt en 1696. Le monu\u00adment est un bloc erra\u00adtique sur lequel a&nbsp;\u00e9t\u00e9 fix\u00e9e une plaque en fonte portant&nbsp;[\u2026]<\/p>\n","protected":false},"author":11,"featured_media":18346,"parent":17801,"menu_order":10184,"comment_status":"closed","ping_status":"closed","template":"","meta":{"_seopress_robots_primary_cat":"","_seopress_titles_title":"","_seopress_titles_desc":"","_seopress_robots_index":"","wp_typography_post_enhancements_disabled":false,"iawp_total_views":1,"footnotes":""},"hf_cat_page":[120],"class_list":["post-18344","page","type-page","status-publish","has-post-thumbnail"],"blocksy_meta":[],"_links":{"self":[{"href":"https:\/\/www.harzer-wandernadel.de\/fr\/wp-json\/wp\/v2\/pages\/18344","targetHints":{"allow":["GET"]}}],"collection":[{"href":"https:\/\/www.harzer-wandernadel.de\/fr\/wp-json\/wp\/v2\/pages"}],"about":[{"href":"https:\/\/www.harzer-wandernadel.de\/fr\/wp-json\/wp\/v2\/types\/page"}],"author":[{"embeddable":true,"href":"https:\/\/www.harzer-wandernadel.de\/fr\/wp-json\/wp\/v2\/users\/11"}],"replies":[{"embeddable":true,"href":"https:\/\/www.harzer-wandernadel.de\/fr\/wp-json\/wp\/v2\/comments?post=18344"}],"version-history":[{"count":1,"href":"https:\/\/www.harzer-wandernadel.de\/fr\/wp-json\/wp\/v2\/pages\/18344\/revisions"}],"predecessor-version":[{"id":18348,"href":"https:\/\/www.harzer-wandernadel.de\/fr\/wp-json\/wp\/v2\/pages\/18344\/revisions\/18348"}],"up":[{"embeddable":true,"href":"https:\/\/www.harzer-wandernadel.de\/fr\/wp-json\/wp\/v2\/pages\/17801"}],"wp:featuredmedia":[{"embeddable":true,"href":"https:\/\/www.harzer-wandernadel.de\/fr\/wp-json\/wp\/v2\/media\/18346"}],"wp:attachment":[{"href":"https:\/\/www.harzer-wandernadel.de\/fr\/wp-json\/wp\/v2\/media?parent=18344"}],"wp:term":[{"taxonomy":"hf_cat_page","embeddable":true,"href":"https:\/\/www.harzer-wandernadel.de\/fr\/wp-json\/wp\/v2\/hf_cat_page?post=18344"}],"curies":[{"name":"wp","href":"https:\/\/api.w.org\/{rel}","templated":true}]}}