{"id":18324,"date":"2016-02-18T12:22:47","date_gmt":"2016-02-18T11:22:47","guid":{"rendered":"https:\/\/www.harzer-wandernadel.de\/pointage\/carte-generale\/poinconnage-76-rocher-de-grand-pere\/"},"modified":"2026-02-28T14:42:40","modified_gmt":"2026-02-28T13:42:40","slug":"poinconnage-76-rocher-de-grand-pere","status":"publish","type":"page","link":"https:\/\/www.harzer-wandernadel.de\/fr\/pointage\/carte-generale\/poinconnage-76-rocher-de-grand-pere\/","title":{"rendered":"Poin\u00e7onnage 76 \/ rocher de grand-p\u00e8re"},"content":{"rendered":"\n<h2 class=\"wp-block-heading\">Le \u00ab&nbsp;rocher du grand-p\u00e8re&nbsp;\u00bb (317 m\u00e8tres au-dessus du niveau de la mer) forme avec la \u00ab&nbsp;grand-m\u00e8re&nbsp;\u00bb l\u2019extr\u00e9mit\u00e9 ouest du mur du diable et se trouve \u00e0&nbsp;la p\u00e9riph\u00e9rie est de Blankenburg.<\/h2>\n\n<div class=\"wp-block-stackable-image alignwide stk-block-image stk-block stk-89e1006\" data-block-id=\"89e1006\"><style>.stk-89e1006 {margin-top:3% !important;margin-bottom:3% !important;}<\/style><figure><span class=\"stk-img-wrapper stk-image--shape-stretch stk--has-lightbox\"><img decoding=\"async\" width=\"825\" height=\"550\" src=\"https:\/\/www.harzer-wandernadel.de\/wp-content\/uploads\/2016\/02\/Gro\u00dfvaterfelsen.jpg\" class=\"attachment-full size-full wp-post-image\" alt srcset=\"https:\/\/www.harzer-wandernadel.de\/wp-content\/uploads\/2016\/02\/Gro\u00dfvaterfelsen.jpg 825w, https:\/\/www.harzer-wandernadel.de\/wp-content\/uploads\/2016\/02\/Gro\u00dfvaterfelsen-300x200.jpg 300w, https:\/\/www.harzer-wandernadel.de\/wp-content\/uploads\/2016\/02\/Gro\u00dfvaterfelsen-768x512.jpg 768w, https:\/\/www.harzer-wandernadel.de\/wp-content\/uploads\/2016\/02\/Gro\u00dfvaterfelsen-624x416.jpg 624w\" sizes=\"(max-width: 825px) 100vw, 825px\"><\/span><\/figure><\/div>\n\n<p>C\u2019est l\u2019une des falaises les plus impo\u00adsantes et les plus hautes du Mur du Diable et un sym\u00adbole de Blan\u00adken\u00adburg. La falaise peut \u00eatre esca\u00adla\u00add\u00e9e avec un peu d\u2019ha\u00adbi\u00adle\u00adt\u00e9 en pas\u00adsant par des marches rocheuses et des esca\u00adliers en fer. Au som\u00admet, avec la girouette de 1998, on a&nbsp;une vue magni\u00adfique sur Blan\u00adken\u00adburg et le jar\u00addin baroque avec le grand et le petit ch\u00e2\u00adteau. On sup\u00adpose que le nom de \u00ab&nbsp;rocher du grand-p\u00e8re&nbsp;\u00bb date de l\u2019\u00e9\u00adpoque des Ger\u00admains, qui ren\u00addaient hom\u00admage \u00e0&nbsp;leur dieu Wotan ici, pr\u00e8s du grand&nbsp;p\u00e8re.&nbsp;<\/p>\n\n<p>Une attrac\u00adtion par\u00adti\u00adcu\u00adli\u00e8re est le soi-disant sen\u00adtier de L\u00f6b\u00adbecke, qui m\u00e8ne \u00e0&nbsp;droite du rocher du grand-p\u00e8re au <a href=\"https:\/\/www.harzer-wandernadel.de\/stempelstellen\/uebersichtskarte\/stempelstelle-74-hamburger-wappen-teufelsmauer\/\" data-type=\"page\" data-id=\"914\" target=\"_blank\" rel=\"noreferrer noopener\">bla\u00adson de Ham\u00adbourg HWN 74<\/a> vers Tim\u00admen\u00adrode. Ce che\u00admin de cr\u00eate a&nbsp;\u00e9t\u00e9 cr\u00e9\u00e9 en 1853 \u00e0&nbsp;l\u2019ins\u00adti\u00adga\u00adtion du maire de Blan\u00adken\u00adburg Carl L\u00f6b\u00adbecke et offre, gr\u00e2ce \u00e0&nbsp;sa situa\u00adtion, de nom\u00adbreux points de vue sur les envi\u00adrons. Le che\u00admin \u00e9troit est en par\u00adtie taill\u00e9 dans la roche et n\u00e9ces\u00adsite un peu d\u2019as\u00adsu\u00adrance pour le&nbsp;pied.&nbsp;<\/p>\n\n<p>La ner\u00advure rocheuse du Teu\u00adfels\u00admauer appa\u00adra\u00eet \u00e0&nbsp;trois endroits entre Bal\u00adlens\u00adtedt au sud-est et Blan\u00adken\u00adburg (Harz) au nord-ouest, sur une lon\u00adgueur de 20&nbsp;km. Elle com\u00admence avec les Gegen\u00adsteine au nord-ouest de Bal\u00adlens\u00adtedt. Elle se pour\u00adsuit au sud de Wed\u00adders\u00adle\u00adben, o\u00f9 s\u2019a\u00adlignent sur deux kilo\u00adm\u00e8tres du sud-est au nord-ouest le K\u00f6nig\u00adstein, les Mit\u00adtel\u00adsteine et les Papen\u00adsteine. Vers le nord-ouest, la cha\u00eene de hau\u00adteurs rocheuses se pour\u00adsuit entre Tim\u00admen\u00adrode et Blan\u00adken\u00adburg avec le bla\u00adson de Ham\u00adbourg, la grotte de l\u2019o\u00adrage, le rocher de la gre\u00adnouille, le Hei\u00addel\u00adberg (331&nbsp;m&nbsp;au-des\u00adsus du niveau de la mer), et le rocher de la grand-m\u00e8re (317&nbsp;m&nbsp;au-des\u00adsus du niveau de la mer) avec la grand-m\u00e8re.&nbsp;<\/p>\n\n<p>Le meilleur endroit pour se garer est le par\u00adking pour visi\u00adteurs de la ville de Blan\u00adken\u00adburg (Harz), au-des\u00adsus du petit ch\u00e2\u00adteau. Dans le petit ch\u00e2\u00adteau se trouve \u00e9ga\u00adle\u00adment le bureau de ser\u00advice de l\u2019ai\u00adguille de ran\u00addon\u00adn\u00e9e du Harz. De l\u00e0, tu tra\u00adverses la route Has\u00adsel\u00adfel\u00adder (B81) et tu atteins le rocher du grand-p\u00e8re en emprun\u00adtant la route du grand-p\u00e8re. La bo\u00eete \u00e0&nbsp;tam\u00adpons se trouve direc\u00adte\u00adment sur l\u2019\u00e9\u00adtroit sen\u00adtier qui m\u00e8ne au rocher.&nbsp;<\/p>\n\n<div class=\"wp-block-buttons is-layout-flex wp-block-buttons-is-layout-flex\">\n<div class=\"wp-block-button\"><a class=\"wp-block-button__link wp-element-button\" href=\"http:\/\/www.blankenburg-tourismus.de\" target=\"_blank\" rel=\"noreferrer noopener\">Infor\u00adma\u00adtions tou\u00adris\u00adtiques Blankenburg&nbsp;\u00bb<\/a><\/div>\n<\/div>\n\n<div class=\"wp-block-buttons is-layout-flex wp-block-buttons-is-layout-flex\">\n<div class=\"wp-block-button\"><a class=\"wp-block-button__link wp-element-button\" href=\"https:\/\/harzer-bergwald.de\/index.php\/wandertouren\/abenteuertouren\/29-abenteuer-auf-der-teufelsmauer\" target=\"_blank\" rel=\"noreferrer noopener\">Sug\u00adges\u00adtion de cir\u00adcuit For\u00eat de mon\u00adtagne du&nbsp;Harz&nbsp;\u00bb<\/a><\/div>\n<\/div>\n","protected":false},"excerpt":{"rendered":"<p>Le \u00ab&nbsp;rocher du grand-p\u00e8re&nbsp;\u00bb (317 m\u00e8tres au-des\u00adsus du niveau de la mer) forme avec la \u00ab&nbsp;grand-m\u00e8re&nbsp;\u00bb l\u2019extr\u00e9mit\u00e9 ouest du mur du diable et se trouve \u00e0&nbsp;la p\u00e9ri\u00adph\u00e9\u00adrie est de Blan\u00adken\u00adburg. C\u2019est l\u2019une des falaises les plus impo\u00adsantes et les plus hautes du Mur du Diable et un sym\u00adbole de Blan\u00adken\u00adburg. La falaise peut \u00eatre escalad\u00e9e&nbsp;[\u2026]<\/p>\n","protected":false},"author":11,"featured_media":18325,"parent":17801,"menu_order":10076,"comment_status":"closed","ping_status":"closed","template":"","meta":{"_seopress_robots_primary_cat":"","_seopress_titles_title":"","_seopress_titles_desc":"","_seopress_robots_index":"","wp_typography_post_enhancements_disabled":false,"iawp_total_views":1,"footnotes":""},"hf_cat_page":[120],"class_list":["post-18324","page","type-page","status-publish","has-post-thumbnail"],"blocksy_meta":[],"_links":{"self":[{"href":"https:\/\/www.harzer-wandernadel.de\/fr\/wp-json\/wp\/v2\/pages\/18324","targetHints":{"allow":["GET"]}}],"collection":[{"href":"https:\/\/www.harzer-wandernadel.de\/fr\/wp-json\/wp\/v2\/pages"}],"about":[{"href":"https:\/\/www.harzer-wandernadel.de\/fr\/wp-json\/wp\/v2\/types\/page"}],"author":[{"embeddable":true,"href":"https:\/\/www.harzer-wandernadel.de\/fr\/wp-json\/wp\/v2\/users\/11"}],"replies":[{"embeddable":true,"href":"https:\/\/www.harzer-wandernadel.de\/fr\/wp-json\/wp\/v2\/comments?post=18324"}],"version-history":[{"count":2,"href":"https:\/\/www.harzer-wandernadel.de\/fr\/wp-json\/wp\/v2\/pages\/18324\/revisions"}],"predecessor-version":[{"id":24828,"href":"https:\/\/www.harzer-wandernadel.de\/fr\/wp-json\/wp\/v2\/pages\/18324\/revisions\/24828"}],"up":[{"embeddable":true,"href":"https:\/\/www.harzer-wandernadel.de\/fr\/wp-json\/wp\/v2\/pages\/17801"}],"wp:featuredmedia":[{"embeddable":true,"href":"https:\/\/www.harzer-wandernadel.de\/fr\/wp-json\/wp\/v2\/media\/18325"}],"wp:attachment":[{"href":"https:\/\/www.harzer-wandernadel.de\/fr\/wp-json\/wp\/v2\/media?parent=18324"}],"wp:term":[{"taxonomy":"hf_cat_page","embeddable":true,"href":"https:\/\/www.harzer-wandernadel.de\/fr\/wp-json\/wp\/v2\/hf_cat_page?post=18324"}],"curies":[{"name":"wp","href":"https:\/\/api.w.org\/{rel}","templated":true}]}}