{"id":18320,"date":"2016-02-18T12:18:47","date_gmt":"2016-02-18T11:18:47","guid":{"rendered":"https:\/\/www.harzer-wandernadel.de\/pointage\/carte-generale\/pointage-183-foersterblick-gernrode\/"},"modified":"2026-01-29T12:49:18","modified_gmt":"2026-01-29T11:49:18","slug":"pointage-183-foersterblick-gernrode","status":"publish","type":"page","link":"https:\/\/www.harzer-wandernadel.de\/fr\/pointage\/carte-generale\/pointage-183-foersterblick-gernrode\/","title":{"rendered":"Pointage 183 \/ F\u00f6rsterblick Gernrode"},"content":{"rendered":"\n<h2 class=\"wp-block-heading\">Le F\u00f6rsterblick est un point de vue au-dessus de Gernrode avec une vue g\u00e9niale sur la ville et l\u2019avant-pays du&nbsp;Harz.<\/h2>\n\n<div class=\"wp-block-stackable-image alignwide stk-block-image stk-block stk-89e1006\" data-block-id=\"89e1006\"><style>.stk-89e1006 {margin-top:3% !important;margin-bottom:3% !important;}<\/style><figure><span class=\"stk-img-wrapper stk-image--shape-stretch stk--has-lightbox\"><img decoding=\"async\" width=\"960\" height=\"720\" src=\"https:\/\/www.harzer-wandernadel.de\/wp-content\/uploads\/2016\/02\/F\u00f6rsterblick.jpg\" class=\"attachment-full size-full wp-post-image\" alt srcset=\"https:\/\/www.harzer-wandernadel.de\/wp-content\/uploads\/2016\/02\/F\u00f6rsterblick.jpg 960w, https:\/\/www.harzer-wandernadel.de\/wp-content\/uploads\/2016\/02\/F\u00f6rsterblick-300x225.jpg 300w, https:\/\/www.harzer-wandernadel.de\/wp-content\/uploads\/2016\/02\/F\u00f6rsterblick-768x576.jpg 768w, https:\/\/www.harzer-wandernadel.de\/wp-content\/uploads\/2016\/02\/F\u00f6rsterblick-250x188.jpg 250w, https:\/\/www.harzer-wandernadel.de\/wp-content\/uploads\/2016\/02\/F\u00f6rsterblick-624x468.jpg 624w\" sizes=\"(max-width: 960px) 100vw, 960px\"><\/span><\/figure><\/div>\n\n<p>La sta\u00adtion de vacances de Gern\u00adrode est situ\u00e9e \u00e0&nbsp;la limite nord du Harz orien\u00adtal, au pied de la mon\u00adtagne Stu\u00adben\u00adberg, sur un ver\u00adsant char\u00admant. Elle est par\u00adti\u00adcu\u00adli\u00e8\u00adre\u00adment connue pour sa col\u00adl\u00e9\u00adgiale St. Cyria\u00adkus, visible de loin et vieille de plus de 1000 ans. Situ\u00e9e sur la route de l\u2019art roman, l\u2019\u00e9\u00adglise St. Cyria\u00adkus, l\u2019une des plus anciennes \u00e9glises d\u2019Eu\u00adrope du Nord, s\u00e9duit par sa construc\u00adtion datant de l\u2019\u00e9\u00adpoque otto\u00adnienne, res\u00adt\u00e9e pra\u00adti\u00adque\u00adment inchang\u00e9e.&nbsp;<\/p>\n\n<p>\u00c0 Gern\u00adrode se trouve \u00e9ga\u00adle\u00adment la manu\u00adfac\u00adture de liqueurs du Harz, qui pro\u00adduit \u00e9ga\u00adle\u00adment le \u00ab&nbsp;Stem\u00adpel\u00adschluck&nbsp;\u00bb de l\u2019ai\u00adguille de ran\u00addon\u00adn\u00e9e du Harz. La pro\u00adduc\u00adtion se concentre sur les liqueurs d\u00e9li\u00adcates et les eaux-de-vie raf\u00adfi\u00adn\u00e9es. Ces sp\u00e9\u00adcia\u00adli\u00adt\u00e9s jouissent d\u2019une popu\u00adla\u00adri\u00adt\u00e9 g\u00e9n\u00e9\u00adrale et sont pro\u00adfon\u00add\u00e9\u00adment enra\u00adci\u00adn\u00e9es dans la r\u00e9gion.&nbsp;<\/p>\n\n<div class=\"wp-block-buttons is-layout-flex wp-block-buttons-is-layout-flex\">\n<div class=\"wp-block-button\"><a class=\"wp-block-button__link wp-element-button\" href=\"https:\/\/harzer-likoer.de\/\">Fabrique de liqueurs du&nbsp;Harz<\/a><\/div>\n<\/div>\n\n<p>Depuis l\u2019\u00e9\u00adglise col\u00adl\u00e9\u00adgiale de Gern\u00adrode, tu marches sur le sen\u00adtier de la val\u00adl\u00e9e de la Selke en pas\u00adsant par la val\u00adl\u00e9e de Hagen, puis tu suis le che\u00admin de ran\u00addon\u00adn\u00e9e bali\u00ads\u00e9 en pas\u00adsant par le Stu\u00adben\u00adberg jus\u00adqu\u2019au F\u00f6rsterblick.<\/p>\n\n<div class=\"wp-block-buttons is-layout-flex wp-block-buttons-is-layout-flex\">\n<div class=\"wp-block-button\"><a class=\"wp-block-button__link wp-element-button\" href=\"http:\/\/harzer-bergwald.de\/index.php\/wandertouren\/romantiktouren\/34-wandern-fuer-die-seele\">Sug\u00adges\u00adtion de cir\u00adcuit For\u00eat de mon\u00adtagne du&nbsp;Harz<\/a><\/div>\n<\/div>\n","protected":false},"excerpt":{"rendered":"<p>Le F\u00f6rs\u00adter\u00adblick est un point de vue au-des\u00adsus de Gern\u00adrode avec une vue g\u00e9niale sur la ville et l\u2019avant-pays du&nbsp;Harz. La sta\u00adtion de vacances de Gern\u00adrode est situ\u00e9e \u00e0&nbsp;la limite nord du Harz orien\u00adtal, au pied de la mon\u00adtagne Stu\u00adben\u00adberg, sur un ver\u00adsant char\u00admant. Elle est par\u00adti\u00adcu\u00adli\u00e8\u00adre\u00adment connue pour sa col\u00adl\u00e9\u00adgiale St. Cyria\u00adkus, visible de&nbsp;[\u2026]<\/p>\n","protected":false},"author":11,"featured_media":18321,"parent":17801,"menu_order":10183,"comment_status":"closed","ping_status":"closed","template":"","meta":{"_seopress_robots_primary_cat":"","_seopress_titles_title":"","_seopress_titles_desc":"","_seopress_robots_index":"","wp_typography_post_enhancements_disabled":false,"iawp_total_views":1,"footnotes":""},"hf_cat_page":[120],"class_list":["post-18320","page","type-page","status-publish","has-post-thumbnail"],"blocksy_meta":[],"_links":{"self":[{"href":"https:\/\/www.harzer-wandernadel.de\/fr\/wp-json\/wp\/v2\/pages\/18320","targetHints":{"allow":["GET"]}}],"collection":[{"href":"https:\/\/www.harzer-wandernadel.de\/fr\/wp-json\/wp\/v2\/pages"}],"about":[{"href":"https:\/\/www.harzer-wandernadel.de\/fr\/wp-json\/wp\/v2\/types\/page"}],"author":[{"embeddable":true,"href":"https:\/\/www.harzer-wandernadel.de\/fr\/wp-json\/wp\/v2\/users\/11"}],"replies":[{"embeddable":true,"href":"https:\/\/www.harzer-wandernadel.de\/fr\/wp-json\/wp\/v2\/comments?post=18320"}],"version-history":[{"count":1,"href":"https:\/\/www.harzer-wandernadel.de\/fr\/wp-json\/wp\/v2\/pages\/18320\/revisions"}],"predecessor-version":[{"id":18323,"href":"https:\/\/www.harzer-wandernadel.de\/fr\/wp-json\/wp\/v2\/pages\/18320\/revisions\/18323"}],"up":[{"embeddable":true,"href":"https:\/\/www.harzer-wandernadel.de\/fr\/wp-json\/wp\/v2\/pages\/17801"}],"wp:featuredmedia":[{"embeddable":true,"href":"https:\/\/www.harzer-wandernadel.de\/fr\/wp-json\/wp\/v2\/media\/18321"}],"wp:attachment":[{"href":"https:\/\/www.harzer-wandernadel.de\/fr\/wp-json\/wp\/v2\/media?parent=18320"}],"wp:term":[{"taxonomy":"hf_cat_page","embeddable":true,"href":"https:\/\/www.harzer-wandernadel.de\/fr\/wp-json\/wp\/v2\/hf_cat_page?post=18320"}],"curies":[{"name":"wp","href":"https:\/\/api.w.org\/{rel}","templated":true}]}}