{"id":18313,"date":"2016-02-18T13:45:25","date_gmt":"2016-02-18T12:45:25","guid":{"rendered":"https:\/\/www.harzer-wandernadel.de\/pointage\/carte-generale\/pointage-88-pavillon-panoramique-hoher-kleef\/"},"modified":"2026-02-28T14:42:49","modified_gmt":"2026-02-28T13:42:49","slug":"pointage-88-pavillon-panoramique-hoher-kleef","status":"publish","type":"page","link":"https:\/\/www.harzer-wandernadel.de\/fr\/pointage\/carte-generale\/pointage-88-pavillon-panoramique-hoher-kleef\/","title":{"rendered":"Pointage 88 \/ Pavillon panoramique Hoher&nbsp;Kleef"},"content":{"rendered":"\n<h2 class=\"wp-block-heading\">Le pavillon d\u2019observation sur le Hoher Kleef (442&nbsp;m&nbsp;d\u2019altitude) se trouve tr\u00e8s haut au-dessus de R\u00fcbeland.<\/h2>\n\n<div class=\"wp-block-stackable-image alignwide stk-block-image stk-block stk-89e1006\" data-block-id=\"89e1006\"><style>.stk-89e1006 {margin-top:3% !important;margin-bottom:3% !important;}<\/style><figure><span class=\"stk-img-wrapper stk-image--shape-stretch stk--has-lightbox\"><img decoding=\"async\" width=\"733\" height=\"550\" src=\"https:\/\/www.harzer-wandernadel.de\/wp-content\/uploads\/2016\/02\/Hoher-Kleef.jpg\" class=\"attachment-full size-full wp-post-image\" alt srcset=\"https:\/\/www.harzer-wandernadel.de\/wp-content\/uploads\/2016\/02\/Hoher-Kleef.jpg 733w, https:\/\/www.harzer-wandernadel.de\/wp-content\/uploads\/2016\/02\/Hoher-Kleef-300x225.jpg 300w, https:\/\/www.harzer-wandernadel.de\/wp-content\/uploads\/2016\/02\/Hoher-Kleef-624x468.jpg 624w\" sizes=\"(max-width: 733px) 100vw, 733px\"><\/span><\/figure><\/div>\n\n<p>Le Haut Kleef est une falaise de cal\u00adcaire r\u00e9ci\u00adfal d\u00e9vo\u00adnien. La for\u00adma\u00adtion rocheuse est recon\u00adnais\u00adsable de loin gr\u00e2ce au pavillon d\u2019ob\u00adser\u00adva\u00adtion qui y&nbsp;a \u00e9t\u00e9&nbsp;\u00e9rig\u00e9.&nbsp;<\/p>\n\n<p>Depuis le par\u00adking de la grotte d\u2019Her\u00admann, un \u00e9troit sen\u00adtier bali\u00ads\u00e9 monte la pente sur la droite en direc\u00adtion de Susen\u00adburg. Il passe par la ruine de Bir\u00adken\u00adfeld, devant la bo\u00eete \u00e0&nbsp;tam\u00adpons et m\u00e8ne au pavillon d\u2019observation.<\/p>\n","protected":false},"excerpt":{"rendered":"<p>Le pavillon d\u2019observation sur le Hoher Kleef (442&nbsp;m&nbsp;d\u2019altitude) se trouve tr\u00e8s haut au-des\u00adsus de R\u00fcbe\u00adland. Le Haut Kleef est une falaise de cal\u00adcaire r\u00e9ci\u00adfal d\u00e9vo\u00adnien. La for\u00adma\u00adtion rocheuse est recon\u00adnais\u00adsable de loin gr\u00e2ce au pavillon d\u2019ob\u00adser\u00adva\u00adtion qui y&nbsp;a&nbsp;\u00e9t\u00e9&nbsp;\u00e9ri\u00adg\u00e9.&nbsp; Depuis le par\u00adking de la grotte d\u2019Her\u00admann, un \u00e9troit sen\u00adtier bali\u00ads\u00e9 monte la pente sur&nbsp;la&nbsp;[\u2026]<\/p>\n","protected":false},"author":11,"featured_media":18314,"parent":17801,"menu_order":10088,"comment_status":"closed","ping_status":"closed","template":"","meta":{"_seopress_robots_primary_cat":"","_seopress_titles_title":"","_seopress_titles_desc":"","_seopress_robots_index":"","wp_typography_post_enhancements_disabled":false,"iawp_total_views":1,"footnotes":""},"hf_cat_page":[120],"class_list":["post-18313","page","type-page","status-publish","has-post-thumbnail"],"blocksy_meta":[],"_links":{"self":[{"href":"https:\/\/www.harzer-wandernadel.de\/fr\/wp-json\/wp\/v2\/pages\/18313","targetHints":{"allow":["GET"]}}],"collection":[{"href":"https:\/\/www.harzer-wandernadel.de\/fr\/wp-json\/wp\/v2\/pages"}],"about":[{"href":"https:\/\/www.harzer-wandernadel.de\/fr\/wp-json\/wp\/v2\/types\/page"}],"author":[{"embeddable":true,"href":"https:\/\/www.harzer-wandernadel.de\/fr\/wp-json\/wp\/v2\/users\/11"}],"replies":[{"embeddable":true,"href":"https:\/\/www.harzer-wandernadel.de\/fr\/wp-json\/wp\/v2\/comments?post=18313"}],"version-history":[{"count":1,"href":"https:\/\/www.harzer-wandernadel.de\/fr\/wp-json\/wp\/v2\/pages\/18313\/revisions"}],"predecessor-version":[{"id":18317,"href":"https:\/\/www.harzer-wandernadel.de\/fr\/wp-json\/wp\/v2\/pages\/18313\/revisions\/18317"}],"up":[{"embeddable":true,"href":"https:\/\/www.harzer-wandernadel.de\/fr\/wp-json\/wp\/v2\/pages\/17801"}],"wp:featuredmedia":[{"embeddable":true,"href":"https:\/\/www.harzer-wandernadel.de\/fr\/wp-json\/wp\/v2\/media\/18314"}],"wp:attachment":[{"href":"https:\/\/www.harzer-wandernadel.de\/fr\/wp-json\/wp\/v2\/media?parent=18313"}],"wp:term":[{"taxonomy":"hf_cat_page","embeddable":true,"href":"https:\/\/www.harzer-wandernadel.de\/fr\/wp-json\/wp\/v2\/hf_cat_page?post=18313"}],"curies":[{"name":"wp","href":"https:\/\/api.w.org\/{rel}","templated":true}]}}