{"id":18312,"date":"2016-02-18T12:20:53","date_gmt":"2016-02-18T11:20:53","guid":{"rendered":"https:\/\/www.harzer-wandernadel.de\/pointage\/carte-generale\/pointage-181-forestier-tannen\/"},"modified":"2026-01-29T12:49:18","modified_gmt":"2026-01-29T11:49:18","slug":"pointage-181-forestier-tannen","status":"publish","type":"page","link":"https:\/\/www.harzer-wandernadel.de\/fr\/pointage\/carte-generale\/pointage-181-forestier-tannen\/","title":{"rendered":"Pointage 181 \/ Forestier Tannen"},"content":{"rendered":"\n<h2 class=\"wp-block-heading\">L\u2019arboretum \u00ab&nbsp;Forstmeister Tannen&nbsp;\u00bb se trouve en bordure du parc du ch\u00e2teau de Ballenstedt et surplombe l\u2019\u00e9tang de la cloche.<\/h2>\n\n<div class=\"wp-block-stackable-image alignwide stk-block-image stk-block stk-89e1006\" data-block-id=\"89e1006\"><style>.stk-89e1006 {margin-top:3% !important;margin-bottom:3% !important;}<\/style><figure><span class=\"stk-img-wrapper stk-image--shape-stretch stk--has-lightbox\"><img decoding=\"async\" width=\"1412\" height=\"760\" src=\"https:\/\/www.harzer-wandernadel.de\/wp-content\/uploads\/2016\/02\/HWN-Forstmeister-Tannen-30.06.16.jpg\" class=\"attachment-full size-full wp-post-image\" alt srcset=\"https:\/\/www.harzer-wandernadel.de\/wp-content\/uploads\/2016\/02\/HWN-Forstmeister-Tannen-30.06.16.jpg 1412w, https:\/\/www.harzer-wandernadel.de\/wp-content\/uploads\/2016\/02\/HWN-Forstmeister-Tannen-30.06.16-300x161.jpg 300w, https:\/\/www.harzer-wandernadel.de\/wp-content\/uploads\/2016\/02\/HWN-Forstmeister-Tannen-30.06.16-768x413.jpg 768w, https:\/\/www.harzer-wandernadel.de\/wp-content\/uploads\/2016\/02\/HWN-Forstmeister-Tannen-30.06.16-1024x551.jpg 1024w, https:\/\/www.harzer-wandernadel.de\/wp-content\/uploads\/2016\/02\/HWN-Forstmeister-Tannen-30.06.16-250x135.jpg 250w, https:\/\/www.harzer-wandernadel.de\/wp-content\/uploads\/2016\/02\/HWN-Forstmeister-Tannen-30.06.16-624x336.jpg 624w\" sizes=\"(max-width: 1412px) 100vw, 1412px\"><\/span><\/figure><\/div>\n\n<p>En 1766, une plan\u00adta\u00adtion fores\u00adti\u00e8re d\u2019es\u00adsences \u00e9tran\u00adg\u00e8res a&nbsp;\u00e9t\u00e9 cr\u00e9\u00e9e \u00e0&nbsp;cet endroit, s\u00e9lec\u00adtion\u00adn\u00e9e par le ma\u00eetre fores\u00adtier von Truff. En mars 1767, le prince Frie\u00addrich Albrecht a&nbsp;com\u00adman\u00add\u00e9 une caisse de graines d\u2019A\u00adm\u00e9\u00adrique du Nord par l\u2019in\u00adter\u00adm\u00e9\u00addiaire de mar\u00adchands anglais. Les impo\u00adsants pins Wey\u00admouth de l\u2019ar\u00adbo\u00adre\u00adtum pro\u00adviennent de ces pro\u00adve\u00adnances et sont par\u00admi les plus anciens de leur esp\u00e8ce en Allemagne.&nbsp;<\/p>\n\n<p>Jus\u00adqu\u2019au milieu du 19\u00e8me si\u00e8cle, la dynas\u00adtie de fores\u00adtiers Tietz s\u2019est consa\u00adcr\u00e9e \u00e0&nbsp;l\u2019en\u00adtre\u00adtien de la for\u00eat. C\u2019est durant cette p\u00e9riode que le m\u00e9l\u00e8ze tyro\u00adlien a&nbsp;\u00e9t\u00e9 ajou\u00adt\u00e9 en&nbsp;1810.&nbsp;<\/p>\n\n<p>D\u00e9j\u00e0 au d\u00e9but du 20\u00e8me si\u00e8cle, les sapins du ma\u00eetre fores\u00adtier \u00e9taient consi\u00add\u00e9\u00adr\u00e9s comme un cabi\u00adnet de syl\u00advi\u00adcul\u00adture et consti\u00adtuaient un cadre digne pour la s\u00e9pul\u00adture du fonc\u00adtion\u00adnaire fores\u00adtier le plus haut pla\u00adc\u00e9 dans le pays d\u2019An\u00adhalt, le conseiller fores\u00adtier en chef Franz-Wil\u00adhelm Sacht\u00adler (1865 \u2013&nbsp;1924).<\/p>\n\n<p>Tu peux atteindre le point de poin\u00adtage depuis le par\u00adking en des\u00adsous du ch\u00e2\u00adteau en emprun\u00adtant le che\u00admin du bailli dans le parc du ch\u00e2\u00adteau. En pas\u00adsant devant l\u2019\u00e9\u00adtang du ch\u00e2\u00adteau et l\u2019\u00e9\u00adtang de la cloche, tu suis le sen\u00adtier indi\u00adqu\u00e9 qui m\u00e8ne \u00e0&nbsp;droite du che\u00admin des offi\u00adciers jus\u00adqu\u2019au lieu de pointage.&nbsp;<\/p>\n\n<div class=\"wp-block-buttons is-layout-flex wp-block-buttons-is-layout-flex\">\n<div class=\"wp-block-button\"><a class=\"wp-block-button__link wp-element-button\" href=\"http:\/\/harzer-bergwald.de\/index.php\/wandertouren\/abenteuertouren\/28-auf-tour-im-ostharz\">Sug\u00adges\u00adtion de cir\u00adcuit For\u00eat de mon\u00adtagne du&nbsp;Harz<\/a><\/div>\n<\/div>\n","protected":false},"excerpt":{"rendered":"<p>L\u2019arboretum \u00ab&nbsp;Forst\u00admeis\u00adter Tan\u00adnen&nbsp;\u00bb se trouve en bor\u00addure du parc du ch\u00e2\u00adteau de Bal\u00adlens\u00adtedt et sur\u00adplombe l\u2019\u00e9tang de la cloche. En 1766, une plan\u00adta\u00adtion fores\u00adti\u00e8re d\u2019es\u00adsences \u00e9tran\u00adg\u00e8res a&nbsp;\u00e9t\u00e9 cr\u00e9\u00e9e \u00e0&nbsp;cet endroit, s\u00e9lec\u00adtion\u00adn\u00e9e par le ma\u00eetre fores\u00adtier von Truff. En mars 1767, le prince Frie\u00addrich Albrecht a&nbsp;com\u00adman\u00add\u00e9 une caisse de graines d\u2019A\u00adm\u00e9\u00adrique du Nord par l\u2019in\u00adter\u00adm\u00e9\u00addiaire de&nbsp;[\u2026]<\/p>\n","protected":false},"author":11,"featured_media":18316,"parent":17801,"menu_order":10181,"comment_status":"closed","ping_status":"closed","template":"","meta":{"_seopress_robots_primary_cat":"","_seopress_titles_title":"","_seopress_titles_desc":"","_seopress_robots_index":"","wp_typography_post_enhancements_disabled":false,"iawp_total_views":0,"footnotes":""},"hf_cat_page":[120],"class_list":["post-18312","page","type-page","status-publish","has-post-thumbnail"],"blocksy_meta":[],"_links":{"self":[{"href":"https:\/\/www.harzer-wandernadel.de\/fr\/wp-json\/wp\/v2\/pages\/18312","targetHints":{"allow":["GET"]}}],"collection":[{"href":"https:\/\/www.harzer-wandernadel.de\/fr\/wp-json\/wp\/v2\/pages"}],"about":[{"href":"https:\/\/www.harzer-wandernadel.de\/fr\/wp-json\/wp\/v2\/types\/page"}],"author":[{"embeddable":true,"href":"https:\/\/www.harzer-wandernadel.de\/fr\/wp-json\/wp\/v2\/users\/11"}],"replies":[{"embeddable":true,"href":"https:\/\/www.harzer-wandernadel.de\/fr\/wp-json\/wp\/v2\/comments?post=18312"}],"version-history":[{"count":1,"href":"https:\/\/www.harzer-wandernadel.de\/fr\/wp-json\/wp\/v2\/pages\/18312\/revisions"}],"predecessor-version":[{"id":18318,"href":"https:\/\/www.harzer-wandernadel.de\/fr\/wp-json\/wp\/v2\/pages\/18312\/revisions\/18318"}],"up":[{"embeddable":true,"href":"https:\/\/www.harzer-wandernadel.de\/fr\/wp-json\/wp\/v2\/pages\/17801"}],"wp:featuredmedia":[{"embeddable":true,"href":"https:\/\/www.harzer-wandernadel.de\/fr\/wp-json\/wp\/v2\/media\/18316"}],"wp:attachment":[{"href":"https:\/\/www.harzer-wandernadel.de\/fr\/wp-json\/wp\/v2\/media?parent=18312"}],"wp:term":[{"taxonomy":"hf_cat_page","embeddable":true,"href":"https:\/\/www.harzer-wandernadel.de\/fr\/wp-json\/wp\/v2\/hf_cat_page?post=18312"}],"curies":[{"name":"wp","href":"https:\/\/api.w.org\/{rel}","templated":true}]}}