{"id":18310,"date":"2016-02-16T14:10:11","date_gmt":"2016-02-16T13:10:11","guid":{"rendered":"https:\/\/www.harzer-wandernadel.de\/pointage\/carte-generale\/pointage-29-elversstein\/"},"modified":"2026-02-28T14:42:15","modified_gmt":"2026-02-28T13:42:15","slug":"pointage-29-elversstein","status":"publish","type":"page","link":"https:\/\/www.harzer-wandernadel.de\/fr\/pointage\/carte-generale\/pointage-29-elversstein\/","title":{"rendered":"Pointage 29 \/ Elversstein"},"content":{"rendered":"\n<h2 class=\"wp-block-heading\">Le Elversstein (499&nbsp;m&nbsp;d\u2019altitude) est un point de vue situ\u00e9 pr\u00e8s du quartier de Hasserode \u00e0&nbsp;Wernigerode.<\/h2>\n\n<figure class=\"wp-block-image alignwide size-full\"><img decoding=\"async\" width=\"800\" height=\"450\" src=\"https:\/\/www.harzer-wandernadel.de\/wp-content\/uploads\/2025\/09\/elversstein-edited.jpg\" alt=\"HSB \u00e0 l'Elverstein\" class=\"wp-image-15563\" srcset=\"https:\/\/www.harzer-wandernadel.de\/wp-content\/uploads\/2025\/09\/elversstein-edited.jpg 800w, https:\/\/www.harzer-wandernadel.de\/wp-content\/uploads\/2025\/09\/elversstein-edited-300x169.jpg 300w, https:\/\/www.harzer-wandernadel.de\/wp-content\/uploads\/2025\/09\/elversstein-edited-768x432.jpg 768w, https:\/\/www.harzer-wandernadel.de\/wp-content\/uploads\/2025\/09\/elversstein-edited-250x141.jpg 250w\" sizes=\"(max-width: 800px) 100vw, 800px\"><\/figure>\n\n<p>Sur l\u2019El\u00advers\u00adstein, tu peux pro\u00adfi\u00adter de superbes vues sur le pay\u00adsage du Harz. Il est par\u00adti\u00adcu\u00adli\u00e8\u00adre\u00adment impres\u00adsion\u00adnant d\u2019as\u00adsis\u00adter \u00e0&nbsp;la sor\u00adtie du train \u00e0&nbsp;vapeur Harz\u00adquer\u00adbahn du tun\u00adnel Thumkuhlental.&nbsp;<\/p>\n\n<p>La pierre d\u2019El\u00advers porte le nom du pre\u00admier conseiller r\u00e9gio\u00adnal du dis\u00adtrict prus\u00adsien de Wer\u00adni\u00adge\u00adrode, le Dr Johann Frie\u00addrich Rudolph Elvers (1825 \u2013 1891). Il est arri\u00adv\u00e9 \u00e0&nbsp;Wer\u00adni\u00adge\u00adrode en 1862 et a&nbsp;d\u2019a\u00adbord tra\u00advaill\u00e9 comme chef d\u2019or\u00adchestre au tri\u00adbu\u00adnal. En 1864, il a&nbsp;\u00e9t\u00e9 pro\u00admu conseiller gou\u00adver\u00adne\u00admen\u00adtal et consis\u00adto\u00adrial et est entr\u00e9 au ser\u00advice du comte Otto zu Stolberg-Wernigerode.&nbsp;<\/p>\n\n<p>La mon\u00adt\u00e9e la plus courte com\u00admence \u00e0&nbsp;Has\u00adse\u00adrode sur la route \u00ab&nbsp;Trift&nbsp;\u00bb en sui\u00advant le sen\u00adtier Elvers\u00adstein. L\u2019au\u00adberge <a href=\"https:\/\/www.harzer-wandernadel.de\/fr\/pointage\/carte-generale\/pointage-35-gasthaus-armeleuteberg\/\" data-type=\"page\" data-id=\"608\">Arme\u00adleu\u00adte\u00adberg HWN 35<\/a> est \u00e9ga\u00adle\u00adment un bon point de d\u00e9part pour une ran\u00addon\u00adn\u00e9e vers Elversstein.&nbsp;<\/p>\n","protected":false},"excerpt":{"rendered":"<p>Le Elvers\u00adstein (499&nbsp;m&nbsp;d\u2019altitude) est un point de vue situ\u00e9 pr\u00e8s du quar\u00adtier de Has\u00adse\u00adrode \u00e0&nbsp;Wer\u00adni\u00adge\u00adrode. Sur l\u2019El\u00advers\u00adstein, tu peux pro\u00adfi\u00adter de superbes vues sur le pay\u00adsage du Harz. Il est par\u00adti\u00adcu\u00adli\u00e8\u00adre\u00adment impres\u00adsion\u00adnant d\u2019as\u00adsis\u00adter \u00e0&nbsp;la sor\u00adtie du train \u00e0&nbsp;vapeur Harz\u00adquer\u00adbahn du tun\u00adnel Thum\u00adkuh\u00adlen\u00adtal.&nbsp; La pierre d\u2019El\u00advers porte le nom du pre\u00admier conseiller r\u00e9gio\u00adnal du dis\u00adtrict prussien&nbsp;[\u2026]<\/p>\n","protected":false},"author":11,"featured_media":15550,"parent":17801,"menu_order":10029,"comment_status":"closed","ping_status":"closed","template":"","meta":{"_seopress_robots_primary_cat":"","_seopress_titles_title":"","_seopress_titles_desc":"","_seopress_robots_index":"","wp_typography_post_enhancements_disabled":false,"iawp_total_views":0,"footnotes":""},"hf_cat_page":[120],"class_list":["post-18310","page","type-page","status-publish","has-post-thumbnail"],"blocksy_meta":[],"_links":{"self":[{"href":"https:\/\/www.harzer-wandernadel.de\/fr\/wp-json\/wp\/v2\/pages\/18310","targetHints":{"allow":["GET"]}}],"collection":[{"href":"https:\/\/www.harzer-wandernadel.de\/fr\/wp-json\/wp\/v2\/pages"}],"about":[{"href":"https:\/\/www.harzer-wandernadel.de\/fr\/wp-json\/wp\/v2\/types\/page"}],"author":[{"embeddable":true,"href":"https:\/\/www.harzer-wandernadel.de\/fr\/wp-json\/wp\/v2\/users\/11"}],"replies":[{"embeddable":true,"href":"https:\/\/www.harzer-wandernadel.de\/fr\/wp-json\/wp\/v2\/comments?post=18310"}],"version-history":[{"count":2,"href":"https:\/\/www.harzer-wandernadel.de\/fr\/wp-json\/wp\/v2\/pages\/18310\/revisions"}],"predecessor-version":[{"id":24722,"href":"https:\/\/www.harzer-wandernadel.de\/fr\/wp-json\/wp\/v2\/pages\/18310\/revisions\/24722"}],"up":[{"embeddable":true,"href":"https:\/\/www.harzer-wandernadel.de\/fr\/wp-json\/wp\/v2\/pages\/17801"}],"wp:featuredmedia":[{"embeddable":true,"href":"https:\/\/www.harzer-wandernadel.de\/fr\/wp-json\/wp\/v2\/media\/15550"}],"wp:attachment":[{"href":"https:\/\/www.harzer-wandernadel.de\/fr\/wp-json\/wp\/v2\/media?parent=18310"}],"wp:term":[{"taxonomy":"hf_cat_page","embeddable":true,"href":"https:\/\/www.harzer-wandernadel.de\/fr\/wp-json\/wp\/v2\/hf_cat_page?post=18310"}],"curies":[{"name":"wp","href":"https:\/\/api.w.org\/{rel}","templated":true}]}}