{"id":18301,"date":"2016-02-18T13:40:23","date_gmt":"2016-02-18T12:40:23","guid":{"rendered":"https:\/\/www.harzer-wandernadel.de\/pointage\/carte-generale\/pointage-85-lart-de-leau-thumkuhlental\/"},"modified":"2026-02-28T14:42:48","modified_gmt":"2026-02-28T13:42:48","slug":"pointage-85-lart-de-leau-thumkuhlental","status":"publish","type":"page","link":"https:\/\/www.harzer-wandernadel.de\/fr\/pointage\/carte-generale\/pointage-85-lart-de-leau-thumkuhlental\/","title":{"rendered":"Pointage 85 \/ L\u2019art de l\u2019eau Thumkuhlental"},"content":{"rendered":"\n<h2 class=\"wp-block-heading\">La vall\u00e9e de Thumkulental se trouve \u00e0&nbsp;la sortie du quartier de Hasserode \u00e0&nbsp;Wernigerode, \u00e0&nbsp;droite de la route menant \u00e0&nbsp;Drei Annen&nbsp;Hohne.<\/h2>\n\n<div class=\"wp-block-stackable-image alignwide stk-block-image stk-block stk-89e1006\" data-block-id=\"89e1006\"><style>.stk-89e1006 {margin-top:3% !important;margin-bottom:3% !important;}<\/style><figure><span class=\"stk-img-wrapper stk-image--shape-stretch stk--has-lightbox\"><img decoding=\"async\" width=\"3264\" height=\"1840\" src=\"https:\/\/www.harzer-wandernadel.de\/wp-content\/uploads\/2016\/02\/HWN-Thumkuhlental.jpg\" class=\"attachment-full size-full wp-post-image\" alt=\"Vieille roue \u00e0 eau en bois dans la for\u00eat\" srcset=\"https:\/\/www.harzer-wandernadel.de\/wp-content\/uploads\/2016\/02\/HWN-Thumkuhlental.jpg 3264w, https:\/\/www.harzer-wandernadel.de\/wp-content\/uploads\/2016\/02\/HWN-Thumkuhlental-300x169.jpg 300w, https:\/\/www.harzer-wandernadel.de\/wp-content\/uploads\/2016\/02\/HWN-Thumkuhlental-768x433.jpg 768w, https:\/\/www.harzer-wandernadel.de\/wp-content\/uploads\/2016\/02\/HWN-Thumkuhlental-1024x577.jpg 1024w, https:\/\/www.harzer-wandernadel.de\/wp-content\/uploads\/2016\/02\/HWN-Thumkuhlental-250x141.jpg 250w, https:\/\/www.harzer-wandernadel.de\/wp-content\/uploads\/2016\/02\/HWN-Thumkuhlental-624x352.jpg 624w\" sizes=\"(max-width: 3264px) 100vw, 3264px\"><\/span><\/figure><\/div>\n\n<p>La val\u00adl\u00e9e de Thum\u00adkuhl a&nbsp;\u00e9t\u00e9 exploi\u00adt\u00e9e par l\u2019in\u00addus\u00adtrie mini\u00e8re jus\u00adqu\u2019au 18\u00e8me si\u00e8cle. On y&nbsp;extra\u00adyait prin\u00adci\u00adpa\u00adle\u00adment du cobalt, du cuivre, de l\u2019argent et du plomb. Sur le sen\u00adtier d\u2019his\u00adtoire natu\u00adrelle et de g\u00e9o\u00adlo\u00adgie, qui passe devant les anciennes entr\u00e9es de gale\u00adries, des pan\u00adneaux d\u2019in\u00adfor\u00adma\u00adtion donnent un aper\u00ad\u00e7u de l\u2019his\u00adtoire mini\u00e8re de la r\u00e9gion de Has\u00adser\u00f6\u00adder. On y&nbsp;a \u00e9ga\u00adle\u00adment recons\u00adtruit \u00e0&nbsp;l\u2019i\u00adden\u00adtique une usine hydrau\u00adlique avec une roue \u00e0&nbsp;eau, une trin\u00adgle\u00adrie de ter\u00adrain et une tour de pom\u00adpage, sur laquelle se trouve la bo\u00eete \u00e0&nbsp;poin\u00e7ons.&nbsp;<\/p>\n\n<p>Le meilleur point de d\u00e9part pour une ran\u00addon\u00adn\u00e9e dans la val\u00adl\u00e9e de Thum\u00adku\u00adlen\u00adtal est le par\u00adking de ran\u00addon\u00adn\u00e9e pr\u00e8s du monu\u00adment de Los\u00adsen, juste \u00e0&nbsp;c\u00f4t\u00e9 de la route de Drei Annen&nbsp;Hohne.<\/p>\n\n<p>Elle a&nbsp;\u00e9t\u00e9 \u00e9ri\u00adg\u00e9e en 1896&nbsp;en l\u2019hon\u00adneur du c\u00e9l\u00e8bre g\u00e9o\u00adlogue du Harz KARL AUGUST LOSSEN. Le mat\u00e9\u00adriau de l\u2019o\u00adb\u00e9\u00adlisque en gra\u00adnit pro\u00advient des falaises \u00e0&nbsp;cor\u00adniches proches. Les colonnes qui entourent le socle sont faites de roches du&nbsp;Harz.&nbsp;<\/p>\n\n<div class=\"wp-block-buttons is-layout-flex wp-block-buttons-is-layout-flex\">\n<div class=\"wp-block-button\"><a class=\"wp-block-button__link wp-element-button\" href=\"https:\/\/harzer-bergwald.de\/index.php\/wandertouren\/abenteuertouren\/7-wandern-rund-die-steinerne-renne\" target=\"_blank\" rel=\"noreferrer noopener\">Sug\u00adges\u00adtion de cir\u00adcuit For\u00eat de mon\u00adtagne du&nbsp;Harz<\/a><\/div>\n<\/div>\n","protected":false},"excerpt":{"rendered":"<p>La val\u00adl\u00e9e de Thum\u00adku\u00adlen\u00adtal se trouve \u00e0&nbsp;la sor\u00adtie du quar\u00adtier de Has\u00adse\u00adrode \u00e0&nbsp;Wer\u00adni\u00adge\u00adrode, \u00e0&nbsp;droite de la route menant \u00e0&nbsp;Drei Annen&nbsp;Hohne. La val\u00adl\u00e9e de Thum\u00adkuhl a&nbsp;\u00e9t\u00e9 exploi\u00adt\u00e9e par l\u2019in\u00addus\u00adtrie mini\u00e8re jus\u00adqu\u2019au 18\u00e8me si\u00e8cle. On y&nbsp;extra\u00adyait prin\u00adci\u00adpa\u00adle\u00adment du cobalt, du cuivre, de l\u2019argent et du plomb. Sur le sen\u00adtier d\u2019his\u00adtoire natu\u00adrelle et de g\u00e9o\u00adlo\u00adgie, qui passe devant&nbsp;[\u2026]<\/p>\n","protected":false},"author":11,"featured_media":18303,"parent":17801,"menu_order":10085,"comment_status":"closed","ping_status":"closed","template":"","meta":{"_seopress_robots_primary_cat":"","_seopress_titles_title":"","_seopress_titles_desc":"","_seopress_robots_index":"","wp_typography_post_enhancements_disabled":false,"iawp_total_views":0,"footnotes":""},"hf_cat_page":[120],"class_list":["post-18301","page","type-page","status-publish","has-post-thumbnail"],"blocksy_meta":[],"_links":{"self":[{"href":"https:\/\/www.harzer-wandernadel.de\/fr\/wp-json\/wp\/v2\/pages\/18301","targetHints":{"allow":["GET"]}}],"collection":[{"href":"https:\/\/www.harzer-wandernadel.de\/fr\/wp-json\/wp\/v2\/pages"}],"about":[{"href":"https:\/\/www.harzer-wandernadel.de\/fr\/wp-json\/wp\/v2\/types\/page"}],"author":[{"embeddable":true,"href":"https:\/\/www.harzer-wandernadel.de\/fr\/wp-json\/wp\/v2\/users\/11"}],"replies":[{"embeddable":true,"href":"https:\/\/www.harzer-wandernadel.de\/fr\/wp-json\/wp\/v2\/comments?post=18301"}],"version-history":[{"count":1,"href":"https:\/\/www.harzer-wandernadel.de\/fr\/wp-json\/wp\/v2\/pages\/18301\/revisions"}],"predecessor-version":[{"id":18305,"href":"https:\/\/www.harzer-wandernadel.de\/fr\/wp-json\/wp\/v2\/pages\/18301\/revisions\/18305"}],"up":[{"embeddable":true,"href":"https:\/\/www.harzer-wandernadel.de\/fr\/wp-json\/wp\/v2\/pages\/17801"}],"wp:featuredmedia":[{"embeddable":true,"href":"https:\/\/www.harzer-wandernadel.de\/fr\/wp-json\/wp\/v2\/media\/18303"}],"wp:attachment":[{"href":"https:\/\/www.harzer-wandernadel.de\/fr\/wp-json\/wp\/v2\/media?parent=18301"}],"wp:term":[{"taxonomy":"hf_cat_page","embeddable":true,"href":"https:\/\/www.harzer-wandernadel.de\/fr\/wp-json\/wp\/v2\/hf_cat_page?post=18301"}],"curies":[{"name":"wp","href":"https:\/\/api.w.org\/{rel}","templated":true}]}}